{"id":4317,"date":"2024-06-13T15:48:14","date_gmt":"2024-06-13T13:48:14","guid":{"rendered":"https:\/\/vialliwp.ageno.work\/produkt\/komplet-2-szklanek-z-podwojna-scianka-amo-300-ml-8616\/"},"modified":"2026-03-31T00:30:27","modified_gmt":"2026-03-30T22:30:27","slug":"komplet-2-szklanek-z-podwojna-scianka-amo-300-ml-8616","status":"publish","type":"product","link":"https:\/\/viallidesign.com\/en\/product\/komplet-2-szklanek-z-podwojna-scianka-amo-300-ml-8616\/","title":{"rendered":"Set of 2 double-walled glasses Amo 300 ml 8616"},"content":{"rendered":"<h3>AMO double-walled glasses 300 ml<\/h3>\n<p>Do you drink large quantities of coffee every day? <strong>The 300 ml AMO glass is the perfect choice for you.<\/strong> Thanks to this size, you get as much of the drink as you need right away - without having to refill it frequently! A larger glass will also come in handy if you often invite guests who are also caffeine enthusiasts. Now you can serve them the best coffee in stylish glasses, because this is the <strong>modern design distinguishes the AMO collection.<\/strong><\/p>\n<p>The glasses have <strong>attractive, slightly rounded shape<\/strong> and ear for ease of use and makes it easy to hold the vessel in your hands while you drink your favourite coffee. Despite the presence of a hot beverage <b>the glass does not heat up.<\/b> It owes this advantage to its double walls, which prevent it from cooling down. This keeps the drink inside warm for a long time and allows you to hold the glass comfortably.<\/p>\n<p>The products in the AMO range are unique not only because of the <strong>high aesthetics and practicality.<\/strong> The glasses are handmade. Thus, you are guaranteed that every detail has been precisely realised. High production care, a well thought-out design from A to Z and materials of the best quality - all this ensures that the coffee glassware will meet your expectations and provide comfort of the highest level. Glasses created primarily with your usage experience in mind will turn moments with coffee into even more pleasure than before!<\/p>\n<p class=\"gpsr-info\"><a href=\"https:\/\/kulig.com.pl\/gpsr\/\" target=\"_blank\" rel=\"noopener\">GPSR information<\/a><\/p>","protected":false},"excerpt":{"rendered":"<p>Szklanki z podw\u00f3jn\u0105 \u015bciank\u0105 AMO 300 ml Pijesz codziennie du\u017ce ilo\u015bci kawy? Szklanka AMO o pojemno\u015bci 300 ml to idealny wyb\u00f3r dla Ciebie. Dzi\u0119ki takiej wielko\u015bci zyskujesz od razu tyle napoju, ile Ci potrzeba \u2013 bez konieczno\u015bci cz\u0119stego dolewania! Szk\u0142o wi\u0119kszych rozmiar\u00f3w przyda si\u0119 r\u00f3wnie\u017c, je\u015bli cz\u0119sto zapraszasz go\u015bci, kt\u00f3rzy tak\u017ce s\u0105 mi\u0142o\u015bnikami kofeiny. Teraz [&hellip;]<\/p>","protected":false},"featured_media":4310,"template":"","meta":{"_uag_custom_page_level_css":"","site-sidebar-layout":"default","site-content-layout":"","ast-site-content-layout":"default","site-content-style":"default","site-sidebar-style":"default","ast-global-header-display":"","ast-banner-title-visibility":"","ast-main-header-display":"","ast-hfb-above-header-display":"","ast-hfb-below-header-display":"","ast-hfb-mobile-header-display":"","site-post-title":"","ast-breadcrumbs-content":"","ast-featured-img":"","footer-sml-layout":"","ast-disable-related-posts":"","theme-transparent-header-meta":"","adv-header-id-meta":"","stick-header-meta":"","header-above-stick-meta":"","header-main-stick-meta":"","header-below-stick-meta":"","astra-migrate-meta-layouts":"default","ast-page-background-enabled":"default","ast-page-background-meta":{"desktop":{"background-color":"","background-image":"","background-repeat":"repeat","background-position":"center center","background-size":"auto","background-attachment":"scroll","background-type":"","background-media":"","overlay-type":"","overlay-color":"","overlay-opacity":"","overlay-gradient":""},"tablet":{"background-color":"","background-image":"","background-repeat":"repeat","background-position":"center center","background-size":"auto","background-attachment":"scroll","background-type":"","background-media":"","overlay-type":"","overlay-color":"","overlay-opacity":"","overlay-gradient":""},"mobile":{"background-color":"","background-image":"","background-repeat":"repeat","background-position":"center center","background-size":"auto","background-attachment":"scroll","background-type":"","background-media":"","overlay-type":"","overlay-color":"","overlay-opacity":"","overlay-gradient":""}},"ast-content-background-meta":{"desktop":{"background-color":"var(--ast-global-color-5)","background-image":"","background-repeat":"repeat","background-position":"center center","background-size":"auto","background-attachment":"scroll","background-type":"","background-media":"","overlay-type":"","overlay-color":"","overlay-opacity":"","overlay-gradient":""},"tablet":{"background-color":"var(--ast-global-color-5)","background-image":"","background-repeat":"repeat","background-position":"center center","background-size":"auto","background-attachment":"scroll","background-type":"","background-media":"","overlay-type":"","overlay-color":"","overlay-opacity":"","overlay-gradient":""},"mobile":{"background-color":"var(--ast-global-color-5)","background-image":"","background-repeat":"repeat","background-position":"center center","background-size":"auto","background-attachment":"scroll","background-type":"","background-media":"","overlay-type":"","overlay-color":"","overlay-opacity":"","overlay-gradient":""}}},"product_brand":[],"product_cat":[432,17,436],"product_tag":[],"class_list":{"0":"post-4317","1":"product","2":"type-product","3":"status-publish","4":"has-post-thumbnail","6":"product_cat-jadalnia","7":"product_cat-produkty","8":"product_cat-szklanki-i-filizanki","9":"desktop-align-left","10":"tablet-align-left","11":"mobile-align-left","13":"first","14":"instock","15":"shipping-taxable","16":"purchasable","17":"product-type-simple"},"uagb_featured_image_src":{"full":["https:\/\/viallidesign.com\/wp-content\/uploads\/2024\/06\/13062024666af88eead2c.jpeg",1051,492,false],"thumbnail":["https:\/\/viallidesign.com\/wp-content\/uploads\/2024\/06\/13062024666af88eead2c-80x80.jpeg",80,80,true],"medium":["https:\/\/viallidesign.com\/wp-content\/uploads\/2024\/06\/13062024666af88eead2c-300x140.jpeg",300,140,true],"medium_large":["https:\/\/viallidesign.com\/wp-content\/uploads\/2024\/06\/13062024666af88eead2c-768x360.jpeg",768,360,true],"large":["https:\/\/viallidesign.com\/wp-content\/uploads\/2024\/06\/13062024666af88eead2c-1024x479.jpeg",1024,479,true],"1536x1536":["https:\/\/viallidesign.com\/wp-content\/uploads\/2024\/06\/13062024666af88eead2c.jpeg",1051,492,false],"2048x2048":["https:\/\/viallidesign.com\/wp-content\/uploads\/2024\/06\/13062024666af88eead2c.jpeg",1051,492,false],"trp-custom-language-flag":["https:\/\/viallidesign.com\/wp-content\/uploads\/2024\/06\/13062024666af88eead2c.jpeg",18,8,false],"woocommerce_thumbnail":["https:\/\/viallidesign.com\/wp-content\/uploads\/2024\/06\/13062024666af88eead2c-600x281.jpeg",600,281,true],"woocommerce_single":["https:\/\/viallidesign.com\/wp-content\/uploads\/2024\/06\/13062024666af88eead2c.jpeg",1051,492,false],"woocommerce_gallery_thumbnail":["https:\/\/viallidesign.com\/wp-content\/uploads\/2024\/06\/13062024666af88eead2c-100x100.jpeg",100,100,true],"dgwt-wcas-product-suggestion":["https:\/\/viallidesign.com\/wp-content\/uploads\/2024\/06\/13062024666af88eead2c-64x30.jpeg",64,30,true]},"uagb_author_info":{"display_name":"viallidesign","author_link":"https:\/\/viallidesign.com\/en\/author\/"},"uagb_comment_info":0,"uagb_excerpt":"Szklanki z podw\u00f3jn\u0105 \u015bciank\u0105 AMO 300 ml Pijesz codziennie du\u017ce ilo\u015bci kawy? Szklanka AMO o pojemno\u015bci 300 ml to idealny wyb\u00f3r dla Ciebie. Dzi\u0119ki takiej wielko\u015bci zyskujesz od razu tyle napoju, ile Ci potrzeba \u2013 bez konieczno\u015bci cz\u0119stego dolewania! Szk\u0142o wi\u0119kszych rozmiar\u00f3w przyda si\u0119 r\u00f3wnie\u017c, je\u015bli cz\u0119sto zapraszasz go\u015bci, kt\u00f3rzy tak\u017ce s\u0105 mi\u0142o\u015bnikami kofeiny. Teraz&hellip;","_links":{"self":[{"href":"https:\/\/viallidesign.com\/en\/wp-json\/wp\/v2\/product\/4317","targetHints":{"allow":["GET"]}}],"collection":[{"href":"https:\/\/viallidesign.com\/en\/wp-json\/wp\/v2\/product"}],"about":[{"href":"https:\/\/viallidesign.com\/en\/wp-json\/wp\/v2\/types\/product"}],"wp:featuredmedia":[{"embeddable":true,"href":"https:\/\/viallidesign.com\/en\/wp-json\/wp\/v2\/media\/4310"}],"wp:attachment":[{"href":"https:\/\/viallidesign.com\/en\/wp-json\/wp\/v2\/media?parent=4317"}],"wp:term":[{"taxonomy":"product_brand","embeddable":true,"href":"https:\/\/viallidesign.com\/en\/wp-json\/wp\/v2\/product_brand?post=4317"},{"taxonomy":"product_cat","embeddable":true,"href":"https:\/\/viallidesign.com\/en\/wp-json\/wp\/v2\/product_cat?post=4317"},{"taxonomy":"product_tag","embeddable":true,"href":"https:\/\/viallidesign.com\/en\/wp-json\/wp\/v2\/product_tag?post=4317"}],"curies":[{"name":"wp","href":"https:\/\/api.w.org\/{rel}","templated":true}]}}