{"id":4303,"date":"2024-06-13T15:47:42","date_gmt":"2024-06-13T13:47:42","guid":{"rendered":"https:\/\/vialliwp.ageno.work\/produkt\/szklanka-do-whisky-z-podwojna-scianka-enzo-320-ml-8487\/"},"modified":"2026-03-27T02:35:05","modified_gmt":"2026-03-27T01:35:05","slug":"szklanka-do-whisky-z-podwojna-scianka-enzo-320-ml-8487","status":"publish","type":"product","link":"https:\/\/viallidesign.com\/en\/product\/szklanka-do-whisky-z-podwojna-scianka-enzo-320-ml-8487\/","title":{"rendered":"Enzo double-walled whisky glass 320 ml 8487"},"content":{"rendered":"<p>The elegant ENZO whisky glass 320ml is a combination of <strong>modern style<\/strong> and extraordinary <strong>convenience of use.<\/strong> The unusual, modern shape enhances the visual effect and the original design is sure to catch the eye. The product was handmade from the highest quality borosilicate glass. The vessel, thanks to its double walls, not only maintains the right temperature of the noble beverage for a longer period of time, but it is also ideal for serving cold drinks and beverages. An ideal gift idea, not only for whisky connoisseurs.<\/p>\n<p><strong>Product benefits:<\/strong><\/p>\n<ul>\n<li>modern design<\/li>\n<li>handmade from high quality borosilicate glass<\/li>\n<li>keep drinks at the right temperature<\/li>\n<li>the right shape for comfortable use<\/li>\n<li>perfect for a gift<\/li>\n<\/ul>\n<p class=\"gpsr-info\"><a href=\"https:\/\/kulig.com.pl\/gpsr\/\" target=\"_blank\" rel=\"noopener\">GPSR information<\/a><\/p>","protected":false},"excerpt":{"rendered":"<p>Elegancja szklanka do whisky ENZO 320ml to po\u0142\u0105czenie nowoczesnego stylu i niezwyk\u0142ej wygody u\u017cytkowania. Niespotykany, nowoczesny kszta\u0142t wzmacnia efekt wizualny a niebanalny design z pewno\u015bci\u0105 przykuje uwag\u0119. Produkt zosta\u0142 wykonany r\u0119cznie z najwy\u017cszej jako\u015bci szk\u0142a borokrzemowego. Naczynie, dzi\u0119ki podw\u00f3jnym \u015bciankom nie tylko utrzymuje odpowiedni\u0105 temperatur\u0119 szlachetnego trunku na d\u0142u\u017cej ale r\u00f3wnie\u017c idealnie sprawdzi si\u0119 przy [&hellip;]<\/p>","protected":false},"featured_media":4297,"template":"","meta":{"_uag_custom_page_level_css":"","site-sidebar-layout":"default","site-content-layout":"","ast-site-content-layout":"default","site-content-style":"default","site-sidebar-style":"default","ast-global-header-display":"","ast-banner-title-visibility":"","ast-main-header-display":"","ast-hfb-above-header-display":"","ast-hfb-below-header-display":"","ast-hfb-mobile-header-display":"","site-post-title":"","ast-breadcrumbs-content":"","ast-featured-img":"","footer-sml-layout":"","ast-disable-related-posts":"","theme-transparent-header-meta":"","adv-header-id-meta":"","stick-header-meta":"","header-above-stick-meta":"","header-main-stick-meta":"","header-below-stick-meta":"","astra-migrate-meta-layouts":"default","ast-page-background-enabled":"default","ast-page-background-meta":{"desktop":{"background-color":"","background-image":"","background-repeat":"repeat","background-position":"center center","background-size":"auto","background-attachment":"scroll","background-type":"","background-media":"","overlay-type":"","overlay-color":"","overlay-opacity":"","overlay-gradient":""},"tablet":{"background-color":"","background-image":"","background-repeat":"repeat","background-position":"center center","background-size":"auto","background-attachment":"scroll","background-type":"","background-media":"","overlay-type":"","overlay-color":"","overlay-opacity":"","overlay-gradient":""},"mobile":{"background-color":"","background-image":"","background-repeat":"repeat","background-position":"center center","background-size":"auto","background-attachment":"scroll","background-type":"","background-media":"","overlay-type":"","overlay-color":"","overlay-opacity":"","overlay-gradient":""}},"ast-content-background-meta":{"desktop":{"background-color":"var(--ast-global-color-5)","background-image":"","background-repeat":"repeat","background-position":"center center","background-size":"auto","background-attachment":"scroll","background-type":"","background-media":"","overlay-type":"","overlay-color":"","overlay-opacity":"","overlay-gradient":""},"tablet":{"background-color":"var(--ast-global-color-5)","background-image":"","background-repeat":"repeat","background-position":"center center","background-size":"auto","background-attachment":"scroll","background-type":"","background-media":"","overlay-type":"","overlay-color":"","overlay-opacity":"","overlay-gradient":""},"mobile":{"background-color":"var(--ast-global-color-5)","background-image":"","background-repeat":"repeat","background-position":"center center","background-size":"auto","background-attachment":"scroll","background-type":"","background-media":"","overlay-type":"","overlay-color":"","overlay-opacity":"","overlay-gradient":""}}},"product_brand":[],"product_cat":[432,17,436],"product_tag":[],"class_list":{"0":"post-4303","1":"product","2":"type-product","3":"status-publish","4":"has-post-thumbnail","6":"product_cat-jadalnia","7":"product_cat-produkty","8":"product_cat-szklanki-i-filizanki","9":"desktop-align-left","10":"tablet-align-left","11":"mobile-align-left","13":"first","14":"instock","15":"shipping-taxable","16":"purchasable","17":"product-type-simple"},"uagb_featured_image_src":{"full":["https:\/\/viallidesign.com\/wp-content\/uploads\/2024\/06\/13062024666af87140230-scaled.jpeg",2560,2415,false],"thumbnail":["https:\/\/viallidesign.com\/wp-content\/uploads\/2024\/06\/13062024666af87140230-scaled-80x80.jpeg",80,80,true],"medium":["https:\/\/viallidesign.com\/wp-content\/uploads\/2024\/06\/13062024666af87140230-scaled-300x283.jpeg",300,283,true],"medium_large":["https:\/\/viallidesign.com\/wp-content\/uploads\/2024\/06\/13062024666af87140230-scaled-768x725.jpeg",768,725,true],"large":["https:\/\/viallidesign.com\/wp-content\/uploads\/2024\/06\/13062024666af87140230-scaled-1024x966.jpeg",1024,966,true],"1536x1536":["https:\/\/viallidesign.com\/wp-content\/uploads\/2024\/06\/13062024666af87140230-scaled-1536x1449.jpeg",1536,1449,true],"2048x2048":["https:\/\/viallidesign.com\/wp-content\/uploads\/2024\/06\/13062024666af87140230-scaled-2048x1932.jpeg",2048,1932,true],"trp-custom-language-flag":["https:\/\/viallidesign.com\/wp-content\/uploads\/2024\/06\/13062024666af87140230-scaled.jpeg",13,12,false],"woocommerce_thumbnail":["https:\/\/viallidesign.com\/wp-content\/uploads\/2024\/06\/13062024666af87140230-scaled-600x566.jpeg",600,566,true],"woocommerce_single":["https:\/\/viallidesign.com\/wp-content\/uploads\/2024\/06\/13062024666af87140230-scaled-1200x1132.jpeg",1200,1132,true],"woocommerce_gallery_thumbnail":["https:\/\/viallidesign.com\/wp-content\/uploads\/2024\/06\/13062024666af87140230-scaled-100x100.jpeg",100,100,true],"dgwt-wcas-product-suggestion":["https:\/\/viallidesign.com\/wp-content\/uploads\/2024\/06\/13062024666af87140230-scaled-64x60.jpeg",64,60,true]},"uagb_author_info":{"display_name":"viallidesign","author_link":"https:\/\/viallidesign.com\/en\/author\/"},"uagb_comment_info":0,"uagb_excerpt":"Elegancja szklanka do whisky ENZO 320ml to po\u0142\u0105czenie nowoczesnego stylu i niezwyk\u0142ej wygody u\u017cytkowania. Niespotykany, nowoczesny kszta\u0142t wzmacnia efekt wizualny a niebanalny design z pewno\u015bci\u0105 przykuje uwag\u0119. Produkt zosta\u0142 wykonany r\u0119cznie z najwy\u017cszej jako\u015bci szk\u0142a borokrzemowego. Naczynie, dzi\u0119ki podw\u00f3jnym \u015bciankom nie tylko utrzymuje odpowiedni\u0105 temperatur\u0119 szlachetnego trunku na d\u0142u\u017cej ale r\u00f3wnie\u017c idealnie sprawdzi si\u0119 przy&hellip;","_links":{"self":[{"href":"https:\/\/viallidesign.com\/en\/wp-json\/wp\/v2\/product\/4303","targetHints":{"allow":["GET"]}}],"collection":[{"href":"https:\/\/viallidesign.com\/en\/wp-json\/wp\/v2\/product"}],"about":[{"href":"https:\/\/viallidesign.com\/en\/wp-json\/wp\/v2\/types\/product"}],"wp:featuredmedia":[{"embeddable":true,"href":"https:\/\/viallidesign.com\/en\/wp-json\/wp\/v2\/media\/4297"}],"wp:attachment":[{"href":"https:\/\/viallidesign.com\/en\/wp-json\/wp\/v2\/media?parent=4303"}],"wp:term":[{"taxonomy":"product_brand","embeddable":true,"href":"https:\/\/viallidesign.com\/en\/wp-json\/wp\/v2\/product_brand?post=4303"},{"taxonomy":"product_cat","embeddable":true,"href":"https:\/\/viallidesign.com\/en\/wp-json\/wp\/v2\/product_cat?post=4303"},{"taxonomy":"product_tag","embeddable":true,"href":"https:\/\/viallidesign.com\/en\/wp-json\/wp\/v2\/product_tag?post=4303"}],"curies":[{"name":"wp","href":"https:\/\/api.w.org\/{rel}","templated":true}]}}