{"id":4288,"date":"2024-06-13T15:47:08","date_gmt":"2024-06-13T13:47:08","guid":{"rendered":"https:\/\/vialliwp.ageno.work\/produkt\/szklanka-do-piwa-z-podwojna-scianka-bolla-500-ml-8740\/"},"modified":"2026-03-27T02:35:05","modified_gmt":"2026-03-27T01:35:05","slug":"szklanka-do-piwa-z-podwojna-scianka-bolla-500-ml-8740","status":"publish","type":"product","link":"https:\/\/viallidesign.com\/en\/product\/szklanka-do-piwa-z-podwojna-scianka-bolla-500-ml-8740\/","title":{"rendered":"Beer glass with double wall Bolla 500 ml 8740"},"content":{"rendered":"<p><strong>Beer glass\u00a0<\/strong>capacities <strong>500 ml<\/strong> from the series <strong>Bolla<\/strong> brands <strong>Vialli Design.<\/strong><\/p>\n<p>Bolla thermal glasses are handmade from<strong> high quality borosilicate glass<\/strong>. The double wall insulates, thus preserving the <strong>the right temperature for the beverage<\/strong> for a longer period of time. The double walls maintain the temperature of the drink, <strong>while preventing<\/strong> <strong>condensation<\/strong> on the outside of the glass. Say goodbye to wet spots on the table!<\/p>\n<p>The Boll glass is distinguished by <strong>unique<\/strong>with an eye-catching S-shape that not only looks stylish, but also sits comfortably in the hand. Complementing the item is <strong>comfortable ear<\/strong>, making it easier to reach for your favourite drink and carry the glass.<\/p>\n<p>The product is dishwasher-safe, but due to the delicate, thin glass, hand washing is recommended.<strong>\u00a0Ideal for serving beer<\/strong>, provides the optimum amount of beverage to fully enjoy its taste and aroma.<\/p>\n<ul>\n<li>Height: 13 cm<\/li>\n<li>Diameter: 9 cm<\/li>\n<li>Capacity: 500 ml<\/li>\n<\/ul>\n<p>\u00a0<\/p>\n<p>\u00a0<\/p>\n<p class=\"gpsr-info\"><a href=\"https:\/\/kulig.com.pl\/gpsr\/\" target=\"_blank\" rel=\"noopener\">GPSR information<\/a><\/p>","protected":false},"excerpt":{"rendered":"<p>Szklanka do piwa\u00a0o pojemno\u015bci 500 ml z serii Bolla marki Vialli Design. Szklanki termiczne Bolla wykonane s\u0105 r\u0119cznie z wysokiej jako\u015bci szk\u0142a borokrzemowego. Podw\u00f3jna \u015bcianka izoluje, dzi\u0119ki czemu zachowana jest odpowiednia temperatura napoju przed d\u0142u\u017cszy czas. Podw\u00f3jne \u015bcianki utrzymuj\u0105 temperatur\u0119 napoju, zapobiegaj\u0105c jednocze\u015bnie kondensacji na zewn\u0105trz szklanki. Po\u017cegnaj si\u0119 z mokrymi plamami na stole! Szklanka [&hellip;]<\/p>","protected":false},"featured_media":4281,"template":"","meta":{"_uag_custom_page_level_css":"","site-sidebar-layout":"default","site-content-layout":"","ast-site-content-layout":"default","site-content-style":"default","site-sidebar-style":"default","ast-global-header-display":"","ast-banner-title-visibility":"","ast-main-header-display":"","ast-hfb-above-header-display":"","ast-hfb-below-header-display":"","ast-hfb-mobile-header-display":"","site-post-title":"","ast-breadcrumbs-content":"","ast-featured-img":"","footer-sml-layout":"","ast-disable-related-posts":"","theme-transparent-header-meta":"default","adv-header-id-meta":"","stick-header-meta":"","header-above-stick-meta":"","header-main-stick-meta":"","header-below-stick-meta":"","astra-migrate-meta-layouts":"set","ast-page-background-enabled":"default","ast-page-background-meta":{"desktop":{"background-color":"","background-image":"","background-repeat":"repeat","background-position":"center center","background-size":"auto","background-attachment":"scroll","background-type":"","background-media":"","overlay-type":"","overlay-color":"","overlay-opacity":"","overlay-gradient":""},"tablet":{"background-color":"","background-image":"","background-repeat":"repeat","background-position":"center center","background-size":"auto","background-attachment":"scroll","background-type":"","background-media":"","overlay-type":"","overlay-color":"","overlay-opacity":"","overlay-gradient":""},"mobile":{"background-color":"","background-image":"","background-repeat":"repeat","background-position":"center center","background-size":"auto","background-attachment":"scroll","background-type":"","background-media":"","overlay-type":"","overlay-color":"","overlay-opacity":"","overlay-gradient":""}},"ast-content-background-meta":{"desktop":{"background-color":"var(--ast-global-color-5)","background-image":"","background-repeat":"repeat","background-position":"center center","background-size":"auto","background-attachment":"scroll","background-type":"","background-media":"","overlay-type":"","overlay-color":"","overlay-opacity":"","overlay-gradient":""},"tablet":{"background-color":"var(--ast-global-color-5)","background-image":"","background-repeat":"repeat","background-position":"center center","background-size":"auto","background-attachment":"scroll","background-type":"","background-media":"","overlay-type":"","overlay-color":"","overlay-opacity":"","overlay-gradient":""},"mobile":{"background-color":"var(--ast-global-color-5)","background-image":"","background-repeat":"repeat","background-position":"center center","background-size":"auto","background-attachment":"scroll","background-type":"","background-media":"","overlay-type":"","overlay-color":"","overlay-opacity":"","overlay-gradient":""}}},"product_brand":[],"product_cat":[432,744,17],"product_tag":[],"class_list":{"0":"post-4288","1":"product","2":"type-product","3":"status-publish","4":"has-post-thumbnail","6":"product_cat-jadalnia","7":"product_cat-kufle-i-kieliszki","8":"product_cat-produkty","9":"desktop-align-left","10":"tablet-align-left","11":"mobile-align-left","13":"first","14":"outofstock","15":"shipping-taxable","16":"purchasable","17":"product-type-simple"},"uagb_featured_image_src":{"full":["https:\/\/viallidesign.com\/wp-content\/uploads\/2024\/06\/13062024666af84b3cfa6-scaled.jpeg",2235,2560,false],"thumbnail":["https:\/\/viallidesign.com\/wp-content\/uploads\/2024\/06\/13062024666af84b3cfa6-scaled-80x80.jpeg",80,80,true],"medium":["https:\/\/viallidesign.com\/wp-content\/uploads\/2024\/06\/13062024666af84b3cfa6-scaled-262x300.jpeg",262,300,true],"medium_large":["https:\/\/viallidesign.com\/wp-content\/uploads\/2024\/06\/13062024666af84b3cfa6-scaled-768x880.jpeg",768,880,true],"large":["https:\/\/viallidesign.com\/wp-content\/uploads\/2024\/06\/13062024666af84b3cfa6-scaled-894x1024.jpeg",894,1024,true],"1536x1536":["https:\/\/viallidesign.com\/wp-content\/uploads\/2024\/06\/13062024666af84b3cfa6-scaled-1341x1536.jpeg",1341,1536,true],"2048x2048":["https:\/\/viallidesign.com\/wp-content\/uploads\/2024\/06\/13062024666af84b3cfa6-scaled-1788x2048.jpeg",1788,2048,true],"trp-custom-language-flag":["https:\/\/viallidesign.com\/wp-content\/uploads\/2024\/06\/13062024666af84b3cfa6-scaled.jpeg",10,12,false],"woocommerce_thumbnail":["https:\/\/viallidesign.com\/wp-content\/uploads\/2024\/06\/13062024666af84b3cfa6-scaled-600x687.jpeg",600,687,true],"woocommerce_single":["https:\/\/viallidesign.com\/wp-content\/uploads\/2024\/06\/13062024666af84b3cfa6-scaled-1200x1374.jpeg",1200,1374,true],"woocommerce_gallery_thumbnail":["https:\/\/viallidesign.com\/wp-content\/uploads\/2024\/06\/13062024666af84b3cfa6-scaled-100x100.jpeg",100,100,true],"dgwt-wcas-product-suggestion":["https:\/\/viallidesign.com\/wp-content\/uploads\/2024\/06\/13062024666af84b3cfa6-scaled-64x73.jpeg",64,73,true]},"uagb_author_info":{"display_name":"viallidesign","author_link":"https:\/\/viallidesign.com\/en\/author\/"},"uagb_comment_info":0,"uagb_excerpt":"Szklanka do piwa\u00a0o pojemno\u015bci 500 ml z serii Bolla marki Vialli Design. Szklanki termiczne Bolla wykonane s\u0105 r\u0119cznie z wysokiej jako\u015bci szk\u0142a borokrzemowego. Podw\u00f3jna \u015bcianka izoluje, dzi\u0119ki czemu zachowana jest odpowiednia temperatura napoju przed d\u0142u\u017cszy czas. Podw\u00f3jne \u015bcianki utrzymuj\u0105 temperatur\u0119 napoju, zapobiegaj\u0105c jednocze\u015bnie kondensacji na zewn\u0105trz szklanki. Po\u017cegnaj si\u0119 z mokrymi plamami na stole! Szklanka&hellip;","_links":{"self":[{"href":"https:\/\/viallidesign.com\/en\/wp-json\/wp\/v2\/product\/4288","targetHints":{"allow":["GET"]}}],"collection":[{"href":"https:\/\/viallidesign.com\/en\/wp-json\/wp\/v2\/product"}],"about":[{"href":"https:\/\/viallidesign.com\/en\/wp-json\/wp\/v2\/types\/product"}],"wp:featuredmedia":[{"embeddable":true,"href":"https:\/\/viallidesign.com\/en\/wp-json\/wp\/v2\/media\/4281"}],"wp:attachment":[{"href":"https:\/\/viallidesign.com\/en\/wp-json\/wp\/v2\/media?parent=4288"}],"wp:term":[{"taxonomy":"product_brand","embeddable":true,"href":"https:\/\/viallidesign.com\/en\/wp-json\/wp\/v2\/product_brand?post=4288"},{"taxonomy":"product_cat","embeddable":true,"href":"https:\/\/viallidesign.com\/en\/wp-json\/wp\/v2\/product_cat?post=4288"},{"taxonomy":"product_tag","embeddable":true,"href":"https:\/\/viallidesign.com\/en\/wp-json\/wp\/v2\/product_tag?post=4288"}],"curies":[{"name":"wp","href":"https:\/\/api.w.org\/{rel}","templated":true}]}}