{"id":4274,"date":"2024-06-13T15:46:33","date_gmt":"2024-06-13T13:46:33","guid":{"rendered":"https:\/\/vialliwp.ageno.work\/produkt\/komplet-2-filizanek-geo-330-ml-8500\/"},"modified":"2026-03-27T02:35:05","modified_gmt":"2026-03-27T01:35:05","slug":"komplet-2-filizanek-geo-330-ml-8500","status":"publish","type":"product","link":"https:\/\/viallidesign.com\/en\/product\/komplet-2-filizanek-geo-330-ml-8500\/","title":{"rendered":"Set of 2 Geo 330 ml cups 8500"},"content":{"rendered":"<h3>Set of 2 GEO 330 ml thermal glasses<\/h3>\n<p>Do you drink large quantities of tea every day? <strong>GEO glass<\/strong> with a capacity of 330 ml is the ideal choice for you. Thanks to this size, you get as much drink as you need right away - without having to refill it frequently! A larger glass is also useful if you often invite guests who are also tea lovers. Now you can serve them the best tea in a <strong>stylish glasses,<\/strong> because it is <strong>modern design distinguishes the GEO collection.<\/strong><\/p>\n<p><strong>Functionality and modernity in one product<\/strong><\/p>\n<p><strong>GEO thermal glasses<\/strong> offered by <strong>Vialli Design<\/strong> They impress with their appearance, but also with their functionality. They have been created with the following in mind <strong>convenience<\/strong> and <strong>user safety.<\/strong> The following were used in their production <strong>two layers of borosilicate glass,<\/strong> which are separated by a space filled with air. This solution allows the drink to maintain the right temperature, but it is also a guarantee of <strong>the extraordinary lightness of the glasses.<\/strong><\/p>\n<p>In designing the GEO glasses, the following was also not forgotten <strong>beautiful appearance.<\/strong> They are sure to remain noticed and appreciated by your guests. The set includes two <strong>330 ml glasses,<\/strong> which will be a perfect addition to basic tableware. The glasses are suitable for serving coffee, tea as well as cold drinks.<\/p>\n<p><strong>Product benefits:<\/strong><\/p>\n<ul>\n<li>modern design<\/li>\n<li>handmade from high quality borosilicate glass<\/li>\n<li>keep drinks at the right temperature<\/li>\n<li>the right shape for comfortable use<\/li>\n<li>perfect for a gift<\/li>\n<\/ul>\n<p>Surprise your guests with the unusual shape of the brand's thermal glasses <strong>Vialli Design.<\/strong>They are also perfect as a gift for a loved one!<\/p>\n<p class=\"gpsr-info\"><a href=\"https:\/\/kulig.com.pl\/gpsr\/\" target=\"_blank\" rel=\"noopener\">GPSR information<\/a><\/p>","protected":false},"excerpt":{"rendered":"<p>Komplet 2 szklanek termicznych GEO 330 ml Pijesz codziennie du\u017ce ilo\u015bci herbaty? Szklanka GEO o pojemno\u015bci 330 ml to idealny wyb\u00f3r dla Ciebie. Dzi\u0119ki takiej wielko\u015bci zyskujesz od razu tyle napoju, ile Ci potrzeba \u2013 bez konieczno\u015bci cz\u0119stego dolewania! Szk\u0142o wi\u0119kszych rozmiar\u00f3w przyda si\u0119 r\u00f3wnie\u017c, je\u015bli cz\u0119sto zapraszasz go\u015bci, kt\u00f3rzy tak\u017ce s\u0105 mi\u0142o\u015bnikami herbaty. Teraz [&hellip;]<\/p>","protected":false},"featured_media":4258,"template":"","meta":{"_uag_custom_page_level_css":"","site-sidebar-layout":"default","site-content-layout":"","ast-site-content-layout":"default","site-content-style":"default","site-sidebar-style":"default","ast-global-header-display":"","ast-banner-title-visibility":"","ast-main-header-display":"","ast-hfb-above-header-display":"","ast-hfb-below-header-display":"","ast-hfb-mobile-header-display":"","site-post-title":"","ast-breadcrumbs-content":"","ast-featured-img":"","footer-sml-layout":"","ast-disable-related-posts":"","theme-transparent-header-meta":"","adv-header-id-meta":"","stick-header-meta":"","header-above-stick-meta":"","header-main-stick-meta":"","header-below-stick-meta":"","astra-migrate-meta-layouts":"default","ast-page-background-enabled":"default","ast-page-background-meta":{"desktop":{"background-color":"","background-image":"","background-repeat":"repeat","background-position":"center center","background-size":"auto","background-attachment":"scroll","background-type":"","background-media":"","overlay-type":"","overlay-color":"","overlay-opacity":"","overlay-gradient":""},"tablet":{"background-color":"","background-image":"","background-repeat":"repeat","background-position":"center center","background-size":"auto","background-attachment":"scroll","background-type":"","background-media":"","overlay-type":"","overlay-color":"","overlay-opacity":"","overlay-gradient":""},"mobile":{"background-color":"","background-image":"","background-repeat":"repeat","background-position":"center center","background-size":"auto","background-attachment":"scroll","background-type":"","background-media":"","overlay-type":"","overlay-color":"","overlay-opacity":"","overlay-gradient":""}},"ast-content-background-meta":{"desktop":{"background-color":"var(--ast-global-color-5)","background-image":"","background-repeat":"repeat","background-position":"center center","background-size":"auto","background-attachment":"scroll","background-type":"","background-media":"","overlay-type":"","overlay-color":"","overlay-opacity":"","overlay-gradient":""},"tablet":{"background-color":"var(--ast-global-color-5)","background-image":"","background-repeat":"repeat","background-position":"center center","background-size":"auto","background-attachment":"scroll","background-type":"","background-media":"","overlay-type":"","overlay-color":"","overlay-opacity":"","overlay-gradient":""},"mobile":{"background-color":"var(--ast-global-color-5)","background-image":"","background-repeat":"repeat","background-position":"center center","background-size":"auto","background-attachment":"scroll","background-type":"","background-media":"","overlay-type":"","overlay-color":"","overlay-opacity":"","overlay-gradient":""}}},"product_brand":[],"product_cat":[432,17,436],"product_tag":[],"class_list":{"0":"post-4274","1":"product","2":"type-product","3":"status-publish","4":"has-post-thumbnail","6":"product_cat-jadalnia","7":"product_cat-produkty","8":"product_cat-szklanki-i-filizanki","9":"desktop-align-left","10":"tablet-align-left","11":"mobile-align-left","13":"first","14":"instock","15":"shipping-taxable","16":"purchasable","17":"product-type-simple"},"uagb_featured_image_src":{"full":["https:\/\/viallidesign.com\/wp-content\/uploads\/2024\/06\/13062024666af80e826e8.jpeg",1000,1000,false],"thumbnail":["https:\/\/viallidesign.com\/wp-content\/uploads\/2024\/06\/13062024666af80e826e8-80x80.jpeg",80,80,true],"medium":["https:\/\/viallidesign.com\/wp-content\/uploads\/2024\/06\/13062024666af80e826e8-300x300.jpeg",300,300,true],"medium_large":["https:\/\/viallidesign.com\/wp-content\/uploads\/2024\/06\/13062024666af80e826e8-768x768.jpeg",768,768,true],"large":["https:\/\/viallidesign.com\/wp-content\/uploads\/2024\/06\/13062024666af80e826e8.jpeg",1000,1000,false],"1536x1536":["https:\/\/viallidesign.com\/wp-content\/uploads\/2024\/06\/13062024666af80e826e8.jpeg",1000,1000,false],"2048x2048":["https:\/\/viallidesign.com\/wp-content\/uploads\/2024\/06\/13062024666af80e826e8.jpeg",1000,1000,false],"trp-custom-language-flag":["https:\/\/viallidesign.com\/wp-content\/uploads\/2024\/06\/13062024666af80e826e8.jpeg",12,12,false],"woocommerce_thumbnail":["https:\/\/viallidesign.com\/wp-content\/uploads\/2024\/06\/13062024666af80e826e8-600x600.jpeg",600,600,true],"woocommerce_single":["https:\/\/viallidesign.com\/wp-content\/uploads\/2024\/06\/13062024666af80e826e8.jpeg",1000,1000,false],"woocommerce_gallery_thumbnail":["https:\/\/viallidesign.com\/wp-content\/uploads\/2024\/06\/13062024666af80e826e8-100x100.jpeg",100,100,true],"dgwt-wcas-product-suggestion":["https:\/\/viallidesign.com\/wp-content\/uploads\/2024\/06\/13062024666af80e826e8-64x64.jpeg",64,64,true]},"uagb_author_info":{"display_name":"viallidesign","author_link":"https:\/\/viallidesign.com\/en\/author\/"},"uagb_comment_info":0,"uagb_excerpt":"Komplet 2 szklanek termicznych GEO 330 ml Pijesz codziennie du\u017ce ilo\u015bci herbaty? Szklanka GEO o pojemno\u015bci 330 ml to idealny wyb\u00f3r dla Ciebie. Dzi\u0119ki takiej wielko\u015bci zyskujesz od razu tyle napoju, ile Ci potrzeba \u2013 bez konieczno\u015bci cz\u0119stego dolewania! Szk\u0142o wi\u0119kszych rozmiar\u00f3w przyda si\u0119 r\u00f3wnie\u017c, je\u015bli cz\u0119sto zapraszasz go\u015bci, kt\u00f3rzy tak\u017ce s\u0105 mi\u0142o\u015bnikami herbaty. Teraz&hellip;","_links":{"self":[{"href":"https:\/\/viallidesign.com\/en\/wp-json\/wp\/v2\/product\/4274","targetHints":{"allow":["GET"]}}],"collection":[{"href":"https:\/\/viallidesign.com\/en\/wp-json\/wp\/v2\/product"}],"about":[{"href":"https:\/\/viallidesign.com\/en\/wp-json\/wp\/v2\/types\/product"}],"wp:featuredmedia":[{"embeddable":true,"href":"https:\/\/viallidesign.com\/en\/wp-json\/wp\/v2\/media\/4258"}],"wp:attachment":[{"href":"https:\/\/viallidesign.com\/en\/wp-json\/wp\/v2\/media?parent=4274"}],"wp:term":[{"taxonomy":"product_brand","embeddable":true,"href":"https:\/\/viallidesign.com\/en\/wp-json\/wp\/v2\/product_brand?post=4274"},{"taxonomy":"product_cat","embeddable":true,"href":"https:\/\/viallidesign.com\/en\/wp-json\/wp\/v2\/product_cat?post=4274"},{"taxonomy":"product_tag","embeddable":true,"href":"https:\/\/viallidesign.com\/en\/wp-json\/wp\/v2\/product_tag?post=4274"}],"curies":[{"name":"wp","href":"https:\/\/api.w.org\/{rel}","templated":true}]}}