{"id":4251,"date":"2024-06-13T15:45:35","date_gmt":"2024-06-13T13:45:35","guid":{"rendered":"https:\/\/vialliwp.ageno.work\/produkt\/kubek-z-podwojna-scianka-geo-450-ml-8517\/"},"modified":"2026-03-27T02:35:05","modified_gmt":"2026-03-27T01:35:05","slug":"kubek-z-podwojna-scianka-geo-450-ml-8517","status":"publish","type":"product","link":"https:\/\/viallidesign.com\/en\/product\/kubek-z-podwojna-scianka-geo-450-ml-8517\/","title":{"rendered":"Geo double wall mug 450 ml 8517"},"content":{"rendered":"<h3>GEO thermal mug 450 ml<\/h3>\n<p>Do you drink large quantities of tea every day? <strong>GEO thermal mug<\/strong> with a capacity of 450 ml is the ideal choice for you. Thanks to this size, you get as much drink as you need right away - without having to refill it frequently! A larger glass is also useful if you often invite guests who are also tea lovers. Now you can serve them the best tea in a <strong>a stylish mug,<\/strong> because it is <strong>modern design distinguishes the GEO collection.<\/strong><\/p>\n<p><strong>Functionality and modernity in one product<\/strong><\/p>\n<p><strong>GEO thermal mug<\/strong> offered by <strong>Vialli Design<\/strong> impresses with its appearance, but also with its functionality. It was created with the <strong>convenience<\/strong> and <strong>user safety.<\/strong> The following were used in its production <strong>two layers of borosilicate glass,<\/strong> which are separated by a space filled with air. This solution allows the drink to maintain the right temperature, but it is also a guarantee of <strong>the extraordinary lightness of the cup.<\/strong><\/p>\n<p>In designing the GEO mug, no thought was given to the <strong>beautiful appearance.<\/strong> It is sure to remain noticed and appreciated by your guests. It is an excellent choice that will be the perfect addition to your basic tableware. The KUbek is suitable for serving coffee, tea as well as cold drinks.<\/p>\n<p><strong>Product benefits:<\/strong><\/p>\n<ul>\n<li>modern design<\/li>\n<li>handmade from high quality borosilicate glass<\/li>\n<li>keep drinks at the right temperature<\/li>\n<li>the right shape for comfortable use<\/li>\n<li>perfect for a gift<\/li>\n<\/ul>\n<p>Surprise your guests with the unusual shape of the brand's thermal glasses <strong>Vialli Design.<\/strong>They are also perfect as a gift for a loved one!<\/p>\n<p class=\"gpsr-info\"><a href=\"https:\/\/kulig.com.pl\/gpsr\/\" target=\"_blank\" rel=\"noopener\">GPSR information<\/a><\/p>","protected":false},"excerpt":{"rendered":"<p>Kubek termiczny GEO 450 ml Pijesz codziennie du\u017ce ilo\u015bci herbaty? Kubek termiczny GEO o pojemno\u015bci 450 ml to idealny wyb\u00f3r dla Ciebie. Dzi\u0119ki takiej wielko\u015bci zyskujesz od razu tyle napoju, ile Ci potrzeba \u2013 bez konieczno\u015bci cz\u0119stego dolewania! Szk\u0142o wi\u0119kszych rozmiar\u00f3w przyda si\u0119 r\u00f3wnie\u017c, je\u015bli cz\u0119sto zapraszasz go\u015bci, kt\u00f3rzy tak\u017ce s\u0105 mi\u0142o\u015bnikami herbaty. Teraz mo\u017cesz [&hellip;]<\/p>","protected":false},"featured_media":4242,"template":"","meta":{"_uag_custom_page_level_css":"","site-sidebar-layout":"default","site-content-layout":"","ast-site-content-layout":"default","site-content-style":"default","site-sidebar-style":"default","ast-global-header-display":"","ast-banner-title-visibility":"","ast-main-header-display":"","ast-hfb-above-header-display":"","ast-hfb-below-header-display":"","ast-hfb-mobile-header-display":"","site-post-title":"","ast-breadcrumbs-content":"","ast-featured-img":"","footer-sml-layout":"","ast-disable-related-posts":"","theme-transparent-header-meta":"","adv-header-id-meta":"","stick-header-meta":"","header-above-stick-meta":"","header-main-stick-meta":"","header-below-stick-meta":"","astra-migrate-meta-layouts":"default","ast-page-background-enabled":"default","ast-page-background-meta":{"desktop":{"background-color":"","background-image":"","background-repeat":"repeat","background-position":"center center","background-size":"auto","background-attachment":"scroll","background-type":"","background-media":"","overlay-type":"","overlay-color":"","overlay-opacity":"","overlay-gradient":""},"tablet":{"background-color":"","background-image":"","background-repeat":"repeat","background-position":"center center","background-size":"auto","background-attachment":"scroll","background-type":"","background-media":"","overlay-type":"","overlay-color":"","overlay-opacity":"","overlay-gradient":""},"mobile":{"background-color":"","background-image":"","background-repeat":"repeat","background-position":"center center","background-size":"auto","background-attachment":"scroll","background-type":"","background-media":"","overlay-type":"","overlay-color":"","overlay-opacity":"","overlay-gradient":""}},"ast-content-background-meta":{"desktop":{"background-color":"var(--ast-global-color-5)","background-image":"","background-repeat":"repeat","background-position":"center center","background-size":"auto","background-attachment":"scroll","background-type":"","background-media":"","overlay-type":"","overlay-color":"","overlay-opacity":"","overlay-gradient":""},"tablet":{"background-color":"var(--ast-global-color-5)","background-image":"","background-repeat":"repeat","background-position":"center center","background-size":"auto","background-attachment":"scroll","background-type":"","background-media":"","overlay-type":"","overlay-color":"","overlay-opacity":"","overlay-gradient":""},"mobile":{"background-color":"var(--ast-global-color-5)","background-image":"","background-repeat":"repeat","background-position":"center center","background-size":"auto","background-attachment":"scroll","background-type":"","background-media":"","overlay-type":"","overlay-color":"","overlay-opacity":"","overlay-gradient":""}}},"product_brand":[],"product_cat":[432,17,436],"product_tag":[],"class_list":{"0":"post-4251","1":"product","2":"type-product","3":"status-publish","4":"has-post-thumbnail","6":"product_cat-jadalnia","7":"product_cat-produkty","8":"product_cat-szklanki-i-filizanki","9":"desktop-align-left","10":"tablet-align-left","11":"mobile-align-left","13":"first","14":"instock","15":"shipping-taxable","16":"purchasable","17":"product-type-simple"},"uagb_featured_image_src":{"full":["https:\/\/viallidesign.com\/wp-content\/uploads\/2024\/06\/13062024666af7e9183d3-scaled.jpeg",2560,2017,false],"thumbnail":["https:\/\/viallidesign.com\/wp-content\/uploads\/2024\/06\/13062024666af7e9183d3-scaled-80x80.jpeg",80,80,true],"medium":["https:\/\/viallidesign.com\/wp-content\/uploads\/2024\/06\/13062024666af7e9183d3-scaled-300x236.jpeg",300,236,true],"medium_large":["https:\/\/viallidesign.com\/wp-content\/uploads\/2024\/06\/13062024666af7e9183d3-scaled-768x605.jpeg",768,605,true],"large":["https:\/\/viallidesign.com\/wp-content\/uploads\/2024\/06\/13062024666af7e9183d3-scaled-1024x807.jpeg",1024,807,true],"1536x1536":["https:\/\/viallidesign.com\/wp-content\/uploads\/2024\/06\/13062024666af7e9183d3-scaled-1536x1210.jpeg",1536,1210,true],"2048x2048":["https:\/\/viallidesign.com\/wp-content\/uploads\/2024\/06\/13062024666af7e9183d3-scaled-2048x1614.jpeg",2048,1614,true],"trp-custom-language-flag":["https:\/\/viallidesign.com\/wp-content\/uploads\/2024\/06\/13062024666af7e9183d3-scaled.jpeg",15,12,false],"woocommerce_thumbnail":["https:\/\/viallidesign.com\/wp-content\/uploads\/2024\/06\/13062024666af7e9183d3-scaled-600x473.jpeg",600,473,true],"woocommerce_single":["https:\/\/viallidesign.com\/wp-content\/uploads\/2024\/06\/13062024666af7e9183d3-scaled-1200x945.jpeg",1200,945,true],"woocommerce_gallery_thumbnail":["https:\/\/viallidesign.com\/wp-content\/uploads\/2024\/06\/13062024666af7e9183d3-scaled-100x100.jpeg",100,100,true],"dgwt-wcas-product-suggestion":["https:\/\/viallidesign.com\/wp-content\/uploads\/2024\/06\/13062024666af7e9183d3-scaled-64x50.jpeg",64,50,true]},"uagb_author_info":{"display_name":"viallidesign","author_link":"https:\/\/viallidesign.com\/en\/author\/"},"uagb_comment_info":0,"uagb_excerpt":"Kubek termiczny GEO 450 ml Pijesz codziennie du\u017ce ilo\u015bci herbaty? Kubek termiczny GEO o pojemno\u015bci 450 ml to idealny wyb\u00f3r dla Ciebie. Dzi\u0119ki takiej wielko\u015bci zyskujesz od razu tyle napoju, ile Ci potrzeba \u2013 bez konieczno\u015bci cz\u0119stego dolewania! Szk\u0142o wi\u0119kszych rozmiar\u00f3w przyda si\u0119 r\u00f3wnie\u017c, je\u015bli cz\u0119sto zapraszasz go\u015bci, kt\u00f3rzy tak\u017ce s\u0105 mi\u0142o\u015bnikami herbaty. Teraz mo\u017cesz&hellip;","_links":{"self":[{"href":"https:\/\/viallidesign.com\/en\/wp-json\/wp\/v2\/product\/4251","targetHints":{"allow":["GET"]}}],"collection":[{"href":"https:\/\/viallidesign.com\/en\/wp-json\/wp\/v2\/product"}],"about":[{"href":"https:\/\/viallidesign.com\/en\/wp-json\/wp\/v2\/types\/product"}],"wp:featuredmedia":[{"embeddable":true,"href":"https:\/\/viallidesign.com\/en\/wp-json\/wp\/v2\/media\/4242"}],"wp:attachment":[{"href":"https:\/\/viallidesign.com\/en\/wp-json\/wp\/v2\/media?parent=4251"}],"wp:term":[{"taxonomy":"product_brand","embeddable":true,"href":"https:\/\/viallidesign.com\/en\/wp-json\/wp\/v2\/product_brand?post=4251"},{"taxonomy":"product_cat","embeddable":true,"href":"https:\/\/viallidesign.com\/en\/wp-json\/wp\/v2\/product_cat?post=4251"},{"taxonomy":"product_tag","embeddable":true,"href":"https:\/\/viallidesign.com\/en\/wp-json\/wp\/v2\/product_tag?post=4251"}],"curies":[{"name":"wp","href":"https:\/\/api.w.org\/{rel}","templated":true}]}}