{"id":4241,"date":"2024-06-13T15:45:11","date_gmt":"2024-06-13T13:45:11","guid":{"rendered":"https:\/\/vialliwp.ageno.work\/produkt\/komplet-2-szklank-z-podwojna-scianka-carbon-350-ml-8562\/"},"modified":"2026-03-27T02:35:04","modified_gmt":"2026-03-27T01:35:04","slug":"komplet-2-szklank-z-podwojna-scianka-carbon-350-ml-8562","status":"publish","type":"product","link":"https:\/\/viallidesign.com\/en\/product\/komplet-2-szklank-z-podwojna-scianka-carbon-350-ml-8562\/","title":{"rendered":"Set of 2 double-walled glasses Carbon 350 ml 8562"},"content":{"rendered":"<h3>CARBON double-walled glasses 350 ml<\/h3>\n<p>Do you drink large quantities of coffee every day? <strong>CARBON glass<\/strong> o <strong>350 ml capacity<\/strong> it's <strong>the ideal choice for you.<\/strong> Thanks to this size, you get as much of the drink as you need right away - without having to refill it frequently! The larger glass is also useful if you often invite guests who are also caffeine enthusiasts. Now you can serve them the best coffee in the <strong>stylish glasses,<\/strong> because it is <strong>modern design<\/strong> distinguishes the CARBON collection.<\/p>\n<p>The glasses have an attractive shape and a practical handle that provides comfort and makes it easy to hold the vessel in your hands while you drink your favourite coffee. Despite the presence of a hot drink, the glass does not heat up. This advantage is due to the <strong>double walls,<\/strong> which prevents it from cooling down. This keeps the drink inside warm for a long time and allows you to hold the glass comfortably.<\/p>\n<p>The CARBON range is unique not only because of the <strong>high aesthetics and practicality.<\/strong> The glasses are handmade, so you are guaranteed that every detail has been precisely realised. The high degree of care in production, the thoughtful design from A to Z and the <strong>best quality materials<\/strong> - All of this ensures that the coffee glass will meet your expectations and <strong>will ensure comfort at the highest level.<\/strong> Glasses created primarily with your user experience in mind will turn coffee moments into even more fun than before!<\/p>\n<p class=\"gpsr-info\"><a href=\"https:\/\/kulig.com.pl\/gpsr\/\" target=\"_blank\" rel=\"noopener\">GPSR information<\/a><\/p>","protected":false},"excerpt":{"rendered":"<p>Szklanki z podw\u00f3jn\u0105 \u015bciank\u0105 CARBON 350 ml Pijesz codziennie du\u017ce ilo\u015bci kawy? Szklanka CARBON o pojemno\u015bci 350 ml to idealny wyb\u00f3r dla Ciebie. Dzi\u0119ki takiej wielko\u015bci zyskujesz od razu tyle napoju, ile Ci potrzeba \u2013 bez konieczno\u015bci cz\u0119stego dolewania! Szk\u0142o wi\u0119kszych rozmiar\u00f3w przyda si\u0119 r\u00f3wnie\u017c, je\u015bli cz\u0119sto zapraszasz go\u015bci, kt\u00f3rzy tak\u017ce s\u0105 mi\u0142o\u015bnikami kofeiny. Teraz [&hellip;]<\/p>","protected":false},"featured_media":4233,"template":"","meta":{"_uag_custom_page_level_css":"","site-sidebar-layout":"default","site-content-layout":"","ast-site-content-layout":"default","site-content-style":"default","site-sidebar-style":"default","ast-global-header-display":"","ast-banner-title-visibility":"","ast-main-header-display":"","ast-hfb-above-header-display":"","ast-hfb-below-header-display":"","ast-hfb-mobile-header-display":"","site-post-title":"","ast-breadcrumbs-content":"","ast-featured-img":"","footer-sml-layout":"","ast-disable-related-posts":"","theme-transparent-header-meta":"","adv-header-id-meta":"","stick-header-meta":"","header-above-stick-meta":"","header-main-stick-meta":"","header-below-stick-meta":"","astra-migrate-meta-layouts":"default","ast-page-background-enabled":"default","ast-page-background-meta":{"desktop":{"background-color":"","background-image":"","background-repeat":"repeat","background-position":"center center","background-size":"auto","background-attachment":"scroll","background-type":"","background-media":"","overlay-type":"","overlay-color":"","overlay-opacity":"","overlay-gradient":""},"tablet":{"background-color":"","background-image":"","background-repeat":"repeat","background-position":"center center","background-size":"auto","background-attachment":"scroll","background-type":"","background-media":"","overlay-type":"","overlay-color":"","overlay-opacity":"","overlay-gradient":""},"mobile":{"background-color":"","background-image":"","background-repeat":"repeat","background-position":"center center","background-size":"auto","background-attachment":"scroll","background-type":"","background-media":"","overlay-type":"","overlay-color":"","overlay-opacity":"","overlay-gradient":""}},"ast-content-background-meta":{"desktop":{"background-color":"var(--ast-global-color-5)","background-image":"","background-repeat":"repeat","background-position":"center center","background-size":"auto","background-attachment":"scroll","background-type":"","background-media":"","overlay-type":"","overlay-color":"","overlay-opacity":"","overlay-gradient":""},"tablet":{"background-color":"var(--ast-global-color-5)","background-image":"","background-repeat":"repeat","background-position":"center center","background-size":"auto","background-attachment":"scroll","background-type":"","background-media":"","overlay-type":"","overlay-color":"","overlay-opacity":"","overlay-gradient":""},"mobile":{"background-color":"var(--ast-global-color-5)","background-image":"","background-repeat":"repeat","background-position":"center center","background-size":"auto","background-attachment":"scroll","background-type":"","background-media":"","overlay-type":"","overlay-color":"","overlay-opacity":"","overlay-gradient":""}}},"product_brand":[],"product_cat":[432,17,436],"product_tag":[],"class_list":{"0":"post-4241","1":"product","2":"type-product","3":"status-publish","4":"has-post-thumbnail","6":"product_cat-jadalnia","7":"product_cat-produkty","8":"product_cat-szklanki-i-filizanki","9":"desktop-align-left","10":"tablet-align-left","11":"mobile-align-left","13":"first","14":"outofstock","15":"shipping-taxable","16":"purchasable","17":"product-type-simple"},"uagb_featured_image_src":{"full":["https:\/\/viallidesign.com\/wp-content\/uploads\/2024\/06\/13062024666af7d3debb6.jpeg",800,429,false],"thumbnail":["https:\/\/viallidesign.com\/wp-content\/uploads\/2024\/06\/13062024666af7d3debb6-80x80.jpeg",80,80,true],"medium":["https:\/\/viallidesign.com\/wp-content\/uploads\/2024\/06\/13062024666af7d3debb6-300x161.jpeg",300,161,true],"medium_large":["https:\/\/viallidesign.com\/wp-content\/uploads\/2024\/06\/13062024666af7d3debb6-768x412.jpeg",768,412,true],"large":["https:\/\/viallidesign.com\/wp-content\/uploads\/2024\/06\/13062024666af7d3debb6.jpeg",800,429,false],"1536x1536":["https:\/\/viallidesign.com\/wp-content\/uploads\/2024\/06\/13062024666af7d3debb6.jpeg",800,429,false],"2048x2048":["https:\/\/viallidesign.com\/wp-content\/uploads\/2024\/06\/13062024666af7d3debb6.jpeg",800,429,false],"trp-custom-language-flag":["https:\/\/viallidesign.com\/wp-content\/uploads\/2024\/06\/13062024666af7d3debb6.jpeg",18,10,false],"woocommerce_thumbnail":["https:\/\/viallidesign.com\/wp-content\/uploads\/2024\/06\/13062024666af7d3debb6-600x322.jpeg",600,322,true],"woocommerce_single":["https:\/\/viallidesign.com\/wp-content\/uploads\/2024\/06\/13062024666af7d3debb6.jpeg",800,429,false],"woocommerce_gallery_thumbnail":["https:\/\/viallidesign.com\/wp-content\/uploads\/2024\/06\/13062024666af7d3debb6-100x100.jpeg",100,100,true],"dgwt-wcas-product-suggestion":["https:\/\/viallidesign.com\/wp-content\/uploads\/2024\/06\/13062024666af7d3debb6-64x34.jpeg",64,34,true]},"uagb_author_info":{"display_name":"viallidesign","author_link":"https:\/\/viallidesign.com\/en\/author\/"},"uagb_comment_info":0,"uagb_excerpt":"Szklanki z podw\u00f3jn\u0105 \u015bciank\u0105 CARBON 350 ml Pijesz codziennie du\u017ce ilo\u015bci kawy? Szklanka CARBON o pojemno\u015bci 350 ml to idealny wyb\u00f3r dla Ciebie. Dzi\u0119ki takiej wielko\u015bci zyskujesz od razu tyle napoju, ile Ci potrzeba \u2013 bez konieczno\u015bci cz\u0119stego dolewania! Szk\u0142o wi\u0119kszych rozmiar\u00f3w przyda si\u0119 r\u00f3wnie\u017c, je\u015bli cz\u0119sto zapraszasz go\u015bci, kt\u00f3rzy tak\u017ce s\u0105 mi\u0142o\u015bnikami kofeiny. Teraz&hellip;","_links":{"self":[{"href":"https:\/\/viallidesign.com\/en\/wp-json\/wp\/v2\/product\/4241","targetHints":{"allow":["GET"]}}],"collection":[{"href":"https:\/\/viallidesign.com\/en\/wp-json\/wp\/v2\/product"}],"about":[{"href":"https:\/\/viallidesign.com\/en\/wp-json\/wp\/v2\/types\/product"}],"wp:featuredmedia":[{"embeddable":true,"href":"https:\/\/viallidesign.com\/en\/wp-json\/wp\/v2\/media\/4233"}],"wp:attachment":[{"href":"https:\/\/viallidesign.com\/en\/wp-json\/wp\/v2\/media?parent=4241"}],"wp:term":[{"taxonomy":"product_brand","embeddable":true,"href":"https:\/\/viallidesign.com\/en\/wp-json\/wp\/v2\/product_brand?post=4241"},{"taxonomy":"product_cat","embeddable":true,"href":"https:\/\/viallidesign.com\/en\/wp-json\/wp\/v2\/product_cat?post=4241"},{"taxonomy":"product_tag","embeddable":true,"href":"https:\/\/viallidesign.com\/en\/wp-json\/wp\/v2\/product_tag?post=4241"}],"curies":[{"name":"wp","href":"https:\/\/api.w.org\/{rel}","templated":true}]}}