{"id":4232,"date":"2024-06-13T15:44:51","date_gmt":"2024-06-13T13:44:51","guid":{"rendered":"https:\/\/vialliwp.ageno.work\/produkt\/komplet-2-szklanek-z-podwojna-scianka-do-espresso-carbon-80-ml-8548\/"},"modified":"2026-03-27T02:35:04","modified_gmt":"2026-03-27T01:35:04","slug":"komplet-2-szklanek-z-podwojna-scianka-do-espresso-carbon-80-ml-8548","status":"publish","type":"product","link":"https:\/\/viallidesign.com\/en\/product\/komplet-2-szklanek-z-podwojna-scianka-do-espresso-carbon-80-ml-8548\/","title":{"rendered":"Set of 2 double-walled espresso glasses Carbon 80 ml 8548"},"content":{"rendered":"<h3>CARBON double-walled espresso glasses 80 ml<\/h3>\n<p><strong>Do you know which espresso is best? Hot!<\/strong> If your coffee is cooling down at an express pace, <strong>double-walled CARBON glasses<\/strong> They handle it perfectly. Thanks to their clever design, they retain the temperature for longer while protecting your hands from burning. Your favourite beverage will stay warm while you engross yourself in the pages of a book, chatting with loved ones or doing your work. Forget about your coffee going cold forever and enjoy the steam hovering over the <strong>CARBON espresso glass.<\/strong><\/p>\n<p><strong>Innovative design<\/strong> provides more than just warm coffee. Thanks to the practical handle, you can hold the glass comfortably in your hands. An additional advantage is the miniature capacity of 80 ml. The small glass will be perfect for exploring the flavours of new coffees. It will also be an excellent choice if it's just another dose of caffeine on any given day.<\/p>\n<p><b>CARBON glass<\/b> surprises both <b>functionality,<\/b> as well as <b>striking appearance.<\/b> Minimalism and simplicity are qualities that are perfectly suited to the espresso glass. This popular type of coffee impresses above all with its robust taste, without any embellishments - just like the products available in this series. It is impossible to pass by indifferently in view of the handmade nature of each vessel. The meticulous attention to detail and the quality of the materials used allow users to enjoy these high-quality espresso glasses for many years.<\/p>\n<p class=\"gpsr-info\"><a href=\"https:\/\/kulig.com.pl\/gpsr\/\" target=\"_blank\" rel=\"noopener\">GPSR information<\/a><\/p>","protected":false},"excerpt":{"rendered":"<p>Szklanki do espresso z podw\u00f3jn\u0105 \u015bciank\u0105 CARBON 80 ml Czy wiesz, jakie espresso jest najlepsze? Gor\u0105ce! Je\u015bli Twoja kawa stygnie w ekspresowym wprost tempie, podw\u00f3jne \u015bcianki szklanek CARBON doskonale sobie z tym poradz\u0105. Dzi\u0119ki przemy\u015blanej budowie zatrzymuj\u0105 temperatur\u0119 na d\u0142u\u017cej, jednocze\u015bnie chroni\u0105c Twoje d\u0142onie przed poparzeniem. Tw\u00f3j ulubiony nap\u00f3j pozostanie ciep\u0142y, gdy Ty b\u0119dziesz poch\u0142ania\u0107 [&hellip;]<\/p>","protected":false},"featured_media":4223,"template":"","meta":{"_uag_custom_page_level_css":"","site-sidebar-layout":"default","site-content-layout":"","ast-site-content-layout":"default","site-content-style":"default","site-sidebar-style":"default","ast-global-header-display":"","ast-banner-title-visibility":"","ast-main-header-display":"","ast-hfb-above-header-display":"","ast-hfb-below-header-display":"","ast-hfb-mobile-header-display":"","site-post-title":"","ast-breadcrumbs-content":"","ast-featured-img":"","footer-sml-layout":"","ast-disable-related-posts":"","theme-transparent-header-meta":"","adv-header-id-meta":"","stick-header-meta":"","header-above-stick-meta":"","header-main-stick-meta":"","header-below-stick-meta":"","astra-migrate-meta-layouts":"default","ast-page-background-enabled":"default","ast-page-background-meta":{"desktop":{"background-color":"","background-image":"","background-repeat":"repeat","background-position":"center center","background-size":"auto","background-attachment":"scroll","background-type":"","background-media":"","overlay-type":"","overlay-color":"","overlay-opacity":"","overlay-gradient":""},"tablet":{"background-color":"","background-image":"","background-repeat":"repeat","background-position":"center center","background-size":"auto","background-attachment":"scroll","background-type":"","background-media":"","overlay-type":"","overlay-color":"","overlay-opacity":"","overlay-gradient":""},"mobile":{"background-color":"","background-image":"","background-repeat":"repeat","background-position":"center center","background-size":"auto","background-attachment":"scroll","background-type":"","background-media":"","overlay-type":"","overlay-color":"","overlay-opacity":"","overlay-gradient":""}},"ast-content-background-meta":{"desktop":{"background-color":"var(--ast-global-color-5)","background-image":"","background-repeat":"repeat","background-position":"center center","background-size":"auto","background-attachment":"scroll","background-type":"","background-media":"","overlay-type":"","overlay-color":"","overlay-opacity":"","overlay-gradient":""},"tablet":{"background-color":"var(--ast-global-color-5)","background-image":"","background-repeat":"repeat","background-position":"center center","background-size":"auto","background-attachment":"scroll","background-type":"","background-media":"","overlay-type":"","overlay-color":"","overlay-opacity":"","overlay-gradient":""},"mobile":{"background-color":"var(--ast-global-color-5)","background-image":"","background-repeat":"repeat","background-position":"center center","background-size":"auto","background-attachment":"scroll","background-type":"","background-media":"","overlay-type":"","overlay-color":"","overlay-opacity":"","overlay-gradient":""}}},"product_brand":[],"product_cat":[432,17,436],"product_tag":[],"class_list":{"0":"post-4232","1":"product","2":"type-product","3":"status-publish","4":"has-post-thumbnail","6":"product_cat-jadalnia","7":"product_cat-produkty","8":"product_cat-szklanki-i-filizanki","9":"desktop-align-left","10":"tablet-align-left","11":"mobile-align-left","13":"first","14":"outofstock","15":"shipping-taxable","16":"purchasable","17":"product-type-simple"},"uagb_featured_image_src":{"full":["https:\/\/viallidesign.com\/wp-content\/uploads\/2024\/06\/13062024666af7c136939.jpeg",1003,414,false],"thumbnail":["https:\/\/viallidesign.com\/wp-content\/uploads\/2024\/06\/13062024666af7c136939-80x80.jpeg",80,80,true],"medium":["https:\/\/viallidesign.com\/wp-content\/uploads\/2024\/06\/13062024666af7c136939-300x124.jpeg",300,124,true],"medium_large":["https:\/\/viallidesign.com\/wp-content\/uploads\/2024\/06\/13062024666af7c136939-768x317.jpeg",768,317,true],"large":["https:\/\/viallidesign.com\/wp-content\/uploads\/2024\/06\/13062024666af7c136939.jpeg",1003,414,false],"1536x1536":["https:\/\/viallidesign.com\/wp-content\/uploads\/2024\/06\/13062024666af7c136939.jpeg",1003,414,false],"2048x2048":["https:\/\/viallidesign.com\/wp-content\/uploads\/2024\/06\/13062024666af7c136939.jpeg",1003,414,false],"trp-custom-language-flag":["https:\/\/viallidesign.com\/wp-content\/uploads\/2024\/06\/13062024666af7c136939.jpeg",18,7,false],"woocommerce_thumbnail":["https:\/\/viallidesign.com\/wp-content\/uploads\/2024\/06\/13062024666af7c136939-600x248.jpeg",600,248,true],"woocommerce_single":["https:\/\/viallidesign.com\/wp-content\/uploads\/2024\/06\/13062024666af7c136939.jpeg",1003,414,false],"woocommerce_gallery_thumbnail":["https:\/\/viallidesign.com\/wp-content\/uploads\/2024\/06\/13062024666af7c136939-100x100.jpeg",100,100,true],"dgwt-wcas-product-suggestion":["https:\/\/viallidesign.com\/wp-content\/uploads\/2024\/06\/13062024666af7c136939-64x26.jpeg",64,26,true]},"uagb_author_info":{"display_name":"viallidesign","author_link":"https:\/\/viallidesign.com\/en\/author\/"},"uagb_comment_info":0,"uagb_excerpt":"Szklanki do espresso z podw\u00f3jn\u0105 \u015bciank\u0105 CARBON 80 ml Czy wiesz, jakie espresso jest najlepsze? Gor\u0105ce! Je\u015bli Twoja kawa stygnie w ekspresowym wprost tempie, podw\u00f3jne \u015bcianki szklanek CARBON doskonale sobie z tym poradz\u0105. Dzi\u0119ki przemy\u015blanej budowie zatrzymuj\u0105 temperatur\u0119 na d\u0142u\u017cej, jednocze\u015bnie chroni\u0105c Twoje d\u0142onie przed poparzeniem. Tw\u00f3j ulubiony nap\u00f3j pozostanie ciep\u0142y, gdy Ty b\u0119dziesz poch\u0142ania\u0107&hellip;","_links":{"self":[{"href":"https:\/\/viallidesign.com\/en\/wp-json\/wp\/v2\/product\/4232","targetHints":{"allow":["GET"]}}],"collection":[{"href":"https:\/\/viallidesign.com\/en\/wp-json\/wp\/v2\/product"}],"about":[{"href":"https:\/\/viallidesign.com\/en\/wp-json\/wp\/v2\/types\/product"}],"wp:featuredmedia":[{"embeddable":true,"href":"https:\/\/viallidesign.com\/en\/wp-json\/wp\/v2\/media\/4223"}],"wp:attachment":[{"href":"https:\/\/viallidesign.com\/en\/wp-json\/wp\/v2\/media?parent=4232"}],"wp:term":[{"taxonomy":"product_brand","embeddable":true,"href":"https:\/\/viallidesign.com\/en\/wp-json\/wp\/v2\/product_brand?post=4232"},{"taxonomy":"product_cat","embeddable":true,"href":"https:\/\/viallidesign.com\/en\/wp-json\/wp\/v2\/product_cat?post=4232"},{"taxonomy":"product_tag","embeddable":true,"href":"https:\/\/viallidesign.com\/en\/wp-json\/wp\/v2\/product_tag?post=4232"}],"curies":[{"name":"wp","href":"https:\/\/api.w.org\/{rel}","templated":true}]}}