{"id":4159,"date":"2024-06-13T15:42:09","date_gmt":"2024-06-13T13:42:09","guid":{"rendered":"https:\/\/vialliwp.ageno.work\/produkt\/ociekacz-na-sztucce-livio-duo-bialy-8289\/"},"modified":"2026-03-27T02:35:04","modified_gmt":"2026-03-27T01:35:04","slug":"ociekacz-na-sztucce-livio-duo-bialy-8289","status":"publish","type":"product","link":"https:\/\/viallidesign.com\/en\/product\/ociekacz-na-sztucce-livio-duo-bialy-8289\/","title":{"rendered":"Livio Duo cutlery tray white 8289"},"content":{"rendered":"<p>An elegant, original and, above all, functional cutlery drainer by Vialli Design. The modern, minimalist design of this product will go well with modernist interiors and will perfectly fit in with current trends. The centre of the dryer is divided into 3 parts, while the bottom is double, and its upper part has drain holes. It is available in three colour variants and blends in perfectly with products from the Livio range.<\/p>\n<p class=\"gpsr-info\"><a href=\"https:\/\/kulig.com.pl\/gpsr\/\" target=\"_blank\" rel=\"noopener\">GPSR information<\/a><\/p>","protected":false},"excerpt":{"rendered":"<p>Elegancki, oryginalny, a przede wszystkim funkcjonalny ociekacz na sztu\u0107ce marki Vialli Design. Nowoczesny, minimalistyczny design tego produktu \u015bwietnie b\u0119dzie si\u0119 komponowa\u0142 z modernistycznymi wn\u0119trzami i znakomicie wpisze si\u0119 w aktualne trendy. \u015arodek suszarki podzielony jest na 3 cz\u0119\u015bci natomiast d\u00f3\u0142 jest podw\u00f3jny, a jego g\u00f3rna cz\u0119\u015b\u0107 posiada otworki odp\u0142ywowe. Wyst\u0119puje w trzech wariantach kolorystycznych i [&hellip;]<\/p>","protected":false},"featured_media":4152,"template":"","meta":{"_uag_custom_page_level_css":"","site-sidebar-layout":"default","site-content-layout":"","ast-site-content-layout":"default","site-content-style":"default","site-sidebar-style":"default","ast-global-header-display":"","ast-banner-title-visibility":"","ast-main-header-display":"","ast-hfb-above-header-display":"","ast-hfb-below-header-display":"","ast-hfb-mobile-header-display":"","site-post-title":"","ast-breadcrumbs-content":"","ast-featured-img":"","footer-sml-layout":"","ast-disable-related-posts":"","theme-transparent-header-meta":"","adv-header-id-meta":"","stick-header-meta":"","header-above-stick-meta":"","header-main-stick-meta":"","header-below-stick-meta":"","astra-migrate-meta-layouts":"default","ast-page-background-enabled":"default","ast-page-background-meta":{"desktop":{"background-color":"","background-image":"","background-repeat":"repeat","background-position":"center center","background-size":"auto","background-attachment":"scroll","background-type":"","background-media":"","overlay-type":"","overlay-color":"","overlay-opacity":"","overlay-gradient":""},"tablet":{"background-color":"","background-image":"","background-repeat":"repeat","background-position":"center center","background-size":"auto","background-attachment":"scroll","background-type":"","background-media":"","overlay-type":"","overlay-color":"","overlay-opacity":"","overlay-gradient":""},"mobile":{"background-color":"","background-image":"","background-repeat":"repeat","background-position":"center center","background-size":"auto","background-attachment":"scroll","background-type":"","background-media":"","overlay-type":"","overlay-color":"","overlay-opacity":"","overlay-gradient":""}},"ast-content-background-meta":{"desktop":{"background-color":"var(--ast-global-color-5)","background-image":"","background-repeat":"repeat","background-position":"center center","background-size":"auto","background-attachment":"scroll","background-type":"","background-media":"","overlay-type":"","overlay-color":"","overlay-opacity":"","overlay-gradient":""},"tablet":{"background-color":"var(--ast-global-color-5)","background-image":"","background-repeat":"repeat","background-position":"center center","background-size":"auto","background-attachment":"scroll","background-type":"","background-media":"","overlay-type":"","overlay-color":"","overlay-opacity":"","overlay-gradient":""},"mobile":{"background-color":"var(--ast-global-color-5)","background-image":"","background-repeat":"repeat","background-position":"center center","background-size":"auto","background-attachment":"scroll","background-type":"","background-media":"","overlay-type":"","overlay-color":"","overlay-opacity":"","overlay-gradient":""}}},"product_brand":[],"product_cat":[433,748,17],"product_tag":[],"class_list":{"0":"post-4159","1":"product","2":"type-product","3":"status-publish","4":"has-post-thumbnail","6":"product_cat-kuchnia","7":"product_cat-ociekacze","8":"product_cat-produkty","9":"desktop-align-left","10":"tablet-align-left","11":"mobile-align-left","13":"first","14":"outofstock","15":"shipping-taxable","16":"purchasable","17":"product-type-simple"},"uagb_featured_image_src":{"full":["https:\/\/viallidesign.com\/wp-content\/uploads\/2024\/06\/13062024666af721c974e-scaled.jpeg",1566,2560,false],"thumbnail":["https:\/\/viallidesign.com\/wp-content\/uploads\/2024\/06\/13062024666af721c974e-scaled-80x80.jpeg",80,80,true],"medium":["https:\/\/viallidesign.com\/wp-content\/uploads\/2024\/06\/13062024666af721c974e-scaled-184x300.jpeg",184,300,true],"medium_large":["https:\/\/viallidesign.com\/wp-content\/uploads\/2024\/06\/13062024666af721c974e-scaled-768x1255.jpeg",768,1255,true],"large":["https:\/\/viallidesign.com\/wp-content\/uploads\/2024\/06\/13062024666af721c974e-scaled-626x1024.jpeg",626,1024,true],"1536x1536":["https:\/\/viallidesign.com\/wp-content\/uploads\/2024\/06\/13062024666af721c974e-scaled-940x1536.jpeg",940,1536,true],"2048x2048":["https:\/\/viallidesign.com\/wp-content\/uploads\/2024\/06\/13062024666af721c974e-scaled-1253x2048.jpeg",1253,2048,true],"trp-custom-language-flag":["https:\/\/viallidesign.com\/wp-content\/uploads\/2024\/06\/13062024666af721c974e-scaled.jpeg",7,12,false],"woocommerce_thumbnail":["https:\/\/viallidesign.com\/wp-content\/uploads\/2024\/06\/13062024666af721c974e-scaled-600x981.jpeg",600,981,true],"woocommerce_single":["https:\/\/viallidesign.com\/wp-content\/uploads\/2024\/06\/13062024666af721c974e-scaled-1200x1962.jpeg",1200,1962,true],"woocommerce_gallery_thumbnail":["https:\/\/viallidesign.com\/wp-content\/uploads\/2024\/06\/13062024666af721c974e-scaled-100x100.jpeg",100,100,true],"dgwt-wcas-product-suggestion":["https:\/\/viallidesign.com\/wp-content\/uploads\/2024\/06\/13062024666af721c974e-scaled-64x105.jpeg",64,105,true]},"uagb_author_info":{"display_name":"viallidesign","author_link":"https:\/\/viallidesign.com\/en\/author\/"},"uagb_comment_info":0,"uagb_excerpt":"Elegancki, oryginalny, a przede wszystkim funkcjonalny ociekacz na sztu\u0107ce marki Vialli Design. Nowoczesny, minimalistyczny design tego produktu \u015bwietnie b\u0119dzie si\u0119 komponowa\u0142 z modernistycznymi wn\u0119trzami i znakomicie wpisze si\u0119 w aktualne trendy. \u015arodek suszarki podzielony jest na 3 cz\u0119\u015bci natomiast d\u00f3\u0142 jest podw\u00f3jny, a jego g\u00f3rna cz\u0119\u015b\u0107 posiada otworki odp\u0142ywowe. Wyst\u0119puje w trzech wariantach kolorystycznych i&hellip;","_links":{"self":[{"href":"https:\/\/viallidesign.com\/en\/wp-json\/wp\/v2\/product\/4159","targetHints":{"allow":["GET"]}}],"collection":[{"href":"https:\/\/viallidesign.com\/en\/wp-json\/wp\/v2\/product"}],"about":[{"href":"https:\/\/viallidesign.com\/en\/wp-json\/wp\/v2\/types\/product"}],"wp:featuredmedia":[{"embeddable":true,"href":"https:\/\/viallidesign.com\/en\/wp-json\/wp\/v2\/media\/4152"}],"wp:attachment":[{"href":"https:\/\/viallidesign.com\/en\/wp-json\/wp\/v2\/media?parent=4159"}],"wp:term":[{"taxonomy":"product_brand","embeddable":true,"href":"https:\/\/viallidesign.com\/en\/wp-json\/wp\/v2\/product_brand?post=4159"},{"taxonomy":"product_cat","embeddable":true,"href":"https:\/\/viallidesign.com\/en\/wp-json\/wp\/v2\/product_cat?post=4159"},{"taxonomy":"product_tag","embeddable":true,"href":"https:\/\/viallidesign.com\/en\/wp-json\/wp\/v2\/product_tag?post=4159"}],"curies":[{"name":"wp","href":"https:\/\/api.w.org\/{rel}","templated":true}]}}