{"id":4069,"date":"2024-06-13T15:38:55","date_gmt":"2024-06-13T13:38:55","guid":{"rendered":"https:\/\/vialliwp.ageno.work\/produkt\/stojak-do-nozy-owalny-bianco-30386\/"},"modified":"2026-03-27T02:30:04","modified_gmt":"2026-03-27T01:30:04","slug":"stojak-do-nozy-owalny-bianco-30386","status":"publish","type":"product","link":"https:\/\/viallidesign.com\/en\/product\/stojak-do-nozy-owalny-bianco-30386\/","title":{"rendered":"Oval knife stand Bianco 30386"},"content":{"rendered":"<p>Oval <strong>BIANCO knife stand<\/strong> stands out <strong>modern, minimalist design.<\/strong> It is ideal for the safe storage of knives. The product has been made from <strong>top-quality plastic.<\/strong> Covered with a soft-touch, non-slip coating, it makes a great addition to the kitchen. The centre of the stand is filled with thin plastic rods. This makes it easier to remove and place knives in the block. Suitable for storing ceramic and steel knives.<\/p>\n<p class=\"gpsr-info\"><a href=\"https:\/\/kulig.com.pl\/gpsr\/\" target=\"_blank\" rel=\"noopener\">GPSR information<\/a><\/p>","protected":false},"excerpt":{"rendered":"<p>Owalny stojak do no\u017cy BIANCO wyr\u00f3\u017cnia si\u0119 nowoczesnym, minimalistycznym designem. Doskonale nadaje si\u0119 do bezpiecznego przechowywania no\u017cy. Produkt zosta\u0142 wykonany z najwy\u017cszej jako\u015bci tworzywa sztucznego. Pokryty mi\u0119kk\u0105 w dotyku, antypo\u015blizgow\u0105 pow\u0142ok\u0105 stanowi \u015bwietny dodatek do kuchni. \u015arodek stojaka wype\u0142niony jest cienkimi pr\u0119cikami z tworzywa. U\u0142atwia to wyjmowanie i umieszczanie no\u017cy w bloku. Nadaje si\u0119 do [&hellip;]<\/p>","protected":false},"featured_media":4062,"template":"","meta":{"_uag_custom_page_level_css":"","site-sidebar-layout":"default","site-content-layout":"","ast-site-content-layout":"default","site-content-style":"default","site-sidebar-style":"default","ast-global-header-display":"","ast-banner-title-visibility":"","ast-main-header-display":"","ast-hfb-above-header-display":"","ast-hfb-below-header-display":"","ast-hfb-mobile-header-display":"","site-post-title":"","ast-breadcrumbs-content":"","ast-featured-img":"","footer-sml-layout":"","ast-disable-related-posts":"","theme-transparent-header-meta":"","adv-header-id-meta":"","stick-header-meta":"","header-above-stick-meta":"","header-main-stick-meta":"","header-below-stick-meta":"","astra-migrate-meta-layouts":"default","ast-page-background-enabled":"default","ast-page-background-meta":{"desktop":{"background-color":"","background-image":"","background-repeat":"repeat","background-position":"center center","background-size":"auto","background-attachment":"scroll","background-type":"","background-media":"","overlay-type":"","overlay-color":"","overlay-opacity":"","overlay-gradient":""},"tablet":{"background-color":"","background-image":"","background-repeat":"repeat","background-position":"center center","background-size":"auto","background-attachment":"scroll","background-type":"","background-media":"","overlay-type":"","overlay-color":"","overlay-opacity":"","overlay-gradient":""},"mobile":{"background-color":"","background-image":"","background-repeat":"repeat","background-position":"center center","background-size":"auto","background-attachment":"scroll","background-type":"","background-media":"","overlay-type":"","overlay-color":"","overlay-opacity":"","overlay-gradient":""}},"ast-content-background-meta":{"desktop":{"background-color":"var(--ast-global-color-5)","background-image":"","background-repeat":"repeat","background-position":"center center","background-size":"auto","background-attachment":"scroll","background-type":"","background-media":"","overlay-type":"","overlay-color":"","overlay-opacity":"","overlay-gradient":""},"tablet":{"background-color":"var(--ast-global-color-5)","background-image":"","background-repeat":"repeat","background-position":"center center","background-size":"auto","background-attachment":"scroll","background-type":"","background-media":"","overlay-type":"","overlay-color":"","overlay-opacity":"","overlay-gradient":""},"mobile":{"background-color":"var(--ast-global-color-5)","background-image":"","background-repeat":"repeat","background-position":"center center","background-size":"auto","background-attachment":"scroll","background-type":"","background-media":"","overlay-type":"","overlay-color":"","overlay-opacity":"","overlay-gradient":""}}},"product_brand":[],"product_cat":[433,751,17],"product_tag":[],"class_list":{"0":"post-4069","1":"product","2":"type-product","3":"status-publish","4":"has-post-thumbnail","6":"product_cat-kuchnia","7":"product_cat-zestawy-nozy","8":"product_cat-produkty","9":"desktop-align-left","10":"tablet-align-left","11":"mobile-align-left","13":"first","14":"outofstock","15":"shipping-taxable","16":"purchasable","17":"product-type-simple"},"uagb_featured_image_src":{"full":["https:\/\/viallidesign.com\/wp-content\/uploads\/2024\/06\/13062024666af660092d7-scaled.jpeg",1921,2560,false],"thumbnail":["https:\/\/viallidesign.com\/wp-content\/uploads\/2024\/06\/13062024666af660092d7-scaled-80x80.jpeg",80,80,true],"medium":["https:\/\/viallidesign.com\/wp-content\/uploads\/2024\/06\/13062024666af660092d7-scaled-225x300.jpeg",225,300,true],"medium_large":["https:\/\/viallidesign.com\/wp-content\/uploads\/2024\/06\/13062024666af660092d7-scaled-768x1023.jpeg",768,1023,true],"large":["https:\/\/viallidesign.com\/wp-content\/uploads\/2024\/06\/13062024666af660092d7-scaled-768x1024.jpeg",768,1024,true],"1536x1536":["https:\/\/viallidesign.com\/wp-content\/uploads\/2024\/06\/13062024666af660092d7-scaled-1153x1536.jpeg",1153,1536,true],"2048x2048":["https:\/\/viallidesign.com\/wp-content\/uploads\/2024\/06\/13062024666af660092d7-scaled-1537x2048.jpeg",1537,2048,true],"trp-custom-language-flag":["https:\/\/viallidesign.com\/wp-content\/uploads\/2024\/06\/13062024666af660092d7-scaled.jpeg",9,12,false],"woocommerce_thumbnail":["https:\/\/viallidesign.com\/wp-content\/uploads\/2024\/06\/13062024666af660092d7-scaled-600x800.jpeg",600,800,true],"woocommerce_single":["https:\/\/viallidesign.com\/wp-content\/uploads\/2024\/06\/13062024666af660092d7-scaled-1200x1599.jpeg",1200,1599,true],"woocommerce_gallery_thumbnail":["https:\/\/viallidesign.com\/wp-content\/uploads\/2024\/06\/13062024666af660092d7-scaled-100x100.jpeg",100,100,true],"dgwt-wcas-product-suggestion":["https:\/\/viallidesign.com\/wp-content\/uploads\/2024\/06\/13062024666af660092d7-scaled-64x85.jpeg",64,85,true]},"uagb_author_info":{"display_name":"viallidesign","author_link":"https:\/\/viallidesign.com\/en\/author\/"},"uagb_comment_info":0,"uagb_excerpt":"Owalny stojak do no\u017cy BIANCO wyr\u00f3\u017cnia si\u0119 nowoczesnym, minimalistycznym designem. Doskonale nadaje si\u0119 do bezpiecznego przechowywania no\u017cy. Produkt zosta\u0142 wykonany z najwy\u017cszej jako\u015bci tworzywa sztucznego. Pokryty mi\u0119kk\u0105 w dotyku, antypo\u015blizgow\u0105 pow\u0142ok\u0105 stanowi \u015bwietny dodatek do kuchni. \u015arodek stojaka wype\u0142niony jest cienkimi pr\u0119cikami z tworzywa. U\u0142atwia to wyjmowanie i umieszczanie no\u017cy w bloku. Nadaje si\u0119 do&hellip;","_links":{"self":[{"href":"https:\/\/viallidesign.com\/en\/wp-json\/wp\/v2\/product\/4069","targetHints":{"allow":["GET"]}}],"collection":[{"href":"https:\/\/viallidesign.com\/en\/wp-json\/wp\/v2\/product"}],"about":[{"href":"https:\/\/viallidesign.com\/en\/wp-json\/wp\/v2\/types\/product"}],"wp:featuredmedia":[{"embeddable":true,"href":"https:\/\/viallidesign.com\/en\/wp-json\/wp\/v2\/media\/4062"}],"wp:attachment":[{"href":"https:\/\/viallidesign.com\/en\/wp-json\/wp\/v2\/media?parent=4069"}],"wp:term":[{"taxonomy":"product_brand","embeddable":true,"href":"https:\/\/viallidesign.com\/en\/wp-json\/wp\/v2\/product_brand?post=4069"},{"taxonomy":"product_cat","embeddable":true,"href":"https:\/\/viallidesign.com\/en\/wp-json\/wp\/v2\/product_cat?post=4069"},{"taxonomy":"product_tag","embeddable":true,"href":"https:\/\/viallidesign.com\/en\/wp-json\/wp\/v2\/product_tag?post=4069"}],"curies":[{"name":"wp","href":"https:\/\/api.w.org\/{rel}","templated":true}]}}