{"id":4013,"date":"2024-06-13T15:36:39","date_gmt":"2024-06-13T13:36:39","guid":{"rendered":"https:\/\/vialliwp.ageno.work\/produkt\/termos-obiadowy-750ml-fuori-bialy-28104\/"},"modified":"2026-03-27T02:30:04","modified_gmt":"2026-03-27T01:30:04","slug":"termos-obiadowy-750ml-fuori-bialy-28104","status":"publish","type":"product","link":"https:\/\/viallidesign.com\/en\/product\/termos-obiadowy-750ml-fuori-bialy-28104\/","title":{"rendered":"Lunch thermos 750ml FUORI white 28104"},"content":{"rendered":"<p><strong>Fuori lunch thermos 750ml<\/strong> keeps your meal warm during travel or excursions. You can keep your favourite dish warm with you even up to <strong>12 hours<\/strong>. Such long temperature maintenance has been achieved through the use of <strong>vacuum insulation.<\/strong> It is so effective that <strong>the exterior of the thermos does not heat up and no condensed water appears on it<\/strong>, regardless of content.<\/p>\n<p><strong>The use of high quality materials ensures the 100% is airtight.<\/strong> During a car trip, the thermos can be placed loosely anywhere without the risk of liquid spilling from inside.<\/p>\n<p>We offer the Fuori thermos in <strong>8 fashionable colours:<\/strong> white, pink, navy blue, green, black, mint, steel, black rose gold. This allows each member of the tour to choose their favourite colour. There is no need to keep an eye on your thermos, as everyone will recognise theirs on site anyway.<\/p>\n<p><strong>Thermos by Vialli Design<\/strong> It is also great for school and bicycle trips. <strong>Modern design<\/strong> combines full <strong>functionality<\/strong> and high aesthetics. The well-thought-out design makes it easy to transport and store, especially when many more things need to fit in the touring backpack.<\/p>\n<p><strong>To make the thermos even more functional, we include a special spoon that can be folded up and hidden under the cap.<\/strong> This allows the soup to be placed inside for refreshment during a long journey.<\/p>\n<p><strong>Product benefits:<\/strong><\/p>\n<p>- Stainless steel (18\/8) vacuum insulation, ensuring maximum retention of the right temperature for hot drinks for up to 12 hours and cold drinks for up to 16 hours<\/p>\n<p>- Folding spoon included<\/p>\n<p>- Modern design<\/p>\n<p>- Comfortable to hold<\/p>\n<p>- Lightweight and compact design for easy transport and storage<\/p>\n<p>- The exterior does not heat up when filled with hot drinks and does not condense when filled with cold drinks<\/p>\n<p>- Ideal for outdoor use and travel<\/p>\n<p>- 100% tightness<\/p>\n<p class=\"gpsr-info\"><a href=\"https:\/\/kulig.com.pl\/gpsr\/\" target=\"_blank\" rel=\"noopener\">GPSR information<\/a><\/p>","protected":false},"excerpt":{"rendered":"<p>Termos obiadowy Fuori 750ml utrzyma temperatur\u0119 Twojego posi\u0142ku w czasie podr\u00f3\u017cy czy wycieczek. Mo\u017cesz mie\u0107 przy sobie swoje ulubione danie ciep\u0142e\u00a0nawet do 12 godzin. Tak d\u0142ugie utrzymywanie temperatury uda\u0142o si\u0119 uzyska\u0107 poprzez zastosowanie izolacji pr\u00f3\u017cniowej. Jest ona na tyle skuteczna, \u017ce zewn\u0119trzna cz\u0119\u015b\u0107 termosu nie nagrzewa si\u0119 ani nie pojawia si\u0119 na niej skroplona woda, [&hellip;]<\/p>","protected":false},"featured_media":4005,"template":"","meta":{"_uag_custom_page_level_css":"","site-sidebar-layout":"default","site-content-layout":"","ast-site-content-layout":"default","site-content-style":"default","site-sidebar-style":"default","ast-global-header-display":"","ast-banner-title-visibility":"","ast-main-header-display":"","ast-hfb-above-header-display":"","ast-hfb-below-header-display":"","ast-hfb-mobile-header-display":"","site-post-title":"","ast-breadcrumbs-content":"","ast-featured-img":"","footer-sml-layout":"","ast-disable-related-posts":"","theme-transparent-header-meta":"default","adv-header-id-meta":"","stick-header-meta":"","header-above-stick-meta":"","header-main-stick-meta":"","header-below-stick-meta":"","astra-migrate-meta-layouts":"set","ast-page-background-enabled":"default","ast-page-background-meta":{"desktop":{"background-color":"","background-image":"","background-repeat":"repeat","background-position":"center center","background-size":"auto","background-attachment":"scroll","background-type":"","background-media":"","overlay-type":"","overlay-color":"","overlay-opacity":"","overlay-gradient":""},"tablet":{"background-color":"","background-image":"","background-repeat":"repeat","background-position":"center center","background-size":"auto","background-attachment":"scroll","background-type":"","background-media":"","overlay-type":"","overlay-color":"","overlay-opacity":"","overlay-gradient":""},"mobile":{"background-color":"","background-image":"","background-repeat":"repeat","background-position":"center center","background-size":"auto","background-attachment":"scroll","background-type":"","background-media":"","overlay-type":"","overlay-color":"","overlay-opacity":"","overlay-gradient":""}},"ast-content-background-meta":{"desktop":{"background-color":"var(--ast-global-color-5)","background-image":"","background-repeat":"repeat","background-position":"center center","background-size":"auto","background-attachment":"scroll","background-type":"","background-media":"","overlay-type":"","overlay-color":"","overlay-opacity":"","overlay-gradient":""},"tablet":{"background-color":"var(--ast-global-color-5)","background-image":"","background-repeat":"repeat","background-position":"center center","background-size":"auto","background-attachment":"scroll","background-type":"","background-media":"","overlay-type":"","overlay-color":"","overlay-opacity":"","overlay-gradient":""},"mobile":{"background-color":"var(--ast-global-color-5)","background-image":"","background-repeat":"repeat","background-position":"center center","background-size":"auto","background-attachment":"scroll","background-type":"","background-media":"","overlay-type":"","overlay-color":"","overlay-opacity":"","overlay-gradient":""}}},"product_brand":[],"product_cat":[435,17,446],"product_tag":[],"class_list":{"0":"post-4013","1":"product","2":"type-product","3":"status-publish","4":"has-post-thumbnail","6":"product_cat-outdoor","7":"product_cat-produkty","8":"product_cat-termosy-obiadowe-i-turystyczne","9":"desktop-align-left","10":"tablet-align-left","11":"mobile-align-left","13":"first","14":"outofstock","15":"shipping-taxable","16":"purchasable","17":"product-type-simple"},"uagb_featured_image_src":{"full":["https:\/\/viallidesign.com\/wp-content\/uploads\/2024\/06\/13062024666af5d5a1a4c-scaled.jpeg",1545,2560,false],"thumbnail":["https:\/\/viallidesign.com\/wp-content\/uploads\/2024\/06\/13062024666af5d5a1a4c-scaled-80x80.jpeg",80,80,true],"medium":["https:\/\/viallidesign.com\/wp-content\/uploads\/2024\/06\/13062024666af5d5a1a4c-scaled-181x300.jpeg",181,300,true],"medium_large":["https:\/\/viallidesign.com\/wp-content\/uploads\/2024\/06\/13062024666af5d5a1a4c-scaled-768x1273.jpeg",768,1273,true],"large":["https:\/\/viallidesign.com\/wp-content\/uploads\/2024\/06\/13062024666af5d5a1a4c-scaled-618x1024.jpeg",618,1024,true],"1536x1536":["https:\/\/viallidesign.com\/wp-content\/uploads\/2024\/06\/13062024666af5d5a1a4c-scaled-927x1536.jpeg",927,1536,true],"2048x2048":["https:\/\/viallidesign.com\/wp-content\/uploads\/2024\/06\/13062024666af5d5a1a4c-scaled-1236x2048.jpeg",1236,2048,true],"trp-custom-language-flag":["https:\/\/viallidesign.com\/wp-content\/uploads\/2024\/06\/13062024666af5d5a1a4c-scaled.jpeg",7,12,false],"woocommerce_thumbnail":["https:\/\/viallidesign.com\/wp-content\/uploads\/2024\/06\/13062024666af5d5a1a4c-scaled-600x994.jpeg",600,994,true],"woocommerce_single":["https:\/\/viallidesign.com\/wp-content\/uploads\/2024\/06\/13062024666af5d5a1a4c-scaled-1200x1988.jpeg",1200,1988,true],"woocommerce_gallery_thumbnail":["https:\/\/viallidesign.com\/wp-content\/uploads\/2024\/06\/13062024666af5d5a1a4c-scaled-100x100.jpeg",100,100,true],"dgwt-wcas-product-suggestion":["https:\/\/viallidesign.com\/wp-content\/uploads\/2024\/06\/13062024666af5d5a1a4c-scaled-64x106.jpeg",64,106,true]},"uagb_author_info":{"display_name":"viallidesign","author_link":"https:\/\/viallidesign.com\/en\/author\/"},"uagb_comment_info":0,"uagb_excerpt":"Termos obiadowy Fuori 750ml utrzyma temperatur\u0119 Twojego posi\u0142ku w czasie podr\u00f3\u017cy czy wycieczek. Mo\u017cesz mie\u0107 przy sobie swoje ulubione danie ciep\u0142e\u00a0nawet do 12 godzin. Tak d\u0142ugie utrzymywanie temperatury uda\u0142o si\u0119 uzyska\u0107 poprzez zastosowanie izolacji pr\u00f3\u017cniowej. Jest ona na tyle skuteczna, \u017ce zewn\u0119trzna cz\u0119\u015b\u0107 termosu nie nagrzewa si\u0119 ani nie pojawia si\u0119 na niej skroplona woda,&hellip;","_links":{"self":[{"href":"https:\/\/viallidesign.com\/en\/wp-json\/wp\/v2\/product\/4013","targetHints":{"allow":["GET"]}}],"collection":[{"href":"https:\/\/viallidesign.com\/en\/wp-json\/wp\/v2\/product"}],"about":[{"href":"https:\/\/viallidesign.com\/en\/wp-json\/wp\/v2\/types\/product"}],"wp:featuredmedia":[{"embeddable":true,"href":"https:\/\/viallidesign.com\/en\/wp-json\/wp\/v2\/media\/4005"}],"wp:attachment":[{"href":"https:\/\/viallidesign.com\/en\/wp-json\/wp\/v2\/media?parent=4013"}],"wp:term":[{"taxonomy":"product_brand","embeddable":true,"href":"https:\/\/viallidesign.com\/en\/wp-json\/wp\/v2\/product_brand?post=4013"},{"taxonomy":"product_cat","embeddable":true,"href":"https:\/\/viallidesign.com\/en\/wp-json\/wp\/v2\/product_cat?post=4013"},{"taxonomy":"product_tag","embeddable":true,"href":"https:\/\/viallidesign.com\/en\/wp-json\/wp\/v2\/product_tag?post=4013"}],"curies":[{"name":"wp","href":"https:\/\/api.w.org\/{rel}","templated":true}]}}