{"id":4004,"date":"2024-06-13T15:36:19","date_gmt":"2024-06-13T13:36:19","guid":{"rendered":"https:\/\/vialliwp.ageno.work\/produkt\/zestaw-nozy-w-bialym-bloku-5-szt-caro-27978\/"},"modified":"2026-03-27T02:30:04","modified_gmt":"2026-03-27T01:30:04","slug":"zestaw-nozy-w-bialym-bloku-5-szt-caro-27978","status":"publish","type":"product","link":"https:\/\/viallidesign.com\/en\/product\/zestaw-nozy-w-bialym-bloku-5-szt-caro-27978\/","title":{"rendered":"Set of knives in white block 5 pcs. Caro 27978"},"content":{"rendered":"<p><strong>Set of 5 knives in white CARO block<\/strong><\/p>\n<p>It has to be sharp in the kitchen - both in terms of taste and knife quality. <strong>Block of 5 knives CARO<\/strong> is your dream culinary travel companion. <strong>Sharp cutting edges<\/strong> will allow you to cut and peel even the most demanding products. All thanks to the high-end <strong>German steel 1.4116.<\/strong> This is the standard value for <strong>modern kitchen knives<\/strong> of good quality, which allows free use without the need for constant sharpening.\u00a0<\/p>\n<p>The hardness of the steel is of great importance for user comfort. The blades included in the CARO set have a score of <strong>56 HRC<\/strong> on the Rockwell scale. This makes it easy to sharpen the knives if necessary and prepare them for further, equally effective use. The surface has been coated with a thin protective layer that is resistant to the conditions in the kitchen. This means that the steel will not change its properties when exposed to substances present in food. In addition to the workmanship, the <strong>comfortable and modern design.<\/strong> <strong>The knives are designed so that the handle does not slip from the hand during use.<\/strong> This increases your convenience when cooking. The quality of the product is certified by a 5-year guarantee.<\/p>\n<p><strong>The set consists of 5 high-quality blades:\u00a0<\/strong><\/p>\n<ul>\n<li>chef's knife 20 cm,\u00a0<\/li>\n<li>bread knife 20 cm,\u00a0<\/li>\n<li>meat knife 20 cm,\u00a0<\/li>\n<li>universal knife 12.5 cm,\u00a0<\/li>\n<li>peeler knife 9 cm.\u00a0<\/li>\n<\/ul>\n<p>An additional element is the block in which the knives are located. Depending on your tastes and the design of your kitchen, you can choose a black or white variant. The universal colour scheme allows the set to blend in with any d\u00e9cor.<\/p>\n<p class=\"gpsr-info\"><a href=\"https:\/\/kulig.com.pl\/gpsr\/\" target=\"_blank\" rel=\"noopener\">GPSR information<\/a><\/p>","protected":false},"excerpt":{"rendered":"<p>Zestaw 5 no\u017cy w bia\u0142ym\u00a0bloku CARO W kuchni musi by\u0107 ostro \u2013 zar\u00f3wno pod wzgl\u0119dem smaku, jak i jako\u015bci no\u017cy. Blok 5 no\u017cy CARO to Tw\u00f3j wymarzony towarzysz kulinarnych podr\u00f3\u017cy. Ostre kraw\u0119dzie tn\u0105ce pozwol\u0105 Ci kroi\u0107 i obiera\u0107 nawet najbardziej wymagaj\u0105ce produkty. Wszystko dzi\u0119ki wysokiej klasy niemieckiej stali 1.4116. To standardowa warto\u015b\u0107 dla nowoczesnych no\u017cy [&hellip;]<\/p>","protected":false},"featured_media":3994,"template":"","meta":{"_uag_custom_page_level_css":"","site-sidebar-layout":"default","site-content-layout":"","ast-site-content-layout":"default","site-content-style":"default","site-sidebar-style":"default","ast-global-header-display":"","ast-banner-title-visibility":"","ast-main-header-display":"","ast-hfb-above-header-display":"","ast-hfb-below-header-display":"","ast-hfb-mobile-header-display":"","site-post-title":"","ast-breadcrumbs-content":"","ast-featured-img":"","footer-sml-layout":"","ast-disable-related-posts":"","theme-transparent-header-meta":"default","adv-header-id-meta":"","stick-header-meta":"","header-above-stick-meta":"","header-main-stick-meta":"","header-below-stick-meta":"","astra-migrate-meta-layouts":"set","ast-page-background-enabled":"default","ast-page-background-meta":{"desktop":{"background-color":"","background-image":"","background-repeat":"repeat","background-position":"center center","background-size":"auto","background-attachment":"scroll","background-type":"","background-media":"","overlay-type":"","overlay-color":"","overlay-opacity":"","overlay-gradient":""},"tablet":{"background-color":"","background-image":"","background-repeat":"repeat","background-position":"center center","background-size":"auto","background-attachment":"scroll","background-type":"","background-media":"","overlay-type":"","overlay-color":"","overlay-opacity":"","overlay-gradient":""},"mobile":{"background-color":"","background-image":"","background-repeat":"repeat","background-position":"center center","background-size":"auto","background-attachment":"scroll","background-type":"","background-media":"","overlay-type":"","overlay-color":"","overlay-opacity":"","overlay-gradient":""}},"ast-content-background-meta":{"desktop":{"background-color":"var(--ast-global-color-5)","background-image":"","background-repeat":"repeat","background-position":"center center","background-size":"auto","background-attachment":"scroll","background-type":"","background-media":"","overlay-type":"","overlay-color":"","overlay-opacity":"","overlay-gradient":""},"tablet":{"background-color":"var(--ast-global-color-5)","background-image":"","background-repeat":"repeat","background-position":"center center","background-size":"auto","background-attachment":"scroll","background-type":"","background-media":"","overlay-type":"","overlay-color":"","overlay-opacity":"","overlay-gradient":""},"mobile":{"background-color":"var(--ast-global-color-5)","background-image":"","background-repeat":"repeat","background-position":"center center","background-size":"auto","background-attachment":"scroll","background-type":"","background-media":"","overlay-type":"","overlay-color":"","overlay-opacity":"","overlay-gradient":""}}},"product_brand":[],"product_cat":[433,751,17],"product_tag":[],"class_list":{"0":"post-4004","1":"product","2":"type-product","3":"status-publish","4":"has-post-thumbnail","6":"product_cat-kuchnia","7":"product_cat-zestawy-nozy","8":"product_cat-produkty","9":"desktop-align-left","10":"tablet-align-left","11":"mobile-align-left","13":"first","14":"instock","15":"shipping-taxable","16":"purchasable","17":"product-type-simple"},"uagb_featured_image_src":{"full":["https:\/\/viallidesign.com\/wp-content\/uploads\/2024\/06\/13062024666af5b999489-scaled.jpeg",1536,2560,false],"thumbnail":["https:\/\/viallidesign.com\/wp-content\/uploads\/2024\/06\/13062024666af5b999489-scaled-80x80.jpeg",80,80,true],"medium":["https:\/\/viallidesign.com\/wp-content\/uploads\/2024\/06\/13062024666af5b999489-scaled-180x300.jpeg",180,300,true],"medium_large":["https:\/\/viallidesign.com\/wp-content\/uploads\/2024\/06\/13062024666af5b999489-scaled-768x1280.jpeg",768,1280,true],"large":["https:\/\/viallidesign.com\/wp-content\/uploads\/2024\/06\/13062024666af5b999489-scaled-614x1024.jpeg",614,1024,true],"1536x1536":["https:\/\/viallidesign.com\/wp-content\/uploads\/2024\/06\/13062024666af5b999489-scaled-922x1536.jpeg",922,1536,true],"2048x2048":["https:\/\/viallidesign.com\/wp-content\/uploads\/2024\/06\/13062024666af5b999489-scaled-1229x2048.jpeg",1229,2048,true],"trp-custom-language-flag":["https:\/\/viallidesign.com\/wp-content\/uploads\/2024\/06\/13062024666af5b999489-scaled.jpeg",7,12,false],"woocommerce_thumbnail":["https:\/\/viallidesign.com\/wp-content\/uploads\/2024\/06\/13062024666af5b999489-scaled-600x1000.jpeg",600,1000,true],"woocommerce_single":["https:\/\/viallidesign.com\/wp-content\/uploads\/2024\/06\/13062024666af5b999489-scaled-1200x2000.jpeg",1200,2000,true],"woocommerce_gallery_thumbnail":["https:\/\/viallidesign.com\/wp-content\/uploads\/2024\/06\/13062024666af5b999489-scaled-100x100.jpeg",100,100,true],"dgwt-wcas-product-suggestion":["https:\/\/viallidesign.com\/wp-content\/uploads\/2024\/06\/13062024666af5b999489-scaled-64x107.jpeg",64,107,true]},"uagb_author_info":{"display_name":"viallidesign","author_link":"https:\/\/viallidesign.com\/en\/author\/"},"uagb_comment_info":0,"uagb_excerpt":"Zestaw 5 no\u017cy w bia\u0142ym\u00a0bloku CARO W kuchni musi by\u0107 ostro \u2013 zar\u00f3wno pod wzgl\u0119dem smaku, jak i jako\u015bci no\u017cy. Blok 5 no\u017cy CARO to Tw\u00f3j wymarzony towarzysz kulinarnych podr\u00f3\u017cy. Ostre kraw\u0119dzie tn\u0105ce pozwol\u0105 Ci kroi\u0107 i obiera\u0107 nawet najbardziej wymagaj\u0105ce produkty. Wszystko dzi\u0119ki wysokiej klasy niemieckiej stali 1.4116. To standardowa warto\u015b\u0107 dla nowoczesnych no\u017cy&hellip;","_links":{"self":[{"href":"https:\/\/viallidesign.com\/en\/wp-json\/wp\/v2\/product\/4004","targetHints":{"allow":["GET"]}}],"collection":[{"href":"https:\/\/viallidesign.com\/en\/wp-json\/wp\/v2\/product"}],"about":[{"href":"https:\/\/viallidesign.com\/en\/wp-json\/wp\/v2\/types\/product"}],"wp:featuredmedia":[{"embeddable":true,"href":"https:\/\/viallidesign.com\/en\/wp-json\/wp\/v2\/media\/3994"}],"wp:attachment":[{"href":"https:\/\/viallidesign.com\/en\/wp-json\/wp\/v2\/media?parent=4004"}],"wp:term":[{"taxonomy":"product_brand","embeddable":true,"href":"https:\/\/viallidesign.com\/en\/wp-json\/wp\/v2\/product_brand?post=4004"},{"taxonomy":"product_cat","embeddable":true,"href":"https:\/\/viallidesign.com\/en\/wp-json\/wp\/v2\/product_cat?post=4004"},{"taxonomy":"product_tag","embeddable":true,"href":"https:\/\/viallidesign.com\/en\/wp-json\/wp\/v2\/product_tag?post=4004"}],"curies":[{"name":"wp","href":"https:\/\/api.w.org\/{rel}","templated":true}]}}