{"id":3859,"date":"2024-06-13T15:30:19","date_gmt":"2024-06-13T13:30:19","guid":{"rendered":"https:\/\/vialliwp.ageno.work\/produkt\/kubek-termiczny-400ml-fuori-czarny-rose-gold-28036\/"},"modified":"2026-03-27T02:30:04","modified_gmt":"2026-03-27T01:30:04","slug":"kubek-termiczny-400ml-fuori-czarny-rose-gold-28036","status":"publish","type":"product","link":"https:\/\/viallidesign.com\/en\/product\/kubek-termiczny-400ml-fuori-czarny-rose-gold-28036\/","title":{"rendered":"400ml FUORI thermal mug black Rose Gold 28036"},"content":{"rendered":"<p><strong>Fuori thermal mug<\/strong> is a vessel with <strong>400 ml capacity<\/strong>which is ideal for <strong>for storing coffee or tea.<\/strong> It will keep your hot beverage hot for <strong>8 hours<\/strong>and in the case of cold drinks, we can count on maintaining the temperature for up to 18 hours. All this is possible thanks to the use of <strong>steel vacuum insulation.<\/strong> The thermal mug will be a great accessory for walks, as well as for long journeys - using it is extremely easy and pleasant. In addition, thanks to its lightweight design, storing and transporting it will not cause any problems.<\/p>\n<p>When deciding on the Fuori thermal mug, we have the option of choosing a vessel in the colour variant that suits us. Available colours include white, pink, navy blue, green, graphite, mint, matt steel and rose gold black - there is something for everyone. <strong>Opening the cup with the thumb is extremely easy,<\/strong> and a locking button effectively protects against accidental drink spillage.<\/p>\n<p><strong>Product benefits:<\/strong><\/p>\n<ul>\n<li>Stainless steel (18\/8) vacuum insulation for maximum temperature retention for hot drinks up to 8 hours and cold drinks up to 18 hours<\/li>\n<li>Modern design<\/li>\n<li>Comfortable to hold<\/li>\n<li>Lightweight and compact design for easy transport and storage<\/li>\n<li>The exterior does not heat up when filled with hot drinks and does not condense when filled with cold drinks<\/li>\n<li>Ideal for outdoor use and travel<\/li>\n<li>Easy opening with a thumb<\/li>\n<li>Button with lock<\/li>\n<li>100% tightness<\/li>\n<\/ul>\n<p class=\"gpsr-info\"><a href=\"https:\/\/kulig.com.pl\/gpsr\/\" target=\"_blank\" rel=\"noopener\">GPSR information<\/a><\/p>","protected":false},"excerpt":{"rendered":"<p>The Fuori thermal mug is a 400 ml vessel, which is ideal for storing coffee or tea. Thanks to it, a hot beverage will keep its temperature for 8 hours, while in the case of cold drinks, we can count on maintaining the temperature for up to 18 hours. All this is possible thanks to the steel vacuum insulation. The thermal mug will be a great [...].<\/p>","protected":false},"featured_media":3847,"template":"","meta":{"_uag_custom_page_level_css":"","site-sidebar-layout":"default","site-content-layout":"","ast-site-content-layout":"default","site-content-style":"default","site-sidebar-style":"default","ast-global-header-display":"","ast-banner-title-visibility":"","ast-main-header-display":"","ast-hfb-above-header-display":"","ast-hfb-below-header-display":"","ast-hfb-mobile-header-display":"","site-post-title":"","ast-breadcrumbs-content":"","ast-featured-img":"","footer-sml-layout":"","ast-disable-related-posts":"","theme-transparent-header-meta":"","adv-header-id-meta":"","stick-header-meta":"","header-above-stick-meta":"","header-main-stick-meta":"","header-below-stick-meta":"","astra-migrate-meta-layouts":"default","ast-page-background-enabled":"default","ast-page-background-meta":{"desktop":{"background-color":"","background-image":"","background-repeat":"repeat","background-position":"center center","background-size":"auto","background-attachment":"scroll","background-type":"","background-media":"","overlay-type":"","overlay-color":"","overlay-opacity":"","overlay-gradient":""},"tablet":{"background-color":"","background-image":"","background-repeat":"repeat","background-position":"center center","background-size":"auto","background-attachment":"scroll","background-type":"","background-media":"","overlay-type":"","overlay-color":"","overlay-opacity":"","overlay-gradient":""},"mobile":{"background-color":"","background-image":"","background-repeat":"repeat","background-position":"center center","background-size":"auto","background-attachment":"scroll","background-type":"","background-media":"","overlay-type":"","overlay-color":"","overlay-opacity":"","overlay-gradient":""}},"ast-content-background-meta":{"desktop":{"background-color":"var(--ast-global-color-5)","background-image":"","background-repeat":"repeat","background-position":"center center","background-size":"auto","background-attachment":"scroll","background-type":"","background-media":"","overlay-type":"","overlay-color":"","overlay-opacity":"","overlay-gradient":""},"tablet":{"background-color":"var(--ast-global-color-5)","background-image":"","background-repeat":"repeat","background-position":"center center","background-size":"auto","background-attachment":"scroll","background-type":"","background-media":"","overlay-type":"","overlay-color":"","overlay-opacity":"","overlay-gradient":""},"mobile":{"background-color":"var(--ast-global-color-5)","background-image":"","background-repeat":"repeat","background-position":"center center","background-size":"auto","background-attachment":"scroll","background-type":"","background-media":"","overlay-type":"","overlay-color":"","overlay-opacity":"","overlay-gradient":""}}},"product_brand":[],"product_cat":[444,435,17],"product_tag":[],"class_list":{"0":"post-3859","1":"product","2":"type-product","3":"status-publish","4":"has-post-thumbnail","6":"product_cat-kubki-termiczne","7":"product_cat-outdoor","8":"product_cat-produkty","9":"desktop-align-left","10":"tablet-align-left","11":"mobile-align-left","13":"first","14":"instock","15":"shipping-taxable","16":"purchasable","17":"product-type-simple"},"uagb_featured_image_src":{"full":["https:\/\/viallidesign.com\/wp-content\/uploads\/2024\/06\/13062024666af44bd1757-scaled.jpeg",1707,2560,false],"thumbnail":["https:\/\/viallidesign.com\/wp-content\/uploads\/2024\/06\/13062024666af44bd1757-scaled-80x80.jpeg",80,80,true],"medium":["https:\/\/viallidesign.com\/wp-content\/uploads\/2024\/06\/13062024666af44bd1757-scaled-200x300.jpeg",200,300,true],"medium_large":["https:\/\/viallidesign.com\/wp-content\/uploads\/2024\/06\/13062024666af44bd1757-scaled-768x1152.jpeg",768,1152,true],"large":["https:\/\/viallidesign.com\/wp-content\/uploads\/2024\/06\/13062024666af44bd1757-scaled-683x1024.jpeg",683,1024,true],"1536x1536":["https:\/\/viallidesign.com\/wp-content\/uploads\/2024\/06\/13062024666af44bd1757-scaled-1024x1536.jpeg",1024,1536,true],"2048x2048":["https:\/\/viallidesign.com\/wp-content\/uploads\/2024\/06\/13062024666af44bd1757-scaled-1366x2048.jpeg",1366,2048,true],"trp-custom-language-flag":["https:\/\/viallidesign.com\/wp-content\/uploads\/2024\/06\/13062024666af44bd1757-scaled.jpeg",8,12,false],"woocommerce_thumbnail":["https:\/\/viallidesign.com\/wp-content\/uploads\/2024\/06\/13062024666af44bd1757-scaled-600x900.jpeg",600,900,true],"woocommerce_single":["https:\/\/viallidesign.com\/wp-content\/uploads\/2024\/06\/13062024666af44bd1757-scaled-1200x1800.jpeg",1200,1800,true],"woocommerce_gallery_thumbnail":["https:\/\/viallidesign.com\/wp-content\/uploads\/2024\/06\/13062024666af44bd1757-scaled-100x100.jpeg",100,100,true],"dgwt-wcas-product-suggestion":["https:\/\/viallidesign.com\/wp-content\/uploads\/2024\/06\/13062024666af44bd1757-scaled-64x96.jpeg",64,96,true]},"uagb_author_info":{"display_name":"viallidesign","author_link":"https:\/\/viallidesign.com\/en\/author\/"},"uagb_comment_info":0,"uagb_excerpt":"Kubek termiczny Fuori to naczynie o pojemno\u015bci 400 ml, kt\u00f3re doskonale sprawdzi si\u0119 do przechowywania kawy czy herbaty. Dzi\u0119ki niemu gor\u0105cy nap\u00f3j zachowa swoj\u0105 temperatur\u0119 przez 8 godzin, natomiast w przypadku ch\u0142odnych trunk\u00f3w mo\u017cemy liczy\u0107 na utrzymanie temperatury do a\u017c 18 godzin. Wszystko to jest mo\u017cliwe dzi\u0119ki zastosowaniu stalowej izolacji pr\u00f3\u017cniowej. Kubek termiczny b\u0119dzie \u015bwietnym&hellip;","_links":{"self":[{"href":"https:\/\/viallidesign.com\/en\/wp-json\/wp\/v2\/product\/3859","targetHints":{"allow":["GET"]}}],"collection":[{"href":"https:\/\/viallidesign.com\/en\/wp-json\/wp\/v2\/product"}],"about":[{"href":"https:\/\/viallidesign.com\/en\/wp-json\/wp\/v2\/types\/product"}],"wp:featuredmedia":[{"embeddable":true,"href":"https:\/\/viallidesign.com\/en\/wp-json\/wp\/v2\/media\/3847"}],"wp:attachment":[{"href":"https:\/\/viallidesign.com\/en\/wp-json\/wp\/v2\/media?parent=3859"}],"wp:term":[{"taxonomy":"product_brand","embeddable":true,"href":"https:\/\/viallidesign.com\/en\/wp-json\/wp\/v2\/product_brand?post=3859"},{"taxonomy":"product_cat","embeddable":true,"href":"https:\/\/viallidesign.com\/en\/wp-json\/wp\/v2\/product_cat?post=3859"},{"taxonomy":"product_tag","embeddable":true,"href":"https:\/\/viallidesign.com\/en\/wp-json\/wp\/v2\/product_tag?post=3859"}],"curies":[{"name":"wp","href":"https:\/\/api.w.org\/{rel}","templated":true}]}}