{"id":3801,"date":"2024-06-13T15:27:48","date_gmt":"2024-06-13T13:27:48","guid":{"rendered":"https:\/\/vialliwp.ageno.work\/produkt\/kufel-do-piwa-z-podwojna-scianka-500ml-amo-1228\/"},"modified":"2026-03-27T02:30:04","modified_gmt":"2026-03-27T01:30:04","slug":"kufel-do-piwa-z-podwojna-scianka-500ml-amo-1228","status":"publish","type":"product","link":"https:\/\/viallidesign.com\/en\/product\/kufel-do-piwa-z-podwojna-scianka-500ml-amo-1228\/","title":{"rendered":"Beer mug with double wall 500ml AMO 1228"},"content":{"rendered":"<p>Beer mug <strong>AMO 1228<\/strong> with a capacity of 500 ml is a modern and functional vessel, ideal for serving beer and other cold drinks. Thanks to the double wall, the mug keeps the temperature of the drink cooler for longer while preventing condensation on the outer surface.<\/p>\n<p>Made from high quality borosilicate glass, the tankard is lightweight, durable and resistant to temperature changes. The ergonomic handle provides a comfortable and secure grip, and the modern design makes the tankard look great for both social gatherings and everyday use.<\/p>\n<p>The AMO 500 ml mug is an excellent choice for beer lovers and an original gift idea.<\/p>\n<p><strong>Product features:<\/strong><\/p>\n<ul>\n<li>beer mug with a double wall<\/li>\n<li>capacity: 500 ml<\/li>\n<li>keeps the beverage colder for longer<\/li>\n<li>prevents condensation<\/li>\n<li>comfortable, ergonomic handle<\/li>\n<li>modern, striking design<\/li>\n<li>ideal for beer and cold drinks<\/li>\n<\/ul>\n<p><strong>Material:<\/strong> borosilicate glass<\/p>\n<p class=\"gpsr-info\"><a href=\"https:\/\/kulig.com.pl\/gpsr\/\" target=\"_blank\" rel=\"noopener\">GPSR information<\/a><\/p>","protected":false},"excerpt":{"rendered":"<p>Kufel do piwa AMO 1228 o pojemno\u015bci 500 ml to nowoczesne i funkcjonalne naczynie, idealne do serwowania piwa oraz innych zimnych napoj\u00f3w. Dzi\u0119ki zastosowaniu podw\u00f3jnej \u015bcianki kufel d\u0142u\u017cej utrzymuje nisk\u0105 temperatur\u0119 trunku, a jednocze\u015bnie zapobiega skraplaniu si\u0119 wody na zewn\u0119trznej powierzchni. Wykonany z wysokiej jako\u015bci szk\u0142a borokrzemowego, kufel jest lekki, trwa\u0142y i odporny na zmiany [&hellip;]<\/p>","protected":false},"featured_media":3795,"template":"","meta":{"_uag_custom_page_level_css":"","site-sidebar-layout":"default","site-content-layout":"","ast-site-content-layout":"default","site-content-style":"default","site-sidebar-style":"default","ast-global-header-display":"","ast-banner-title-visibility":"","ast-main-header-display":"","ast-hfb-above-header-display":"","ast-hfb-below-header-display":"","ast-hfb-mobile-header-display":"","site-post-title":"","ast-breadcrumbs-content":"","ast-featured-img":"","footer-sml-layout":"","ast-disable-related-posts":"","theme-transparent-header-meta":"","adv-header-id-meta":"","stick-header-meta":"","header-above-stick-meta":"","header-main-stick-meta":"","header-below-stick-meta":"","astra-migrate-meta-layouts":"default","ast-page-background-enabled":"default","ast-page-background-meta":{"desktop":{"background-color":"","background-image":"","background-repeat":"repeat","background-position":"center center","background-size":"auto","background-attachment":"scroll","background-type":"","background-media":"","overlay-type":"","overlay-color":"","overlay-opacity":"","overlay-gradient":""},"tablet":{"background-color":"","background-image":"","background-repeat":"repeat","background-position":"center center","background-size":"auto","background-attachment":"scroll","background-type":"","background-media":"","overlay-type":"","overlay-color":"","overlay-opacity":"","overlay-gradient":""},"mobile":{"background-color":"","background-image":"","background-repeat":"repeat","background-position":"center center","background-size":"auto","background-attachment":"scroll","background-type":"","background-media":"","overlay-type":"","overlay-color":"","overlay-opacity":"","overlay-gradient":""}},"ast-content-background-meta":{"desktop":{"background-color":"var(--ast-global-color-5)","background-image":"","background-repeat":"repeat","background-position":"center center","background-size":"auto","background-attachment":"scroll","background-type":"","background-media":"","overlay-type":"","overlay-color":"","overlay-opacity":"","overlay-gradient":""},"tablet":{"background-color":"var(--ast-global-color-5)","background-image":"","background-repeat":"repeat","background-position":"center center","background-size":"auto","background-attachment":"scroll","background-type":"","background-media":"","overlay-type":"","overlay-color":"","overlay-opacity":"","overlay-gradient":""},"mobile":{"background-color":"var(--ast-global-color-5)","background-image":"","background-repeat":"repeat","background-position":"center center","background-size":"auto","background-attachment":"scroll","background-type":"","background-media":"","overlay-type":"","overlay-color":"","overlay-opacity":"","overlay-gradient":""}}},"product_brand":[],"product_cat":[432,744,17],"product_tag":[],"class_list":{"0":"post-3801","1":"product","2":"type-product","3":"status-publish","4":"has-post-thumbnail","6":"product_cat-jadalnia","7":"product_cat-kufle-i-kieliszki","8":"product_cat-produkty","9":"desktop-align-left","10":"tablet-align-left","11":"mobile-align-left","13":"first","14":"instock","15":"shipping-taxable","16":"purchasable","17":"product-type-simple"},"uagb_featured_image_src":{"full":["https:\/\/viallidesign.com\/wp-content\/uploads\/2024\/06\/13062024666af3cbec6c2-scaled.jpeg",1942,2560,false],"thumbnail":["https:\/\/viallidesign.com\/wp-content\/uploads\/2024\/06\/13062024666af3cbec6c2-scaled-80x80.jpeg",80,80,true],"medium":["https:\/\/viallidesign.com\/wp-content\/uploads\/2024\/06\/13062024666af3cbec6c2-scaled-228x300.jpeg",228,300,true],"medium_large":["https:\/\/viallidesign.com\/wp-content\/uploads\/2024\/06\/13062024666af3cbec6c2-scaled-768x1012.jpeg",768,1012,true],"large":["https:\/\/viallidesign.com\/wp-content\/uploads\/2024\/06\/13062024666af3cbec6c2-scaled-777x1024.jpeg",777,1024,true],"1536x1536":["https:\/\/viallidesign.com\/wp-content\/uploads\/2024\/06\/13062024666af3cbec6c2-scaled-1165x1536.jpeg",1165,1536,true],"2048x2048":["https:\/\/viallidesign.com\/wp-content\/uploads\/2024\/06\/13062024666af3cbec6c2-scaled-1554x2048.jpeg",1554,2048,true],"trp-custom-language-flag":["https:\/\/viallidesign.com\/wp-content\/uploads\/2024\/06\/13062024666af3cbec6c2-scaled.jpeg",9,12,false],"woocommerce_thumbnail":["https:\/\/viallidesign.com\/wp-content\/uploads\/2024\/06\/13062024666af3cbec6c2-scaled-600x791.jpeg",600,791,true],"woocommerce_single":["https:\/\/viallidesign.com\/wp-content\/uploads\/2024\/06\/13062024666af3cbec6c2-scaled-1200x1582.jpeg",1200,1582,true],"woocommerce_gallery_thumbnail":["https:\/\/viallidesign.com\/wp-content\/uploads\/2024\/06\/13062024666af3cbec6c2-scaled-100x100.jpeg",100,100,true],"dgwt-wcas-product-suggestion":["https:\/\/viallidesign.com\/wp-content\/uploads\/2024\/06\/13062024666af3cbec6c2-scaled-64x84.jpeg",64,84,true]},"uagb_author_info":{"display_name":"viallidesign","author_link":"https:\/\/viallidesign.com\/en\/author\/"},"uagb_comment_info":0,"uagb_excerpt":"Kufel do piwa AMO 1228 o pojemno\u015bci 500 ml to nowoczesne i funkcjonalne naczynie, idealne do serwowania piwa oraz innych zimnych napoj\u00f3w. Dzi\u0119ki zastosowaniu podw\u00f3jnej \u015bcianki kufel d\u0142u\u017cej utrzymuje nisk\u0105 temperatur\u0119 trunku, a jednocze\u015bnie zapobiega skraplaniu si\u0119 wody na zewn\u0119trznej powierzchni. Wykonany z wysokiej jako\u015bci szk\u0142a borokrzemowego, kufel jest lekki, trwa\u0142y i odporny na zmiany&hellip;","_links":{"self":[{"href":"https:\/\/viallidesign.com\/en\/wp-json\/wp\/v2\/product\/3801","targetHints":{"allow":["GET"]}}],"collection":[{"href":"https:\/\/viallidesign.com\/en\/wp-json\/wp\/v2\/product"}],"about":[{"href":"https:\/\/viallidesign.com\/en\/wp-json\/wp\/v2\/types\/product"}],"wp:featuredmedia":[{"embeddable":true,"href":"https:\/\/viallidesign.com\/en\/wp-json\/wp\/v2\/media\/3795"}],"wp:attachment":[{"href":"https:\/\/viallidesign.com\/en\/wp-json\/wp\/v2\/media?parent=3801"}],"wp:term":[{"taxonomy":"product_brand","embeddable":true,"href":"https:\/\/viallidesign.com\/en\/wp-json\/wp\/v2\/product_brand?post=3801"},{"taxonomy":"product_cat","embeddable":true,"href":"https:\/\/viallidesign.com\/en\/wp-json\/wp\/v2\/product_cat?post=3801"},{"taxonomy":"product_tag","embeddable":true,"href":"https:\/\/viallidesign.com\/en\/wp-json\/wp\/v2\/product_tag?post=3801"}],"curies":[{"name":"wp","href":"https:\/\/api.w.org\/{rel}","templated":true}]}}