{"id":3794,"date":"2024-06-13T15:27:39","date_gmt":"2024-06-13T13:27:39","guid":{"rendered":"https:\/\/vialliwp.ageno.work\/produkt\/komplet-2-szklanek-z-podwojna-scianka-250-ml-sferico-7954\/"},"modified":"2026-03-27T02:30:04","modified_gmt":"2026-03-27T01:30:04","slug":"komplet-2-szklanek-z-podwojna-scianka-250-ml-sferico-7954","status":"publish","type":"product","link":"https:\/\/viallidesign.com\/en\/product\/komplet-2-szklanek-z-podwojna-scianka-250-ml-sferico-7954\/","title":{"rendered":"Set of 2 double-walled glasses 250 ml Sferico 7954"},"content":{"rendered":"<p><strong>SFERICO double-walled glasses 250 ml<\/strong><\/p>\n<p>Coffee that delights with its taste and aroma - that's normal. However, with a glass of <strong>SFERICO<\/strong> will also surprise you with its appearance! <strong>Attractive vessel shape<\/strong> makes for an interesting presentation on a coffee table or in a domestic setting. Thanks to the double wall, the glass creates an intriguing visual effect, and at the same time appears thick and solid. And that is exactly what it is, because <strong>the glasses in this collection are handmade<\/strong>using high-quality materials. The manufacturer's overriding aim is to create a durable and functional vessel that meets the requirements of every coffee drinker. And when using such items, we most often expect convenience.<\/p>\n<p>It is the convenient, tailor-made solutions that distinguish products such as the glass <strong>SFERICO.<\/strong> <strong>The double glass is the answer to the expectations of those who value hot coffee above all else.<\/strong> This design <strong>retains the temperature of the drink for longer.<\/strong> This allows you to attend to other pleasures or responsibilities while drinking. <strong>The outer wall does not heat up<\/strong>which allows you to hold the hot drink comfortably in your hands. The glass tapers gently at the point where you grip the glass. This makes it more comfortable to use and allows you to use the vessel freely.<\/p>\n<p>Products <strong>SFERICO<\/strong> are available in three sizes. The 250 ml capacity is the perfect choice for the coffee drinker with standard needs. The equivalent of a classic glass will provide you with enough coffee to effectively stimulate yourself and enjoy the taste of the beverage.<\/p>\n<p class=\"gpsr-info\"><a href=\"https:\/\/kulig.com.pl\/gpsr\/\" target=\"_blank\" rel=\"noopener\">GPSR information<\/a><\/p>","protected":false},"excerpt":{"rendered":"<p>Szklanki z podw\u00f3jn\u0105 \u015bciank\u0105 SFERICO 250 ml Kawa, kt\u00f3ra zachwyca smakiem i zapachem \u2013 to normalne. Jednak ze szklank\u0105 SFERICO b\u0119dzie zaskakiwa\u0107 tak\u017ce wygl\u0105dem! Atrakcyjny kszta\u0142t naczynia sprawia, \u017ce ciekawie si\u0119 ono prezentuje na stoliku w kawiarni czy te\u017c w domowych warunkach. Dzi\u0119ki podw\u00f3jnej \u015bciance szk\u0142o tworzy intryguj\u0105cy efekt wizualny, a przy tym wydaje si\u0119 [&hellip;]<\/p>","protected":false},"featured_media":3786,"template":"","meta":{"_uag_custom_page_level_css":"","site-sidebar-layout":"default","site-content-layout":"","ast-site-content-layout":"default","site-content-style":"default","site-sidebar-style":"default","ast-global-header-display":"","ast-banner-title-visibility":"","ast-main-header-display":"","ast-hfb-above-header-display":"","ast-hfb-below-header-display":"","ast-hfb-mobile-header-display":"","site-post-title":"","ast-breadcrumbs-content":"","ast-featured-img":"","footer-sml-layout":"","ast-disable-related-posts":"","theme-transparent-header-meta":"","adv-header-id-meta":"","stick-header-meta":"","header-above-stick-meta":"","header-main-stick-meta":"","header-below-stick-meta":"","astra-migrate-meta-layouts":"default","ast-page-background-enabled":"default","ast-page-background-meta":{"desktop":{"background-color":"","background-image":"","background-repeat":"repeat","background-position":"center center","background-size":"auto","background-attachment":"scroll","background-type":"","background-media":"","overlay-type":"","overlay-color":"","overlay-opacity":"","overlay-gradient":""},"tablet":{"background-color":"","background-image":"","background-repeat":"repeat","background-position":"center center","background-size":"auto","background-attachment":"scroll","background-type":"","background-media":"","overlay-type":"","overlay-color":"","overlay-opacity":"","overlay-gradient":""},"mobile":{"background-color":"","background-image":"","background-repeat":"repeat","background-position":"center center","background-size":"auto","background-attachment":"scroll","background-type":"","background-media":"","overlay-type":"","overlay-color":"","overlay-opacity":"","overlay-gradient":""}},"ast-content-background-meta":{"desktop":{"background-color":"var(--ast-global-color-5)","background-image":"","background-repeat":"repeat","background-position":"center center","background-size":"auto","background-attachment":"scroll","background-type":"","background-media":"","overlay-type":"","overlay-color":"","overlay-opacity":"","overlay-gradient":""},"tablet":{"background-color":"var(--ast-global-color-5)","background-image":"","background-repeat":"repeat","background-position":"center center","background-size":"auto","background-attachment":"scroll","background-type":"","background-media":"","overlay-type":"","overlay-color":"","overlay-opacity":"","overlay-gradient":""},"mobile":{"background-color":"var(--ast-global-color-5)","background-image":"","background-repeat":"repeat","background-position":"center center","background-size":"auto","background-attachment":"scroll","background-type":"","background-media":"","overlay-type":"","overlay-color":"","overlay-opacity":"","overlay-gradient":""}}},"product_brand":[],"product_cat":[432,17,436],"product_tag":[],"class_list":{"0":"post-3794","1":"product","2":"type-product","3":"status-publish","4":"has-post-thumbnail","6":"product_cat-jadalnia","7":"product_cat-produkty","8":"product_cat-szklanki-i-filizanki","9":"desktop-align-left","10":"tablet-align-left","11":"mobile-align-left","13":"first","14":"instock","15":"shipping-taxable","16":"purchasable","17":"product-type-simple"},"uagb_featured_image_src":{"full":["https:\/\/viallidesign.com\/wp-content\/uploads\/2024\/06\/13062024666af3bd08e54.jpeg",900,900,false],"thumbnail":["https:\/\/viallidesign.com\/wp-content\/uploads\/2024\/06\/13062024666af3bd08e54-80x80.jpeg",80,80,true],"medium":["https:\/\/viallidesign.com\/wp-content\/uploads\/2024\/06\/13062024666af3bd08e54-300x300.jpeg",300,300,true],"medium_large":["https:\/\/viallidesign.com\/wp-content\/uploads\/2024\/06\/13062024666af3bd08e54-768x768.jpeg",768,768,true],"large":["https:\/\/viallidesign.com\/wp-content\/uploads\/2024\/06\/13062024666af3bd08e54.jpeg",900,900,false],"1536x1536":["https:\/\/viallidesign.com\/wp-content\/uploads\/2024\/06\/13062024666af3bd08e54.jpeg",900,900,false],"2048x2048":["https:\/\/viallidesign.com\/wp-content\/uploads\/2024\/06\/13062024666af3bd08e54.jpeg",900,900,false],"trp-custom-language-flag":["https:\/\/viallidesign.com\/wp-content\/uploads\/2024\/06\/13062024666af3bd08e54.jpeg",12,12,false],"woocommerce_thumbnail":["https:\/\/viallidesign.com\/wp-content\/uploads\/2024\/06\/13062024666af3bd08e54-600x600.jpeg",600,600,true],"woocommerce_single":["https:\/\/viallidesign.com\/wp-content\/uploads\/2024\/06\/13062024666af3bd08e54.jpeg",900,900,false],"woocommerce_gallery_thumbnail":["https:\/\/viallidesign.com\/wp-content\/uploads\/2024\/06\/13062024666af3bd08e54-100x100.jpeg",100,100,true],"dgwt-wcas-product-suggestion":["https:\/\/viallidesign.com\/wp-content\/uploads\/2024\/06\/13062024666af3bd08e54-64x64.jpeg",64,64,true]},"uagb_author_info":{"display_name":"viallidesign","author_link":"https:\/\/viallidesign.com\/en\/author\/"},"uagb_comment_info":0,"uagb_excerpt":"Szklanki z podw\u00f3jn\u0105 \u015bciank\u0105 SFERICO 250 ml Kawa, kt\u00f3ra zachwyca smakiem i zapachem \u2013 to normalne. Jednak ze szklank\u0105 SFERICO b\u0119dzie zaskakiwa\u0107 tak\u017ce wygl\u0105dem! Atrakcyjny kszta\u0142t naczynia sprawia, \u017ce ciekawie si\u0119 ono prezentuje na stoliku w kawiarni czy te\u017c w domowych warunkach. Dzi\u0119ki podw\u00f3jnej \u015bciance szk\u0142o tworzy intryguj\u0105cy efekt wizualny, a przy tym wydaje si\u0119&hellip;","_links":{"self":[{"href":"https:\/\/viallidesign.com\/en\/wp-json\/wp\/v2\/product\/3794","targetHints":{"allow":["GET"]}}],"collection":[{"href":"https:\/\/viallidesign.com\/en\/wp-json\/wp\/v2\/product"}],"about":[{"href":"https:\/\/viallidesign.com\/en\/wp-json\/wp\/v2\/types\/product"}],"wp:featuredmedia":[{"embeddable":true,"href":"https:\/\/viallidesign.com\/en\/wp-json\/wp\/v2\/media\/3786"}],"wp:attachment":[{"href":"https:\/\/viallidesign.com\/en\/wp-json\/wp\/v2\/media?parent=3794"}],"wp:term":[{"taxonomy":"product_brand","embeddable":true,"href":"https:\/\/viallidesign.com\/en\/wp-json\/wp\/v2\/product_brand?post=3794"},{"taxonomy":"product_cat","embeddable":true,"href":"https:\/\/viallidesign.com\/en\/wp-json\/wp\/v2\/product_cat?post=3794"},{"taxonomy":"product_tag","embeddable":true,"href":"https:\/\/viallidesign.com\/en\/wp-json\/wp\/v2\/product_tag?post=3794"}],"curies":[{"name":"wp","href":"https:\/\/api.w.org\/{rel}","templated":true}]}}