{"id":3785,"date":"2024-06-13T15:27:24","date_gmt":"2024-06-13T13:27:24","guid":{"rendered":"https:\/\/vialliwp.ageno.work\/produkt\/2-szklanki-do-espresso-z-podwojna-scianka-70-ml-sferico-7947\/"},"modified":"2026-03-27T02:30:04","modified_gmt":"2026-03-27T01:30:04","slug":"2-szklanki-do-espresso-z-podwojna-scianka-70-ml-sferico-7947","status":"publish","type":"product","link":"https:\/\/viallidesign.com\/en\/product\/2-szklanki-do-espresso-z-podwojna-scianka-70-ml-sferico-7947\/","title":{"rendered":"2 double-walled espresso glasses 70 ml Sferico 7947"},"content":{"rendered":"<p><strong>Espresso glasses with double wall SFERICO 70 ml<\/strong><\/p>\n<p><strong>Do you know which espresso is best?<\/strong> Hot! If your coffee cools down at an express pace, the double-walled glasses <strong>SFERICO<\/strong> will handle it perfectly. <strong>Thanks to their clever design, they retain heat for longer<\/strong>, at the same time <strong>protecting your hands from burning.<\/strong> Your favourite beverage will stay warm while you engross yourself in the pages of a book, chatting with loved ones or doing your work. Forget about your coffee going cold forever and enjoy the steam hovering over your espresso glass. <strong>SFERICO.<\/strong><\/p>\n<p><strong>Innovative design<\/strong> provides more than just hot coffee. <strong>Thanks to the special profile with indentation, you can hold the glass comfortably in your hands.<\/strong> The shape prevents the vessel from possibly slipping out of hands. An additional advantage is the miniature capacity of 70 ml. The small glass is perfect for discovering the flavours of new coffees. It is also an excellent choice if it is your next caffeine fix of the day.<\/p>\n<p><strong>The SFERICO collection surprises with both its functionality and the striking appearance of the dishes.<\/strong> <strong>Minimalism<\/strong> i <strong>simplicity<\/strong> are qualities that are perfectly matched to the espresso glass. This popular type of coffee impresses above all with its robust taste, without any embellishments - just like the products available in this series. It is impossible to pass by indifferently in the face of <strong>handmade<\/strong> of each vessel. The careful attention to detail and the quality of the materials used allow users to enjoy high-quality espresso glasses for many years.<\/p>\n<p class=\"gpsr-info\"><a href=\"https:\/\/kulig.com.pl\/gpsr\/\" target=\"_blank\" rel=\"noopener\">GPSR information<\/a><\/p>","protected":false},"excerpt":{"rendered":"<p>Szklanki do espresso z podw\u00f3jn\u0105 \u015bciank\u0105 SFERICO 70 ml Czy wiesz, jakie espresso jest najlepsze? Gor\u0105ce! Je\u015bli Twoja kawa stygnie w ekspresowym wprost tempie, podw\u00f3jne \u015bcianki szklanek SFERICO doskonale sobie z tym poradz\u0105. Dzi\u0119ki przemy\u015blanej budowie zatrzymuj\u0105 temperatur\u0119 na d\u0142u\u017cej, jednocze\u015bnie chroni\u0105c Twoje d\u0142onie przed poparzeniem. Tw\u00f3j ulubiony nap\u00f3j pozostanie ciep\u0142y, gdy Ty b\u0119dziesz poch\u0142ania\u0107 [&hellip;]<\/p>","protected":false},"featured_media":3775,"template":"","meta":{"_uag_custom_page_level_css":"","site-sidebar-layout":"default","site-content-layout":"","ast-site-content-layout":"default","site-content-style":"default","site-sidebar-style":"default","ast-global-header-display":"","ast-banner-title-visibility":"","ast-main-header-display":"","ast-hfb-above-header-display":"","ast-hfb-below-header-display":"","ast-hfb-mobile-header-display":"","site-post-title":"","ast-breadcrumbs-content":"","ast-featured-img":"","footer-sml-layout":"","ast-disable-related-posts":"","theme-transparent-header-meta":"","adv-header-id-meta":"","stick-header-meta":"","header-above-stick-meta":"","header-main-stick-meta":"","header-below-stick-meta":"","astra-migrate-meta-layouts":"default","ast-page-background-enabled":"default","ast-page-background-meta":{"desktop":{"background-color":"","background-image":"","background-repeat":"repeat","background-position":"center center","background-size":"auto","background-attachment":"scroll","background-type":"","background-media":"","overlay-type":"","overlay-color":"","overlay-opacity":"","overlay-gradient":""},"tablet":{"background-color":"","background-image":"","background-repeat":"repeat","background-position":"center center","background-size":"auto","background-attachment":"scroll","background-type":"","background-media":"","overlay-type":"","overlay-color":"","overlay-opacity":"","overlay-gradient":""},"mobile":{"background-color":"","background-image":"","background-repeat":"repeat","background-position":"center center","background-size":"auto","background-attachment":"scroll","background-type":"","background-media":"","overlay-type":"","overlay-color":"","overlay-opacity":"","overlay-gradient":""}},"ast-content-background-meta":{"desktop":{"background-color":"var(--ast-global-color-5)","background-image":"","background-repeat":"repeat","background-position":"center center","background-size":"auto","background-attachment":"scroll","background-type":"","background-media":"","overlay-type":"","overlay-color":"","overlay-opacity":"","overlay-gradient":""},"tablet":{"background-color":"var(--ast-global-color-5)","background-image":"","background-repeat":"repeat","background-position":"center center","background-size":"auto","background-attachment":"scroll","background-type":"","background-media":"","overlay-type":"","overlay-color":"","overlay-opacity":"","overlay-gradient":""},"mobile":{"background-color":"var(--ast-global-color-5)","background-image":"","background-repeat":"repeat","background-position":"center center","background-size":"auto","background-attachment":"scroll","background-type":"","background-media":"","overlay-type":"","overlay-color":"","overlay-opacity":"","overlay-gradient":""}}},"product_brand":[],"product_cat":[432,17,436],"product_tag":[],"class_list":{"0":"post-3785","1":"product","2":"type-product","3":"status-publish","4":"has-post-thumbnail","6":"product_cat-jadalnia","7":"product_cat-produkty","8":"product_cat-szklanki-i-filizanki","9":"desktop-align-left","10":"tablet-align-left","11":"mobile-align-left","13":"first","14":"instock","15":"shipping-taxable","16":"purchasable","17":"product-type-simple"},"uagb_featured_image_src":{"full":["https:\/\/viallidesign.com\/wp-content\/uploads\/2024\/06\/13062024666af3a353148.jpeg",900,900,false],"thumbnail":["https:\/\/viallidesign.com\/wp-content\/uploads\/2024\/06\/13062024666af3a353148-80x80.jpeg",80,80,true],"medium":["https:\/\/viallidesign.com\/wp-content\/uploads\/2024\/06\/13062024666af3a353148-300x300.jpeg",300,300,true],"medium_large":["https:\/\/viallidesign.com\/wp-content\/uploads\/2024\/06\/13062024666af3a353148-768x768.jpeg",768,768,true],"large":["https:\/\/viallidesign.com\/wp-content\/uploads\/2024\/06\/13062024666af3a353148.jpeg",900,900,false],"1536x1536":["https:\/\/viallidesign.com\/wp-content\/uploads\/2024\/06\/13062024666af3a353148.jpeg",900,900,false],"2048x2048":["https:\/\/viallidesign.com\/wp-content\/uploads\/2024\/06\/13062024666af3a353148.jpeg",900,900,false],"trp-custom-language-flag":["https:\/\/viallidesign.com\/wp-content\/uploads\/2024\/06\/13062024666af3a353148.jpeg",12,12,false],"woocommerce_thumbnail":["https:\/\/viallidesign.com\/wp-content\/uploads\/2024\/06\/13062024666af3a353148-600x600.jpeg",600,600,true],"woocommerce_single":["https:\/\/viallidesign.com\/wp-content\/uploads\/2024\/06\/13062024666af3a353148.jpeg",900,900,false],"woocommerce_gallery_thumbnail":["https:\/\/viallidesign.com\/wp-content\/uploads\/2024\/06\/13062024666af3a353148-100x100.jpeg",100,100,true],"dgwt-wcas-product-suggestion":["https:\/\/viallidesign.com\/wp-content\/uploads\/2024\/06\/13062024666af3a353148-64x64.jpeg",64,64,true]},"uagb_author_info":{"display_name":"viallidesign","author_link":"https:\/\/viallidesign.com\/en\/author\/"},"uagb_comment_info":0,"uagb_excerpt":"Szklanki do espresso z podw\u00f3jn\u0105 \u015bciank\u0105 SFERICO 70 ml Czy wiesz, jakie espresso jest najlepsze? Gor\u0105ce! Je\u015bli Twoja kawa stygnie w ekspresowym wprost tempie, podw\u00f3jne \u015bcianki szklanek SFERICO doskonale sobie z tym poradz\u0105. Dzi\u0119ki przemy\u015blanej budowie zatrzymuj\u0105 temperatur\u0119 na d\u0142u\u017cej, jednocze\u015bnie chroni\u0105c Twoje d\u0142onie przed poparzeniem. Tw\u00f3j ulubiony nap\u00f3j pozostanie ciep\u0142y, gdy Ty b\u0119dziesz poch\u0142ania\u0107&hellip;","_links":{"self":[{"href":"https:\/\/viallidesign.com\/en\/wp-json\/wp\/v2\/product\/3785","targetHints":{"allow":["GET"]}}],"collection":[{"href":"https:\/\/viallidesign.com\/en\/wp-json\/wp\/v2\/product"}],"about":[{"href":"https:\/\/viallidesign.com\/en\/wp-json\/wp\/v2\/types\/product"}],"wp:featuredmedia":[{"embeddable":true,"href":"https:\/\/viallidesign.com\/en\/wp-json\/wp\/v2\/media\/3775"}],"wp:attachment":[{"href":"https:\/\/viallidesign.com\/en\/wp-json\/wp\/v2\/media?parent=3785"}],"wp:term":[{"taxonomy":"product_brand","embeddable":true,"href":"https:\/\/viallidesign.com\/en\/wp-json\/wp\/v2\/product_brand?post=3785"},{"taxonomy":"product_cat","embeddable":true,"href":"https:\/\/viallidesign.com\/en\/wp-json\/wp\/v2\/product_cat?post=3785"},{"taxonomy":"product_tag","embeddable":true,"href":"https:\/\/viallidesign.com\/en\/wp-json\/wp\/v2\/product_tag?post=3785"}],"curies":[{"name":"wp","href":"https:\/\/api.w.org\/{rel}","templated":true}]}}