{"id":3774,"date":"2024-06-13T15:26:59","date_gmt":"2024-06-13T13:26:59","guid":{"rendered":"https:\/\/vialliwp.ageno.work\/produkt\/komplet-2-szklanek-z-podwojna-scianka-300-ml-sferico-7961\/"},"modified":"2026-03-27T02:30:04","modified_gmt":"2026-03-27T01:30:04","slug":"komplet-2-szklanek-z-podwojna-scianka-300-ml-sferico-7961","status":"publish","type":"product","link":"https:\/\/viallidesign.com\/en\/product\/komplet-2-szklanek-z-podwojna-scianka-300-ml-sferico-7961\/","title":{"rendered":"Set of 2 double-walled glasses 300 ml Sferico 7961"},"content":{"rendered":"<p><strong>SFERICO double-walled glasses 300 ml<\/strong><\/p>\n<p>Do you drink large quantities of coffee every day? A glass of <strong>SFERICO<\/strong> with a capacity of 300 ml is the ideal choice for you. Thanks to this size, you get as much drink as you need right away - without having to refill it frequently! A larger glass is also useful if you often invite guests who are also caffeine enthusiasts. Now you can serve them the best coffee in the <strong>stylish glasses<\/strong>because it is the modern design that sets the collection apart <strong>SFERICO.<\/strong><\/p>\n<p>The glasses have an attractive, slightly rounded shape and a prominent horizontal constriction. This clever profile ensures <strong>comfortable to use and easy to hold<\/strong>when you drink your favourite coffee. Despite the presence of a hot beverage <strong>the glass does not heat up.<\/strong> It owes this advantage to its double walls, which prevent it from cooling down. This keeps the drink inside warm for a long time and allows you to hold the glass comfortably.<\/p>\n<p>Products in the series <strong>SFERICO<\/strong> are unique not only because of the high <strong>aesthetics and practicality.<\/strong> The glasses are <strong>made by hand.<\/strong> In this way, you are guaranteed that every detail has been precisely realised. The high degree of care in production, the well thought-out design from A to Z and the <strong>best quality materials<\/strong> - All of this ensures that the coffee glassware will meet your expectations and provide you with the highest level of comfort. Glasses created primarily with your user experience in mind will turn moments with coffee into even more pleasure than before! <\/p>\n<p class=\"gpsr-info\"><a href=\"https:\/\/kulig.com.pl\/gpsr\/\" target=\"_blank\" rel=\"noopener\">GPSR information<\/a><\/p>","protected":false},"excerpt":{"rendered":"<p>Szklanki z podw\u00f3jn\u0105 \u015bciank\u0105 SFERICO 300 ml Pijesz codziennie du\u017ce ilo\u015bci kawy? Szklanka SFERICO o pojemno\u015bci 300 ml to idealny wyb\u00f3r dla Ciebie. Dzi\u0119ki takiej wielko\u015bci zyskujesz od razu tyle napoju, ile Ci potrzeba \u2013 bez konieczno\u015bci cz\u0119stego dolewania! Szk\u0142o wi\u0119kszych rozmiar\u00f3w przyda si\u0119 r\u00f3wnie\u017c, je\u015bli cz\u0119sto zapraszasz go\u015bci, kt\u00f3rzy tak\u017ce s\u0105 mi\u0142o\u015bnikami kofeiny. Teraz [&hellip;]<\/p>","protected":false},"featured_media":3765,"template":"","meta":{"_uag_custom_page_level_css":"","site-sidebar-layout":"default","site-content-layout":"","ast-site-content-layout":"default","site-content-style":"default","site-sidebar-style":"default","ast-global-header-display":"","ast-banner-title-visibility":"","ast-main-header-display":"","ast-hfb-above-header-display":"","ast-hfb-below-header-display":"","ast-hfb-mobile-header-display":"","site-post-title":"","ast-breadcrumbs-content":"","ast-featured-img":"","footer-sml-layout":"","ast-disable-related-posts":"","theme-transparent-header-meta":"","adv-header-id-meta":"","stick-header-meta":"","header-above-stick-meta":"","header-main-stick-meta":"","header-below-stick-meta":"","astra-migrate-meta-layouts":"default","ast-page-background-enabled":"default","ast-page-background-meta":{"desktop":{"background-color":"","background-image":"","background-repeat":"repeat","background-position":"center center","background-size":"auto","background-attachment":"scroll","background-type":"","background-media":"","overlay-type":"","overlay-color":"","overlay-opacity":"","overlay-gradient":""},"tablet":{"background-color":"","background-image":"","background-repeat":"repeat","background-position":"center center","background-size":"auto","background-attachment":"scroll","background-type":"","background-media":"","overlay-type":"","overlay-color":"","overlay-opacity":"","overlay-gradient":""},"mobile":{"background-color":"","background-image":"","background-repeat":"repeat","background-position":"center center","background-size":"auto","background-attachment":"scroll","background-type":"","background-media":"","overlay-type":"","overlay-color":"","overlay-opacity":"","overlay-gradient":""}},"ast-content-background-meta":{"desktop":{"background-color":"var(--ast-global-color-5)","background-image":"","background-repeat":"repeat","background-position":"center center","background-size":"auto","background-attachment":"scroll","background-type":"","background-media":"","overlay-type":"","overlay-color":"","overlay-opacity":"","overlay-gradient":""},"tablet":{"background-color":"var(--ast-global-color-5)","background-image":"","background-repeat":"repeat","background-position":"center center","background-size":"auto","background-attachment":"scroll","background-type":"","background-media":"","overlay-type":"","overlay-color":"","overlay-opacity":"","overlay-gradient":""},"mobile":{"background-color":"var(--ast-global-color-5)","background-image":"","background-repeat":"repeat","background-position":"center center","background-size":"auto","background-attachment":"scroll","background-type":"","background-media":"","overlay-type":"","overlay-color":"","overlay-opacity":"","overlay-gradient":""}}},"product_brand":[],"product_cat":[432,17,436],"product_tag":[],"class_list":{"0":"post-3774","1":"product","2":"type-product","3":"status-publish","4":"has-post-thumbnail","6":"product_cat-jadalnia","7":"product_cat-produkty","8":"product_cat-szklanki-i-filizanki","9":"desktop-align-left","10":"tablet-align-left","11":"mobile-align-left","13":"first","14":"instock","15":"shipping-taxable","16":"purchasable","17":"product-type-simple"},"uagb_featured_image_src":{"full":["https:\/\/viallidesign.com\/wp-content\/uploads\/2024\/06\/13062024666af39280a87.jpeg",900,900,false],"thumbnail":["https:\/\/viallidesign.com\/wp-content\/uploads\/2024\/06\/13062024666af39280a87-80x80.jpeg",80,80,true],"medium":["https:\/\/viallidesign.com\/wp-content\/uploads\/2024\/06\/13062024666af39280a87-300x300.jpeg",300,300,true],"medium_large":["https:\/\/viallidesign.com\/wp-content\/uploads\/2024\/06\/13062024666af39280a87-768x768.jpeg",768,768,true],"large":["https:\/\/viallidesign.com\/wp-content\/uploads\/2024\/06\/13062024666af39280a87.jpeg",900,900,false],"1536x1536":["https:\/\/viallidesign.com\/wp-content\/uploads\/2024\/06\/13062024666af39280a87.jpeg",900,900,false],"2048x2048":["https:\/\/viallidesign.com\/wp-content\/uploads\/2024\/06\/13062024666af39280a87.jpeg",900,900,false],"trp-custom-language-flag":["https:\/\/viallidesign.com\/wp-content\/uploads\/2024\/06\/13062024666af39280a87.jpeg",12,12,false],"woocommerce_thumbnail":["https:\/\/viallidesign.com\/wp-content\/uploads\/2024\/06\/13062024666af39280a87-600x600.jpeg",600,600,true],"woocommerce_single":["https:\/\/viallidesign.com\/wp-content\/uploads\/2024\/06\/13062024666af39280a87.jpeg",900,900,false],"woocommerce_gallery_thumbnail":["https:\/\/viallidesign.com\/wp-content\/uploads\/2024\/06\/13062024666af39280a87-100x100.jpeg",100,100,true],"dgwt-wcas-product-suggestion":["https:\/\/viallidesign.com\/wp-content\/uploads\/2024\/06\/13062024666af39280a87-64x64.jpeg",64,64,true]},"uagb_author_info":{"display_name":"viallidesign","author_link":"https:\/\/viallidesign.com\/en\/author\/"},"uagb_comment_info":0,"uagb_excerpt":"Szklanki z podw\u00f3jn\u0105 \u015bciank\u0105 SFERICO 300 ml Pijesz codziennie du\u017ce ilo\u015bci kawy? Szklanka SFERICO o pojemno\u015bci 300 ml to idealny wyb\u00f3r dla Ciebie. Dzi\u0119ki takiej wielko\u015bci zyskujesz od razu tyle napoju, ile Ci potrzeba \u2013 bez konieczno\u015bci cz\u0119stego dolewania! Szk\u0142o wi\u0119kszych rozmiar\u00f3w przyda si\u0119 r\u00f3wnie\u017c, je\u015bli cz\u0119sto zapraszasz go\u015bci, kt\u00f3rzy tak\u017ce s\u0105 mi\u0142o\u015bnikami kofeiny. Teraz&hellip;","_links":{"self":[{"href":"https:\/\/viallidesign.com\/en\/wp-json\/wp\/v2\/product\/3774","targetHints":{"allow":["GET"]}}],"collection":[{"href":"https:\/\/viallidesign.com\/en\/wp-json\/wp\/v2\/product"}],"about":[{"href":"https:\/\/viallidesign.com\/en\/wp-json\/wp\/v2\/types\/product"}],"wp:featuredmedia":[{"embeddable":true,"href":"https:\/\/viallidesign.com\/en\/wp-json\/wp\/v2\/media\/3765"}],"wp:attachment":[{"href":"https:\/\/viallidesign.com\/en\/wp-json\/wp\/v2\/media?parent=3774"}],"wp:term":[{"taxonomy":"product_brand","embeddable":true,"href":"https:\/\/viallidesign.com\/en\/wp-json\/wp\/v2\/product_brand?post=3774"},{"taxonomy":"product_cat","embeddable":true,"href":"https:\/\/viallidesign.com\/en\/wp-json\/wp\/v2\/product_cat?post=3774"},{"taxonomy":"product_tag","embeddable":true,"href":"https:\/\/viallidesign.com\/en\/wp-json\/wp\/v2\/product_tag?post=3774"}],"curies":[{"name":"wp","href":"https:\/\/api.w.org\/{rel}","templated":true}]}}