{"id":3764,"date":"2024-06-13T15:26:41","date_gmt":"2024-06-13T13:26:41","guid":{"rendered":"https:\/\/vialliwp.ageno.work\/produkt\/2-pucharki-do-deserow-z-podwojna-scianka-260-ml-lungo-27862\/"},"modified":"2026-04-27T19:30:04","modified_gmt":"2026-04-27T17:30:04","slug":"2-pucharki-do-deserow-z-podwojna-scianka-260-ml-lungo-27862","status":"publish","type":"product","link":"https:\/\/viallidesign.com\/en\/product\/2-pucharki-do-deserow-z-podwojna-scianka-260-ml-lungo-27862\/","title":{"rendered":"2 dessert cups with double wall 260 ml Lungo 27862"},"content":{"rendered":"<p><strong>LUNGO dessert cups 260 ml<\/strong><\/p>\n<p>Is there anything better than ice cream with whipped cream? Yes - ice cream with whipped cream in LUNGO dessert cups! The innovative dishes stand out <strong>striking design.<\/strong> The original motifs on the glass make the sweets perfectly presented in the glass. As a result, they surprise not only with their taste, but also with their attractive visual aspect. Now your moments of relaxation will become even more enjoyable.<\/p>\n<p>Coffee and dessert are the perfect accompaniment to social gatherings. If you happen to find your ice cream melting during an engaging conversation with friends - with LUNGO cups the problem will solve itself! Specially designed <strong>The glass retains the temperature of the desserts for longer.<\/strong> This allows you to savour the taste for as long as you like. The unusual shape makes the product even easier to use. Thanks to the corrugated surface, you can easily hold the goblet in your hands without worrying about it slipping. Thus, the dish is <strong>handy<\/strong> and <strong>practical<\/strong>.<\/p>\n<p>The high quality of the products allows the goblets to be used successfully both at home and in caf\u00e9s, patisseries or restaurants.<strong> Handmade<\/strong> crockery is a guarantee of long use and attention to detail. Thanks to this <strong>LUNGO collection<\/strong> will accompany you in all your sweet moments, and will meet your expectations in every field. The 260 ml variant is the ideal size for a satisfying serving of coffee dessert. Want more? Try the 300 ml version of the goblets from the same series!<\/p>\n<p class=\"gpsr-info\"><a href=\"https:\/\/kulig.com.pl\/gpsr\/\" target=\"_blank\" rel=\"noopener\">GPSR information<\/a><\/p>","protected":false},"excerpt":{"rendered":"<p>Pucharki do deser\u00f3w LUNGO 260 ml Czy istnieje co\u015b lepszego ni\u017c lody z bit\u0105 \u015bmietan\u0105? Tak \u2013 lody z bit\u0105 \u015bmietan\u0105 w pucharkach do deser\u00f3w LUNGO! Innowacyjne naczynia wyr\u00f3\u017cniaj\u0105 si\u0119 efektownym designem. Oryginalne motywy na szkle sprawiaj\u0105, \u017ce s\u0142odko\u015bci doskonale si\u0119 w nim prezentuj\u0105. Dzi\u0119ki temu zaskakuj\u0105 nie tylko smakiem, ale i atrakcyjn\u0105 stron\u0105 wizualn\u0105. [&hellip;]<\/p>","protected":false},"featured_media":3744,"template":"","meta":{"_uag_custom_page_level_css":"","site-sidebar-layout":"default","site-content-layout":"","ast-site-content-layout":"default","site-content-style":"default","site-sidebar-style":"default","ast-global-header-display":"","ast-banner-title-visibility":"","ast-main-header-display":"","ast-hfb-above-header-display":"","ast-hfb-below-header-display":"","ast-hfb-mobile-header-display":"","site-post-title":"","ast-breadcrumbs-content":"","ast-featured-img":"","footer-sml-layout":"","ast-disable-related-posts":"","theme-transparent-header-meta":"","adv-header-id-meta":"","stick-header-meta":"","header-above-stick-meta":"","header-main-stick-meta":"","header-below-stick-meta":"","astra-migrate-meta-layouts":"default","ast-page-background-enabled":"default","ast-page-background-meta":{"desktop":{"background-color":"","background-image":"","background-repeat":"repeat","background-position":"center center","background-size":"auto","background-attachment":"scroll","background-type":"","background-media":"","overlay-type":"","overlay-color":"","overlay-opacity":"","overlay-gradient":""},"tablet":{"background-color":"","background-image":"","background-repeat":"repeat","background-position":"center center","background-size":"auto","background-attachment":"scroll","background-type":"","background-media":"","overlay-type":"","overlay-color":"","overlay-opacity":"","overlay-gradient":""},"mobile":{"background-color":"","background-image":"","background-repeat":"repeat","background-position":"center center","background-size":"auto","background-attachment":"scroll","background-type":"","background-media":"","overlay-type":"","overlay-color":"","overlay-opacity":"","overlay-gradient":""}},"ast-content-background-meta":{"desktop":{"background-color":"var(--ast-global-color-5)","background-image":"","background-repeat":"repeat","background-position":"center center","background-size":"auto","background-attachment":"scroll","background-type":"","background-media":"","overlay-type":"","overlay-color":"","overlay-opacity":"","overlay-gradient":""},"tablet":{"background-color":"var(--ast-global-color-5)","background-image":"","background-repeat":"repeat","background-position":"center center","background-size":"auto","background-attachment":"scroll","background-type":"","background-media":"","overlay-type":"","overlay-color":"","overlay-opacity":"","overlay-gradient":""},"mobile":{"background-color":"var(--ast-global-color-5)","background-image":"","background-repeat":"repeat","background-position":"center center","background-size":"auto","background-attachment":"scroll","background-type":"","background-media":"","overlay-type":"","overlay-color":"","overlay-opacity":"","overlay-gradient":""}}},"product_brand":[],"product_cat":[432,747,17],"product_tag":[],"class_list":{"0":"post-3764","1":"product","2":"type-product","3":"status-publish","4":"has-post-thumbnail","6":"product_cat-jadalnia","7":"product_cat-karafki","8":"product_cat-produkty","9":"desktop-align-left","10":"tablet-align-left","11":"mobile-align-left","13":"first","14":"instock","15":"shipping-taxable","16":"purchasable","17":"product-type-simple"},"uagb_featured_image_src":{"full":["https:\/\/viallidesign.com\/wp-content\/uploads\/2024\/06\/13062024666af3614b9f0.jpeg",900,900,false],"thumbnail":["https:\/\/viallidesign.com\/wp-content\/uploads\/2024\/06\/13062024666af3614b9f0-80x80.jpeg",80,80,true],"medium":["https:\/\/viallidesign.com\/wp-content\/uploads\/2024\/06\/13062024666af3614b9f0-300x300.jpeg",300,300,true],"medium_large":["https:\/\/viallidesign.com\/wp-content\/uploads\/2024\/06\/13062024666af3614b9f0-768x768.jpeg",768,768,true],"large":["https:\/\/viallidesign.com\/wp-content\/uploads\/2024\/06\/13062024666af3614b9f0.jpeg",900,900,false],"1536x1536":["https:\/\/viallidesign.com\/wp-content\/uploads\/2024\/06\/13062024666af3614b9f0.jpeg",900,900,false],"2048x2048":["https:\/\/viallidesign.com\/wp-content\/uploads\/2024\/06\/13062024666af3614b9f0.jpeg",900,900,false],"trp-custom-language-flag":["https:\/\/viallidesign.com\/wp-content\/uploads\/2024\/06\/13062024666af3614b9f0.jpeg",12,12,false],"woocommerce_thumbnail":["https:\/\/viallidesign.com\/wp-content\/uploads\/2024\/06\/13062024666af3614b9f0-600x600.jpeg",600,600,true],"woocommerce_single":["https:\/\/viallidesign.com\/wp-content\/uploads\/2024\/06\/13062024666af3614b9f0.jpeg",900,900,false],"woocommerce_gallery_thumbnail":["https:\/\/viallidesign.com\/wp-content\/uploads\/2024\/06\/13062024666af3614b9f0-100x100.jpeg",100,100,true],"dgwt-wcas-product-suggestion":["https:\/\/viallidesign.com\/wp-content\/uploads\/2024\/06\/13062024666af3614b9f0-64x64.jpeg",64,64,true]},"uagb_author_info":{"display_name":"viallidesign","author_link":"https:\/\/viallidesign.com\/en\/author\/"},"uagb_comment_info":0,"uagb_excerpt":"Pucharki do deser\u00f3w LUNGO 260 ml Czy istnieje co\u015b lepszego ni\u017c lody z bit\u0105 \u015bmietan\u0105? Tak \u2013 lody z bit\u0105 \u015bmietan\u0105 w pucharkach do deser\u00f3w LUNGO! Innowacyjne naczynia wyr\u00f3\u017cniaj\u0105 si\u0119 efektownym designem. Oryginalne motywy na szkle sprawiaj\u0105, \u017ce s\u0142odko\u015bci doskonale si\u0119 w nim prezentuj\u0105. Dzi\u0119ki temu zaskakuj\u0105 nie tylko smakiem, ale i atrakcyjn\u0105 stron\u0105 wizualn\u0105.&hellip;","_links":{"self":[{"href":"https:\/\/viallidesign.com\/en\/wp-json\/wp\/v2\/product\/3764","targetHints":{"allow":["GET"]}}],"collection":[{"href":"https:\/\/viallidesign.com\/en\/wp-json\/wp\/v2\/product"}],"about":[{"href":"https:\/\/viallidesign.com\/en\/wp-json\/wp\/v2\/types\/product"}],"wp:featuredmedia":[{"embeddable":true,"href":"https:\/\/viallidesign.com\/en\/wp-json\/wp\/v2\/media\/3744"}],"wp:attachment":[{"href":"https:\/\/viallidesign.com\/en\/wp-json\/wp\/v2\/media?parent=3764"}],"wp:term":[{"taxonomy":"product_brand","embeddable":true,"href":"https:\/\/viallidesign.com\/en\/wp-json\/wp\/v2\/product_brand?post=3764"},{"taxonomy":"product_cat","embeddable":true,"href":"https:\/\/viallidesign.com\/en\/wp-json\/wp\/v2\/product_cat?post=3764"},{"taxonomy":"product_tag","embeddable":true,"href":"https:\/\/viallidesign.com\/en\/wp-json\/wp\/v2\/product_tag?post=3764"}],"curies":[{"name":"wp","href":"https:\/\/api.w.org\/{rel}","templated":true}]}}