{"id":3743,"date":"2024-06-13T15:25:51","date_gmt":"2024-06-13T13:25:51","guid":{"rendered":"https:\/\/vialliwp.ageno.work\/produkt\/2-pucharki-do-deserow-z-podwojna-scianka-300-ml-lungo-7879\/"},"modified":"2026-04-27T19:30:04","modified_gmt":"2026-04-27T17:30:04","slug":"2-pucharki-do-deserow-z-podwojna-scianka-300-ml-lungo-7879","status":"publish","type":"product","link":"https:\/\/viallidesign.com\/en\/product\/2-pucharki-do-deserow-z-podwojna-scianka-300-ml-lungo-7879\/","title":{"rendered":"2 double-walled dessert cups 300 ml Lungo 7879"},"content":{"rendered":"<p><strong>LUNGO dessert cups 300 ml<\/strong><\/p>\n<p>Panna cotta, pudding or maybe just ice cream? Whatever your favourite dessert is, it's best made into a <strong>LUNGO cups!<\/strong> The glassware is designed to <strong>convenience<\/strong> i <strong>the aesthetic presentation of sweet additives.<\/strong> The corrugated surface and simple shape provide ample capacity and complete convenience when enjoying the delicacies. A skilful combination of <strong>attractive appearance<\/strong> dishes with <strong>high functionality<\/strong> makes it possible for the cups to <strong>comfortable to use<\/strong> and positively surprise your loved ones with a beautiful dessert.<\/p>\n<p>Are you preparing a dessert that needs to be served cold and are worried that it will melt too quickly? <strong>The cups of the LUNGO series are made of glass, which maintains the right temperature of the desserts for a long time.<\/strong> This allows you to serve sweets cold, even in hot weather! In addition, it prevents the loss of the properties of cool desserts that you eat slowly.<\/p>\n<p>We know very well how difficult it is to resist one more serving. With the large 300 ml capacity, you can prolong the pleasant moments with sweets. The larger goblets are also perfect for professional use. <strong>Handmade<\/strong> provides <strong>high durability and optimum product properties<\/strong>. If you run a caf\u00e9 or patisserie, original and well-designed <strong>dishes will meet the expectations of even the most demanding customers.<\/strong> Prefer to serve smaller quantities? The 260 ml variant will be ideal for tasters of sweet specialities. <\/p>\n<p class=\"gpsr-info\"><a href=\"https:\/\/kulig.com.pl\/gpsr\/\" target=\"_blank\" rel=\"noopener\">GPSR information<\/a><\/p>","protected":false},"excerpt":{"rendered":"<p>LUNGO dessert cups 300 ml Panna cotta, pudding or maybe just ice cream? Whatever your favourite dessert is, it is best prepared in LUNGO goblets! The glass dishes have been designed with convenience and aesthetic presentation of sweet toppings in mind. The wavy surface and simple shape ensure a large capacity and full comfort while enjoying the delicacies. [...]<\/p>","protected":false},"featured_media":3727,"template":"","meta":{"_uag_custom_page_level_css":"","site-sidebar-layout":"default","site-content-layout":"","ast-site-content-layout":"default","site-content-style":"default","site-sidebar-style":"default","ast-global-header-display":"","ast-banner-title-visibility":"","ast-main-header-display":"","ast-hfb-above-header-display":"","ast-hfb-below-header-display":"","ast-hfb-mobile-header-display":"","site-post-title":"","ast-breadcrumbs-content":"","ast-featured-img":"","footer-sml-layout":"","ast-disable-related-posts":"","theme-transparent-header-meta":"","adv-header-id-meta":"","stick-header-meta":"","header-above-stick-meta":"","header-main-stick-meta":"","header-below-stick-meta":"","astra-migrate-meta-layouts":"default","ast-page-background-enabled":"default","ast-page-background-meta":{"desktop":{"background-color":"","background-image":"","background-repeat":"repeat","background-position":"center center","background-size":"auto","background-attachment":"scroll","background-type":"","background-media":"","overlay-type":"","overlay-color":"","overlay-opacity":"","overlay-gradient":""},"tablet":{"background-color":"","background-image":"","background-repeat":"repeat","background-position":"center center","background-size":"auto","background-attachment":"scroll","background-type":"","background-media":"","overlay-type":"","overlay-color":"","overlay-opacity":"","overlay-gradient":""},"mobile":{"background-color":"","background-image":"","background-repeat":"repeat","background-position":"center center","background-size":"auto","background-attachment":"scroll","background-type":"","background-media":"","overlay-type":"","overlay-color":"","overlay-opacity":"","overlay-gradient":""}},"ast-content-background-meta":{"desktop":{"background-color":"var(--ast-global-color-5)","background-image":"","background-repeat":"repeat","background-position":"center center","background-size":"auto","background-attachment":"scroll","background-type":"","background-media":"","overlay-type":"","overlay-color":"","overlay-opacity":"","overlay-gradient":""},"tablet":{"background-color":"var(--ast-global-color-5)","background-image":"","background-repeat":"repeat","background-position":"center center","background-size":"auto","background-attachment":"scroll","background-type":"","background-media":"","overlay-type":"","overlay-color":"","overlay-opacity":"","overlay-gradient":""},"mobile":{"background-color":"var(--ast-global-color-5)","background-image":"","background-repeat":"repeat","background-position":"center center","background-size":"auto","background-attachment":"scroll","background-type":"","background-media":"","overlay-type":"","overlay-color":"","overlay-opacity":"","overlay-gradient":""}}},"product_brand":[],"product_cat":[432,747,17],"product_tag":[],"class_list":{"0":"post-3743","1":"product","2":"type-product","3":"status-publish","4":"has-post-thumbnail","6":"product_cat-jadalnia","7":"product_cat-karafki","8":"product_cat-produkty","9":"desktop-align-left","10":"tablet-align-left","11":"mobile-align-left","13":"first","14":"instock","15":"shipping-taxable","16":"purchasable","17":"product-type-simple"},"uagb_featured_image_src":{"full":["https:\/\/viallidesign.com\/wp-content\/uploads\/2024\/06\/13062024666af333e2cef.jpeg",900,900,false],"thumbnail":["https:\/\/viallidesign.com\/wp-content\/uploads\/2024\/06\/13062024666af333e2cef-80x80.jpeg",80,80,true],"medium":["https:\/\/viallidesign.com\/wp-content\/uploads\/2024\/06\/13062024666af333e2cef-300x300.jpeg",300,300,true],"medium_large":["https:\/\/viallidesign.com\/wp-content\/uploads\/2024\/06\/13062024666af333e2cef-768x768.jpeg",768,768,true],"large":["https:\/\/viallidesign.com\/wp-content\/uploads\/2024\/06\/13062024666af333e2cef.jpeg",900,900,false],"1536x1536":["https:\/\/viallidesign.com\/wp-content\/uploads\/2024\/06\/13062024666af333e2cef.jpeg",900,900,false],"2048x2048":["https:\/\/viallidesign.com\/wp-content\/uploads\/2024\/06\/13062024666af333e2cef.jpeg",900,900,false],"trp-custom-language-flag":["https:\/\/viallidesign.com\/wp-content\/uploads\/2024\/06\/13062024666af333e2cef.jpeg",12,12,false],"woocommerce_thumbnail":["https:\/\/viallidesign.com\/wp-content\/uploads\/2024\/06\/13062024666af333e2cef-600x600.jpeg",600,600,true],"woocommerce_single":["https:\/\/viallidesign.com\/wp-content\/uploads\/2024\/06\/13062024666af333e2cef.jpeg",900,900,false],"woocommerce_gallery_thumbnail":["https:\/\/viallidesign.com\/wp-content\/uploads\/2024\/06\/13062024666af333e2cef-100x100.jpeg",100,100,true],"dgwt-wcas-product-suggestion":["https:\/\/viallidesign.com\/wp-content\/uploads\/2024\/06\/13062024666af333e2cef-64x64.jpeg",64,64,true]},"uagb_author_info":{"display_name":"viallidesign","author_link":"https:\/\/viallidesign.com\/en\/author\/"},"uagb_comment_info":0,"uagb_excerpt":"Pucharki do deser\u00f3w LUNGO 300 ml Panna cotta, pudding, a mo\u017ce po prostu lody? Niezale\u017cnie od tego, jaki jest Tw\u00f3j ulubiony deser, najlepiej przyrz\u0105dzi\u0107 do w pucharkach LUNGO! Szklane naczynia zaprojektowano z my\u015bl\u0105 o wygodzie i estetycznej prezentacji s\u0142odkich dodatk\u00f3w. Falowana powierzchnia i prosty kszta\u0142t zapewniaj\u0105 du\u017c\u0105 pojemno\u015b\u0107 i pe\u0142n\u0105 wygod\u0119 podczas delektowania si\u0119 pyszno\u015bciami.&hellip;","_links":{"self":[{"href":"https:\/\/viallidesign.com\/en\/wp-json\/wp\/v2\/product\/3743","targetHints":{"allow":["GET"]}}],"collection":[{"href":"https:\/\/viallidesign.com\/en\/wp-json\/wp\/v2\/product"}],"about":[{"href":"https:\/\/viallidesign.com\/en\/wp-json\/wp\/v2\/types\/product"}],"wp:featuredmedia":[{"embeddable":true,"href":"https:\/\/viallidesign.com\/en\/wp-json\/wp\/v2\/media\/3727"}],"wp:attachment":[{"href":"https:\/\/viallidesign.com\/en\/wp-json\/wp\/v2\/media?parent=3743"}],"wp:term":[{"taxonomy":"product_brand","embeddable":true,"href":"https:\/\/viallidesign.com\/en\/wp-json\/wp\/v2\/product_brand?post=3743"},{"taxonomy":"product_cat","embeddable":true,"href":"https:\/\/viallidesign.com\/en\/wp-json\/wp\/v2\/product_cat?post=3743"},{"taxonomy":"product_tag","embeddable":true,"href":"https:\/\/viallidesign.com\/en\/wp-json\/wp\/v2\/product_tag?post=3743"}],"curies":[{"name":"wp","href":"https:\/\/api.w.org\/{rel}","templated":true}]}}