{"id":3726,"date":"2024-06-13T15:25:07","date_gmt":"2024-06-13T13:25:07","guid":{"rendered":"https:\/\/vialliwp.ageno.work\/produkt\/zestaw-2-szklanek-termicznych-wysokich-z-podwojna-scianka-amo-350-ml-27831\/"},"modified":"2026-04-07T11:30:49","modified_gmt":"2026-04-07T09:30:49","slug":"zestaw-2-szklanek-termicznych-wysokich-z-podwojna-scianka-amo-350-ml-27831","status":"publish","type":"product","link":"https:\/\/viallidesign.com\/en\/product\/zestaw-2-szklanek-termicznych-wysokich-z-podwojna-scianka-amo-350-ml-27831\/","title":{"rendered":"Set of 2 Amo double-walled highball thermal glasses 350 ml 27831"},"content":{"rendered":"<p>Vialli Design's latest offering is a set of 2 tall Amo thermal glasses, with a capacity of 350ml. The functional glasses with a double wall have been made <strong>by hand, made from the highest quality glass<\/strong>. The vessel, thanks to its double walls, not only <strong>maintains the right temperature<\/strong> drink for longer, but also <strong>protects<\/strong> against scalding. We can hold it in our hand without fear, even when drinking hot tea or coffee. The glasses have an ergonomic shape which <strong>prevents slipping<\/strong> out of your hand. Ideal for serving both hot and cold drinks such as lattes, tea, drinks or even for serving salads and desserts in them.<\/p>\n<p class=\"gpsr-info\"><a href=\"https:\/\/kulig.com.pl\/gpsr\/\" target=\"_blank\" rel=\"noopener\">GPSR information<\/a><\/p>","protected":false},"excerpt":{"rendered":"<p>Najnowsza propozycja Vialli Design to zestaw 2 wysokich szklanek termicznych Amo, o pojemno\u015bci 350ml. Funkcjonalne szklanki z podw\u00f3jn\u0105 \u015bciank\u0105 zosta\u0142y wykonane r\u0119cznie, z najwy\u017cszej jako\u015bci szk\u0142a. Naczynie, dzi\u0119ki podw\u00f3jnym \u015bciankom nie tylko utrzymuje odpowiedni\u0105 temperatur\u0119 napoju na d\u0142u\u017cej, ale te\u017c chroni przed poparzeniem. Bez obaw mo\u017cemy trzyma\u0107 j\u0105 w d\u0142oni nawet, gdy pijemy gor\u0105c\u0105 herbat\u0119 [&hellip;]<\/p>","protected":false},"featured_media":3718,"template":"","meta":{"_uag_custom_page_level_css":"","site-sidebar-layout":"default","site-content-layout":"","ast-site-content-layout":"default","site-content-style":"default","site-sidebar-style":"default","ast-global-header-display":"","ast-banner-title-visibility":"","ast-main-header-display":"","ast-hfb-above-header-display":"","ast-hfb-below-header-display":"","ast-hfb-mobile-header-display":"","site-post-title":"","ast-breadcrumbs-content":"","ast-featured-img":"","footer-sml-layout":"","ast-disable-related-posts":"","theme-transparent-header-meta":"","adv-header-id-meta":"","stick-header-meta":"","header-above-stick-meta":"","header-main-stick-meta":"","header-below-stick-meta":"","astra-migrate-meta-layouts":"default","ast-page-background-enabled":"default","ast-page-background-meta":{"desktop":{"background-color":"","background-image":"","background-repeat":"repeat","background-position":"center center","background-size":"auto","background-attachment":"scroll","background-type":"","background-media":"","overlay-type":"","overlay-color":"","overlay-opacity":"","overlay-gradient":""},"tablet":{"background-color":"","background-image":"","background-repeat":"repeat","background-position":"center center","background-size":"auto","background-attachment":"scroll","background-type":"","background-media":"","overlay-type":"","overlay-color":"","overlay-opacity":"","overlay-gradient":""},"mobile":{"background-color":"","background-image":"","background-repeat":"repeat","background-position":"center center","background-size":"auto","background-attachment":"scroll","background-type":"","background-media":"","overlay-type":"","overlay-color":"","overlay-opacity":"","overlay-gradient":""}},"ast-content-background-meta":{"desktop":{"background-color":"var(--ast-global-color-5)","background-image":"","background-repeat":"repeat","background-position":"center center","background-size":"auto","background-attachment":"scroll","background-type":"","background-media":"","overlay-type":"","overlay-color":"","overlay-opacity":"","overlay-gradient":""},"tablet":{"background-color":"var(--ast-global-color-5)","background-image":"","background-repeat":"repeat","background-position":"center center","background-size":"auto","background-attachment":"scroll","background-type":"","background-media":"","overlay-type":"","overlay-color":"","overlay-opacity":"","overlay-gradient":""},"mobile":{"background-color":"var(--ast-global-color-5)","background-image":"","background-repeat":"repeat","background-position":"center center","background-size":"auto","background-attachment":"scroll","background-type":"","background-media":"","overlay-type":"","overlay-color":"","overlay-opacity":"","overlay-gradient":""}}},"product_brand":[],"product_cat":[432,17,436],"product_tag":[],"class_list":{"0":"post-3726","1":"product","2":"type-product","3":"status-publish","4":"has-post-thumbnail","6":"product_cat-jadalnia","7":"product_cat-produkty","8":"product_cat-szklanki-i-filizanki","9":"desktop-align-left","10":"tablet-align-left","11":"mobile-align-left","13":"first","14":"instock","15":"shipping-taxable","16":"purchasable","17":"product-type-simple"},"uagb_featured_image_src":{"full":["https:\/\/viallidesign.com\/wp-content\/uploads\/2024\/06\/13062024666af323ceae7-scaled.jpeg",2560,2560,false],"thumbnail":["https:\/\/viallidesign.com\/wp-content\/uploads\/2024\/06\/13062024666af323ceae7-scaled-80x80.jpeg",80,80,true],"medium":["https:\/\/viallidesign.com\/wp-content\/uploads\/2024\/06\/13062024666af323ceae7-scaled-300x300.jpeg",300,300,true],"medium_large":["https:\/\/viallidesign.com\/wp-content\/uploads\/2024\/06\/13062024666af323ceae7-scaled-768x768.jpeg",768,768,true],"large":["https:\/\/viallidesign.com\/wp-content\/uploads\/2024\/06\/13062024666af323ceae7-scaled-1024x1024.jpeg",1024,1024,true],"1536x1536":["https:\/\/viallidesign.com\/wp-content\/uploads\/2024\/06\/13062024666af323ceae7-scaled-1536x1536.jpeg",1536,1536,true],"2048x2048":["https:\/\/viallidesign.com\/wp-content\/uploads\/2024\/06\/13062024666af323ceae7-scaled-2048x2048.jpeg",2048,2048,true],"trp-custom-language-flag":["https:\/\/viallidesign.com\/wp-content\/uploads\/2024\/06\/13062024666af323ceae7-scaled.jpeg",12,12,false],"woocommerce_thumbnail":["https:\/\/viallidesign.com\/wp-content\/uploads\/2024\/06\/13062024666af323ceae7-scaled-600x600.jpeg",600,600,true],"woocommerce_single":["https:\/\/viallidesign.com\/wp-content\/uploads\/2024\/06\/13062024666af323ceae7-scaled-1200x1200.jpeg",1200,1200,true],"woocommerce_gallery_thumbnail":["https:\/\/viallidesign.com\/wp-content\/uploads\/2024\/06\/13062024666af323ceae7-scaled-100x100.jpeg",100,100,true],"dgwt-wcas-product-suggestion":["https:\/\/viallidesign.com\/wp-content\/uploads\/2024\/06\/13062024666af323ceae7-scaled-64x64.jpeg",64,64,true]},"uagb_author_info":{"display_name":"viallidesign","author_link":"https:\/\/viallidesign.com\/en\/author\/"},"uagb_comment_info":0,"uagb_excerpt":"Najnowsza propozycja Vialli Design to zestaw 2 wysokich szklanek termicznych Amo, o pojemno\u015bci 350ml. Funkcjonalne szklanki z podw\u00f3jn\u0105 \u015bciank\u0105 zosta\u0142y wykonane r\u0119cznie, z najwy\u017cszej jako\u015bci szk\u0142a. Naczynie, dzi\u0119ki podw\u00f3jnym \u015bciankom nie tylko utrzymuje odpowiedni\u0105 temperatur\u0119 napoju na d\u0142u\u017cej, ale te\u017c chroni przed poparzeniem. Bez obaw mo\u017cemy trzyma\u0107 j\u0105 w d\u0142oni nawet, gdy pijemy gor\u0105c\u0105 herbat\u0119&hellip;","_links":{"self":[{"href":"https:\/\/viallidesign.com\/en\/wp-json\/wp\/v2\/product\/3726","targetHints":{"allow":["GET"]}}],"collection":[{"href":"https:\/\/viallidesign.com\/en\/wp-json\/wp\/v2\/product"}],"about":[{"href":"https:\/\/viallidesign.com\/en\/wp-json\/wp\/v2\/types\/product"}],"wp:featuredmedia":[{"embeddable":true,"href":"https:\/\/viallidesign.com\/en\/wp-json\/wp\/v2\/media\/3718"}],"wp:attachment":[{"href":"https:\/\/viallidesign.com\/en\/wp-json\/wp\/v2\/media?parent=3726"}],"wp:term":[{"taxonomy":"product_brand","embeddable":true,"href":"https:\/\/viallidesign.com\/en\/wp-json\/wp\/v2\/product_brand?post=3726"},{"taxonomy":"product_cat","embeddable":true,"href":"https:\/\/viallidesign.com\/en\/wp-json\/wp\/v2\/product_cat?post=3726"},{"taxonomy":"product_tag","embeddable":true,"href":"https:\/\/viallidesign.com\/en\/wp-json\/wp\/v2\/product_tag?post=3726"}],"curies":[{"name":"wp","href":"https:\/\/api.w.org\/{rel}","templated":true}]}}