{"id":3717,"date":"2024-06-13T15:24:51","date_gmt":"2024-06-13T13:24:51","guid":{"rendered":"https:\/\/vialliwp.ageno.work\/produkt\/miska-z-podwojna-scianka-500-ml-amo-vialli-design\/"},"modified":"2026-03-27T02:30:03","modified_gmt":"2026-03-27T01:30:03","slug":"miska-z-podwojna-scianka-500-ml-amo-vialli-design","status":"publish","type":"product","link":"https:\/\/viallidesign.com\/en\/product\/miska-z-podwojna-scianka-500-ml-amo-vialli-design\/","title":{"rendered":"Bowl with double wall 500 ml Amo Vialli Design"},"content":{"rendered":"<p>A modern, functional bowl with <b>double wall<\/b> from the Amo series by Vialli Design. Made of high quality <b>borosilicate glass<\/b>  Dishwasher tarnish and heat shock resistant. The elegant bowl fits perfectly into the arrangement of any table. Salads, fruit and small snacks can be served in the dish. It is a classic combination of <b>original design with practical functionality.<\/b><\/p>\n<p class=\"gpsr-info\"><a href=\"https:\/\/kulig.com.pl\/gpsr\/\" target=\"_blank\" rel=\"noopener\">GPSR information<\/a><\/p>","protected":false},"excerpt":{"rendered":"<p>Nowoczesna, funkcjonalna miska z podw\u00f3jn\u0105 \u015bciank\u0105 z serii Amo marki Vialli Design. Wykonana z wysokiej jako\u015bci szk\u0142a boro-krzemowego odpornego na matowienie w zmywarce i szok termiczny. Elegancka miseczka idealnie dopasowuje si\u0119 do aran\u017cacji ka\u017cdego sto\u0142u. W naczyniu mo\u017cna serwowa\u0107 sa\u0142atki, owoce, drobne przek\u0105ski. To klasyczne po\u0142\u0105czenie oryginalnego wygl\u0105du z praktyczn\u0105 funkcjonalno\u015bci\u0105. Informacje GPSR<\/p>","protected":false},"featured_media":3712,"template":"","meta":{"_uag_custom_page_level_css":"","site-sidebar-layout":"default","site-content-layout":"","ast-site-content-layout":"default","site-content-style":"default","site-sidebar-style":"default","ast-global-header-display":"","ast-banner-title-visibility":"","ast-main-header-display":"","ast-hfb-above-header-display":"","ast-hfb-below-header-display":"","ast-hfb-mobile-header-display":"","site-post-title":"","ast-breadcrumbs-content":"","ast-featured-img":"","footer-sml-layout":"","ast-disable-related-posts":"","theme-transparent-header-meta":"","adv-header-id-meta":"","stick-header-meta":"","header-above-stick-meta":"","header-main-stick-meta":"","header-below-stick-meta":"","astra-migrate-meta-layouts":"default","ast-page-background-enabled":"default","ast-page-background-meta":{"desktop":{"background-color":"","background-image":"","background-repeat":"repeat","background-position":"center center","background-size":"auto","background-attachment":"scroll","background-type":"","background-media":"","overlay-type":"","overlay-color":"","overlay-opacity":"","overlay-gradient":""},"tablet":{"background-color":"","background-image":"","background-repeat":"repeat","background-position":"center center","background-size":"auto","background-attachment":"scroll","background-type":"","background-media":"","overlay-type":"","overlay-color":"","overlay-opacity":"","overlay-gradient":""},"mobile":{"background-color":"","background-image":"","background-repeat":"repeat","background-position":"center center","background-size":"auto","background-attachment":"scroll","background-type":"","background-media":"","overlay-type":"","overlay-color":"","overlay-opacity":"","overlay-gradient":""}},"ast-content-background-meta":{"desktop":{"background-color":"var(--ast-global-color-5)","background-image":"","background-repeat":"repeat","background-position":"center center","background-size":"auto","background-attachment":"scroll","background-type":"","background-media":"","overlay-type":"","overlay-color":"","overlay-opacity":"","overlay-gradient":""},"tablet":{"background-color":"var(--ast-global-color-5)","background-image":"","background-repeat":"repeat","background-position":"center center","background-size":"auto","background-attachment":"scroll","background-type":"","background-media":"","overlay-type":"","overlay-color":"","overlay-opacity":"","overlay-gradient":""},"mobile":{"background-color":"var(--ast-global-color-5)","background-image":"","background-repeat":"repeat","background-position":"center center","background-size":"auto","background-attachment":"scroll","background-type":"","background-media":"","overlay-type":"","overlay-color":"","overlay-opacity":"","overlay-gradient":""}}},"product_brand":[],"product_cat":[432,749,17],"product_tag":[],"class_list":{"0":"post-3717","1":"product","2":"type-product","3":"status-publish","4":"has-post-thumbnail","6":"product_cat-jadalnia","7":"product_cat-miski","8":"product_cat-produkty","9":"desktop-align-left","10":"tablet-align-left","11":"mobile-align-left","13":"first","14":"instock","15":"shipping-taxable","16":"purchasable","17":"product-type-simple"},"uagb_featured_image_src":{"full":["https:\/\/viallidesign.com\/wp-content\/uploads\/2024\/06\/13062024666af32317855.jpeg",805,1277,false],"thumbnail":["https:\/\/viallidesign.com\/wp-content\/uploads\/2024\/06\/13062024666af32317855-80x80.jpeg",80,80,true],"medium":["https:\/\/viallidesign.com\/wp-content\/uploads\/2024\/06\/13062024666af32317855-189x300.jpeg",189,300,true],"medium_large":["https:\/\/viallidesign.com\/wp-content\/uploads\/2024\/06\/13062024666af32317855-768x1218.jpeg",768,1218,true],"large":["https:\/\/viallidesign.com\/wp-content\/uploads\/2024\/06\/13062024666af32317855-646x1024.jpeg",646,1024,true],"1536x1536":["https:\/\/viallidesign.com\/wp-content\/uploads\/2024\/06\/13062024666af32317855.jpeg",805,1277,false],"2048x2048":["https:\/\/viallidesign.com\/wp-content\/uploads\/2024\/06\/13062024666af32317855.jpeg",805,1277,false],"trp-custom-language-flag":["https:\/\/viallidesign.com\/wp-content\/uploads\/2024\/06\/13062024666af32317855.jpeg",8,12,false],"woocommerce_thumbnail":["https:\/\/viallidesign.com\/wp-content\/uploads\/2024\/06\/13062024666af32317855-600x952.jpeg",600,952,true],"woocommerce_single":["https:\/\/viallidesign.com\/wp-content\/uploads\/2024\/06\/13062024666af32317855.jpeg",805,1277,false],"woocommerce_gallery_thumbnail":["https:\/\/viallidesign.com\/wp-content\/uploads\/2024\/06\/13062024666af32317855-100x100.jpeg",100,100,true],"dgwt-wcas-product-suggestion":["https:\/\/viallidesign.com\/wp-content\/uploads\/2024\/06\/13062024666af32317855-64x102.jpeg",64,102,true]},"uagb_author_info":{"display_name":"viallidesign","author_link":"https:\/\/viallidesign.com\/en\/author\/"},"uagb_comment_info":0,"uagb_excerpt":"Nowoczesna, funkcjonalna miska z podw\u00f3jn\u0105 \u015bciank\u0105 z serii Amo marki Vialli Design. Wykonana z wysokiej jako\u015bci szk\u0142a boro-krzemowego odpornego na matowienie w zmywarce i szok termiczny. Elegancka miseczka idealnie dopasowuje si\u0119 do aran\u017cacji ka\u017cdego sto\u0142u. W naczyniu mo\u017cna serwowa\u0107 sa\u0142atki, owoce, drobne przek\u0105ski. To klasyczne po\u0142\u0105czenie oryginalnego wygl\u0105du z praktyczn\u0105 funkcjonalno\u015bci\u0105. Informacje GPSR","_links":{"self":[{"href":"https:\/\/viallidesign.com\/en\/wp-json\/wp\/v2\/product\/3717","targetHints":{"allow":["GET"]}}],"collection":[{"href":"https:\/\/viallidesign.com\/en\/wp-json\/wp\/v2\/product"}],"about":[{"href":"https:\/\/viallidesign.com\/en\/wp-json\/wp\/v2\/types\/product"}],"wp:featuredmedia":[{"embeddable":true,"href":"https:\/\/viallidesign.com\/en\/wp-json\/wp\/v2\/media\/3712"}],"wp:attachment":[{"href":"https:\/\/viallidesign.com\/en\/wp-json\/wp\/v2\/media?parent=3717"}],"wp:term":[{"taxonomy":"product_brand","embeddable":true,"href":"https:\/\/viallidesign.com\/en\/wp-json\/wp\/v2\/product_brand?post=3717"},{"taxonomy":"product_cat","embeddable":true,"href":"https:\/\/viallidesign.com\/en\/wp-json\/wp\/v2\/product_cat?post=3717"},{"taxonomy":"product_tag","embeddable":true,"href":"https:\/\/viallidesign.com\/en\/wp-json\/wp\/v2\/product_tag?post=3717"}],"curies":[{"name":"wp","href":"https:\/\/api.w.org\/{rel}","templated":true}]}}