{"id":3700,"date":"2024-06-13T15:24:19","date_gmt":"2024-06-13T13:24:19","guid":{"rendered":"https:\/\/vialliwp.ageno.work\/produkt\/termos-z-wkladem-szklanym-1l-amo-szary-27787\/"},"modified":"2026-03-27T02:30:03","modified_gmt":"2026-03-27T01:30:03","slug":"termos-z-wkladem-szklanym-1l-amo-szary-27787","status":"publish","type":"product","link":"https:\/\/viallidesign.com\/en\/product\/termos-z-wkladem-szklanym-1l-amo-szary-27787\/","title":{"rendered":"Thermos with glass insert 1L AMO grey 27787"},"content":{"rendered":"<p style=\"margin-bottom: 0cm; font-weight: normal; line-height: 100%;\"><span style=\"font-family: Cambria, serif;\"><span style=\"font-size: medium;\">AMO thermos with a capacity of 1 litre.<\/span><\/span><\/p>\n<p style=\"margin-bottom: 0cm; font-weight: normal; line-height: 100%;\" align=\"justify\"><span style=\"font-family: Cambria, serif;\"><span style=\"font-size: medium;\">The AMO thermos is a functional product that is perfect for conferences, business meetings and family celebrations alike. <\/span><\/span><\/p>\n<p style=\"margin-bottom: 0cm; font-weight: normal; line-height: 100%;\" align=\"justify\"><span style=\"font-family: Cambria, serif;\"><span style=\"font-size: medium;\">The AMO thermos is an extremely practical and handy product. Its main advantage is the glass vacuum insulation, ensuring maximum retention of the right temperature for the <\/span><\/span><span style=\"font-family: Cambria, serif;\"><span style=\"font-size: medium;\"><span style=\"font-weight: normal;\">hot and cold drinks <\/span><\/span><span style=\"font-size: medium;\"><span style=\"font-weight: normal;\">even <\/span><\/span><span style=\"font-size: medium;\"><span style=\"font-weight: normal;\">for up to 24 hours. The product will do the job whether you want hot tea or cool juice on a hot day. Thanks to the use of top quality materials, the outer wall of the thermos <\/span><\/span><span style=\"font-size: medium;\"><span style=\"font-weight: normal;\">AMO <\/span><\/span><span style=\"font-size: medium;\"><span style=\"font-weight: normal;\">does not heat up when filled with hot drinks and does not condense when filled with cold drinks. The sturdy handle and the well-shaped spout ensure comfortable pouring of the drink. <\/span><\/span><span style=\"font-variant: normal;\"><span style=\"font-size: medium;\"><span style=\"font-style: normal;\"><span style=\"font-weight: normal;\">The thermos is <\/span><\/span><\/span><\/span><em><span style=\"font-variant: normal;\"><span style=\"font-size: medium;\"><span style=\"font-style: normal;\"><span style=\"font-weight: normal;\">light<\/span><\/span><\/span><\/span><\/em> <span style=\"font-variant: normal;\"><span style=\"font-size: medium;\"><span style=\"font-style: normal;\"><span style=\"font-weight: normal;\">and handy. <\/span><\/span><\/span><\/span><\/span><\/p>\n<p class=\"gpsr-info\"><a href=\"https:\/\/kulig.com.pl\/gpsr\/\" target=\"_blank\" rel=\"noopener\">GPSR information<\/a><\/p>","protected":false},"excerpt":{"rendered":"<p>Termos AMO o pojemno\u015bci 1 litra. Termos AMO to funkcjonalny produkt, kt\u00f3ry doskonale sprawdzi si\u0119 zar\u00f3wno podczas konferencji, spotka\u0144 biznesowych oraz rodzinnych uroczysto\u015bci. Termos AMO to produkt niezwykle praktyczny i por\u0119czny. Jego g\u0142\u00f3wn\u0105 zalet\u0105 jest szklana izolacja pr\u00f3\u017cniowa, zapewniaj\u0105ca maksymalne utrzymanie odpowiedniej temperatury dla gor\u0105cych i zimnych napoj\u00f3w nawet do 24 godzin. Produkt spe\u0142ni swoje [&hellip;]<\/p>","protected":false},"featured_media":3689,"template":"","meta":{"_uag_custom_page_level_css":"","site-sidebar-layout":"default","site-content-layout":"","ast-site-content-layout":"default","site-content-style":"default","site-sidebar-style":"default","ast-global-header-display":"","ast-banner-title-visibility":"","ast-main-header-display":"","ast-hfb-above-header-display":"","ast-hfb-below-header-display":"","ast-hfb-mobile-header-display":"","site-post-title":"","ast-breadcrumbs-content":"","ast-featured-img":"","footer-sml-layout":"","ast-disable-related-posts":"","theme-transparent-header-meta":"","adv-header-id-meta":"","stick-header-meta":"","header-above-stick-meta":"","header-main-stick-meta":"","header-below-stick-meta":"","astra-migrate-meta-layouts":"default","ast-page-background-enabled":"default","ast-page-background-meta":{"desktop":{"background-color":"","background-image":"","background-repeat":"repeat","background-position":"center center","background-size":"auto","background-attachment":"scroll","background-type":"","background-media":"","overlay-type":"","overlay-color":"","overlay-opacity":"","overlay-gradient":""},"tablet":{"background-color":"","background-image":"","background-repeat":"repeat","background-position":"center center","background-size":"auto","background-attachment":"scroll","background-type":"","background-media":"","overlay-type":"","overlay-color":"","overlay-opacity":"","overlay-gradient":""},"mobile":{"background-color":"","background-image":"","background-repeat":"repeat","background-position":"center center","background-size":"auto","background-attachment":"scroll","background-type":"","background-media":"","overlay-type":"","overlay-color":"","overlay-opacity":"","overlay-gradient":""}},"ast-content-background-meta":{"desktop":{"background-color":"var(--ast-global-color-5)","background-image":"","background-repeat":"repeat","background-position":"center center","background-size":"auto","background-attachment":"scroll","background-type":"","background-media":"","overlay-type":"","overlay-color":"","overlay-opacity":"","overlay-gradient":""},"tablet":{"background-color":"var(--ast-global-color-5)","background-image":"","background-repeat":"repeat","background-position":"center center","background-size":"auto","background-attachment":"scroll","background-type":"","background-media":"","overlay-type":"","overlay-color":"","overlay-opacity":"","overlay-gradient":""},"mobile":{"background-color":"var(--ast-global-color-5)","background-image":"","background-repeat":"repeat","background-position":"center center","background-size":"auto","background-attachment":"scroll","background-type":"","background-media":"","overlay-type":"","overlay-color":"","overlay-opacity":"","overlay-gradient":""}}},"product_brand":[],"product_cat":[432,17,439],"product_tag":[],"class_list":{"0":"post-3700","1":"product","2":"type-product","3":"status-publish","4":"has-post-thumbnail","6":"product_cat-jadalnia","7":"product_cat-produkty","8":"product_cat-termosy-z-wkladem-szklanym","9":"desktop-align-left","10":"tablet-align-left","11":"mobile-align-left","13":"first","14":"instock","15":"shipping-taxable","16":"purchasable","17":"product-type-simple"},"uagb_featured_image_src":{"full":["https:\/\/viallidesign.com\/wp-content\/uploads\/2024\/06\/13062024666af2e4140be-scaled.jpeg",2121,2560,false],"thumbnail":["https:\/\/viallidesign.com\/wp-content\/uploads\/2024\/06\/13062024666af2e4140be-scaled-80x80.jpeg",80,80,true],"medium":["https:\/\/viallidesign.com\/wp-content\/uploads\/2024\/06\/13062024666af2e4140be-scaled-249x300.jpeg",249,300,true],"medium_large":["https:\/\/viallidesign.com\/wp-content\/uploads\/2024\/06\/13062024666af2e4140be-scaled-768x927.jpeg",768,927,true],"large":["https:\/\/viallidesign.com\/wp-content\/uploads\/2024\/06\/13062024666af2e4140be-scaled-848x1024.jpeg",848,1024,true],"1536x1536":["https:\/\/viallidesign.com\/wp-content\/uploads\/2024\/06\/13062024666af2e4140be-scaled-1273x1536.jpeg",1273,1536,true],"2048x2048":["https:\/\/viallidesign.com\/wp-content\/uploads\/2024\/06\/13062024666af2e4140be-scaled-1697x2048.jpeg",1697,2048,true],"trp-custom-language-flag":["https:\/\/viallidesign.com\/wp-content\/uploads\/2024\/06\/13062024666af2e4140be-scaled.jpeg",10,12,false],"woocommerce_thumbnail":["https:\/\/viallidesign.com\/wp-content\/uploads\/2024\/06\/13062024666af2e4140be-scaled-600x724.jpeg",600,724,true],"woocommerce_single":["https:\/\/viallidesign.com\/wp-content\/uploads\/2024\/06\/13062024666af2e4140be-scaled-1200x1448.jpeg",1200,1448,true],"woocommerce_gallery_thumbnail":["https:\/\/viallidesign.com\/wp-content\/uploads\/2024\/06\/13062024666af2e4140be-scaled-100x100.jpeg",100,100,true],"dgwt-wcas-product-suggestion":["https:\/\/viallidesign.com\/wp-content\/uploads\/2024\/06\/13062024666af2e4140be-scaled-64x77.jpeg",64,77,true]},"uagb_author_info":{"display_name":"viallidesign","author_link":"https:\/\/viallidesign.com\/en\/author\/"},"uagb_comment_info":0,"uagb_excerpt":"Termos AMO o pojemno\u015bci 1 litra. Termos AMO to funkcjonalny produkt, kt\u00f3ry doskonale sprawdzi si\u0119 zar\u00f3wno podczas konferencji, spotka\u0144 biznesowych oraz rodzinnych uroczysto\u015bci. Termos AMO to produkt niezwykle praktyczny i por\u0119czny. Jego g\u0142\u00f3wn\u0105 zalet\u0105 jest szklana izolacja pr\u00f3\u017cniowa, zapewniaj\u0105ca maksymalne utrzymanie odpowiedniej temperatury dla gor\u0105cych i zimnych napoj\u00f3w nawet do 24 godzin. Produkt spe\u0142ni swoje&hellip;","_links":{"self":[{"href":"https:\/\/viallidesign.com\/en\/wp-json\/wp\/v2\/product\/3700","targetHints":{"allow":["GET"]}}],"collection":[{"href":"https:\/\/viallidesign.com\/en\/wp-json\/wp\/v2\/product"}],"about":[{"href":"https:\/\/viallidesign.com\/en\/wp-json\/wp\/v2\/types\/product"}],"wp:featuredmedia":[{"embeddable":true,"href":"https:\/\/viallidesign.com\/en\/wp-json\/wp\/v2\/media\/3689"}],"wp:attachment":[{"href":"https:\/\/viallidesign.com\/en\/wp-json\/wp\/v2\/media?parent=3700"}],"wp:term":[{"taxonomy":"product_brand","embeddable":true,"href":"https:\/\/viallidesign.com\/en\/wp-json\/wp\/v2\/product_brand?post=3700"},{"taxonomy":"product_cat","embeddable":true,"href":"https:\/\/viallidesign.com\/en\/wp-json\/wp\/v2\/product_cat?post=3700"},{"taxonomy":"product_tag","embeddable":true,"href":"https:\/\/viallidesign.com\/en\/wp-json\/wp\/v2\/product_tag?post=3700"}],"curies":[{"name":"wp","href":"https:\/\/api.w.org\/{rel}","templated":true}]}}