{"id":3366,"date":"2024-06-10T13:37:02","date_gmt":"2024-06-10T11:37:02","guid":{"rendered":"https:\/\/vialliwp.ageno.work\/produkt\/komplet-2-szklanek-250ml-z-podwojna-scianka-250ml-geo-7572\/"},"modified":"2026-03-27T02:25:05","modified_gmt":"2026-03-27T01:25:05","slug":"komplet-2-szklanek-250ml-z-podwojna-scianka-250ml-geo-7572","status":"publish","type":"product","link":"https:\/\/viallidesign.com\/en\/product\/komplet-2-szklanek-250ml-z-podwojna-scianka-250ml-geo-7572\/","title":{"rendered":"Set of 2 double-walled 250ml glasses Geo 7572"},"content":{"rendered":"<p style=\"margin-bottom: 0cm; line-height: 100%;\"><span style=\"font-family: Arial, sans-serif;\">A set of 2 250ml glasses from the GEO series by Vialli Design. GEO thermal glasses are handmade from high quality borosilicate glass. The double wall insulates, thus preserving the right temperature of the drink for a longer period of time. The glasses are suitable for serving coffee, tea as well as cold drinks and beverages. The products are dishwasher-safe, but due to the delicate thin glass, hand washing is recommended. <\/span><\/p>\n<p class=\"gpsr-info\"><a href=\"https:\/\/kulig.com.pl\/gpsr\/\" target=\"_blank\" rel=\"noopener\">GPSR information<\/a><\/p>","protected":false},"excerpt":{"rendered":"<p>Zestaw 2 szklanek o pojemno\u015bci 250ml z serii GEO marki Vialli Design.\u00a0Szklanki termiczne GEO wykonane s\u0105 r\u0119cznie z wysokiej jako\u015bci szk\u0142a borokrzemowego. Podw\u00f3jna \u015bcianka izoluje, dzi\u0119ki czemu zachowana jest odpowiednia temperatura napoju przez d\u0142u\u017cszy czas. Szklanki nadaj\u0105 si\u0119 zar\u00f3wno do serwowania kawy, herbaty, jak r\u00f3wnie\u017c zimnych napoj\u00f3w i drink\u00f3w. Produkty nadaj\u0105 si\u0119 do u\u017cytku w [&hellip;]<\/p>","protected":false},"featured_media":3352,"template":"","meta":{"_uag_custom_page_level_css":"","site-sidebar-layout":"default","site-content-layout":"","ast-site-content-layout":"default","site-content-style":"default","site-sidebar-style":"default","ast-global-header-display":"","ast-banner-title-visibility":"","ast-main-header-display":"","ast-hfb-above-header-display":"","ast-hfb-below-header-display":"","ast-hfb-mobile-header-display":"","site-post-title":"","ast-breadcrumbs-content":"","ast-featured-img":"","footer-sml-layout":"","ast-disable-related-posts":"","theme-transparent-header-meta":"","adv-header-id-meta":"","stick-header-meta":"","header-above-stick-meta":"","header-main-stick-meta":"","header-below-stick-meta":"","astra-migrate-meta-layouts":"default","ast-page-background-enabled":"default","ast-page-background-meta":{"desktop":{"background-color":"","background-image":"","background-repeat":"repeat","background-position":"center center","background-size":"auto","background-attachment":"scroll","background-type":"","background-media":"","overlay-type":"","overlay-color":"","overlay-opacity":"","overlay-gradient":""},"tablet":{"background-color":"","background-image":"","background-repeat":"repeat","background-position":"center center","background-size":"auto","background-attachment":"scroll","background-type":"","background-media":"","overlay-type":"","overlay-color":"","overlay-opacity":"","overlay-gradient":""},"mobile":{"background-color":"","background-image":"","background-repeat":"repeat","background-position":"center center","background-size":"auto","background-attachment":"scroll","background-type":"","background-media":"","overlay-type":"","overlay-color":"","overlay-opacity":"","overlay-gradient":""}},"ast-content-background-meta":{"desktop":{"background-color":"var(--ast-global-color-5)","background-image":"","background-repeat":"repeat","background-position":"center center","background-size":"auto","background-attachment":"scroll","background-type":"","background-media":"","overlay-type":"","overlay-color":"","overlay-opacity":"","overlay-gradient":""},"tablet":{"background-color":"var(--ast-global-color-5)","background-image":"","background-repeat":"repeat","background-position":"center center","background-size":"auto","background-attachment":"scroll","background-type":"","background-media":"","overlay-type":"","overlay-color":"","overlay-opacity":"","overlay-gradient":""},"mobile":{"background-color":"var(--ast-global-color-5)","background-image":"","background-repeat":"repeat","background-position":"center center","background-size":"auto","background-attachment":"scroll","background-type":"","background-media":"","overlay-type":"","overlay-color":"","overlay-opacity":"","overlay-gradient":""}}},"product_brand":[],"product_cat":[432,17,436],"product_tag":[],"class_list":{"0":"post-3366","1":"product","2":"type-product","3":"status-publish","4":"has-post-thumbnail","6":"product_cat-jadalnia","7":"product_cat-produkty","8":"product_cat-szklanki-i-filizanki","9":"desktop-align-left","10":"tablet-align-left","11":"mobile-align-left","13":"first","14":"instock","15":"shipping-taxable","16":"purchasable","17":"product-type-simple"},"uagb_featured_image_src":{"full":["https:\/\/viallidesign.com\/wp-content\/uploads\/2024\/06\/100620246666e536b70c2-scaled.jpeg",2560,2493,false],"thumbnail":["https:\/\/viallidesign.com\/wp-content\/uploads\/2024\/06\/100620246666e536b70c2-scaled-80x80.jpeg",80,80,true],"medium":["https:\/\/viallidesign.com\/wp-content\/uploads\/2024\/06\/100620246666e536b70c2-scaled-300x292.jpeg",300,292,true],"medium_large":["https:\/\/viallidesign.com\/wp-content\/uploads\/2024\/06\/100620246666e536b70c2-scaled-768x748.jpeg",768,748,true],"large":["https:\/\/viallidesign.com\/wp-content\/uploads\/2024\/06\/100620246666e536b70c2-scaled-1024x997.jpeg",1024,997,true],"1536x1536":["https:\/\/viallidesign.com\/wp-content\/uploads\/2024\/06\/100620246666e536b70c2-scaled-1536x1496.jpeg",1536,1496,true],"2048x2048":["https:\/\/viallidesign.com\/wp-content\/uploads\/2024\/06\/100620246666e536b70c2-scaled-2048x1994.jpeg",2048,1994,true],"trp-custom-language-flag":["https:\/\/viallidesign.com\/wp-content\/uploads\/2024\/06\/100620246666e536b70c2-scaled.jpeg",12,12,false],"woocommerce_thumbnail":["https:\/\/viallidesign.com\/wp-content\/uploads\/2024\/06\/100620246666e536b70c2-scaled-600x584.jpeg",600,584,true],"woocommerce_single":["https:\/\/viallidesign.com\/wp-content\/uploads\/2024\/06\/100620246666e536b70c2-scaled-1200x1169.jpeg",1200,1169,true],"woocommerce_gallery_thumbnail":["https:\/\/viallidesign.com\/wp-content\/uploads\/2024\/06\/100620246666e536b70c2-scaled-100x100.jpeg",100,100,true],"dgwt-wcas-product-suggestion":["https:\/\/viallidesign.com\/wp-content\/uploads\/2024\/06\/100620246666e536b70c2-scaled-64x62.jpeg",64,62,true]},"uagb_author_info":{"display_name":"viallidesign","author_link":"https:\/\/viallidesign.com\/en\/author\/"},"uagb_comment_info":0,"uagb_excerpt":"Zestaw 2 szklanek o pojemno\u015bci 250ml z serii GEO marki Vialli Design.\u00a0Szklanki termiczne GEO wykonane s\u0105 r\u0119cznie z wysokiej jako\u015bci szk\u0142a borokrzemowego. Podw\u00f3jna \u015bcianka izoluje, dzi\u0119ki czemu zachowana jest odpowiednia temperatura napoju przez d\u0142u\u017cszy czas. Szklanki nadaj\u0105 si\u0119 zar\u00f3wno do serwowania kawy, herbaty, jak r\u00f3wnie\u017c zimnych napoj\u00f3w i drink\u00f3w. Produkty nadaj\u0105 si\u0119 do u\u017cytku w&hellip;","_links":{"self":[{"href":"https:\/\/viallidesign.com\/en\/wp-json\/wp\/v2\/product\/3366","targetHints":{"allow":["GET"]}}],"collection":[{"href":"https:\/\/viallidesign.com\/en\/wp-json\/wp\/v2\/product"}],"about":[{"href":"https:\/\/viallidesign.com\/en\/wp-json\/wp\/v2\/types\/product"}],"wp:featuredmedia":[{"embeddable":true,"href":"https:\/\/viallidesign.com\/en\/wp-json\/wp\/v2\/media\/3352"}],"wp:attachment":[{"href":"https:\/\/viallidesign.com\/en\/wp-json\/wp\/v2\/media?parent=3366"}],"wp:term":[{"taxonomy":"product_brand","embeddable":true,"href":"https:\/\/viallidesign.com\/en\/wp-json\/wp\/v2\/product_brand?post=3366"},{"taxonomy":"product_cat","embeddable":true,"href":"https:\/\/viallidesign.com\/en\/wp-json\/wp\/v2\/product_cat?post=3366"},{"taxonomy":"product_tag","embeddable":true,"href":"https:\/\/viallidesign.com\/en\/wp-json\/wp\/v2\/product_tag?post=3366"}],"curies":[{"name":"wp","href":"https:\/\/api.w.org\/{rel}","templated":true}]}}