{"id":3342,"date":"2024-06-10T13:35:54","date_gmt":"2024-06-10T11:35:54","guid":{"rendered":"https:\/\/vialliwp.ageno.work\/produkt\/zestaw-2-dozownikow-do-oliwy-i-octu-livio-27527\/"},"modified":"2026-03-30T20:56:22","modified_gmt":"2026-03-30T18:56:22","slug":"zestaw-2-dozownikow-do-oliwy-i-octu-livio-27527","status":"publish","type":"product","link":"https:\/\/viallidesign.com\/en\/product\/zestaw-2-dozownikow-do-oliwy-i-octu-livio-27527\/","title":{"rendered":"Set of 2 oil and vinegar dispensers LIVIO 27527"},"content":{"rendered":"<p style=\"margin-bottom: 0cm; line-height: 150%;\">An elegant and practical set of dispensers by Vialli Design. The set is primarily intended for olive oil and wine or balsamic vinegar. It will also be perfect for soy sauces or other liquid spices. High-quality workmanship, ease of use and a striking design are the features of this product. Thanks to the extremely practical dispensers with non-drip system, we can easily cover the <span style=\"font-weight: normal;\">the surface of the pan <\/span>with a thin layer of oil and in a controlled manner <span style=\"font-weight: normal;\">season the salad <\/span><span style=\"font-weight: normal;\">or<\/span><span style=\"font-weight: normal;\"> other dishes.<\/span> <span style=\"font-weight: normal;\">Elegant form <\/span>The dispensers presented here will allow them to be used in the kitchen and at the table. <span style=\"text-decoration: none;\">A glass dispenser with transparent cuttings will allow you to display the contents and at the same time control its level.<\/span><span style=\"text-decoration: none;\">m<\/span><span style=\"text-decoration: none;\">. <\/span>The black and white colour scheme is perfect for modernist kitchens, and in addition to its utilitarian functions, the product will also be an interesting decorative accent.<\/p>\n<p style=\"margin-bottom: 0cm; line-height: 100%;\">\u00a0<\/p>\n<p style=\"margin-bottom: 0cm; line-height: 100%;\">Set of two glass bottles with dispensers<\/p>\n<p style=\"margin-bottom: 0cm; line-height: 100%;\">Dimensions:<\/p>\n<p style=\"margin-bottom: 0cm; line-height: 100%;\">Set 11.7 x 6 x 16.2cm,<\/p>\n<p style=\"margin-bottom: 0cm; line-height: 100%;\">Larger bottle: diameter 7cm, height 15cm, capacity 170 ml<\/p>\n<p style=\"margin-bottom: 0cm; line-height: 100%;\">Smaller bottle: diameter 7 cm, height 10.5 cm, capacity 100 ml<\/p>\n<p class=\"gpsr-info\"><a href=\"https:\/\/kulig.com.pl\/gpsr\/\" target=\"_blank\" rel=\"noopener\">GPSR information<\/a><\/p>","protected":false},"excerpt":{"rendered":"<p>Elegancki i praktyczny zestaw dozownik\u00f3w marki Vialli Design. Zestaw jest przeznaczony przede wszystkim do oliwy z oliwek oraz octu winnego czy balsamicznego.\u00a0Doskonale sprawdzi si\u0119 tak\u017ce w przypadku sos\u00f3w sojowych lub innych przypraw w p\u0142ynie.\u00a0Wysoka jako\u015b\u0107 wykonania, \u0142atwo\u015b\u0107 u\u017cytkowania, efektowny wygl\u0105d to cechy tego produktu. Dzi\u0119ki niezwykle praktycznym dozownikom z systemem non-drip z \u0142atwo\u015bci\u0105 pokryjemy powierzchni\u0119 [&hellip;]<\/p>","protected":false},"featured_media":3335,"template":"","meta":{"_uag_custom_page_level_css":"","site-sidebar-layout":"default","site-content-layout":"","ast-site-content-layout":"default","site-content-style":"default","site-sidebar-style":"default","ast-global-header-display":"","ast-banner-title-visibility":"","ast-main-header-display":"","ast-hfb-above-header-display":"","ast-hfb-below-header-display":"","ast-hfb-mobile-header-display":"","site-post-title":"","ast-breadcrumbs-content":"","ast-featured-img":"","footer-sml-layout":"","ast-disable-related-posts":"","theme-transparent-header-meta":"","adv-header-id-meta":"","stick-header-meta":"","header-above-stick-meta":"","header-main-stick-meta":"","header-below-stick-meta":"","astra-migrate-meta-layouts":"default","ast-page-background-enabled":"default","ast-page-background-meta":{"desktop":{"background-color":"","background-image":"","background-repeat":"repeat","background-position":"center center","background-size":"auto","background-attachment":"scroll","background-type":"","background-media":"","overlay-type":"","overlay-color":"","overlay-opacity":"","overlay-gradient":""},"tablet":{"background-color":"","background-image":"","background-repeat":"repeat","background-position":"center center","background-size":"auto","background-attachment":"scroll","background-type":"","background-media":"","overlay-type":"","overlay-color":"","overlay-opacity":"","overlay-gradient":""},"mobile":{"background-color":"","background-image":"","background-repeat":"repeat","background-position":"center center","background-size":"auto","background-attachment":"scroll","background-type":"","background-media":"","overlay-type":"","overlay-color":"","overlay-opacity":"","overlay-gradient":""}},"ast-content-background-meta":{"desktop":{"background-color":"var(--ast-global-color-5)","background-image":"","background-repeat":"repeat","background-position":"center center","background-size":"auto","background-attachment":"scroll","background-type":"","background-media":"","overlay-type":"","overlay-color":"","overlay-opacity":"","overlay-gradient":""},"tablet":{"background-color":"var(--ast-global-color-5)","background-image":"","background-repeat":"repeat","background-position":"center center","background-size":"auto","background-attachment":"scroll","background-type":"","background-media":"","overlay-type":"","overlay-color":"","overlay-opacity":"","overlay-gradient":""},"mobile":{"background-color":"var(--ast-global-color-5)","background-image":"","background-repeat":"repeat","background-position":"center center","background-size":"auto","background-attachment":"scroll","background-type":"","background-media":"","overlay-type":"","overlay-color":"","overlay-opacity":"","overlay-gradient":""}}},"product_brand":[],"product_cat":[433,442,17],"product_tag":[],"class_list":{"0":"post-3342","1":"product","2":"type-product","3":"status-publish","4":"has-post-thumbnail","6":"product_cat-kuchnia","7":"product_cat-mlynki-i-przyprawniki","8":"product_cat-produkty","9":"desktop-align-left","10":"tablet-align-left","11":"mobile-align-left","13":"first","14":"instock","15":"shipping-taxable","16":"purchasable","17":"product-type-simple"},"uagb_featured_image_src":{"full":["https:\/\/viallidesign.com\/wp-content\/uploads\/2024\/06\/100620246666e507c9fc9-scaled.jpeg",2560,2534,false],"thumbnail":["https:\/\/viallidesign.com\/wp-content\/uploads\/2024\/06\/100620246666e507c9fc9-scaled-80x80.jpeg",80,80,true],"medium":["https:\/\/viallidesign.com\/wp-content\/uploads\/2024\/06\/100620246666e507c9fc9-scaled-300x297.jpeg",300,297,true],"medium_large":["https:\/\/viallidesign.com\/wp-content\/uploads\/2024\/06\/100620246666e507c9fc9-scaled-768x760.jpeg",768,760,true],"large":["https:\/\/viallidesign.com\/wp-content\/uploads\/2024\/06\/100620246666e507c9fc9-scaled-1024x1014.jpeg",1024,1014,true],"1536x1536":["https:\/\/viallidesign.com\/wp-content\/uploads\/2024\/06\/100620246666e507c9fc9-scaled-1536x1520.jpeg",1536,1520,true],"2048x2048":["https:\/\/viallidesign.com\/wp-content\/uploads\/2024\/06\/100620246666e507c9fc9-scaled-2048x2027.jpeg",2048,2027,true],"trp-custom-language-flag":["https:\/\/viallidesign.com\/wp-content\/uploads\/2024\/06\/100620246666e507c9fc9-scaled.jpeg",12,12,false],"woocommerce_thumbnail":["https:\/\/viallidesign.com\/wp-content\/uploads\/2024\/06\/100620246666e507c9fc9-scaled-600x594.jpeg",600,594,true],"woocommerce_single":["https:\/\/viallidesign.com\/wp-content\/uploads\/2024\/06\/100620246666e507c9fc9-scaled-1200x1188.jpeg",1200,1188,true],"woocommerce_gallery_thumbnail":["https:\/\/viallidesign.com\/wp-content\/uploads\/2024\/06\/100620246666e507c9fc9-scaled-100x100.jpeg",100,100,true],"dgwt-wcas-product-suggestion":["https:\/\/viallidesign.com\/wp-content\/uploads\/2024\/06\/100620246666e507c9fc9-scaled-64x63.jpeg",64,63,true]},"uagb_author_info":{"display_name":"viallidesign","author_link":"https:\/\/viallidesign.com\/en\/author\/"},"uagb_comment_info":0,"uagb_excerpt":"Elegancki i praktyczny zestaw dozownik\u00f3w marki Vialli Design. Zestaw jest przeznaczony przede wszystkim do oliwy z oliwek oraz octu winnego czy balsamicznego.\u00a0Doskonale sprawdzi si\u0119 tak\u017ce w przypadku sos\u00f3w sojowych lub innych przypraw w p\u0142ynie.\u00a0Wysoka jako\u015b\u0107 wykonania, \u0142atwo\u015b\u0107 u\u017cytkowania, efektowny wygl\u0105d to cechy tego produktu. Dzi\u0119ki niezwykle praktycznym dozownikom z systemem non-drip z \u0142atwo\u015bci\u0105 pokryjemy powierzchni\u0119&hellip;","_links":{"self":[{"href":"https:\/\/viallidesign.com\/en\/wp-json\/wp\/v2\/product\/3342","targetHints":{"allow":["GET"]}}],"collection":[{"href":"https:\/\/viallidesign.com\/en\/wp-json\/wp\/v2\/product"}],"about":[{"href":"https:\/\/viallidesign.com\/en\/wp-json\/wp\/v2\/types\/product"}],"wp:featuredmedia":[{"embeddable":true,"href":"https:\/\/viallidesign.com\/en\/wp-json\/wp\/v2\/media\/3335"}],"wp:attachment":[{"href":"https:\/\/viallidesign.com\/en\/wp-json\/wp\/v2\/media?parent=3342"}],"wp:term":[{"taxonomy":"product_brand","embeddable":true,"href":"https:\/\/viallidesign.com\/en\/wp-json\/wp\/v2\/product_brand?post=3342"},{"taxonomy":"product_cat","embeddable":true,"href":"https:\/\/viallidesign.com\/en\/wp-json\/wp\/v2\/product_cat?post=3342"},{"taxonomy":"product_tag","embeddable":true,"href":"https:\/\/viallidesign.com\/en\/wp-json\/wp\/v2\/product_tag?post=3342"}],"curies":[{"name":"wp","href":"https:\/\/api.w.org\/{rel}","templated":true}]}}