{"id":3314,"date":"2024-06-10T13:34:45","date_gmt":"2024-06-10T11:34:45","guid":{"rendered":"https:\/\/vialliwp.ageno.work\/produkt\/komplet-2-filizanek-ze-spodkami-z-podwojna-scianka-250ml-amo-27565\/"},"modified":"2026-03-27T02:25:05","modified_gmt":"2026-03-27T01:25:05","slug":"komplet-2-filizanek-ze-spodkami-z-podwojna-scianka-250ml-amo-27565","status":"publish","type":"product","link":"https:\/\/viallidesign.com\/en\/product\/komplet-2-filizanek-ze-spodkami-z-podwojna-scianka-250ml-amo-27565\/","title":{"rendered":"Set of 2 cups with saucers with double wall 250ml Amo 27565"},"content":{"rendered":"<p>Set of 2 cups with saucers <strong>Amo<\/strong> with a capacity of 250 ml is an elegant and functional proposition by Vialli Design, ideal for serving coffee, tea and other hot drinks. The modern form and minimalist design make the set look perfect on any table.<\/p>\n<p>The cups have been handcrafted from high-quality borosilicate glass and feature double walls that effectively maintain the temperature of the drink for longer while protecting hands from scalding. The saucers complete the set, enhancing the comfort and aesthetics of use.<\/p>\n<p>The Amo set will prove its worth both in everyday use and when meeting guests. It is also an excellent idea for an elegant and practical gift.<\/p>\n<p><strong>Product features:<\/strong><\/p>\n<ul>\n<li>set of 2 cups with saucers<\/li>\n<li>cup capacity: 250 ml<\/li>\n<li>double wall to maintain the temperature of the beverage<\/li>\n<li>handmade<\/li>\n<li>modern, elegant design<\/li>\n<li>ideal for coffee and tea<\/li>\n<\/ul>\n<p><strong>Material:<\/strong> borosilicate glass<br \/> <strong>Weight of set:<\/strong> approx. 0.15 kg<\/p>\n<p class=\"gpsr-info\"><a href=\"https:\/\/kulig.com.pl\/gpsr\/\" target=\"_blank\" rel=\"noopener\">GPSR information<\/a><\/p>","protected":false},"excerpt":{"rendered":"<p>Komplet 2 fili\u017canek ze spodkami Amo o pojemno\u015bci 250 ml to elegancka i funkcjonalna propozycja marki Vialli Design, idealna do serwowania kawy, herbaty oraz innych gor\u0105cych napoj\u00f3w. Nowoczesna forma i minimalistyczny design sprawiaj\u0105, \u017ce zestaw doskonale prezentuje si\u0119 na ka\u017cdym stole. Fili\u017canki zosta\u0142y wykonane r\u0119cznie z wysokiej jako\u015bci szk\u0142a borokrzemowego i wyposa\u017cone w podw\u00f3jne \u015bcianki, [&hellip;]<\/p>","protected":false},"featured_media":3303,"template":"","meta":{"_uag_custom_page_level_css":"","site-sidebar-layout":"default","site-content-layout":"","ast-site-content-layout":"default","site-content-style":"default","site-sidebar-style":"default","ast-global-header-display":"","ast-banner-title-visibility":"","ast-main-header-display":"","ast-hfb-above-header-display":"","ast-hfb-below-header-display":"","ast-hfb-mobile-header-display":"","site-post-title":"","ast-breadcrumbs-content":"","ast-featured-img":"","footer-sml-layout":"","ast-disable-related-posts":"","theme-transparent-header-meta":"","adv-header-id-meta":"","stick-header-meta":"","header-above-stick-meta":"","header-main-stick-meta":"","header-below-stick-meta":"","astra-migrate-meta-layouts":"default","ast-page-background-enabled":"default","ast-page-background-meta":{"desktop":{"background-color":"","background-image":"","background-repeat":"repeat","background-position":"center center","background-size":"auto","background-attachment":"scroll","background-type":"","background-media":"","overlay-type":"","overlay-color":"","overlay-opacity":"","overlay-gradient":""},"tablet":{"background-color":"","background-image":"","background-repeat":"repeat","background-position":"center center","background-size":"auto","background-attachment":"scroll","background-type":"","background-media":"","overlay-type":"","overlay-color":"","overlay-opacity":"","overlay-gradient":""},"mobile":{"background-color":"","background-image":"","background-repeat":"repeat","background-position":"center center","background-size":"auto","background-attachment":"scroll","background-type":"","background-media":"","overlay-type":"","overlay-color":"","overlay-opacity":"","overlay-gradient":""}},"ast-content-background-meta":{"desktop":{"background-color":"var(--ast-global-color-5)","background-image":"","background-repeat":"repeat","background-position":"center center","background-size":"auto","background-attachment":"scroll","background-type":"","background-media":"","overlay-type":"","overlay-color":"","overlay-opacity":"","overlay-gradient":""},"tablet":{"background-color":"var(--ast-global-color-5)","background-image":"","background-repeat":"repeat","background-position":"center center","background-size":"auto","background-attachment":"scroll","background-type":"","background-media":"","overlay-type":"","overlay-color":"","overlay-opacity":"","overlay-gradient":""},"mobile":{"background-color":"var(--ast-global-color-5)","background-image":"","background-repeat":"repeat","background-position":"center center","background-size":"auto","background-attachment":"scroll","background-type":"","background-media":"","overlay-type":"","overlay-color":"","overlay-opacity":"","overlay-gradient":""}}},"product_brand":[],"product_cat":[432,17,436],"product_tag":[],"class_list":{"0":"post-3314","1":"product","2":"type-product","3":"status-publish","4":"has-post-thumbnail","6":"product_cat-jadalnia","7":"product_cat-produkty","8":"product_cat-szklanki-i-filizanki","9":"desktop-align-left","10":"tablet-align-left","11":"mobile-align-left","13":"first","14":"instock","15":"shipping-taxable","16":"purchasable","17":"product-type-simple"},"uagb_featured_image_src":{"full":["https:\/\/viallidesign.com\/wp-content\/uploads\/2024\/06\/100620246666e4b4aa107-scaled.jpeg",2560,1350,false],"thumbnail":["https:\/\/viallidesign.com\/wp-content\/uploads\/2024\/06\/100620246666e4b4aa107-scaled-80x80.jpeg",80,80,true],"medium":["https:\/\/viallidesign.com\/wp-content\/uploads\/2024\/06\/100620246666e4b4aa107-scaled-300x158.jpeg",300,158,true],"medium_large":["https:\/\/viallidesign.com\/wp-content\/uploads\/2024\/06\/100620246666e4b4aa107-scaled-768x405.jpeg",768,405,true],"large":["https:\/\/viallidesign.com\/wp-content\/uploads\/2024\/06\/100620246666e4b4aa107-scaled-1024x540.jpeg",1024,540,true],"1536x1536":["https:\/\/viallidesign.com\/wp-content\/uploads\/2024\/06\/100620246666e4b4aa107-scaled-1536x810.jpeg",1536,810,true],"2048x2048":["https:\/\/viallidesign.com\/wp-content\/uploads\/2024\/06\/100620246666e4b4aa107-scaled-2048x1080.jpeg",2048,1080,true],"trp-custom-language-flag":["https:\/\/viallidesign.com\/wp-content\/uploads\/2024\/06\/100620246666e4b4aa107-scaled.jpeg",18,9,false],"woocommerce_thumbnail":["https:\/\/viallidesign.com\/wp-content\/uploads\/2024\/06\/100620246666e4b4aa107-scaled-600x316.jpeg",600,316,true],"woocommerce_single":["https:\/\/viallidesign.com\/wp-content\/uploads\/2024\/06\/100620246666e4b4aa107-scaled-1200x633.jpeg",1200,633,true],"woocommerce_gallery_thumbnail":["https:\/\/viallidesign.com\/wp-content\/uploads\/2024\/06\/100620246666e4b4aa107-scaled-100x100.jpeg",100,100,true],"dgwt-wcas-product-suggestion":["https:\/\/viallidesign.com\/wp-content\/uploads\/2024\/06\/100620246666e4b4aa107-scaled-64x34.jpeg",64,34,true]},"uagb_author_info":{"display_name":"viallidesign","author_link":"https:\/\/viallidesign.com\/en\/author\/"},"uagb_comment_info":0,"uagb_excerpt":"Komplet 2 fili\u017canek ze spodkami Amo o pojemno\u015bci 250 ml to elegancka i funkcjonalna propozycja marki Vialli Design, idealna do serwowania kawy, herbaty oraz innych gor\u0105cych napoj\u00f3w. Nowoczesna forma i minimalistyczny design sprawiaj\u0105, \u017ce zestaw doskonale prezentuje si\u0119 na ka\u017cdym stole. Fili\u017canki zosta\u0142y wykonane r\u0119cznie z wysokiej jako\u015bci szk\u0142a borokrzemowego i wyposa\u017cone w podw\u00f3jne \u015bcianki,&hellip;","_links":{"self":[{"href":"https:\/\/viallidesign.com\/en\/wp-json\/wp\/v2\/product\/3314","targetHints":{"allow":["GET"]}}],"collection":[{"href":"https:\/\/viallidesign.com\/en\/wp-json\/wp\/v2\/product"}],"about":[{"href":"https:\/\/viallidesign.com\/en\/wp-json\/wp\/v2\/types\/product"}],"wp:featuredmedia":[{"embeddable":true,"href":"https:\/\/viallidesign.com\/en\/wp-json\/wp\/v2\/media\/3303"}],"wp:attachment":[{"href":"https:\/\/viallidesign.com\/en\/wp-json\/wp\/v2\/media?parent=3314"}],"wp:term":[{"taxonomy":"product_brand","embeddable":true,"href":"https:\/\/viallidesign.com\/en\/wp-json\/wp\/v2\/product_brand?post=3314"},{"taxonomy":"product_cat","embeddable":true,"href":"https:\/\/viallidesign.com\/en\/wp-json\/wp\/v2\/product_cat?post=3314"},{"taxonomy":"product_tag","embeddable":true,"href":"https:\/\/viallidesign.com\/en\/wp-json\/wp\/v2\/product_tag?post=3314"}],"curies":[{"name":"wp","href":"https:\/\/api.w.org\/{rel}","templated":true}]}}