{"id":3292,"date":"2024-06-10T13:33:37","date_gmt":"2024-06-10T11:33:37","guid":{"rendered":"https:\/\/vialliwp.ageno.work\/produkt\/termos-z-wkladem-szklanym-1l-geo-kremowy-27480\/"},"modified":"2026-03-27T02:25:05","modified_gmt":"2026-03-27T01:25:05","slug":"termos-z-wkladem-szklanym-1l-geo-kremowy-27480","status":"publish","type":"product","link":"https:\/\/viallidesign.com\/en\/product\/termos-z-wkladem-szklanym-1l-geo-kremowy-27480\/","title":{"rendered":"Thermos with glass insert 1L GEO cream 27480"},"content":{"rendered":"<p style=\"margin-bottom: 0cm; line-height: 100%;\"><span style=\"font-family: Arial, sans-serif;\"><span style=\"font-size: small;\">GEO thermos with a capacity of 1 litre. <\/span><\/span><\/p>\n<p style=\"margin-bottom: 0cm; line-height: 100%;\"><span style=\"font-family: Arial, sans-serif;\"><span style=\"font-size: small;\">The GEO series thermos by Vialli Design has been made of high quality materials. The casing has been made of plastic. Thanks to the glass insert, the thermos keeps the temperature for up to 24 hours! A prestigious look and modern design enriched with sharp edges give the product an elegant and modern character.  The comfortable thermos in the form of a jug is invaluable at home, in the company, or anywhere you need to keep liquids hot or cold for a longer period of time. The thermos is lightweight, so it can be successfully used by people who have difficulty lifting heavier objects. The thermos is very easy to open and close. <\/span><\/span><\/p>\n<p style=\"margin-bottom: 0cm; line-height: 100%;\"><span style=\"font-family: Arial, sans-serif;\"><span style=\"font-size: small;\">The thermos should be washed by hand, preferably with a damp cloth. <\/span><\/span><\/p>\n<p class=\"gpsr-info\"><a href=\"https:\/\/kulig.com.pl\/gpsr\/\" target=\"_blank\" rel=\"noopener\">GPSR information<\/a><\/p>","protected":false},"excerpt":{"rendered":"<p>Termos GEO o pojemno\u015bci 1 litra. Termos serii GEO marki Vialli Design zosta\u0142 wykonany z wysokiej jako\u015bci materia\u0142\u00f3w. Obudowa zosta\u0142a wykonana z tworzywa sztucznego. Dzi\u0119ki zastosowaniu szklanego wk\u0142adu, termos utrzymuje temperatur\u0119 nawet do 24 godzin! Presti\u017cowy wygl\u0105d oraz nowoczesny design wzbogacony ostrymi kraw\u0119dziami, nadaje produktowi eleganckiego, oraz nowoczesnego charakteru.\u00a0 Wygodny termos w formie dzbanka jest [&hellip;]<\/p>","protected":false},"featured_media":3285,"template":"","meta":{"_uag_custom_page_level_css":"","site-sidebar-layout":"default","site-content-layout":"","ast-site-content-layout":"default","site-content-style":"default","site-sidebar-style":"default","ast-global-header-display":"","ast-banner-title-visibility":"","ast-main-header-display":"","ast-hfb-above-header-display":"","ast-hfb-below-header-display":"","ast-hfb-mobile-header-display":"","site-post-title":"","ast-breadcrumbs-content":"","ast-featured-img":"","footer-sml-layout":"","ast-disable-related-posts":"","theme-transparent-header-meta":"","adv-header-id-meta":"","stick-header-meta":"","header-above-stick-meta":"","header-main-stick-meta":"","header-below-stick-meta":"","astra-migrate-meta-layouts":"default","ast-page-background-enabled":"default","ast-page-background-meta":{"desktop":{"background-color":"","background-image":"","background-repeat":"repeat","background-position":"center center","background-size":"auto","background-attachment":"scroll","background-type":"","background-media":"","overlay-type":"","overlay-color":"","overlay-opacity":"","overlay-gradient":""},"tablet":{"background-color":"","background-image":"","background-repeat":"repeat","background-position":"center center","background-size":"auto","background-attachment":"scroll","background-type":"","background-media":"","overlay-type":"","overlay-color":"","overlay-opacity":"","overlay-gradient":""},"mobile":{"background-color":"","background-image":"","background-repeat":"repeat","background-position":"center center","background-size":"auto","background-attachment":"scroll","background-type":"","background-media":"","overlay-type":"","overlay-color":"","overlay-opacity":"","overlay-gradient":""}},"ast-content-background-meta":{"desktop":{"background-color":"var(--ast-global-color-5)","background-image":"","background-repeat":"repeat","background-position":"center center","background-size":"auto","background-attachment":"scroll","background-type":"","background-media":"","overlay-type":"","overlay-color":"","overlay-opacity":"","overlay-gradient":""},"tablet":{"background-color":"var(--ast-global-color-5)","background-image":"","background-repeat":"repeat","background-position":"center center","background-size":"auto","background-attachment":"scroll","background-type":"","background-media":"","overlay-type":"","overlay-color":"","overlay-opacity":"","overlay-gradient":""},"mobile":{"background-color":"var(--ast-global-color-5)","background-image":"","background-repeat":"repeat","background-position":"center center","background-size":"auto","background-attachment":"scroll","background-type":"","background-media":"","overlay-type":"","overlay-color":"","overlay-opacity":"","overlay-gradient":""}}},"product_brand":[],"product_cat":[432,17,439],"product_tag":[],"class_list":{"0":"post-3292","1":"product","2":"type-product","3":"status-publish","4":"has-post-thumbnail","6":"product_cat-jadalnia","7":"product_cat-produkty","8":"product_cat-termosy-z-wkladem-szklanym","9":"desktop-align-left","10":"tablet-align-left","11":"mobile-align-left","13":"first","14":"outofstock","15":"sale","16":"shipping-taxable","17":"purchasable","18":"product-type-simple"},"uagb_featured_image_src":{"full":["https:\/\/viallidesign.com\/wp-content\/uploads\/2024\/06\/100620246666e47ee1182-scaled.jpeg",2012,2560,false],"thumbnail":["https:\/\/viallidesign.com\/wp-content\/uploads\/2024\/06\/100620246666e47ee1182-scaled-80x80.jpeg",80,80,true],"medium":["https:\/\/viallidesign.com\/wp-content\/uploads\/2024\/06\/100620246666e47ee1182-scaled-236x300.jpeg",236,300,true],"medium_large":["https:\/\/viallidesign.com\/wp-content\/uploads\/2024\/06\/100620246666e47ee1182-scaled-768x977.jpeg",768,977,true],"large":["https:\/\/viallidesign.com\/wp-content\/uploads\/2024\/06\/100620246666e47ee1182-scaled-805x1024.jpeg",805,1024,true],"1536x1536":["https:\/\/viallidesign.com\/wp-content\/uploads\/2024\/06\/100620246666e47ee1182-scaled-1207x1536.jpeg",1207,1536,true],"2048x2048":["https:\/\/viallidesign.com\/wp-content\/uploads\/2024\/06\/100620246666e47ee1182-scaled-1610x2048.jpeg",1610,2048,true],"trp-custom-language-flag":["https:\/\/viallidesign.com\/wp-content\/uploads\/2024\/06\/100620246666e47ee1182-scaled.jpeg",9,12,false],"woocommerce_thumbnail":["https:\/\/viallidesign.com\/wp-content\/uploads\/2024\/06\/100620246666e47ee1182-scaled-600x763.jpeg",600,763,true],"woocommerce_single":["https:\/\/viallidesign.com\/wp-content\/uploads\/2024\/06\/100620246666e47ee1182-scaled-1200x1527.jpeg",1200,1527,true],"woocommerce_gallery_thumbnail":["https:\/\/viallidesign.com\/wp-content\/uploads\/2024\/06\/100620246666e47ee1182-scaled-100x100.jpeg",100,100,true],"dgwt-wcas-product-suggestion":["https:\/\/viallidesign.com\/wp-content\/uploads\/2024\/06\/100620246666e47ee1182-scaled-64x81.jpeg",64,81,true]},"uagb_author_info":{"display_name":"viallidesign","author_link":"https:\/\/viallidesign.com\/en\/author\/"},"uagb_comment_info":0,"uagb_excerpt":"Termos GEO o pojemno\u015bci 1 litra. Termos serii GEO marki Vialli Design zosta\u0142 wykonany z wysokiej jako\u015bci materia\u0142\u00f3w. Obudowa zosta\u0142a wykonana z tworzywa sztucznego. Dzi\u0119ki zastosowaniu szklanego wk\u0142adu, termos utrzymuje temperatur\u0119 nawet do 24 godzin! Presti\u017cowy wygl\u0105d oraz nowoczesny design wzbogacony ostrymi kraw\u0119dziami, nadaje produktowi eleganckiego, oraz nowoczesnego charakteru.\u00a0 Wygodny termos w formie dzbanka jest&hellip;","_links":{"self":[{"href":"https:\/\/viallidesign.com\/en\/wp-json\/wp\/v2\/product\/3292","targetHints":{"allow":["GET"]}}],"collection":[{"href":"https:\/\/viallidesign.com\/en\/wp-json\/wp\/v2\/product"}],"about":[{"href":"https:\/\/viallidesign.com\/en\/wp-json\/wp\/v2\/types\/product"}],"wp:featuredmedia":[{"embeddable":true,"href":"https:\/\/viallidesign.com\/en\/wp-json\/wp\/v2\/media\/3285"}],"wp:attachment":[{"href":"https:\/\/viallidesign.com\/en\/wp-json\/wp\/v2\/media?parent=3292"}],"wp:term":[{"taxonomy":"product_brand","embeddable":true,"href":"https:\/\/viallidesign.com\/en\/wp-json\/wp\/v2\/product_brand?post=3292"},{"taxonomy":"product_cat","embeddable":true,"href":"https:\/\/viallidesign.com\/en\/wp-json\/wp\/v2\/product_cat?post=3292"},{"taxonomy":"product_tag","embeddable":true,"href":"https:\/\/viallidesign.com\/en\/wp-json\/wp\/v2\/product_tag?post=3292"}],"curies":[{"name":"wp","href":"https:\/\/api.w.org\/{rel}","templated":true}]}}