{"id":3236,"date":"2024-06-10T13:31:52","date_gmt":"2024-06-10T11:31:52","guid":{"rendered":"https:\/\/vialliwp.ageno.work\/produkt\/komplet-6-szklanek-z-podwojna-scianka-150ml-280ml-350ml-senso-27466\/"},"modified":"2026-01-16T11:25:04","modified_gmt":"2026-01-16T10:25:04","slug":"komplet-6-szklanek-z-podwojna-scianka-150ml-280ml-350ml-senso-27466","status":"publish","type":"product","link":"https:\/\/viallidesign.com\/en\/product\/komplet-6-szklanek-z-podwojna-scianka-150ml-280ml-350ml-senso-27466\/","title":{"rendered":"Set of 6 double-walled glasses 150ml 280ml 350ml Senso 27466"},"content":{"rendered":"<p>A modern and practical set of 6 double-wall thermal glasses from the Senso series by Vialli Design. The set includes two cups each with capacities of 150ml, 280ml, 350ml.\u00a0<\/p>\n<p>The glasses have been handmade from high-quality boro-silicon glass.\u00a0<\/p>\n<p>The shape of the cups makes them stackable and stackable, which saves space when stored in a cupboard or on a shelf.\u00a0<\/p>\n<p>As it is a fragile glass, care should be taken to stack products gently and safely to reduce the possibility of damage or breakage to individual glasses.\u00a0<\/p>\n<p>Dimensions:<\/p>\n<p>150ml - height 8cm, average top 7.5cm, diameter bottom 4.7cm<\/p>\n<p>280ml - height 9cm, average top 9cm, diameter bottom 5.8cm<\/p>\n<p>350ml - height 10cm, average top 10cm, diameter bottom 6.2cm<\/p>\n<p>\u00a0<\/p>\n<p class=\"gpsr-info\"><a href=\"https:\/\/kulig.com.pl\/gpsr\/\" target=\"_blank\" rel=\"noopener\">GPSR information<\/a><\/p>","protected":false},"excerpt":{"rendered":"<p>Nowoczesny i praktyczny zestaw 6 szklanek termicznych z podw\u00f3jn\u0105 \u015bciank\u0105 serii Senso marki Vialli Design. W sk\u0142ad wchodz\u0105 po dwie fili\u017canki o pojemno\u015bciach 150ml, 280ml, 350ml.\u00a0 Szklanki wykonane zosta\u0142y r\u0119cznie\u00a0z wysokiej jako\u015bci szk\u0142a boro-krzemowego.\u00a0 Odpowiedni kszta\u0142t fili\u017canek sprawia, i\u017c mog\u0105 by\u0107 wk\u0142adane jedna w drug\u0105 i pi\u0119trowalne, co oszcz\u0119dza miejsce podczas przechowywania w szafce, czy [&hellip;]<\/p>","protected":false},"featured_media":3226,"template":"","meta":{"_uag_custom_page_level_css":"","site-sidebar-layout":"default","site-content-layout":"","ast-site-content-layout":"default","site-content-style":"default","site-sidebar-style":"default","ast-global-header-display":"","ast-banner-title-visibility":"","ast-main-header-display":"","ast-hfb-above-header-display":"","ast-hfb-below-header-display":"","ast-hfb-mobile-header-display":"","site-post-title":"","ast-breadcrumbs-content":"","ast-featured-img":"","footer-sml-layout":"","ast-disable-related-posts":"","theme-transparent-header-meta":"","adv-header-id-meta":"","stick-header-meta":"","header-above-stick-meta":"","header-main-stick-meta":"","header-below-stick-meta":"","astra-migrate-meta-layouts":"default","ast-page-background-enabled":"default","ast-page-background-meta":{"desktop":{"background-color":"","background-image":"","background-repeat":"repeat","background-position":"center center","background-size":"auto","background-attachment":"scroll","background-type":"","background-media":"","overlay-type":"","overlay-color":"","overlay-opacity":"","overlay-gradient":""},"tablet":{"background-color":"","background-image":"","background-repeat":"repeat","background-position":"center center","background-size":"auto","background-attachment":"scroll","background-type":"","background-media":"","overlay-type":"","overlay-color":"","overlay-opacity":"","overlay-gradient":""},"mobile":{"background-color":"","background-image":"","background-repeat":"repeat","background-position":"center center","background-size":"auto","background-attachment":"scroll","background-type":"","background-media":"","overlay-type":"","overlay-color":"","overlay-opacity":"","overlay-gradient":""}},"ast-content-background-meta":{"desktop":{"background-color":"var(--ast-global-color-5)","background-image":"","background-repeat":"repeat","background-position":"center center","background-size":"auto","background-attachment":"scroll","background-type":"","background-media":"","overlay-type":"","overlay-color":"","overlay-opacity":"","overlay-gradient":""},"tablet":{"background-color":"var(--ast-global-color-5)","background-image":"","background-repeat":"repeat","background-position":"center center","background-size":"auto","background-attachment":"scroll","background-type":"","background-media":"","overlay-type":"","overlay-color":"","overlay-opacity":"","overlay-gradient":""},"mobile":{"background-color":"var(--ast-global-color-5)","background-image":"","background-repeat":"repeat","background-position":"center center","background-size":"auto","background-attachment":"scroll","background-type":"","background-media":"","overlay-type":"","overlay-color":"","overlay-opacity":"","overlay-gradient":""}}},"product_brand":[],"product_cat":[432,17,436],"product_tag":[],"class_list":{"0":"post-3236","1":"product","2":"type-product","3":"status-publish","4":"has-post-thumbnail","6":"product_cat-jadalnia","7":"product_cat-produkty","8":"product_cat-szklanki-i-filizanki","9":"desktop-align-left","10":"tablet-align-left","11":"mobile-align-left","13":"first","14":"outofstock","15":"shipping-taxable","16":"purchasable","17":"product-type-simple"},"uagb_featured_image_src":{"full":["https:\/\/viallidesign.com\/wp-content\/uploads\/2024\/06\/100620246666e415eb4ee-scaled.jpeg",2560,1124,false],"thumbnail":["https:\/\/viallidesign.com\/wp-content\/uploads\/2024\/06\/100620246666e415eb4ee-scaled-80x80.jpeg",80,80,true],"medium":["https:\/\/viallidesign.com\/wp-content\/uploads\/2024\/06\/100620246666e415eb4ee-scaled-300x132.jpeg",300,132,true],"medium_large":["https:\/\/viallidesign.com\/wp-content\/uploads\/2024\/06\/100620246666e415eb4ee-scaled-768x337.jpeg",768,337,true],"large":["https:\/\/viallidesign.com\/wp-content\/uploads\/2024\/06\/100620246666e415eb4ee-scaled-1024x450.jpeg",1024,450,true],"1536x1536":["https:\/\/viallidesign.com\/wp-content\/uploads\/2024\/06\/100620246666e415eb4ee-scaled-1536x674.jpeg",1536,674,true],"2048x2048":["https:\/\/viallidesign.com\/wp-content\/uploads\/2024\/06\/100620246666e415eb4ee-scaled-2048x899.jpeg",2048,899,true],"trp-custom-language-flag":["https:\/\/viallidesign.com\/wp-content\/uploads\/2024\/06\/100620246666e415eb4ee-scaled.jpeg",18,8,false],"woocommerce_thumbnail":["https:\/\/viallidesign.com\/wp-content\/uploads\/2024\/06\/100620246666e415eb4ee-scaled-600x263.jpeg",600,263,true],"woocommerce_single":["https:\/\/viallidesign.com\/wp-content\/uploads\/2024\/06\/100620246666e415eb4ee-scaled-1200x527.jpeg",1200,527,true],"woocommerce_gallery_thumbnail":["https:\/\/viallidesign.com\/wp-content\/uploads\/2024\/06\/100620246666e415eb4ee-scaled-100x100.jpeg",100,100,true],"dgwt-wcas-product-suggestion":["https:\/\/viallidesign.com\/wp-content\/uploads\/2024\/06\/100620246666e415eb4ee-scaled-64x28.jpeg",64,28,true]},"uagb_author_info":{"display_name":"viallidesign","author_link":"https:\/\/viallidesign.com\/en\/author\/"},"uagb_comment_info":0,"uagb_excerpt":"Nowoczesny i praktyczny zestaw 6 szklanek termicznych z podw\u00f3jn\u0105 \u015bciank\u0105 serii Senso marki Vialli Design. W sk\u0142ad wchodz\u0105 po dwie fili\u017canki o pojemno\u015bciach 150ml, 280ml, 350ml.\u00a0 Szklanki wykonane zosta\u0142y r\u0119cznie\u00a0z wysokiej jako\u015bci szk\u0142a boro-krzemowego.\u00a0 Odpowiedni kszta\u0142t fili\u017canek sprawia, i\u017c mog\u0105 by\u0107 wk\u0142adane jedna w drug\u0105 i pi\u0119trowalne, co oszcz\u0119dza miejsce podczas przechowywania w szafce, czy&hellip;","_links":{"self":[{"href":"https:\/\/viallidesign.com\/en\/wp-json\/wp\/v2\/product\/3236","targetHints":{"allow":["GET"]}}],"collection":[{"href":"https:\/\/viallidesign.com\/en\/wp-json\/wp\/v2\/product"}],"about":[{"href":"https:\/\/viallidesign.com\/en\/wp-json\/wp\/v2\/types\/product"}],"wp:featuredmedia":[{"embeddable":true,"href":"https:\/\/viallidesign.com\/en\/wp-json\/wp\/v2\/media\/3226"}],"wp:attachment":[{"href":"https:\/\/viallidesign.com\/en\/wp-json\/wp\/v2\/media?parent=3236"}],"wp:term":[{"taxonomy":"product_brand","embeddable":true,"href":"https:\/\/viallidesign.com\/en\/wp-json\/wp\/v2\/product_brand?post=3236"},{"taxonomy":"product_cat","embeddable":true,"href":"https:\/\/viallidesign.com\/en\/wp-json\/wp\/v2\/product_cat?post=3236"},{"taxonomy":"product_tag","embeddable":true,"href":"https:\/\/viallidesign.com\/en\/wp-json\/wp\/v2\/product_tag?post=3236"}],"curies":[{"name":"wp","href":"https:\/\/api.w.org\/{rel}","templated":true}]}}