{"id":3225,"date":"2024-06-10T13:31:32","date_gmt":"2024-06-10T11:31:32","guid":{"rendered":"https:\/\/vialliwp.ageno.work\/produkt\/komplet-6-szklanek-z-podwojna-scianka-350ml-senso-27459\/"},"modified":"2026-03-27T02:25:05","modified_gmt":"2026-03-27T01:25:05","slug":"komplet-6-szklanek-z-podwojna-scianka-350ml-senso-27459","status":"publish","type":"product","link":"https:\/\/viallidesign.com\/en\/product\/komplet-6-szklanek-z-podwojna-scianka-350ml-senso-27459\/","title":{"rendered":"Set of 6 double-walled glasses 350ml Senso 27459"},"content":{"rendered":"<p>Set of 6 double-walled glasses <strong>Senso<\/strong> with a capacity of 350 ml is an elegant and functional set of dishes, which is perfect for both hot and cold drinks. The modern, minimalist design combined with practical workmanship makes the glasses not only aesthetically pleasing, but also very convenient for everyday use.<\/p>\n<p>The glasses are made of high-quality borosilicate glass, which is resistant to temperature changes and easy to clean. Thanks to the double walls, drinks keep their temperature longer - hot coffee stays warm and cold drinks stay refreshing longer, while your hands stay pleasantly dry and protected from the heat.<\/p>\n<p>The Senso 27459 set is the perfect choice for the home, for gatherings with friends and as an elegant gift for lovers of stylish crockery.<\/p>\n<p><strong>Product features:<\/strong><\/p>\n<ul>\n<li>set of 6 double-walled glasses<\/li>\n<li>capacity: 350 ml each<\/li>\n<li>double wall to maintain the temperature of the beverage<\/li>\n<li>made of high quality borosilicate glass<\/li>\n<li>modern and elegant design<\/li>\n<li>suitable for hot and cold drinks<\/li>\n<\/ul>\n<p class=\"gpsr-info\"><a href=\"https:\/\/kulig.com.pl\/gpsr\/\" target=\"_blank\" rel=\"noopener\">GPSR information<\/a><\/p>","protected":false},"excerpt":{"rendered":"<p>Komplet 6 szklanek z podw\u00f3jn\u0105 \u015bciank\u0105 Senso o pojemno\u015bci 350 ml to elegancki i funkcjonalny zestaw naczy\u0144, kt\u00f3ry \u015bwietnie sprawdzi si\u0119 zar\u00f3wno do gor\u0105cych, jak i zimnych napoj\u00f3w. Nowoczesny, minimalistyczny design w po\u0142\u0105czeniu z praktycznym wykonaniem sprawia, \u017ce szklanki s\u0105 nie tylko estetyczne, ale te\u017c bardzo wygodne w codziennym u\u017cytkowaniu. Szklanki zosta\u0142y wykonane z wysokiej [&hellip;]<\/p>","protected":false},"featured_media":3217,"template":"","meta":{"_uag_custom_page_level_css":"","site-sidebar-layout":"default","site-content-layout":"","ast-site-content-layout":"default","site-content-style":"default","site-sidebar-style":"default","ast-global-header-display":"","ast-banner-title-visibility":"","ast-main-header-display":"","ast-hfb-above-header-display":"","ast-hfb-below-header-display":"","ast-hfb-mobile-header-display":"","site-post-title":"","ast-breadcrumbs-content":"","ast-featured-img":"","footer-sml-layout":"","ast-disable-related-posts":"","theme-transparent-header-meta":"","adv-header-id-meta":"","stick-header-meta":"","header-above-stick-meta":"","header-main-stick-meta":"","header-below-stick-meta":"","astra-migrate-meta-layouts":"default","ast-page-background-enabled":"default","ast-page-background-meta":{"desktop":{"background-color":"","background-image":"","background-repeat":"repeat","background-position":"center center","background-size":"auto","background-attachment":"scroll","background-type":"","background-media":"","overlay-type":"","overlay-color":"","overlay-opacity":"","overlay-gradient":""},"tablet":{"background-color":"","background-image":"","background-repeat":"repeat","background-position":"center center","background-size":"auto","background-attachment":"scroll","background-type":"","background-media":"","overlay-type":"","overlay-color":"","overlay-opacity":"","overlay-gradient":""},"mobile":{"background-color":"","background-image":"","background-repeat":"repeat","background-position":"center center","background-size":"auto","background-attachment":"scroll","background-type":"","background-media":"","overlay-type":"","overlay-color":"","overlay-opacity":"","overlay-gradient":""}},"ast-content-background-meta":{"desktop":{"background-color":"var(--ast-global-color-5)","background-image":"","background-repeat":"repeat","background-position":"center center","background-size":"auto","background-attachment":"scroll","background-type":"","background-media":"","overlay-type":"","overlay-color":"","overlay-opacity":"","overlay-gradient":""},"tablet":{"background-color":"var(--ast-global-color-5)","background-image":"","background-repeat":"repeat","background-position":"center center","background-size":"auto","background-attachment":"scroll","background-type":"","background-media":"","overlay-type":"","overlay-color":"","overlay-opacity":"","overlay-gradient":""},"mobile":{"background-color":"var(--ast-global-color-5)","background-image":"","background-repeat":"repeat","background-position":"center center","background-size":"auto","background-attachment":"scroll","background-type":"","background-media":"","overlay-type":"","overlay-color":"","overlay-opacity":"","overlay-gradient":""}}},"product_brand":[],"product_cat":[432,17,436],"product_tag":[],"class_list":{"0":"post-3225","1":"product","2":"type-product","3":"status-publish","4":"has-post-thumbnail","6":"product_cat-jadalnia","7":"product_cat-produkty","8":"product_cat-szklanki-i-filizanki","9":"desktop-align-left","10":"tablet-align-left","11":"mobile-align-left","13":"first","14":"instock","15":"sale","16":"shipping-taxable","17":"purchasable","18":"product-type-simple"},"uagb_featured_image_src":{"full":["https:\/\/viallidesign.com\/wp-content\/uploads\/2024\/06\/100620246666e40928e78-scaled.jpeg",2560,2094,false],"thumbnail":["https:\/\/viallidesign.com\/wp-content\/uploads\/2024\/06\/100620246666e40928e78-scaled-80x80.jpeg",80,80,true],"medium":["https:\/\/viallidesign.com\/wp-content\/uploads\/2024\/06\/100620246666e40928e78-scaled-300x245.jpeg",300,245,true],"medium_large":["https:\/\/viallidesign.com\/wp-content\/uploads\/2024\/06\/100620246666e40928e78-scaled-768x628.jpeg",768,628,true],"large":["https:\/\/viallidesign.com\/wp-content\/uploads\/2024\/06\/100620246666e40928e78-scaled-1024x838.jpeg",1024,838,true],"1536x1536":["https:\/\/viallidesign.com\/wp-content\/uploads\/2024\/06\/100620246666e40928e78-scaled-1536x1256.jpeg",1536,1256,true],"2048x2048":["https:\/\/viallidesign.com\/wp-content\/uploads\/2024\/06\/100620246666e40928e78-scaled-2048x1675.jpeg",2048,1675,true],"trp-custom-language-flag":["https:\/\/viallidesign.com\/wp-content\/uploads\/2024\/06\/100620246666e40928e78-scaled.jpeg",15,12,false],"woocommerce_thumbnail":["https:\/\/viallidesign.com\/wp-content\/uploads\/2024\/06\/100620246666e40928e78-scaled-600x491.jpeg",600,491,true],"woocommerce_single":["https:\/\/viallidesign.com\/wp-content\/uploads\/2024\/06\/100620246666e40928e78-scaled-1200x982.jpeg",1200,982,true],"woocommerce_gallery_thumbnail":["https:\/\/viallidesign.com\/wp-content\/uploads\/2024\/06\/100620246666e40928e78-scaled-100x100.jpeg",100,100,true],"dgwt-wcas-product-suggestion":["https:\/\/viallidesign.com\/wp-content\/uploads\/2024\/06\/100620246666e40928e78-scaled-64x52.jpeg",64,52,true]},"uagb_author_info":{"display_name":"viallidesign","author_link":"https:\/\/viallidesign.com\/en\/author\/"},"uagb_comment_info":0,"uagb_excerpt":"Komplet 6 szklanek z podw\u00f3jn\u0105 \u015bciank\u0105 Senso o pojemno\u015bci 350 ml to elegancki i funkcjonalny zestaw naczy\u0144, kt\u00f3ry \u015bwietnie sprawdzi si\u0119 zar\u00f3wno do gor\u0105cych, jak i zimnych napoj\u00f3w. Nowoczesny, minimalistyczny design w po\u0142\u0105czeniu z praktycznym wykonaniem sprawia, \u017ce szklanki s\u0105 nie tylko estetyczne, ale te\u017c bardzo wygodne w codziennym u\u017cytkowaniu. Szklanki zosta\u0142y wykonane z wysokiej&hellip;","_links":{"self":[{"href":"https:\/\/viallidesign.com\/en\/wp-json\/wp\/v2\/product\/3225","targetHints":{"allow":["GET"]}}],"collection":[{"href":"https:\/\/viallidesign.com\/en\/wp-json\/wp\/v2\/product"}],"about":[{"href":"https:\/\/viallidesign.com\/en\/wp-json\/wp\/v2\/types\/product"}],"wp:featuredmedia":[{"embeddable":true,"href":"https:\/\/viallidesign.com\/en\/wp-json\/wp\/v2\/media\/3217"}],"wp:attachment":[{"href":"https:\/\/viallidesign.com\/en\/wp-json\/wp\/v2\/media?parent=3225"}],"wp:term":[{"taxonomy":"product_brand","embeddable":true,"href":"https:\/\/viallidesign.com\/en\/wp-json\/wp\/v2\/product_brand?post=3225"},{"taxonomy":"product_cat","embeddable":true,"href":"https:\/\/viallidesign.com\/en\/wp-json\/wp\/v2\/product_cat?post=3225"},{"taxonomy":"product_tag","embeddable":true,"href":"https:\/\/viallidesign.com\/en\/wp-json\/wp\/v2\/product_tag?post=3225"}],"curies":[{"name":"wp","href":"https:\/\/api.w.org\/{rel}","templated":true}]}}