{"id":3216,"date":"2024-06-10T13:31:20","date_gmt":"2024-06-10T11:31:20","guid":{"rendered":"https:\/\/vialliwp.ageno.work\/produkt\/komplet-6-szklanek-do-espresso-z-podwojna-scianka-150ml-senso-27435\/"},"modified":"2026-03-27T02:25:05","modified_gmt":"2026-03-27T01:25:05","slug":"komplet-6-szklanek-do-espresso-z-podwojna-scianka-150ml-senso-27435","status":"publish","type":"product","link":"https:\/\/viallidesign.com\/en\/product\/komplet-6-szklanek-do-espresso-z-podwojna-scianka-150ml-senso-27435\/","title":{"rendered":"Set of 6 double-walled espresso glasses 150ml Senso 27435"},"content":{"rendered":"<p><span style=\"font-family: Arial;\">A modern and practical set of 6 double-wall thermal glasses from the Senso series by Vialli Design.\u00a0<\/span><\/p>\n<p><span style=\"font-family: Arial;\">The 150ml espresso glasses have been handmade from high quality boro-silicon glass.\u00a0<\/span><\/p>\n<p><span style=\"font-family: Arial;\">The shape of the cups makes them stackable and stackable, which saves space when stored in a cupboard or on a shelf.\u00a0<\/span><\/p>\n<p><span style=\"font-family: Arial;\">As it is a fragile glass, care should be taken to stack products gently and safely to reduce the possibility of damage or breakage to individual glasses.\u00a0<\/span><\/p>\n<p><span style=\"font-family: Arial;\">Dimensions of the glass: height 8cm, diameter at the top 7.5cm, diameter at the bottom 4.7cm, capacity 150ml.\u00a0<\/span><\/p>\n<p>\u00a0<\/p>\n<p class=\"gpsr-info\"><a href=\"https:\/\/kulig.com.pl\/gpsr\/\" target=\"_blank\" rel=\"noopener\">GPSR information<\/a><\/p>","protected":false},"excerpt":{"rendered":"<p>Nowoczesny i praktyczny zestaw 6 szklanek termicznych z podw\u00f3jn\u0105 \u015bciank\u0105 serii Senso marki Vialli Design.\u00a0 Szklanki do espresso o pojemno\u015bci 150ml wykonane zosta\u0142y r\u0119cznie\u00a0z wysokiej jako\u015bci szk\u0142a boro-krzemowego.\u00a0 Odpowiedni kszta\u0142t fili\u017canek sprawia, i\u017c mog\u0105 by\u0107 wk\u0142adane jedna w drug\u0105 i pi\u0119trowalne, co oszcz\u0119dza miejsce podczas przechowywania w szafce, czy na p\u00f3\u0142ce.\u00a0 Poniewa\u017c jest to delikatne [&hellip;]<\/p>","protected":false},"featured_media":3200,"template":"","meta":{"_uag_custom_page_level_css":"","site-sidebar-layout":"default","site-content-layout":"","ast-site-content-layout":"default","site-content-style":"default","site-sidebar-style":"default","ast-global-header-display":"","ast-banner-title-visibility":"","ast-main-header-display":"","ast-hfb-above-header-display":"","ast-hfb-below-header-display":"","ast-hfb-mobile-header-display":"","site-post-title":"","ast-breadcrumbs-content":"","ast-featured-img":"","footer-sml-layout":"","ast-disable-related-posts":"","theme-transparent-header-meta":"","adv-header-id-meta":"","stick-header-meta":"","header-above-stick-meta":"","header-main-stick-meta":"","header-below-stick-meta":"","astra-migrate-meta-layouts":"default","ast-page-background-enabled":"default","ast-page-background-meta":{"desktop":{"background-color":"","background-image":"","background-repeat":"repeat","background-position":"center center","background-size":"auto","background-attachment":"scroll","background-type":"","background-media":"","overlay-type":"","overlay-color":"","overlay-opacity":"","overlay-gradient":""},"tablet":{"background-color":"","background-image":"","background-repeat":"repeat","background-position":"center center","background-size":"auto","background-attachment":"scroll","background-type":"","background-media":"","overlay-type":"","overlay-color":"","overlay-opacity":"","overlay-gradient":""},"mobile":{"background-color":"","background-image":"","background-repeat":"repeat","background-position":"center center","background-size":"auto","background-attachment":"scroll","background-type":"","background-media":"","overlay-type":"","overlay-color":"","overlay-opacity":"","overlay-gradient":""}},"ast-content-background-meta":{"desktop":{"background-color":"var(--ast-global-color-5)","background-image":"","background-repeat":"repeat","background-position":"center center","background-size":"auto","background-attachment":"scroll","background-type":"","background-media":"","overlay-type":"","overlay-color":"","overlay-opacity":"","overlay-gradient":""},"tablet":{"background-color":"var(--ast-global-color-5)","background-image":"","background-repeat":"repeat","background-position":"center center","background-size":"auto","background-attachment":"scroll","background-type":"","background-media":"","overlay-type":"","overlay-color":"","overlay-opacity":"","overlay-gradient":""},"mobile":{"background-color":"var(--ast-global-color-5)","background-image":"","background-repeat":"repeat","background-position":"center center","background-size":"auto","background-attachment":"scroll","background-type":"","background-media":"","overlay-type":"","overlay-color":"","overlay-opacity":"","overlay-gradient":""}}},"product_brand":[],"product_cat":[432,17,436],"product_tag":[],"class_list":{"0":"post-3216","1":"product","2":"type-product","3":"status-publish","4":"has-post-thumbnail","6":"product_cat-jadalnia","7":"product_cat-produkty","8":"product_cat-szklanki-i-filizanki","9":"desktop-align-left","10":"tablet-align-left","11":"mobile-align-left","13":"first","14":"instock","15":"sale","16":"shipping-taxable","17":"purchasable","18":"product-type-simple"},"uagb_featured_image_src":{"full":["https:\/\/viallidesign.com\/wp-content\/uploads\/2024\/06\/100620246666e3faeb825.png",6236,5102,false],"thumbnail":["https:\/\/viallidesign.com\/wp-content\/uploads\/2024\/06\/100620246666e3faeb825-80x80.png",80,80,true],"medium":["https:\/\/viallidesign.com\/wp-content\/uploads\/2024\/06\/100620246666e3faeb825-300x245.png",300,245,true],"medium_large":["https:\/\/viallidesign.com\/wp-content\/uploads\/2024\/06\/100620246666e3faeb825-768x628.png",768,628,true],"large":["https:\/\/viallidesign.com\/wp-content\/uploads\/2024\/06\/100620246666e3faeb825-1024x838.png",1024,838,true],"1536x1536":["https:\/\/viallidesign.com\/wp-content\/uploads\/2024\/06\/100620246666e3faeb825-1536x1257.png",1536,1257,true],"2048x2048":["https:\/\/viallidesign.com\/wp-content\/uploads\/2024\/06\/100620246666e3faeb825-2048x1676.png",2048,1676,true],"trp-custom-language-flag":["https:\/\/viallidesign.com\/wp-content\/uploads\/2024\/06\/100620246666e3faeb825.png",15,12,false],"woocommerce_thumbnail":["https:\/\/viallidesign.com\/wp-content\/uploads\/2024\/06\/100620246666e3faeb825-600x491.png",600,491,true],"woocommerce_single":["https:\/\/viallidesign.com\/wp-content\/uploads\/2024\/06\/100620246666e3faeb825-1200x982.png",1200,982,true],"woocommerce_gallery_thumbnail":["https:\/\/viallidesign.com\/wp-content\/uploads\/2024\/06\/100620246666e3faeb825-100x100.png",100,100,true],"dgwt-wcas-product-suggestion":["https:\/\/viallidesign.com\/wp-content\/uploads\/2024\/06\/100620246666e3faeb825-64x52.png",64,52,true]},"uagb_author_info":{"display_name":"viallidesign","author_link":"https:\/\/viallidesign.com\/en\/author\/"},"uagb_comment_info":0,"uagb_excerpt":"Nowoczesny i praktyczny zestaw 6 szklanek termicznych z podw\u00f3jn\u0105 \u015bciank\u0105 serii Senso marki Vialli Design.\u00a0 Szklanki do espresso o pojemno\u015bci 150ml wykonane zosta\u0142y r\u0119cznie\u00a0z wysokiej jako\u015bci szk\u0142a boro-krzemowego.\u00a0 Odpowiedni kszta\u0142t fili\u017canek sprawia, i\u017c mog\u0105 by\u0107 wk\u0142adane jedna w drug\u0105 i pi\u0119trowalne, co oszcz\u0119dza miejsce podczas przechowywania w szafce, czy na p\u00f3\u0142ce.\u00a0 Poniewa\u017c jest to delikatne&hellip;","_links":{"self":[{"href":"https:\/\/viallidesign.com\/en\/wp-json\/wp\/v2\/product\/3216","targetHints":{"allow":["GET"]}}],"collection":[{"href":"https:\/\/viallidesign.com\/en\/wp-json\/wp\/v2\/product"}],"about":[{"href":"https:\/\/viallidesign.com\/en\/wp-json\/wp\/v2\/types\/product"}],"wp:featuredmedia":[{"embeddable":true,"href":"https:\/\/viallidesign.com\/en\/wp-json\/wp\/v2\/media\/3200"}],"wp:attachment":[{"href":"https:\/\/viallidesign.com\/en\/wp-json\/wp\/v2\/media?parent=3216"}],"wp:term":[{"taxonomy":"product_brand","embeddable":true,"href":"https:\/\/viallidesign.com\/en\/wp-json\/wp\/v2\/product_brand?post=3216"},{"taxonomy":"product_cat","embeddable":true,"href":"https:\/\/viallidesign.com\/en\/wp-json\/wp\/v2\/product_cat?post=3216"},{"taxonomy":"product_tag","embeddable":true,"href":"https:\/\/viallidesign.com\/en\/wp-json\/wp\/v2\/product_tag?post=3216"}],"curies":[{"name":"wp","href":"https:\/\/api.w.org\/{rel}","templated":true}]}}