{"id":3188,"date":"2024-06-10T13:30:48","date_gmt":"2024-06-10T11:30:48","guid":{"rendered":"https:\/\/vialliwp.ageno.work\/produkt\/slomki-szklane-transparent-20cm-zestaw-6-sztuk-ze-szczoteczka-26605\/"},"modified":"2025-11-20T16:48:21","modified_gmt":"2025-11-20T15:48:21","slug":"slomki-szklane-transparent-20cm-zestaw-6-sztuk-ze-szczoteczka-26605","status":"publish","type":"product","link":"https:\/\/viallidesign.com\/en\/product\/slomki-szklane-transparent-20cm-zestaw-6-sztuk-ze-szczoteczka-26605\/","title":{"rendered":"Glass straws transparent 20cm set of 6 with brush 26605"},"content":{"rendered":"<p>With a length of 20cm and a diameter of 8mm, the glass straws from the VITA range are an alternative to disposable plastic straws. They are made of high quality borosilicate glass, free of heavy metals and BPA. They leave no metallic aftertaste, do not react with any liquids, and are hypoallergenic.<\/p>\n<p>The straws look beautiful served with drinks, coffees or other beverages. Glass tubes are ideal for parties at home, in the garden, as well as for professional use in restaurants, bars, pubs or hotels.<\/p>\n<p>The set includes 6 straws and a brush for easy cleaning. The tubes are dishwasher safe.\u00a0<\/p>\n<p class=\"gpsr-info\"><a href=\"https:\/\/kulig.com.pl\/gpsr\/\" target=\"_blank\" rel=\"noopener\">GPSR information<\/a><\/p>","protected":false},"excerpt":{"rendered":"<p>Szklane s\u0142omki z serii VITA o d\u0142ugo\u015bci 20cm i \u015brednicy 8mm\u00a0to alternatywa dla jednorazowych, wykonanych z tworzywa s\u0142omek. Wykonane s\u0105 z wysokiej jako\u015bci szk\u0142a boro-krzemowego, wolnego od metali ci\u0119\u017ckich i BPA. Nie pozostawiaj\u0105 metalicznego posmaku,\u00a0nie reaguj\u0105 z \u017cadnymi p\u0142ynami, oraz s\u0105\u00a0hipoalergiczne. S\u0142omki pi\u0119knie prezentuj\u0105 si\u0119 serwowane w towarzystwie drink\u00f3w, kaw, czy innych napoj\u00f3w.\u00a0Szklane rurki sprawdz\u0105 [&hellip;]<\/p>","protected":false},"featured_media":3180,"template":"","meta":{"_uag_custom_page_level_css":"","site-sidebar-layout":"default","site-content-layout":"","ast-site-content-layout":"default","site-content-style":"default","site-sidebar-style":"default","ast-global-header-display":"","ast-banner-title-visibility":"","ast-main-header-display":"","ast-hfb-above-header-display":"","ast-hfb-below-header-display":"","ast-hfb-mobile-header-display":"","site-post-title":"","ast-breadcrumbs-content":"","ast-featured-img":"","footer-sml-layout":"","ast-disable-related-posts":"","theme-transparent-header-meta":"","adv-header-id-meta":"","stick-header-meta":"","header-above-stick-meta":"","header-main-stick-meta":"","header-below-stick-meta":"","astra-migrate-meta-layouts":"default","ast-page-background-enabled":"default","ast-page-background-meta":{"desktop":{"background-color":"","background-image":"","background-repeat":"repeat","background-position":"center center","background-size":"auto","background-attachment":"scroll","background-type":"","background-media":"","overlay-type":"","overlay-color":"","overlay-opacity":"","overlay-gradient":""},"tablet":{"background-color":"","background-image":"","background-repeat":"repeat","background-position":"center center","background-size":"auto","background-attachment":"scroll","background-type":"","background-media":"","overlay-type":"","overlay-color":"","overlay-opacity":"","overlay-gradient":""},"mobile":{"background-color":"","background-image":"","background-repeat":"repeat","background-position":"center center","background-size":"auto","background-attachment":"scroll","background-type":"","background-media":"","overlay-type":"","overlay-color":"","overlay-opacity":"","overlay-gradient":""}},"ast-content-background-meta":{"desktop":{"background-color":"var(--ast-global-color-5)","background-image":"","background-repeat":"repeat","background-position":"center center","background-size":"auto","background-attachment":"scroll","background-type":"","background-media":"","overlay-type":"","overlay-color":"","overlay-opacity":"","overlay-gradient":""},"tablet":{"background-color":"var(--ast-global-color-5)","background-image":"","background-repeat":"repeat","background-position":"center center","background-size":"auto","background-attachment":"scroll","background-type":"","background-media":"","overlay-type":"","overlay-color":"","overlay-opacity":"","overlay-gradient":""},"mobile":{"background-color":"var(--ast-global-color-5)","background-image":"","background-repeat":"repeat","background-position":"center center","background-size":"auto","background-attachment":"scroll","background-type":"","background-media":"","overlay-type":"","overlay-color":"","overlay-opacity":"","overlay-gradient":""}}},"product_brand":[],"product_cat":[432,17,746],"product_tag":[],"class_list":{"0":"post-3188","1":"product","2":"type-product","3":"status-publish","4":"has-post-thumbnail","6":"product_cat-jadalnia","7":"product_cat-produkty","8":"product_cat-slomki-szklane","9":"desktop-align-left","10":"tablet-align-left","11":"mobile-align-left","13":"first","14":"outofstock","15":"shipping-taxable","16":"purchasable","17":"product-type-simple"},"uagb_featured_image_src":{"full":["https:\/\/viallidesign.com\/wp-content\/uploads\/2024\/06\/100620246666e3da83020-scaled.jpeg",1504,2560,false],"thumbnail":["https:\/\/viallidesign.com\/wp-content\/uploads\/2024\/06\/100620246666e3da83020-scaled-80x80.jpeg",80,80,true],"medium":["https:\/\/viallidesign.com\/wp-content\/uploads\/2024\/06\/100620246666e3da83020-scaled-176x300.jpeg",176,300,true],"medium_large":["https:\/\/viallidesign.com\/wp-content\/uploads\/2024\/06\/100620246666e3da83020-scaled-768x1307.jpeg",768,1307,true],"large":["https:\/\/viallidesign.com\/wp-content\/uploads\/2024\/06\/100620246666e3da83020-scaled-602x1024.jpeg",602,1024,true],"1536x1536":["https:\/\/viallidesign.com\/wp-content\/uploads\/2024\/06\/100620246666e3da83020-scaled-902x1536.jpeg",902,1536,true],"2048x2048":["https:\/\/viallidesign.com\/wp-content\/uploads\/2024\/06\/100620246666e3da83020-scaled-1203x2048.jpeg",1203,2048,true],"trp-custom-language-flag":["https:\/\/viallidesign.com\/wp-content\/uploads\/2024\/06\/100620246666e3da83020-scaled.jpeg",7,12,false],"woocommerce_thumbnail":["https:\/\/viallidesign.com\/wp-content\/uploads\/2024\/06\/100620246666e3da83020-scaled-600x1021.jpeg",600,1021,true],"woocommerce_single":["https:\/\/viallidesign.com\/wp-content\/uploads\/2024\/06\/100620246666e3da83020-scaled-1200x2043.jpeg",1200,2043,true],"woocommerce_gallery_thumbnail":["https:\/\/viallidesign.com\/wp-content\/uploads\/2024\/06\/100620246666e3da83020-scaled-100x100.jpeg",100,100,true],"dgwt-wcas-product-suggestion":["https:\/\/viallidesign.com\/wp-content\/uploads\/2024\/06\/100620246666e3da83020-scaled-64x109.jpeg",64,109,true]},"uagb_author_info":{"display_name":"viallidesign","author_link":"https:\/\/viallidesign.com\/en\/author\/"},"uagb_comment_info":0,"uagb_excerpt":"Szklane s\u0142omki z serii VITA o d\u0142ugo\u015bci 20cm i \u015brednicy 8mm\u00a0to alternatywa dla jednorazowych, wykonanych z tworzywa s\u0142omek. Wykonane s\u0105 z wysokiej jako\u015bci szk\u0142a boro-krzemowego, wolnego od metali ci\u0119\u017ckich i BPA. Nie pozostawiaj\u0105 metalicznego posmaku,\u00a0nie reaguj\u0105 z \u017cadnymi p\u0142ynami, oraz s\u0105\u00a0hipoalergiczne. S\u0142omki pi\u0119knie prezentuj\u0105 si\u0119 serwowane w towarzystwie drink\u00f3w, kaw, czy innych napoj\u00f3w.\u00a0Szklane rurki sprawdz\u0105&hellip;","_links":{"self":[{"href":"https:\/\/viallidesign.com\/en\/wp-json\/wp\/v2\/product\/3188","targetHints":{"allow":["GET"]}}],"collection":[{"href":"https:\/\/viallidesign.com\/en\/wp-json\/wp\/v2\/product"}],"about":[{"href":"https:\/\/viallidesign.com\/en\/wp-json\/wp\/v2\/types\/product"}],"wp:featuredmedia":[{"embeddable":true,"href":"https:\/\/viallidesign.com\/en\/wp-json\/wp\/v2\/media\/3180"}],"wp:attachment":[{"href":"https:\/\/viallidesign.com\/en\/wp-json\/wp\/v2\/media?parent=3188"}],"wp:term":[{"taxonomy":"product_brand","embeddable":true,"href":"https:\/\/viallidesign.com\/en\/wp-json\/wp\/v2\/product_brand?post=3188"},{"taxonomy":"product_cat","embeddable":true,"href":"https:\/\/viallidesign.com\/en\/wp-json\/wp\/v2\/product_cat?post=3188"},{"taxonomy":"product_tag","embeddable":true,"href":"https:\/\/viallidesign.com\/en\/wp-json\/wp\/v2\/product_tag?post=3188"}],"curies":[{"name":"wp","href":"https:\/\/api.w.org\/{rel}","templated":true}]}}