{"id":3137,"date":"2024-06-10T13:29:30","date_gmt":"2024-06-10T11:29:30","guid":{"rendered":"https:\/\/vialliwp.ageno.work\/produkt\/slomki-szklane-czarne-20cm-zestaw-6-sztuk-ze-szczoteczka-26599\/"},"modified":"2026-03-27T02:20:05","modified_gmt":"2026-03-27T01:20:05","slug":"slomki-szklane-czarne-20cm-zestaw-6-sztuk-ze-szczoteczka-26599","status":"publish","type":"product","link":"https:\/\/viallidesign.com\/en\/product\/slomki-szklane-czarne-20cm-zestaw-6-sztuk-ze-szczoteczka-26599\/","title":{"rendered":"Glass straws black 20cm set of 6 with brush 26599"},"content":{"rendered":"<p>Glass straws from the series <strong>VITA<\/strong> With a length of 20 cm and a diameter of 8 mm, they are an eco-friendly and stylish alternative to disposable plastic straws. Made from high quality borosilicate glass, they are BPA and heavy metal free, safe in contact with drinks and health friendly.<\/p>\n<p>The straws leave no metallic aftertaste, do not react with liquids and are hypoallergenic for complete comfort. They look great when serving drinks, coffees, lemonades and other beverages, giving them an elegant touch.<\/p>\n<p>They are great for home and garden parties as well as for professional use - in restaurants, bars, pubs or hotels. The set includes 6 straws and a practical brush for easy and thorough cleaning. The straws are dishwasher safe.<\/p>\n<p><strong>Product features:<\/strong><\/p>\n<ul>\n<li>set of 6 glass straws<\/li>\n<li>length: 20 cm<\/li>\n<li>diameter: 8 mm<\/li>\n<li>made of borosilicate glass<\/li>\n<li>free of BPA and heavy metals<\/li>\n<li>do not alter the taste of beverages<\/li>\n<li>hypoallergenic and safe to use<\/li>\n<li>for domestic and professional use<\/li>\n<li>dishwasher safe<\/li>\n<li>cleaning brush included<\/li>\n<\/ul>\n<p class=\"gpsr-info\"><a href=\"https:\/\/kulig.com.pl\/gpsr\/\" target=\"_blank\" rel=\"noopener\">GPSR information<\/a><\/p>","protected":false},"excerpt":{"rendered":"<p>Szklane s\u0142omki z serii VITA o d\u0142ugo\u015bci 20 cm i \u015brednicy 8 mm to ekologiczna i stylowa alternatywa dla jednorazowych s\u0142omek z tworzywa sztucznego. Wykonane z wysokiej jako\u015bci szk\u0142a borokrzemowego, s\u0105 wolne od BPA oraz metali ci\u0119\u017ckich, bezpieczne w kontakcie z napojami i przyjazne dla zdrowia. S\u0142omki nie pozostawiaj\u0105 metalicznego posmaku, nie reaguj\u0105 z p\u0142ynami [&hellip;]<\/p>","protected":false},"featured_media":3127,"template":"","meta":{"_uag_custom_page_level_css":"","site-sidebar-layout":"default","site-content-layout":"","ast-site-content-layout":"default","site-content-style":"default","site-sidebar-style":"default","ast-global-header-display":"","ast-banner-title-visibility":"","ast-main-header-display":"","ast-hfb-above-header-display":"","ast-hfb-below-header-display":"","ast-hfb-mobile-header-display":"","site-post-title":"","ast-breadcrumbs-content":"","ast-featured-img":"","footer-sml-layout":"","ast-disable-related-posts":"","theme-transparent-header-meta":"","adv-header-id-meta":"","stick-header-meta":"","header-above-stick-meta":"","header-main-stick-meta":"","header-below-stick-meta":"","astra-migrate-meta-layouts":"default","ast-page-background-enabled":"default","ast-page-background-meta":{"desktop":{"background-color":"","background-image":"","background-repeat":"repeat","background-position":"center center","background-size":"auto","background-attachment":"scroll","background-type":"","background-media":"","overlay-type":"","overlay-color":"","overlay-opacity":"","overlay-gradient":""},"tablet":{"background-color":"","background-image":"","background-repeat":"repeat","background-position":"center center","background-size":"auto","background-attachment":"scroll","background-type":"","background-media":"","overlay-type":"","overlay-color":"","overlay-opacity":"","overlay-gradient":""},"mobile":{"background-color":"","background-image":"","background-repeat":"repeat","background-position":"center center","background-size":"auto","background-attachment":"scroll","background-type":"","background-media":"","overlay-type":"","overlay-color":"","overlay-opacity":"","overlay-gradient":""}},"ast-content-background-meta":{"desktop":{"background-color":"var(--ast-global-color-5)","background-image":"","background-repeat":"repeat","background-position":"center center","background-size":"auto","background-attachment":"scroll","background-type":"","background-media":"","overlay-type":"","overlay-color":"","overlay-opacity":"","overlay-gradient":""},"tablet":{"background-color":"var(--ast-global-color-5)","background-image":"","background-repeat":"repeat","background-position":"center center","background-size":"auto","background-attachment":"scroll","background-type":"","background-media":"","overlay-type":"","overlay-color":"","overlay-opacity":"","overlay-gradient":""},"mobile":{"background-color":"var(--ast-global-color-5)","background-image":"","background-repeat":"repeat","background-position":"center center","background-size":"auto","background-attachment":"scroll","background-type":"","background-media":"","overlay-type":"","overlay-color":"","overlay-opacity":"","overlay-gradient":""}}},"product_brand":[],"product_cat":[432,17,746],"product_tag":[],"class_list":{"0":"post-3137","1":"product","2":"type-product","3":"status-publish","4":"has-post-thumbnail","6":"product_cat-jadalnia","7":"product_cat-produkty","8":"product_cat-slomki-szklane","9":"desktop-align-left","10":"tablet-align-left","11":"mobile-align-left","13":"first","14":"instock","15":"sale","16":"shipping-taxable","17":"purchasable","18":"product-type-simple"},"uagb_featured_image_src":{"full":["https:\/\/viallidesign.com\/wp-content\/uploads\/2024\/06\/100620246666e38849e80-scaled.jpeg",1504,2560,false],"thumbnail":["https:\/\/viallidesign.com\/wp-content\/uploads\/2024\/06\/100620246666e38849e80-scaled-80x80.jpeg",80,80,true],"medium":["https:\/\/viallidesign.com\/wp-content\/uploads\/2024\/06\/100620246666e38849e80-scaled-176x300.jpeg",176,300,true],"medium_large":["https:\/\/viallidesign.com\/wp-content\/uploads\/2024\/06\/100620246666e38849e80-scaled-768x1307.jpeg",768,1307,true],"large":["https:\/\/viallidesign.com\/wp-content\/uploads\/2024\/06\/100620246666e38849e80-scaled-602x1024.jpeg",602,1024,true],"1536x1536":["https:\/\/viallidesign.com\/wp-content\/uploads\/2024\/06\/100620246666e38849e80-scaled-902x1536.jpeg",902,1536,true],"2048x2048":["https:\/\/viallidesign.com\/wp-content\/uploads\/2024\/06\/100620246666e38849e80-scaled-1203x2048.jpeg",1203,2048,true],"trp-custom-language-flag":["https:\/\/viallidesign.com\/wp-content\/uploads\/2024\/06\/100620246666e38849e80-scaled.jpeg",7,12,false],"woocommerce_thumbnail":["https:\/\/viallidesign.com\/wp-content\/uploads\/2024\/06\/100620246666e38849e80-scaled-600x1021.jpeg",600,1021,true],"woocommerce_single":["https:\/\/viallidesign.com\/wp-content\/uploads\/2024\/06\/100620246666e38849e80-scaled-1200x2043.jpeg",1200,2043,true],"woocommerce_gallery_thumbnail":["https:\/\/viallidesign.com\/wp-content\/uploads\/2024\/06\/100620246666e38849e80-scaled-100x100.jpeg",100,100,true],"dgwt-wcas-product-suggestion":["https:\/\/viallidesign.com\/wp-content\/uploads\/2024\/06\/100620246666e38849e80-scaled-64x109.jpeg",64,109,true]},"uagb_author_info":{"display_name":"viallidesign","author_link":"https:\/\/viallidesign.com\/en\/author\/"},"uagb_comment_info":0,"uagb_excerpt":"Szklane s\u0142omki z serii VITA o d\u0142ugo\u015bci 20 cm i \u015brednicy 8 mm to ekologiczna i stylowa alternatywa dla jednorazowych s\u0142omek z tworzywa sztucznego. Wykonane z wysokiej jako\u015bci szk\u0142a borokrzemowego, s\u0105 wolne od BPA oraz metali ci\u0119\u017ckich, bezpieczne w kontakcie z napojami i przyjazne dla zdrowia. S\u0142omki nie pozostawiaj\u0105 metalicznego posmaku, nie reaguj\u0105 z p\u0142ynami&hellip;","_links":{"self":[{"href":"https:\/\/viallidesign.com\/en\/wp-json\/wp\/v2\/product\/3137","targetHints":{"allow":["GET"]}}],"collection":[{"href":"https:\/\/viallidesign.com\/en\/wp-json\/wp\/v2\/product"}],"about":[{"href":"https:\/\/viallidesign.com\/en\/wp-json\/wp\/v2\/types\/product"}],"wp:featuredmedia":[{"embeddable":true,"href":"https:\/\/viallidesign.com\/en\/wp-json\/wp\/v2\/media\/3127"}],"wp:attachment":[{"href":"https:\/\/viallidesign.com\/en\/wp-json\/wp\/v2\/media?parent=3137"}],"wp:term":[{"taxonomy":"product_brand","embeddable":true,"href":"https:\/\/viallidesign.com\/en\/wp-json\/wp\/v2\/product_brand?post=3137"},{"taxonomy":"product_cat","embeddable":true,"href":"https:\/\/viallidesign.com\/en\/wp-json\/wp\/v2\/product_cat?post=3137"},{"taxonomy":"product_tag","embeddable":true,"href":"https:\/\/viallidesign.com\/en\/wp-json\/wp\/v2\/product_tag?post=3137"}],"curies":[{"name":"wp","href":"https:\/\/api.w.org\/{rel}","templated":true}]}}