{"id":3107,"date":"2024-06-10T13:28:42","date_gmt":"2024-06-10T11:28:42","guid":{"rendered":"https:\/\/vialliwp.ageno.work\/produkt\/zestaw-6-szklanek-z-podwojna-scianka-320ml-ze-slomkami-vita-26858\/"},"modified":"2026-03-27T02:20:05","modified_gmt":"2026-03-27T01:20:05","slug":"zestaw-6-szklanek-z-podwojna-scianka-320ml-ze-slomkami-vita-26858","status":"publish","type":"product","link":"https:\/\/viallidesign.com\/en\/product\/zestaw-6-szklanek-z-podwojna-scianka-320ml-ze-slomkami-vita-26858\/","title":{"rendered":"Set of 6 double-walled glasses 320ml with straws VITA 26858"},"content":{"rendered":"<p>Set of 6 double-walled glasses with a capacity of 320ml together with 6 glass straws.\u00a0<\/p>\n<p>With a length of 15cm and a diameter of 8mm, the glass straws from the VITA range are an alternative to disposable plastic straws. They are made of high-quality boro-silicon glass, free of heavy metals and BPA. They leave no metallic aftertaste, do not react with any liquids, and are hypoallergenic.<\/p>\n<p>The straws look beautiful served with drinks, coffees or other beverages. Glass tubes are ideal for parties at home, in the garden, as well as for professional use in restaurants, bars, pubs or hotels.<\/p>\n<p>The set includes 6 glasses, 6 straws and a brush for easy cleaning. Hand washing of glasses recommended. The straws are dishwasher safe.\u00a0\u00a0<\/p>\n<p class=\"gpsr-info\"><a href=\"https:\/\/kulig.com.pl\/gpsr\/\" target=\"_blank\" rel=\"noopener\">GPSR information<\/a><\/p>","protected":false},"excerpt":{"rendered":"<p>Zestaw\u00a06 szklanek z podw\u00f3jn\u0105 \u015bciank\u0105 o pojemno\u015bci 320ml wraz z 6 szklanymi s\u0142omkami.\u00a0 Szklane s\u0142omki z serii VITA o d\u0142ugo\u015bci 15cm i \u015brednicy 8mm\u00a0to alternatywa dla jednorazowych, wykonanych z tworzywa s\u0142omek. Wykonane s\u0105 z wysokiej jako\u015bci szk\u0142a boro-krzemowego, wolnego od metali ci\u0119\u017ckich i BPA. Nie pozostawiaj\u0105 metalicznego posmaku,\u00a0nie reaguj\u0105 z \u017cadnymi p\u0142ynami, oraz s\u0105\u00a0hipoalergiczne. S\u0142omki [&hellip;]<\/p>","protected":false},"featured_media":3100,"template":"","meta":{"_uag_custom_page_level_css":"","site-sidebar-layout":"default","site-content-layout":"","ast-site-content-layout":"default","site-content-style":"default","site-sidebar-style":"default","ast-global-header-display":"","ast-banner-title-visibility":"","ast-main-header-display":"","ast-hfb-above-header-display":"","ast-hfb-below-header-display":"","ast-hfb-mobile-header-display":"","site-post-title":"","ast-breadcrumbs-content":"","ast-featured-img":"","footer-sml-layout":"","ast-disable-related-posts":"","theme-transparent-header-meta":"","adv-header-id-meta":"","stick-header-meta":"","header-above-stick-meta":"","header-main-stick-meta":"","header-below-stick-meta":"","astra-migrate-meta-layouts":"default","ast-page-background-enabled":"default","ast-page-background-meta":{"desktop":{"background-color":"","background-image":"","background-repeat":"repeat","background-position":"center center","background-size":"auto","background-attachment":"scroll","background-type":"","background-media":"","overlay-type":"","overlay-color":"","overlay-opacity":"","overlay-gradient":""},"tablet":{"background-color":"","background-image":"","background-repeat":"repeat","background-position":"center center","background-size":"auto","background-attachment":"scroll","background-type":"","background-media":"","overlay-type":"","overlay-color":"","overlay-opacity":"","overlay-gradient":""},"mobile":{"background-color":"","background-image":"","background-repeat":"repeat","background-position":"center center","background-size":"auto","background-attachment":"scroll","background-type":"","background-media":"","overlay-type":"","overlay-color":"","overlay-opacity":"","overlay-gradient":""}},"ast-content-background-meta":{"desktop":{"background-color":"var(--ast-global-color-5)","background-image":"","background-repeat":"repeat","background-position":"center center","background-size":"auto","background-attachment":"scroll","background-type":"","background-media":"","overlay-type":"","overlay-color":"","overlay-opacity":"","overlay-gradient":""},"tablet":{"background-color":"var(--ast-global-color-5)","background-image":"","background-repeat":"repeat","background-position":"center center","background-size":"auto","background-attachment":"scroll","background-type":"","background-media":"","overlay-type":"","overlay-color":"","overlay-opacity":"","overlay-gradient":""},"mobile":{"background-color":"var(--ast-global-color-5)","background-image":"","background-repeat":"repeat","background-position":"center center","background-size":"auto","background-attachment":"scroll","background-type":"","background-media":"","overlay-type":"","overlay-color":"","overlay-opacity":"","overlay-gradient":""}}},"product_brand":[],"product_cat":[432,17,436],"product_tag":[],"class_list":{"0":"post-3107","1":"product","2":"type-product","3":"status-publish","4":"has-post-thumbnail","6":"product_cat-jadalnia","7":"product_cat-produkty","8":"product_cat-szklanki-i-filizanki","9":"desktop-align-left","10":"tablet-align-left","11":"mobile-align-left","13":"first","14":"instock","15":"shipping-taxable","16":"purchasable","17":"product-type-simple"},"uagb_featured_image_src":{"full":["https:\/\/viallidesign.com\/wp-content\/uploads\/2024\/06\/100620246666e35f86ac8-scaled.jpeg",2560,1453,false],"thumbnail":["https:\/\/viallidesign.com\/wp-content\/uploads\/2024\/06\/100620246666e35f86ac8-scaled-80x80.jpeg",80,80,true],"medium":["https:\/\/viallidesign.com\/wp-content\/uploads\/2024\/06\/100620246666e35f86ac8-scaled-300x170.jpeg",300,170,true],"medium_large":["https:\/\/viallidesign.com\/wp-content\/uploads\/2024\/06\/100620246666e35f86ac8-scaled-768x436.jpeg",768,436,true],"large":["https:\/\/viallidesign.com\/wp-content\/uploads\/2024\/06\/100620246666e35f86ac8-scaled-1024x581.jpeg",1024,581,true],"1536x1536":["https:\/\/viallidesign.com\/wp-content\/uploads\/2024\/06\/100620246666e35f86ac8-scaled-1536x872.jpeg",1536,872,true],"2048x2048":["https:\/\/viallidesign.com\/wp-content\/uploads\/2024\/06\/100620246666e35f86ac8-scaled-2048x1162.jpeg",2048,1162,true],"trp-custom-language-flag":["https:\/\/viallidesign.com\/wp-content\/uploads\/2024\/06\/100620246666e35f86ac8-scaled.jpeg",18,10,false],"woocommerce_thumbnail":["https:\/\/viallidesign.com\/wp-content\/uploads\/2024\/06\/100620246666e35f86ac8-scaled-600x341.jpeg",600,341,true],"woocommerce_single":["https:\/\/viallidesign.com\/wp-content\/uploads\/2024\/06\/100620246666e35f86ac8-scaled-1200x681.jpeg",1200,681,true],"woocommerce_gallery_thumbnail":["https:\/\/viallidesign.com\/wp-content\/uploads\/2024\/06\/100620246666e35f86ac8-scaled-100x100.jpeg",100,100,true],"dgwt-wcas-product-suggestion":["https:\/\/viallidesign.com\/wp-content\/uploads\/2024\/06\/100620246666e35f86ac8-scaled-64x36.jpeg",64,36,true]},"uagb_author_info":{"display_name":"viallidesign","author_link":"https:\/\/viallidesign.com\/en\/author\/"},"uagb_comment_info":0,"uagb_excerpt":"Zestaw\u00a06 szklanek z podw\u00f3jn\u0105 \u015bciank\u0105 o pojemno\u015bci 320ml wraz z 6 szklanymi s\u0142omkami.\u00a0 Szklane s\u0142omki z serii VITA o d\u0142ugo\u015bci 15cm i \u015brednicy 8mm\u00a0to alternatywa dla jednorazowych, wykonanych z tworzywa s\u0142omek. Wykonane s\u0105 z wysokiej jako\u015bci szk\u0142a boro-krzemowego, wolnego od metali ci\u0119\u017ckich i BPA. Nie pozostawiaj\u0105 metalicznego posmaku,\u00a0nie reaguj\u0105 z \u017cadnymi p\u0142ynami, oraz s\u0105\u00a0hipoalergiczne. S\u0142omki&hellip;","_links":{"self":[{"href":"https:\/\/viallidesign.com\/en\/wp-json\/wp\/v2\/product\/3107","targetHints":{"allow":["GET"]}}],"collection":[{"href":"https:\/\/viallidesign.com\/en\/wp-json\/wp\/v2\/product"}],"about":[{"href":"https:\/\/viallidesign.com\/en\/wp-json\/wp\/v2\/types\/product"}],"wp:featuredmedia":[{"embeddable":true,"href":"https:\/\/viallidesign.com\/en\/wp-json\/wp\/v2\/media\/3100"}],"wp:attachment":[{"href":"https:\/\/viallidesign.com\/en\/wp-json\/wp\/v2\/media?parent=3107"}],"wp:term":[{"taxonomy":"product_brand","embeddable":true,"href":"https:\/\/viallidesign.com\/en\/wp-json\/wp\/v2\/product_brand?post=3107"},{"taxonomy":"product_cat","embeddable":true,"href":"https:\/\/viallidesign.com\/en\/wp-json\/wp\/v2\/product_cat?post=3107"},{"taxonomy":"product_tag","embeddable":true,"href":"https:\/\/viallidesign.com\/en\/wp-json\/wp\/v2\/product_tag?post=3107"}],"curies":[{"name":"wp","href":"https:\/\/api.w.org\/{rel}","templated":true}]}}