{"id":3052,"date":"2024-06-10T13:26:57","date_gmt":"2024-06-10T11:26:57","guid":{"rendered":"https:\/\/vialliwp.ageno.work\/produkt\/komplet-2-szklanek-do-latte-350ml-diva-6490\/"},"modified":"2026-03-27T02:20:04","modified_gmt":"2026-03-27T01:20:04","slug":"komplet-2-szklanek-do-latte-350ml-diva-6490","status":"publish","type":"product","link":"https:\/\/viallidesign.com\/en\/product\/komplet-2-szklanek-do-latte-350ml-diva-6490\/","title":{"rendered":"Set of 2 latte glasses 350ml Diva 6490"},"content":{"rendered":"<p>Elegant, functional and capacious, the Diva series of latte glasses is a\u00a0<strong>A novelty by Vialli Design.<\/strong><\/p>\n<p>The product was handmade\u00a0<strong>made of the highest quality borosilicate glass<\/strong>.<\/p>\n<p>The vessel, thanks to its double walls, not only\u00a0<strong>keeps the beverage at the right temperature for longer<\/strong>, but\u00a0<strong>also protects against burns<\/strong>. We can hold the glass without fear in our hand even when drinking hot tea or coffee.<\/p>\n<p>The glasses have\u00a0<strong>ergonomic shape<\/strong>The handy, fancifully curved earpiece adds to the comfort of use.<\/p>\n<p>The tall and slender form of the Diva glass\u00a0<strong>will perfectly accentuate the layers of a latte<\/strong>This is because the product combines a utilitarian function with a visual one.<\/p>\n<p>Amo cookware is perfect\u00a0<strong>for serving both hot and cold beverages<\/strong>such as lattes, teas and juices.<\/p>\n<p><strong>This set is an excellent gift idea.<\/strong><\/p>\n<p class=\"gpsr-info\"><a href=\"https:\/\/kulig.com.pl\/gpsr\/\" target=\"_blank\" rel=\"noopener\">GPSR information<\/a><\/p>","protected":false},"excerpt":{"rendered":"<p>Eleganckie, funkcjonalne i pojemne szklanki z serii Diva do latte to\u00a0nowo\u015b\u0107 marki Vialli Design. Produkt zosta\u0142\u00a0wykonany r\u0119cznie\u00a0z najwy\u017cszej jako\u015bci szk\u0142a borokrzemowego. Naczynie, dzi\u0119ki podw\u00f3jnym \u015bciankom nie tylko\u00a0utrzymuje odpowiedni\u0105 temperatur\u0119 napoju na d\u0142u\u017cej, ale\u00a0chroni tak\u017ce przed poparzeniem. Mo\u017cemy trzyma\u0107 szklank\u0119 bez obaw w d\u0142oni nawet, gdy pijemy gor\u0105c\u0105 herbat\u0119 czy kaw\u0119. Szklanki posiadaj\u0105\u00a0ergonomiczny kszta\u0142t, kt\u00f3ry zapobiega [&hellip;]<\/p>","protected":false},"featured_media":3042,"template":"","meta":{"_uag_custom_page_level_css":"","site-sidebar-layout":"default","site-content-layout":"","ast-site-content-layout":"default","site-content-style":"default","site-sidebar-style":"default","ast-global-header-display":"","ast-banner-title-visibility":"","ast-main-header-display":"","ast-hfb-above-header-display":"","ast-hfb-below-header-display":"","ast-hfb-mobile-header-display":"","site-post-title":"","ast-breadcrumbs-content":"","ast-featured-img":"","footer-sml-layout":"","ast-disable-related-posts":"","theme-transparent-header-meta":"","adv-header-id-meta":"","stick-header-meta":"","header-above-stick-meta":"","header-main-stick-meta":"","header-below-stick-meta":"","astra-migrate-meta-layouts":"default","ast-page-background-enabled":"default","ast-page-background-meta":{"desktop":{"background-color":"","background-image":"","background-repeat":"repeat","background-position":"center center","background-size":"auto","background-attachment":"scroll","background-type":"","background-media":"","overlay-type":"","overlay-color":"","overlay-opacity":"","overlay-gradient":""},"tablet":{"background-color":"","background-image":"","background-repeat":"repeat","background-position":"center center","background-size":"auto","background-attachment":"scroll","background-type":"","background-media":"","overlay-type":"","overlay-color":"","overlay-opacity":"","overlay-gradient":""},"mobile":{"background-color":"","background-image":"","background-repeat":"repeat","background-position":"center center","background-size":"auto","background-attachment":"scroll","background-type":"","background-media":"","overlay-type":"","overlay-color":"","overlay-opacity":"","overlay-gradient":""}},"ast-content-background-meta":{"desktop":{"background-color":"var(--ast-global-color-5)","background-image":"","background-repeat":"repeat","background-position":"center center","background-size":"auto","background-attachment":"scroll","background-type":"","background-media":"","overlay-type":"","overlay-color":"","overlay-opacity":"","overlay-gradient":""},"tablet":{"background-color":"var(--ast-global-color-5)","background-image":"","background-repeat":"repeat","background-position":"center center","background-size":"auto","background-attachment":"scroll","background-type":"","background-media":"","overlay-type":"","overlay-color":"","overlay-opacity":"","overlay-gradient":""},"mobile":{"background-color":"var(--ast-global-color-5)","background-image":"","background-repeat":"repeat","background-position":"center center","background-size":"auto","background-attachment":"scroll","background-type":"","background-media":"","overlay-type":"","overlay-color":"","overlay-opacity":"","overlay-gradient":""}}},"product_brand":[],"product_cat":[432,17,436],"product_tag":[],"class_list":{"0":"post-3052","1":"product","2":"type-product","3":"status-publish","4":"has-post-thumbnail","6":"product_cat-jadalnia","7":"product_cat-produkty","8":"product_cat-szklanki-i-filizanki","9":"desktop-align-left","10":"tablet-align-left","11":"mobile-align-left","13":"first","14":"instock","15":"shipping-taxable","16":"purchasable","17":"product-type-simple"},"uagb_featured_image_src":{"full":["https:\/\/viallidesign.com\/wp-content\/uploads\/2024\/06\/100620246666e2cc6623a-scaled.jpeg",1997,2560,false],"thumbnail":["https:\/\/viallidesign.com\/wp-content\/uploads\/2024\/06\/100620246666e2cc6623a-scaled-80x80.jpeg",80,80,true],"medium":["https:\/\/viallidesign.com\/wp-content\/uploads\/2024\/06\/100620246666e2cc6623a-scaled-234x300.jpeg",234,300,true],"medium_large":["https:\/\/viallidesign.com\/wp-content\/uploads\/2024\/06\/100620246666e2cc6623a-scaled-768x985.jpeg",768,985,true],"large":["https:\/\/viallidesign.com\/wp-content\/uploads\/2024\/06\/100620246666e2cc6623a-scaled-799x1024.jpeg",799,1024,true],"1536x1536":["https:\/\/viallidesign.com\/wp-content\/uploads\/2024\/06\/100620246666e2cc6623a-scaled-1198x1536.jpeg",1198,1536,true],"2048x2048":["https:\/\/viallidesign.com\/wp-content\/uploads\/2024\/06\/100620246666e2cc6623a-scaled-1598x2048.jpeg",1598,2048,true],"trp-custom-language-flag":["https:\/\/viallidesign.com\/wp-content\/uploads\/2024\/06\/100620246666e2cc6623a-scaled.jpeg",9,12,false],"woocommerce_thumbnail":["https:\/\/viallidesign.com\/wp-content\/uploads\/2024\/06\/100620246666e2cc6623a-scaled-600x769.jpeg",600,769,true],"woocommerce_single":["https:\/\/viallidesign.com\/wp-content\/uploads\/2024\/06\/100620246666e2cc6623a-scaled-1200x1538.jpeg",1200,1538,true],"woocommerce_gallery_thumbnail":["https:\/\/viallidesign.com\/wp-content\/uploads\/2024\/06\/100620246666e2cc6623a-scaled-100x100.jpeg",100,100,true],"dgwt-wcas-product-suggestion":["https:\/\/viallidesign.com\/wp-content\/uploads\/2024\/06\/100620246666e2cc6623a-scaled-64x82.jpeg",64,82,true]},"uagb_author_info":{"display_name":"viallidesign","author_link":"https:\/\/viallidesign.com\/en\/author\/"},"uagb_comment_info":0,"uagb_excerpt":"Eleganckie, funkcjonalne i pojemne szklanki z serii Diva do latte to\u00a0nowo\u015b\u0107 marki Vialli Design. Produkt zosta\u0142\u00a0wykonany r\u0119cznie\u00a0z najwy\u017cszej jako\u015bci szk\u0142a borokrzemowego. Naczynie, dzi\u0119ki podw\u00f3jnym \u015bciankom nie tylko\u00a0utrzymuje odpowiedni\u0105 temperatur\u0119 napoju na d\u0142u\u017cej, ale\u00a0chroni tak\u017ce przed poparzeniem. Mo\u017cemy trzyma\u0107 szklank\u0119 bez obaw w d\u0142oni nawet, gdy pijemy gor\u0105c\u0105 herbat\u0119 czy kaw\u0119. Szklanki posiadaj\u0105\u00a0ergonomiczny kszta\u0142t, kt\u00f3ry zapobiega&hellip;","_links":{"self":[{"href":"https:\/\/viallidesign.com\/en\/wp-json\/wp\/v2\/product\/3052","targetHints":{"allow":["GET"]}}],"collection":[{"href":"https:\/\/viallidesign.com\/en\/wp-json\/wp\/v2\/product"}],"about":[{"href":"https:\/\/viallidesign.com\/en\/wp-json\/wp\/v2\/types\/product"}],"wp:featuredmedia":[{"embeddable":true,"href":"https:\/\/viallidesign.com\/en\/wp-json\/wp\/v2\/media\/3042"}],"wp:attachment":[{"href":"https:\/\/viallidesign.com\/en\/wp-json\/wp\/v2\/media?parent=3052"}],"wp:term":[{"taxonomy":"product_brand","embeddable":true,"href":"https:\/\/viallidesign.com\/en\/wp-json\/wp\/v2\/product_brand?post=3052"},{"taxonomy":"product_cat","embeddable":true,"href":"https:\/\/viallidesign.com\/en\/wp-json\/wp\/v2\/product_cat?post=3052"},{"taxonomy":"product_tag","embeddable":true,"href":"https:\/\/viallidesign.com\/en\/wp-json\/wp\/v2\/product_tag?post=3052"}],"curies":[{"name":"wp","href":"https:\/\/api.w.org\/{rel}","templated":true}]}}