{"id":3034,"date":"2024-06-10T13:25:44","date_gmt":"2024-06-10T11:25:44","guid":{"rendered":"https:\/\/vialliwp.ageno.work\/produkt\/zestaw-2-filizanek-do-espresso-z-podwojna-scianka-diva-80-ml-26407\/"},"modified":"2026-03-28T15:09:31","modified_gmt":"2026-03-28T14:09:31","slug":"zestaw-2-filizanek-do-espresso-z-podwojna-scianka-diva-80-ml-26407","status":"publish","type":"product","link":"https:\/\/viallidesign.com\/en\/product\/zestaw-2-filizanek-do-espresso-z-podwojna-scianka-diva-80-ml-26407\/","title":{"rendered":"Set of 2 Diva 80 ml double-walled espresso cups 26407"},"content":{"rendered":"<p>A functional and practical set of two tiny double-wall espresso cups from the Diva series by Vialli Design.<\/p>\n<p>The product has been <strong>handmade from the highest quality boro silicate glass<\/strong>which is resistant to all kinds of tarnishing and thermal shock.<\/p>\n<p>The vessels are made by hand and\u00a0<strong>keeps the beverage at the right temperature for longer thanks to double walls<\/strong>.<\/p>\n<p><strong>Ergonomic design<\/strong> glasses, combines classic and modern - and the ear prevents the vessel from slipping out of your hand.<\/p>\n<p>The glasses will be non-calcifying <strong>a decoration for every table<\/strong> whether <strong>the perfect stylish gift<\/strong>.<\/p>\n<p class=\"gpsr-info\"><a href=\"https:\/\/kulig.com.pl\/gpsr\/\" target=\"_blank\" rel=\"noopener\">GPSR information<\/a><\/p>","protected":false},"excerpt":{"rendered":"<p>A functional and practical set of two tiny double-wall espresso cups from the Diva series by Vialli Design. The product has been handmade from the highest quality boro silicate glass, which is resistant to any kind of tarnishing and thermal shock. The glasses are made by hand, and thanks to their double walls they maintain the appropriate temperature of the drink for longer. The ergonomic shape of the glasses, combines classic [...].<\/p>","protected":false},"featured_media":3027,"template":"","meta":{"_uag_custom_page_level_css":"","site-sidebar-layout":"default","site-content-layout":"","ast-site-content-layout":"default","site-content-style":"default","site-sidebar-style":"default","ast-global-header-display":"","ast-banner-title-visibility":"","ast-main-header-display":"","ast-hfb-above-header-display":"","ast-hfb-below-header-display":"","ast-hfb-mobile-header-display":"","site-post-title":"","ast-breadcrumbs-content":"","ast-featured-img":"","footer-sml-layout":"","ast-disable-related-posts":"","theme-transparent-header-meta":"","adv-header-id-meta":"","stick-header-meta":"","header-above-stick-meta":"","header-main-stick-meta":"","header-below-stick-meta":"","astra-migrate-meta-layouts":"default","ast-page-background-enabled":"default","ast-page-background-meta":{"desktop":{"background-color":"","background-image":"","background-repeat":"repeat","background-position":"center center","background-size":"auto","background-attachment":"scroll","background-type":"","background-media":"","overlay-type":"","overlay-color":"","overlay-opacity":"","overlay-gradient":""},"tablet":{"background-color":"","background-image":"","background-repeat":"repeat","background-position":"center center","background-size":"auto","background-attachment":"scroll","background-type":"","background-media":"","overlay-type":"","overlay-color":"","overlay-opacity":"","overlay-gradient":""},"mobile":{"background-color":"","background-image":"","background-repeat":"repeat","background-position":"center center","background-size":"auto","background-attachment":"scroll","background-type":"","background-media":"","overlay-type":"","overlay-color":"","overlay-opacity":"","overlay-gradient":""}},"ast-content-background-meta":{"desktop":{"background-color":"var(--ast-global-color-5)","background-image":"","background-repeat":"repeat","background-position":"center center","background-size":"auto","background-attachment":"scroll","background-type":"","background-media":"","overlay-type":"","overlay-color":"","overlay-opacity":"","overlay-gradient":""},"tablet":{"background-color":"var(--ast-global-color-5)","background-image":"","background-repeat":"repeat","background-position":"center center","background-size":"auto","background-attachment":"scroll","background-type":"","background-media":"","overlay-type":"","overlay-color":"","overlay-opacity":"","overlay-gradient":""},"mobile":{"background-color":"var(--ast-global-color-5)","background-image":"","background-repeat":"repeat","background-position":"center center","background-size":"auto","background-attachment":"scroll","background-type":"","background-media":"","overlay-type":"","overlay-color":"","overlay-opacity":"","overlay-gradient":""}}},"product_brand":[],"product_cat":[432,17,436],"product_tag":[],"class_list":{"0":"post-3034","1":"product","2":"type-product","3":"status-publish","4":"has-post-thumbnail","6":"product_cat-jadalnia","7":"product_cat-produkty","8":"product_cat-szklanki-i-filizanki","9":"desktop-align-left","10":"tablet-align-left","11":"mobile-align-left","13":"first","14":"instock","15":"shipping-taxable","16":"purchasable","17":"product-type-simple"},"uagb_featured_image_src":{"full":["https:\/\/viallidesign.com\/wp-content\/uploads\/2024\/06\/100620246666e2a53af2e.jpeg",552,500,false],"thumbnail":["https:\/\/viallidesign.com\/wp-content\/uploads\/2024\/06\/100620246666e2a53af2e-80x80.jpeg",80,80,true],"medium":["https:\/\/viallidesign.com\/wp-content\/uploads\/2024\/06\/100620246666e2a53af2e-300x272.jpeg",300,272,true],"medium_large":["https:\/\/viallidesign.com\/wp-content\/uploads\/2024\/06\/100620246666e2a53af2e.jpeg",552,500,false],"large":["https:\/\/viallidesign.com\/wp-content\/uploads\/2024\/06\/100620246666e2a53af2e.jpeg",552,500,false],"1536x1536":["https:\/\/viallidesign.com\/wp-content\/uploads\/2024\/06\/100620246666e2a53af2e.jpeg",552,500,false],"2048x2048":["https:\/\/viallidesign.com\/wp-content\/uploads\/2024\/06\/100620246666e2a53af2e.jpeg",552,500,false],"trp-custom-language-flag":["https:\/\/viallidesign.com\/wp-content\/uploads\/2024\/06\/100620246666e2a53af2e.jpeg",13,12,false],"woocommerce_thumbnail":["https:\/\/viallidesign.com\/wp-content\/uploads\/2024\/06\/100620246666e2a53af2e.jpeg",552,500,false],"woocommerce_single":["https:\/\/viallidesign.com\/wp-content\/uploads\/2024\/06\/100620246666e2a53af2e.jpeg",552,500,false],"woocommerce_gallery_thumbnail":["https:\/\/viallidesign.com\/wp-content\/uploads\/2024\/06\/100620246666e2a53af2e-100x100.jpeg",100,100,true],"dgwt-wcas-product-suggestion":["https:\/\/viallidesign.com\/wp-content\/uploads\/2024\/06\/100620246666e2a53af2e-64x58.jpeg",64,58,true]},"uagb_author_info":{"display_name":"viallidesign","author_link":"https:\/\/viallidesign.com\/en\/author\/"},"uagb_comment_info":0,"uagb_excerpt":"Funkcjonalny i praktyczny zestaw dw\u00f3ch malutkich fili\u017canek do espresso z podw\u00f3jn\u0105 \u015bciank\u0105 z serii Diva marki Vialli Design. Produkt zosta\u0142 wykonany r\u0119cznie z najwy\u017cszej jako\u015bci szk\u0142a boro krzemowego, kt\u00f3re jest odporne na wszelakie matowienie oraz szok termiczny. Naczynia wykonywane s\u0105 r\u0119cznie, a\u00a0dzi\u0119ki podw\u00f3jnym \u015bciankom utrzymuj\u0105 odpowiedni\u0105 temperatur\u0119 napoju na d\u0142u\u017cej. Ergonomiczny kszta\u0142t szklanek, \u0142\u0105czy klasyk\u0119&hellip;","_links":{"self":[{"href":"https:\/\/viallidesign.com\/en\/wp-json\/wp\/v2\/product\/3034","targetHints":{"allow":["GET"]}}],"collection":[{"href":"https:\/\/viallidesign.com\/en\/wp-json\/wp\/v2\/product"}],"about":[{"href":"https:\/\/viallidesign.com\/en\/wp-json\/wp\/v2\/types\/product"}],"wp:featuredmedia":[{"embeddable":true,"href":"https:\/\/viallidesign.com\/en\/wp-json\/wp\/v2\/media\/3027"}],"wp:attachment":[{"href":"https:\/\/viallidesign.com\/en\/wp-json\/wp\/v2\/media?parent=3034"}],"wp:term":[{"taxonomy":"product_brand","embeddable":true,"href":"https:\/\/viallidesign.com\/en\/wp-json\/wp\/v2\/product_brand?post=3034"},{"taxonomy":"product_cat","embeddable":true,"href":"https:\/\/viallidesign.com\/en\/wp-json\/wp\/v2\/product_cat?post=3034"},{"taxonomy":"product_tag","embeddable":true,"href":"https:\/\/viallidesign.com\/en\/wp-json\/wp\/v2\/product_tag?post=3034"}],"curies":[{"name":"wp","href":"https:\/\/api.w.org\/{rel}","templated":true}]}}