{"id":3017,"date":"2024-06-10T13:24:56","date_gmt":"2024-06-10T11:24:56","guid":{"rendered":"https:\/\/vialliwp.ageno.work\/produkt\/zestaw-2-filizanek-z-podwojna-scianka-bolla-370-ml-26438\/"},"modified":"2026-03-27T02:20:04","modified_gmt":"2026-03-27T01:20:04","slug":"zestaw-2-filizanek-z-podwojna-scianka-bolla-370-ml-26438","status":"publish","type":"product","link":"https:\/\/viallidesign.com\/en\/product\/zestaw-2-filizanek-z-podwojna-scianka-bolla-370-ml-26438\/","title":{"rendered":"Set of 2 double-walled cups Bolla 370 ml 26438"},"content":{"rendered":"<p><b>Functional and practical<\/b> A set of two capacious double-walled cups from the Bolla series by Vialli Design.<br \/>\nThe product was made of <b>highest quality borosilicate glass<\/b>which is resistant to all kinds of tarnishing in the dishwasher and thermal shock. The glasses are handmade and, thanks to the double wall, they maintain the right temperature of the drink for a longer period of time while presenting the delicious contents in all their glory. The ergonomic shape of the glasses combines classic and modern and the shapely handle prevents the glass from slipping out of your hand. The glasses will be an irresistible decoration to any table. <\/p>\n<p class=\"gpsr-info\"><a href=\"https:\/\/kulig.com.pl\/gpsr\/\" target=\"_blank\" rel=\"noopener\">GPSR information<\/a><\/p>","protected":false},"excerpt":{"rendered":"<p>A functional and practical set of two capacious double-wall cups from the Bolla series by Vialli Design. The product was made of the highest quality boro silicate glass, which is resistant to any kind of tarnishing in a dishwasher and thermal shock. The dishes are made by hand and thanks to the double walls they maintain the right temperature of the drink for longer, while presenting in all its [...]<\/p>","protected":false},"featured_media":3009,"template":"","meta":{"_uag_custom_page_level_css":"","site-sidebar-layout":"default","site-content-layout":"","ast-site-content-layout":"default","site-content-style":"default","site-sidebar-style":"default","ast-global-header-display":"","ast-banner-title-visibility":"","ast-main-header-display":"","ast-hfb-above-header-display":"","ast-hfb-below-header-display":"","ast-hfb-mobile-header-display":"","site-post-title":"","ast-breadcrumbs-content":"","ast-featured-img":"","footer-sml-layout":"","ast-disable-related-posts":"","theme-transparent-header-meta":"","adv-header-id-meta":"","stick-header-meta":"","header-above-stick-meta":"","header-main-stick-meta":"","header-below-stick-meta":"","astra-migrate-meta-layouts":"default","ast-page-background-enabled":"default","ast-page-background-meta":{"desktop":{"background-color":"","background-image":"","background-repeat":"repeat","background-position":"center center","background-size":"auto","background-attachment":"scroll","background-type":"","background-media":"","overlay-type":"","overlay-color":"","overlay-opacity":"","overlay-gradient":""},"tablet":{"background-color":"","background-image":"","background-repeat":"repeat","background-position":"center center","background-size":"auto","background-attachment":"scroll","background-type":"","background-media":"","overlay-type":"","overlay-color":"","overlay-opacity":"","overlay-gradient":""},"mobile":{"background-color":"","background-image":"","background-repeat":"repeat","background-position":"center center","background-size":"auto","background-attachment":"scroll","background-type":"","background-media":"","overlay-type":"","overlay-color":"","overlay-opacity":"","overlay-gradient":""}},"ast-content-background-meta":{"desktop":{"background-color":"var(--ast-global-color-5)","background-image":"","background-repeat":"repeat","background-position":"center center","background-size":"auto","background-attachment":"scroll","background-type":"","background-media":"","overlay-type":"","overlay-color":"","overlay-opacity":"","overlay-gradient":""},"tablet":{"background-color":"var(--ast-global-color-5)","background-image":"","background-repeat":"repeat","background-position":"center center","background-size":"auto","background-attachment":"scroll","background-type":"","background-media":"","overlay-type":"","overlay-color":"","overlay-opacity":"","overlay-gradient":""},"mobile":{"background-color":"var(--ast-global-color-5)","background-image":"","background-repeat":"repeat","background-position":"center center","background-size":"auto","background-attachment":"scroll","background-type":"","background-media":"","overlay-type":"","overlay-color":"","overlay-opacity":"","overlay-gradient":""}}},"product_brand":[],"product_cat":[432,17,436],"product_tag":[],"class_list":{"0":"post-3017","1":"product","2":"type-product","3":"status-publish","4":"has-post-thumbnail","6":"product_cat-jadalnia","7":"product_cat-produkty","8":"product_cat-szklanki-i-filizanki","9":"desktop-align-left","10":"tablet-align-left","11":"mobile-align-left","13":"first","14":"outofstock","15":"shipping-taxable","16":"purchasable","17":"product-type-simple"},"uagb_featured_image_src":{"full":["https:\/\/viallidesign.com\/wp-content\/uploads\/2024\/06\/100620246666e2628764d-scaled.jpeg",2560,1612,false],"thumbnail":["https:\/\/viallidesign.com\/wp-content\/uploads\/2024\/06\/100620246666e2628764d-scaled-80x80.jpeg",80,80,true],"medium":["https:\/\/viallidesign.com\/wp-content\/uploads\/2024\/06\/100620246666e2628764d-scaled-300x189.jpeg",300,189,true],"medium_large":["https:\/\/viallidesign.com\/wp-content\/uploads\/2024\/06\/100620246666e2628764d-scaled-768x484.jpeg",768,484,true],"large":["https:\/\/viallidesign.com\/wp-content\/uploads\/2024\/06\/100620246666e2628764d-scaled-1024x645.jpeg",1024,645,true],"1536x1536":["https:\/\/viallidesign.com\/wp-content\/uploads\/2024\/06\/100620246666e2628764d-scaled-1536x967.jpeg",1536,967,true],"2048x2048":["https:\/\/viallidesign.com\/wp-content\/uploads\/2024\/06\/100620246666e2628764d-scaled-2048x1290.jpeg",2048,1290,true],"trp-custom-language-flag":["https:\/\/viallidesign.com\/wp-content\/uploads\/2024\/06\/100620246666e2628764d-scaled.jpeg",18,12,false],"woocommerce_thumbnail":["https:\/\/viallidesign.com\/wp-content\/uploads\/2024\/06\/100620246666e2628764d-scaled-600x378.jpeg",600,378,true],"woocommerce_single":["https:\/\/viallidesign.com\/wp-content\/uploads\/2024\/06\/100620246666e2628764d-scaled-1200x756.jpeg",1200,756,true],"woocommerce_gallery_thumbnail":["https:\/\/viallidesign.com\/wp-content\/uploads\/2024\/06\/100620246666e2628764d-scaled-100x100.jpeg",100,100,true],"dgwt-wcas-product-suggestion":["https:\/\/viallidesign.com\/wp-content\/uploads\/2024\/06\/100620246666e2628764d-scaled-64x40.jpeg",64,40,true]},"uagb_author_info":{"display_name":"viallidesign","author_link":"https:\/\/viallidesign.com\/en\/author\/"},"uagb_comment_info":0,"uagb_excerpt":"Funkcjonalny i praktyczny zestaw dw\u00f3ch pojemnych fili\u017canek z podw\u00f3jn\u0105 \u015bciank\u0105 z serii Bolla marki Vialli Design. Produkt zosta\u0142 wykonany z najwy\u017cszej jako\u015bci szk\u0142a boro krzemowego, kt\u00f3re jest odporne na wszelakie matowienie w zmywarce oraz szok termiczny. Naczynia wykonywane s\u0105 r\u0119cznie a dzi\u0119ki podw\u00f3jnym \u015bciankom utrzymuj\u0105 odpowiedni\u0105 temperatur\u0119 napoju na d\u0142u\u017cej, jednocze\u015bnie prezentuj\u0105c w ca\u0142ej okaza\u0142o\u015bci&hellip;","_links":{"self":[{"href":"https:\/\/viallidesign.com\/en\/wp-json\/wp\/v2\/product\/3017","targetHints":{"allow":["GET"]}}],"collection":[{"href":"https:\/\/viallidesign.com\/en\/wp-json\/wp\/v2\/product"}],"about":[{"href":"https:\/\/viallidesign.com\/en\/wp-json\/wp\/v2\/types\/product"}],"wp:featuredmedia":[{"embeddable":true,"href":"https:\/\/viallidesign.com\/en\/wp-json\/wp\/v2\/media\/3009"}],"wp:attachment":[{"href":"https:\/\/viallidesign.com\/en\/wp-json\/wp\/v2\/media?parent=3017"}],"wp:term":[{"taxonomy":"product_brand","embeddable":true,"href":"https:\/\/viallidesign.com\/en\/wp-json\/wp\/v2\/product_brand?post=3017"},{"taxonomy":"product_cat","embeddable":true,"href":"https:\/\/viallidesign.com\/en\/wp-json\/wp\/v2\/product_cat?post=3017"},{"taxonomy":"product_tag","embeddable":true,"href":"https:\/\/viallidesign.com\/en\/wp-json\/wp\/v2\/product_tag?post=3017"}],"curies":[{"name":"wp","href":"https:\/\/api.w.org\/{rel}","templated":true}]}}