{"id":2997,"date":"2024-06-10T13:23:37","date_gmt":"2024-06-10T11:23:37","guid":{"rendered":"https:\/\/vialliwp.ageno.work\/produkt\/stojak-do-nozy-nero-czarny-35466\/"},"modified":"2026-03-27T02:20:04","modified_gmt":"2026-03-27T01:20:04","slug":"stojak-do-nozy-nero-czarny-35466","status":"publish","type":"product","link":"https:\/\/viallidesign.com\/en\/product\/stojak-do-nozy-nero-czarny-35466\/","title":{"rendered":"Nero knife stand black 35466"},"content":{"rendered":"<p>A series of colourful knife blocks by Vialli Design. The stand is distinguished by <strong>modern, minimalist<\/strong> design. It is perfectly suited to <strong>safe<\/strong> knife storage. The product is made of <strong>of the highest quality<\/strong> plastic. Stand covered with soft touch, <strong>anti-slip<\/strong> coating makes a great addition to the kitchen. The centre of the stand is filled with thin plastic rods. <strong>Facilitates<\/strong> is to remove and place knives in the block. Suitable for storing ceramic and steel knives.<\/p>\n<p class=\"gpsr-info\"><a href=\"https:\/\/kulig.com.pl\/gpsr\/\" target=\"_blank\" rel=\"noopener\">GPSR information<\/a><\/p>","protected":false},"excerpt":{"rendered":"<p>A series of colourful knife blocks by Vialli Design. The stand is distinguished by its modern, minimalist design. It is perfect for safe storage of knives. The product is made of the highest quality plastic. The stand covered with a soft-touch, non-slip coating is a great addition to the kitchen. The centre of the stand is filled with thin plastic rods. This makes it easier to remove and place knives in the [...]<\/p>","protected":false},"featured_media":2991,"template":"","meta":{"_uag_custom_page_level_css":"","site-sidebar-layout":"default","site-content-layout":"","ast-site-content-layout":"default","site-content-style":"default","site-sidebar-style":"default","ast-global-header-display":"","ast-banner-title-visibility":"","ast-main-header-display":"","ast-hfb-above-header-display":"","ast-hfb-below-header-display":"","ast-hfb-mobile-header-display":"","site-post-title":"","ast-breadcrumbs-content":"","ast-featured-img":"","footer-sml-layout":"","ast-disable-related-posts":"","theme-transparent-header-meta":"","adv-header-id-meta":"","stick-header-meta":"","header-above-stick-meta":"","header-main-stick-meta":"","header-below-stick-meta":"","astra-migrate-meta-layouts":"default","ast-page-background-enabled":"default","ast-page-background-meta":{"desktop":{"background-color":"","background-image":"","background-repeat":"repeat","background-position":"center center","background-size":"auto","background-attachment":"scroll","background-type":"","background-media":"","overlay-type":"","overlay-color":"","overlay-opacity":"","overlay-gradient":""},"tablet":{"background-color":"","background-image":"","background-repeat":"repeat","background-position":"center center","background-size":"auto","background-attachment":"scroll","background-type":"","background-media":"","overlay-type":"","overlay-color":"","overlay-opacity":"","overlay-gradient":""},"mobile":{"background-color":"","background-image":"","background-repeat":"repeat","background-position":"center center","background-size":"auto","background-attachment":"scroll","background-type":"","background-media":"","overlay-type":"","overlay-color":"","overlay-opacity":"","overlay-gradient":""}},"ast-content-background-meta":{"desktop":{"background-color":"var(--ast-global-color-5)","background-image":"","background-repeat":"repeat","background-position":"center center","background-size":"auto","background-attachment":"scroll","background-type":"","background-media":"","overlay-type":"","overlay-color":"","overlay-opacity":"","overlay-gradient":""},"tablet":{"background-color":"var(--ast-global-color-5)","background-image":"","background-repeat":"repeat","background-position":"center center","background-size":"auto","background-attachment":"scroll","background-type":"","background-media":"","overlay-type":"","overlay-color":"","overlay-opacity":"","overlay-gradient":""},"mobile":{"background-color":"var(--ast-global-color-5)","background-image":"","background-repeat":"repeat","background-position":"center center","background-size":"auto","background-attachment":"scroll","background-type":"","background-media":"","overlay-type":"","overlay-color":"","overlay-opacity":"","overlay-gradient":""}}},"product_brand":[],"product_cat":[433,751,17],"product_tag":[],"class_list":{"0":"post-2997","1":"product","2":"type-product","3":"status-publish","4":"has-post-thumbnail","6":"product_cat-kuchnia","7":"product_cat-zestawy-nozy","8":"product_cat-produkty","9":"desktop-align-left","10":"tablet-align-left","11":"mobile-align-left","13":"first","14":"instock","15":"shipping-taxable","16":"purchasable","17":"product-type-simple"},"uagb_featured_image_src":{"full":["https:\/\/viallidesign.com\/wp-content\/uploads\/2024\/06\/100620246666e21c545b8-scaled.jpeg",1791,2560,false],"thumbnail":["https:\/\/viallidesign.com\/wp-content\/uploads\/2024\/06\/100620246666e21c545b8-scaled-80x80.jpeg",80,80,true],"medium":["https:\/\/viallidesign.com\/wp-content\/uploads\/2024\/06\/100620246666e21c545b8-scaled-210x300.jpeg",210,300,true],"medium_large":["https:\/\/viallidesign.com\/wp-content\/uploads\/2024\/06\/100620246666e21c545b8-scaled-768x1098.jpeg",768,1098,true],"large":["https:\/\/viallidesign.com\/wp-content\/uploads\/2024\/06\/100620246666e21c545b8-scaled-716x1024.jpeg",716,1024,true],"1536x1536":["https:\/\/viallidesign.com\/wp-content\/uploads\/2024\/06\/100620246666e21c545b8-scaled-1075x1536.jpeg",1075,1536,true],"2048x2048":["https:\/\/viallidesign.com\/wp-content\/uploads\/2024\/06\/100620246666e21c545b8-scaled-1433x2048.jpeg",1433,2048,true],"trp-custom-language-flag":["https:\/\/viallidesign.com\/wp-content\/uploads\/2024\/06\/100620246666e21c545b8-scaled.jpeg",8,12,false],"woocommerce_thumbnail":["https:\/\/viallidesign.com\/wp-content\/uploads\/2024\/06\/100620246666e21c545b8-scaled-600x858.jpeg",600,858,true],"woocommerce_single":["https:\/\/viallidesign.com\/wp-content\/uploads\/2024\/06\/100620246666e21c545b8-scaled-1200x1715.jpeg",1200,1715,true],"woocommerce_gallery_thumbnail":["https:\/\/viallidesign.com\/wp-content\/uploads\/2024\/06\/100620246666e21c545b8-scaled-100x100.jpeg",100,100,true],"dgwt-wcas-product-suggestion":["https:\/\/viallidesign.com\/wp-content\/uploads\/2024\/06\/100620246666e21c545b8-scaled-64x91.jpeg",64,91,true]},"uagb_author_info":{"display_name":"viallidesign","author_link":"https:\/\/viallidesign.com\/en\/author\/"},"uagb_comment_info":0,"uagb_excerpt":"Seria kolorowych blok\u00f3w do no\u017cy Vialli Design. Stojak wyr\u00f3\u017cnia si\u0119 nowoczesnym, minimalistycznym designem. Doskonale nadaje si\u0119 do bezpiecznego przechowywania no\u017cy. Produkt zosta\u0142 wykonany z najwy\u017cszej jako\u015bci tworzywa sztucznego. Stojak pokryty mi\u0119kk\u0105 w dotyku, antypo\u015blizgow\u0105 pow\u0142ok\u0105 stanowi \u015bwietny dodatek do kuchni. \u015arodek stojaka wype\u0142niony jest cienkimi pr\u0119cikami z tworzywa. U\u0142atwia to wyjmowanie i umieszczanie no\u017cy w&hellip;","_links":{"self":[{"href":"https:\/\/viallidesign.com\/en\/wp-json\/wp\/v2\/product\/2997","targetHints":{"allow":["GET"]}}],"collection":[{"href":"https:\/\/viallidesign.com\/en\/wp-json\/wp\/v2\/product"}],"about":[{"href":"https:\/\/viallidesign.com\/en\/wp-json\/wp\/v2\/types\/product"}],"wp:featuredmedia":[{"embeddable":true,"href":"https:\/\/viallidesign.com\/en\/wp-json\/wp\/v2\/media\/2991"}],"wp:attachment":[{"href":"https:\/\/viallidesign.com\/en\/wp-json\/wp\/v2\/media?parent=2997"}],"wp:term":[{"taxonomy":"product_brand","embeddable":true,"href":"https:\/\/viallidesign.com\/en\/wp-json\/wp\/v2\/product_brand?post=2997"},{"taxonomy":"product_cat","embeddable":true,"href":"https:\/\/viallidesign.com\/en\/wp-json\/wp\/v2\/product_cat?post=2997"},{"taxonomy":"product_tag","embeddable":true,"href":"https:\/\/viallidesign.com\/en\/wp-json\/wp\/v2\/product_tag?post=2997"}],"curies":[{"name":"wp","href":"https:\/\/api.w.org\/{rel}","templated":true}]}}