{"id":2990,"date":"2024-06-10T13:23:08","date_gmt":"2024-06-10T11:23:08","guid":{"rendered":"https:\/\/vialliwp.ageno.work\/produkt\/miska-livio-duo-owalna-czerwona-28-cm\/"},"modified":"2026-04-27T17:20:04","modified_gmt":"2026-04-27T15:20:04","slug":"miska-livio-duo-owalna-czerwona-28-cm","status":"publish","type":"product","link":"https:\/\/viallidesign.com\/en\/product\/miska-livio-duo-owalna-czerwona-28-cm\/","title":{"rendered":"Livio Duo oval bowl red 28 cm"},"content":{"rendered":"<p><b>Modern, red and white, oval<\/b> bowl from the Livio series by the Polish-Italian brand Vialli Design, was made of <b>high quality acrylic.<\/b> Acrylic as a material, not only <b>beautifully imitates the appearance of glass<b\/>but also shows a higher <b>shatterproof and scratch-resistant<\/b>. The original and eye-catching design of the bowl makes the vessel not only function as a <b>practical<\/b> but also <b>decorative<\/b> on the table. The white colour inside and outside of the bowl and the juicy, intense colour on the outside contrast perfectly with each other. The dish can be used to serve <b>salads, fruit, small snacks <\/b>such as cookies, sweets, etc. <\/p>\n<p class=\"gpsr-info\"><a href=\"https:\/\/kulig.com.pl\/gpsr\/\" target=\"_blank\" rel=\"noopener\">GPSR information<\/a><\/p>","protected":false},"excerpt":{"rendered":"<p>Nowoczesna, bia\u0142o-czerwona, owalna miska z serii Livio polsko-w\u0142oskiej marki Vialli Design, zosta\u0142a wykonana z wysokiej jako\u015bci akrylu. Akryl jako tworzywu, nie tylko pi\u0119knie prezentuje si\u0119 imituj\u0105c swoim wygl\u0105dem szk\u0142o, ale r\u00f3wnie\u017c wykazuje wy\u017csz\u0105 odporno\u015b\u0107 na st\u0142uczenia i porysowania. Oryginalny i przyci\u0105gaj\u0105cy uwag\u0119 design miski sprawia, \u017ce naczynie pe\u0142ni nie tylko funkcj\u0119 praktyczn\u0105 ale r\u00f3wnie\u017c dekoracyjn\u0105 [&hellip;]<\/p>","protected":false},"featured_media":2989,"template":"","meta":{"_uag_custom_page_level_css":"","site-sidebar-layout":"default","site-content-layout":"","ast-site-content-layout":"default","site-content-style":"default","site-sidebar-style":"default","ast-global-header-display":"","ast-banner-title-visibility":"","ast-main-header-display":"","ast-hfb-above-header-display":"","ast-hfb-below-header-display":"","ast-hfb-mobile-header-display":"","site-post-title":"","ast-breadcrumbs-content":"","ast-featured-img":"","footer-sml-layout":"","ast-disable-related-posts":"","theme-transparent-header-meta":"","adv-header-id-meta":"","stick-header-meta":"","header-above-stick-meta":"","header-main-stick-meta":"","header-below-stick-meta":"","astra-migrate-meta-layouts":"default","ast-page-background-enabled":"default","ast-page-background-meta":{"desktop":{"background-color":"","background-image":"","background-repeat":"repeat","background-position":"center center","background-size":"auto","background-attachment":"scroll","background-type":"","background-media":"","overlay-type":"","overlay-color":"","overlay-opacity":"","overlay-gradient":""},"tablet":{"background-color":"","background-image":"","background-repeat":"repeat","background-position":"center center","background-size":"auto","background-attachment":"scroll","background-type":"","background-media":"","overlay-type":"","overlay-color":"","overlay-opacity":"","overlay-gradient":""},"mobile":{"background-color":"","background-image":"","background-repeat":"repeat","background-position":"center center","background-size":"auto","background-attachment":"scroll","background-type":"","background-media":"","overlay-type":"","overlay-color":"","overlay-opacity":"","overlay-gradient":""}},"ast-content-background-meta":{"desktop":{"background-color":"var(--ast-global-color-5)","background-image":"","background-repeat":"repeat","background-position":"center center","background-size":"auto","background-attachment":"scroll","background-type":"","background-media":"","overlay-type":"","overlay-color":"","overlay-opacity":"","overlay-gradient":""},"tablet":{"background-color":"var(--ast-global-color-5)","background-image":"","background-repeat":"repeat","background-position":"center center","background-size":"auto","background-attachment":"scroll","background-type":"","background-media":"","overlay-type":"","overlay-color":"","overlay-opacity":"","overlay-gradient":""},"mobile":{"background-color":"var(--ast-global-color-5)","background-image":"","background-repeat":"repeat","background-position":"center center","background-size":"auto","background-attachment":"scroll","background-type":"","background-media":"","overlay-type":"","overlay-color":"","overlay-opacity":"","overlay-gradient":""}}},"product_brand":[],"product_cat":[432,749,17],"product_tag":[],"class_list":{"0":"post-2990","1":"product","2":"type-product","3":"status-publish","4":"has-post-thumbnail","6":"product_cat-jadalnia","7":"product_cat-miski","8":"product_cat-produkty","9":"desktop-align-left","10":"tablet-align-left","11":"mobile-align-left","13":"first","14":"instock","15":"sale","16":"shipping-taxable","17":"purchasable","18":"product-type-simple"},"uagb_featured_image_src":{"full":["https:\/\/viallidesign.com\/wp-content\/uploads\/2024\/06\/100620246666e2190d212.jpeg",874,609,false],"thumbnail":["https:\/\/viallidesign.com\/wp-content\/uploads\/2024\/06\/100620246666e2190d212-80x80.jpeg",80,80,true],"medium":["https:\/\/viallidesign.com\/wp-content\/uploads\/2024\/06\/100620246666e2190d212-300x209.jpeg",300,209,true],"medium_large":["https:\/\/viallidesign.com\/wp-content\/uploads\/2024\/06\/100620246666e2190d212-768x535.jpeg",768,535,true],"large":["https:\/\/viallidesign.com\/wp-content\/uploads\/2024\/06\/100620246666e2190d212.jpeg",874,609,false],"1536x1536":["https:\/\/viallidesign.com\/wp-content\/uploads\/2024\/06\/100620246666e2190d212.jpeg",874,609,false],"2048x2048":["https:\/\/viallidesign.com\/wp-content\/uploads\/2024\/06\/100620246666e2190d212.jpeg",874,609,false],"trp-custom-language-flag":["https:\/\/viallidesign.com\/wp-content\/uploads\/2024\/06\/100620246666e2190d212.jpeg",18,12,false],"woocommerce_thumbnail":["https:\/\/viallidesign.com\/wp-content\/uploads\/2024\/06\/100620246666e2190d212-600x418.jpeg",600,418,true],"woocommerce_single":["https:\/\/viallidesign.com\/wp-content\/uploads\/2024\/06\/100620246666e2190d212.jpeg",874,609,false],"woocommerce_gallery_thumbnail":["https:\/\/viallidesign.com\/wp-content\/uploads\/2024\/06\/100620246666e2190d212-100x100.jpeg",100,100,true],"dgwt-wcas-product-suggestion":["https:\/\/viallidesign.com\/wp-content\/uploads\/2024\/06\/100620246666e2190d212-64x45.jpeg",64,45,true]},"uagb_author_info":{"display_name":"viallidesign","author_link":"https:\/\/viallidesign.com\/en\/author\/"},"uagb_comment_info":0,"uagb_excerpt":"Nowoczesna, bia\u0142o-czerwona, owalna miska z serii Livio polsko-w\u0142oskiej marki Vialli Design, zosta\u0142a wykonana z wysokiej jako\u015bci akrylu. Akryl jako tworzywu, nie tylko pi\u0119knie prezentuje si\u0119 imituj\u0105c swoim wygl\u0105dem szk\u0142o, ale r\u00f3wnie\u017c wykazuje wy\u017csz\u0105 odporno\u015b\u0107 na st\u0142uczenia i porysowania. Oryginalny i przyci\u0105gaj\u0105cy uwag\u0119 design miski sprawia, \u017ce naczynie pe\u0142ni nie tylko funkcj\u0119 praktyczn\u0105 ale r\u00f3wnie\u017c dekoracyjn\u0105&hellip;","_links":{"self":[{"href":"https:\/\/viallidesign.com\/en\/wp-json\/wp\/v2\/product\/2990","targetHints":{"allow":["GET"]}}],"collection":[{"href":"https:\/\/viallidesign.com\/en\/wp-json\/wp\/v2\/product"}],"about":[{"href":"https:\/\/viallidesign.com\/en\/wp-json\/wp\/v2\/types\/product"}],"wp:featuredmedia":[{"embeddable":true,"href":"https:\/\/viallidesign.com\/en\/wp-json\/wp\/v2\/media\/2989"}],"wp:attachment":[{"href":"https:\/\/viallidesign.com\/en\/wp-json\/wp\/v2\/media?parent=2990"}],"wp:term":[{"taxonomy":"product_brand","embeddable":true,"href":"https:\/\/viallidesign.com\/en\/wp-json\/wp\/v2\/product_brand?post=2990"},{"taxonomy":"product_cat","embeddable":true,"href":"https:\/\/viallidesign.com\/en\/wp-json\/wp\/v2\/product_cat?post=2990"},{"taxonomy":"product_tag","embeddable":true,"href":"https:\/\/viallidesign.com\/en\/wp-json\/wp\/v2\/product_tag?post=2990"}],"curies":[{"name":"wp","href":"https:\/\/api.w.org\/{rel}","templated":true}]}}