{"id":2953,"date":"2024-06-10T13:21:04","date_gmt":"2024-06-10T11:21:04","guid":{"rendered":"https:\/\/vialliwp.ageno.work\/produkt\/zestaw-2-szklanek-z-podwojna-scianka-diva-250-ml-25875\/"},"modified":"2026-04-11T23:03:17","modified_gmt":"2026-04-11T21:03:17","slug":"zestaw-2-szklanek-z-podwojna-scianka-diva-250-ml-25875","status":"publish","type":"product","link":"https:\/\/viallidesign.com\/en\/product\/zestaw-2-szklanek-z-podwojna-scianka-diva-250-ml-25875\/","title":{"rendered":"Set of 2 Diva double-walled glasses 250 ml 25875"},"content":{"rendered":"<p>Set of 2 double-walled glasses <strong>Diva<\/strong> with a capacity of 250 ml are elegant and functional glasses that are perfect for both hot and cold drinks. The modern design combined with practical workmanship makes the glasses not only aesthetically pleasing, but also comfortable for everyday use.<\/p>\n<p>The glasses are made of high-quality borosilicate glass, which is durable, resistant to temperature changes and easy to clean. Thanks to the double walls, drinks keep their temperature longer and your hands are protected from overheating - you can even hold them with hot coffee or tea without worry.<\/p>\n<p>The set will be perfect for morning coffee, afternoon tea, as well as during gatherings with friends. It is also a perfect gift idea for lovers of stylish and practical crockery.<\/p>\n<p><strong>Product features:<\/strong><\/p>\n<ul>\n<li>set of 2 double-walled glasses<\/li>\n<li>capacity: 250 ml each<\/li>\n<li>made of high quality borosilicate glass<\/li>\n<li>double wall to maintain the temperature of the beverage<\/li>\n<li>protect hands from heat<\/li>\n<li>modern, elegant design<\/li>\n<li>suitable for hot and cold drinks<\/li>\n<\/ul>\n<p><strong>Material:<\/strong> borosilicate glass<\/p>\n<p class=\"gpsr-info\"><a href=\"https:\/\/kulig.com.pl\/gpsr\/\" target=\"_blank\" rel=\"noopener\">GPSR information<\/a><\/p>","protected":false},"excerpt":{"rendered":"<p>Zestaw 2 szklanek z podw\u00f3jn\u0105 \u015bciank\u0105 Diva o pojemno\u015bci 250 ml to eleganckie i funkcjonalne naczynia, kt\u00f3re \u015bwietnie sprawdz\u0105 si\u0119 zar\u00f3wno do gor\u0105cych, jak i zimnych napoj\u00f3w. Nowoczesny design w po\u0142\u0105czeniu z praktycznym wykonaniem sprawia, \u017ce szklanki s\u0105 nie tylko estetyczne, ale i wygodne w codziennym u\u017cytkowaniu. Szklanki zosta\u0142y wykonane z wysokiej jako\u015bci szk\u0142a borokrzemowego, [&hellip;]<\/p>","protected":false},"featured_media":2948,"template":"","meta":{"_uag_custom_page_level_css":"","site-sidebar-layout":"default","site-content-layout":"","ast-site-content-layout":"default","site-content-style":"default","site-sidebar-style":"default","ast-global-header-display":"","ast-banner-title-visibility":"","ast-main-header-display":"","ast-hfb-above-header-display":"","ast-hfb-below-header-display":"","ast-hfb-mobile-header-display":"","site-post-title":"","ast-breadcrumbs-content":"","ast-featured-img":"","footer-sml-layout":"","ast-disable-related-posts":"","theme-transparent-header-meta":"","adv-header-id-meta":"","stick-header-meta":"","header-above-stick-meta":"","header-main-stick-meta":"","header-below-stick-meta":"","astra-migrate-meta-layouts":"default","ast-page-background-enabled":"default","ast-page-background-meta":{"desktop":{"background-color":"","background-image":"","background-repeat":"repeat","background-position":"center center","background-size":"auto","background-attachment":"scroll","background-type":"","background-media":"","overlay-type":"","overlay-color":"","overlay-opacity":"","overlay-gradient":""},"tablet":{"background-color":"","background-image":"","background-repeat":"repeat","background-position":"center center","background-size":"auto","background-attachment":"scroll","background-type":"","background-media":"","overlay-type":"","overlay-color":"","overlay-opacity":"","overlay-gradient":""},"mobile":{"background-color":"","background-image":"","background-repeat":"repeat","background-position":"center center","background-size":"auto","background-attachment":"scroll","background-type":"","background-media":"","overlay-type":"","overlay-color":"","overlay-opacity":"","overlay-gradient":""}},"ast-content-background-meta":{"desktop":{"background-color":"var(--ast-global-color-5)","background-image":"","background-repeat":"repeat","background-position":"center center","background-size":"auto","background-attachment":"scroll","background-type":"","background-media":"","overlay-type":"","overlay-color":"","overlay-opacity":"","overlay-gradient":""},"tablet":{"background-color":"var(--ast-global-color-5)","background-image":"","background-repeat":"repeat","background-position":"center center","background-size":"auto","background-attachment":"scroll","background-type":"","background-media":"","overlay-type":"","overlay-color":"","overlay-opacity":"","overlay-gradient":""},"mobile":{"background-color":"var(--ast-global-color-5)","background-image":"","background-repeat":"repeat","background-position":"center center","background-size":"auto","background-attachment":"scroll","background-type":"","background-media":"","overlay-type":"","overlay-color":"","overlay-opacity":"","overlay-gradient":""}}},"product_brand":[],"product_cat":[432,17,436],"product_tag":[],"class_list":{"0":"post-2953","1":"product","2":"type-product","3":"status-publish","4":"has-post-thumbnail","6":"product_cat-jadalnia","7":"product_cat-produkty","8":"product_cat-szklanki-i-filizanki","9":"desktop-align-left","10":"tablet-align-left","11":"mobile-align-left","13":"first","14":"instock","15":"shipping-taxable","16":"purchasable","17":"product-type-simple"},"uagb_featured_image_src":{"full":["https:\/\/viallidesign.com\/wp-content\/uploads\/2024\/06\/100620246666e1876040e.jpeg",1024,692,false],"thumbnail":["https:\/\/viallidesign.com\/wp-content\/uploads\/2024\/06\/100620246666e1876040e-80x80.jpeg",80,80,true],"medium":["https:\/\/viallidesign.com\/wp-content\/uploads\/2024\/06\/100620246666e1876040e-300x203.jpeg",300,203,true],"medium_large":["https:\/\/viallidesign.com\/wp-content\/uploads\/2024\/06\/100620246666e1876040e-768x519.jpeg",768,519,true],"large":["https:\/\/viallidesign.com\/wp-content\/uploads\/2024\/06\/100620246666e1876040e.jpeg",1024,692,false],"1536x1536":["https:\/\/viallidesign.com\/wp-content\/uploads\/2024\/06\/100620246666e1876040e.jpeg",1024,692,false],"2048x2048":["https:\/\/viallidesign.com\/wp-content\/uploads\/2024\/06\/100620246666e1876040e.jpeg",1024,692,false],"trp-custom-language-flag":["https:\/\/viallidesign.com\/wp-content\/uploads\/2024\/06\/100620246666e1876040e.jpeg",18,12,false],"woocommerce_thumbnail":["https:\/\/viallidesign.com\/wp-content\/uploads\/2024\/06\/100620246666e1876040e-600x405.jpeg",600,405,true],"woocommerce_single":["https:\/\/viallidesign.com\/wp-content\/uploads\/2024\/06\/100620246666e1876040e.jpeg",1024,692,false],"woocommerce_gallery_thumbnail":["https:\/\/viallidesign.com\/wp-content\/uploads\/2024\/06\/100620246666e1876040e-100x100.jpeg",100,100,true],"dgwt-wcas-product-suggestion":["https:\/\/viallidesign.com\/wp-content\/uploads\/2024\/06\/100620246666e1876040e-64x43.jpeg",64,43,true]},"uagb_author_info":{"display_name":"viallidesign","author_link":"https:\/\/viallidesign.com\/en\/author\/"},"uagb_comment_info":0,"uagb_excerpt":"Zestaw 2 szklanek z podw\u00f3jn\u0105 \u015bciank\u0105 Diva o pojemno\u015bci 250 ml to eleganckie i funkcjonalne naczynia, kt\u00f3re \u015bwietnie sprawdz\u0105 si\u0119 zar\u00f3wno do gor\u0105cych, jak i zimnych napoj\u00f3w. Nowoczesny design w po\u0142\u0105czeniu z praktycznym wykonaniem sprawia, \u017ce szklanki s\u0105 nie tylko estetyczne, ale i wygodne w codziennym u\u017cytkowaniu. Szklanki zosta\u0142y wykonane z wysokiej jako\u015bci szk\u0142a borokrzemowego,&hellip;","_links":{"self":[{"href":"https:\/\/viallidesign.com\/en\/wp-json\/wp\/v2\/product\/2953","targetHints":{"allow":["GET"]}}],"collection":[{"href":"https:\/\/viallidesign.com\/en\/wp-json\/wp\/v2\/product"}],"about":[{"href":"https:\/\/viallidesign.com\/en\/wp-json\/wp\/v2\/types\/product"}],"wp:featuredmedia":[{"embeddable":true,"href":"https:\/\/viallidesign.com\/en\/wp-json\/wp\/v2\/media\/2948"}],"wp:attachment":[{"href":"https:\/\/viallidesign.com\/en\/wp-json\/wp\/v2\/media?parent=2953"}],"wp:term":[{"taxonomy":"product_brand","embeddable":true,"href":"https:\/\/viallidesign.com\/en\/wp-json\/wp\/v2\/product_brand?post=2953"},{"taxonomy":"product_cat","embeddable":true,"href":"https:\/\/viallidesign.com\/en\/wp-json\/wp\/v2\/product_cat?post=2953"},{"taxonomy":"product_tag","embeddable":true,"href":"https:\/\/viallidesign.com\/en\/wp-json\/wp\/v2\/product_tag?post=2953"}],"curies":[{"name":"wp","href":"https:\/\/api.w.org\/{rel}","templated":true}]}}