{"id":2947,"date":"2024-06-10T13:20:38","date_gmt":"2024-06-10T11:20:38","guid":{"rendered":"https:\/\/vialliwp.ageno.work\/produkt\/zestaw-2-szklanek-z-podwojna-scianka-diamante-300-ml-25844\/"},"modified":"2026-04-27T17:20:04","modified_gmt":"2026-04-27T15:20:04","slug":"zestaw-2-szklanek-z-podwojna-scianka-diamante-300-ml-25844","status":"publish","type":"product","link":"https:\/\/viallidesign.com\/en\/product\/zestaw-2-szklanek-z-podwojna-scianka-diamante-300-ml-25844\/","title":{"rendered":"Set of 2 double-walled glasses Diamante 300 ml 25844"},"content":{"rendered":"<p><b>Functional and practical<\/b> A set of two double-walled glasses from the Diamante series by Vialli Design.<br \/>\nThe product was made of <b>highest quality borosilicate glass<\/b>which is resistant to all kinds of tarnishing in the dishwasher and thermal shock. The glasses are handmade and, thanks to their double walls, they keep the right temperature of the drink for longer.  The ergonomic shape of the glasses, combining classic and modern - prevents the vessel from slipping out of your hand. The inner wall, reminiscent of gouged crystal, will beautifully highlight and expose the contents in the form of lemon, mint or ice cubes added to drinks. The glasses will be an irresistible decoration to any table. <\/p>\n<p class=\"gpsr-info\"><a href=\"https:\/\/kulig.com.pl\/gpsr\/\" target=\"_blank\" rel=\"noopener\">GPSR information<\/a><\/p>","protected":false},"excerpt":{"rendered":"<p>Funkcjonalny i praktyczny zestaw dw\u00f3ch szklanek z podw\u00f3jn\u0105 \u015bciank\u0105 z serii Diamante marki Vialli Design. Produkt zosta\u0142 wykonany z najwy\u017cszej jako\u015bci szk\u0142a boro krzemowego, kt\u00f3re jest odporne na wszelakie matowienie w zmywarce oraz szok termiczny. Naczynia wykonane s\u0105 r\u0119cznie, a dzi\u0119ki podw\u00f3jnym \u015bciankom utrzymuj\u0105 odpowiedni\u0105 temperatur\u0119 napoju na d\u0142u\u017cej. Ergonomiczny kszta\u0142t szklanek, \u0142\u0105cz\u0105cy klasyk\u0119 i [&hellip;]<\/p>","protected":false},"featured_media":2941,"template":"","meta":{"_uag_custom_page_level_css":"","site-sidebar-layout":"default","site-content-layout":"","ast-site-content-layout":"default","site-content-style":"default","site-sidebar-style":"default","ast-global-header-display":"","ast-banner-title-visibility":"","ast-main-header-display":"","ast-hfb-above-header-display":"","ast-hfb-below-header-display":"","ast-hfb-mobile-header-display":"","site-post-title":"","ast-breadcrumbs-content":"","ast-featured-img":"","footer-sml-layout":"","ast-disable-related-posts":"","theme-transparent-header-meta":"","adv-header-id-meta":"","stick-header-meta":"","header-above-stick-meta":"","header-main-stick-meta":"","header-below-stick-meta":"","astra-migrate-meta-layouts":"default","ast-page-background-enabled":"default","ast-page-background-meta":{"desktop":{"background-color":"","background-image":"","background-repeat":"repeat","background-position":"center center","background-size":"auto","background-attachment":"scroll","background-type":"","background-media":"","overlay-type":"","overlay-color":"","overlay-opacity":"","overlay-gradient":""},"tablet":{"background-color":"","background-image":"","background-repeat":"repeat","background-position":"center center","background-size":"auto","background-attachment":"scroll","background-type":"","background-media":"","overlay-type":"","overlay-color":"","overlay-opacity":"","overlay-gradient":""},"mobile":{"background-color":"","background-image":"","background-repeat":"repeat","background-position":"center center","background-size":"auto","background-attachment":"scroll","background-type":"","background-media":"","overlay-type":"","overlay-color":"","overlay-opacity":"","overlay-gradient":""}},"ast-content-background-meta":{"desktop":{"background-color":"var(--ast-global-color-5)","background-image":"","background-repeat":"repeat","background-position":"center center","background-size":"auto","background-attachment":"scroll","background-type":"","background-media":"","overlay-type":"","overlay-color":"","overlay-opacity":"","overlay-gradient":""},"tablet":{"background-color":"var(--ast-global-color-5)","background-image":"","background-repeat":"repeat","background-position":"center center","background-size":"auto","background-attachment":"scroll","background-type":"","background-media":"","overlay-type":"","overlay-color":"","overlay-opacity":"","overlay-gradient":""},"mobile":{"background-color":"var(--ast-global-color-5)","background-image":"","background-repeat":"repeat","background-position":"center center","background-size":"auto","background-attachment":"scroll","background-type":"","background-media":"","overlay-type":"","overlay-color":"","overlay-opacity":"","overlay-gradient":""}}},"product_brand":[],"product_cat":[432,17,436],"product_tag":[],"class_list":{"0":"post-2947","1":"product","2":"type-product","3":"status-publish","4":"has-post-thumbnail","6":"product_cat-jadalnia","7":"product_cat-produkty","8":"product_cat-szklanki-i-filizanki","9":"desktop-align-left","10":"tablet-align-left","11":"mobile-align-left","13":"first","14":"instock","15":"shipping-taxable","16":"purchasable","17":"product-type-simple"},"uagb_featured_image_src":{"full":["https:\/\/viallidesign.com\/wp-content\/uploads\/2024\/06\/100620246666e1676bc7a.jpeg",818,768,false],"thumbnail":["https:\/\/viallidesign.com\/wp-content\/uploads\/2024\/06\/100620246666e1676bc7a-80x80.jpeg",80,80,true],"medium":["https:\/\/viallidesign.com\/wp-content\/uploads\/2024\/06\/100620246666e1676bc7a-300x282.jpeg",300,282,true],"medium_large":["https:\/\/viallidesign.com\/wp-content\/uploads\/2024\/06\/100620246666e1676bc7a-768x721.jpeg",768,721,true],"large":["https:\/\/viallidesign.com\/wp-content\/uploads\/2024\/06\/100620246666e1676bc7a.jpeg",818,768,false],"1536x1536":["https:\/\/viallidesign.com\/wp-content\/uploads\/2024\/06\/100620246666e1676bc7a.jpeg",818,768,false],"2048x2048":["https:\/\/viallidesign.com\/wp-content\/uploads\/2024\/06\/100620246666e1676bc7a.jpeg",818,768,false],"trp-custom-language-flag":["https:\/\/viallidesign.com\/wp-content\/uploads\/2024\/06\/100620246666e1676bc7a.jpeg",13,12,false],"woocommerce_thumbnail":["https:\/\/viallidesign.com\/wp-content\/uploads\/2024\/06\/100620246666e1676bc7a-600x563.jpeg",600,563,true],"woocommerce_single":["https:\/\/viallidesign.com\/wp-content\/uploads\/2024\/06\/100620246666e1676bc7a.jpeg",818,768,false],"woocommerce_gallery_thumbnail":["https:\/\/viallidesign.com\/wp-content\/uploads\/2024\/06\/100620246666e1676bc7a-100x100.jpeg",100,100,true],"dgwt-wcas-product-suggestion":["https:\/\/viallidesign.com\/wp-content\/uploads\/2024\/06\/100620246666e1676bc7a-64x60.jpeg",64,60,true]},"uagb_author_info":{"display_name":"viallidesign","author_link":"https:\/\/viallidesign.com\/en\/author\/"},"uagb_comment_info":0,"uagb_excerpt":"Funkcjonalny i praktyczny zestaw dw\u00f3ch szklanek z podw\u00f3jn\u0105 \u015bciank\u0105 z serii Diamante marki Vialli Design. Produkt zosta\u0142 wykonany z najwy\u017cszej jako\u015bci szk\u0142a boro krzemowego, kt\u00f3re jest odporne na wszelakie matowienie w zmywarce oraz szok termiczny. Naczynia wykonane s\u0105 r\u0119cznie, a dzi\u0119ki podw\u00f3jnym \u015bciankom utrzymuj\u0105 odpowiedni\u0105 temperatur\u0119 napoju na d\u0142u\u017cej. Ergonomiczny kszta\u0142t szklanek, \u0142\u0105cz\u0105cy klasyk\u0119 i&hellip;","_links":{"self":[{"href":"https:\/\/viallidesign.com\/en\/wp-json\/wp\/v2\/product\/2947","targetHints":{"allow":["GET"]}}],"collection":[{"href":"https:\/\/viallidesign.com\/en\/wp-json\/wp\/v2\/product"}],"about":[{"href":"https:\/\/viallidesign.com\/en\/wp-json\/wp\/v2\/types\/product"}],"wp:featuredmedia":[{"embeddable":true,"href":"https:\/\/viallidesign.com\/en\/wp-json\/wp\/v2\/media\/2941"}],"wp:attachment":[{"href":"https:\/\/viallidesign.com\/en\/wp-json\/wp\/v2\/media?parent=2947"}],"wp:term":[{"taxonomy":"product_brand","embeddable":true,"href":"https:\/\/viallidesign.com\/en\/wp-json\/wp\/v2\/product_brand?post=2947"},{"taxonomy":"product_cat","embeddable":true,"href":"https:\/\/viallidesign.com\/en\/wp-json\/wp\/v2\/product_cat?post=2947"},{"taxonomy":"product_tag","embeddable":true,"href":"https:\/\/viallidesign.com\/en\/wp-json\/wp\/v2\/product_tag?post=2947"}],"curies":[{"name":"wp","href":"https:\/\/api.w.org\/{rel}","templated":true}]}}