{"id":2940,"date":"2024-06-10T13:20:07","date_gmt":"2024-06-10T11:20:07","guid":{"rendered":"https:\/\/vialliwp.ageno.work\/produkt\/zestaw-2-filizanek-do-espresso-z-podwojna-scianka-amo-80-ml-25837\/"},"modified":"2026-03-27T02:20:04","modified_gmt":"2026-03-27T01:20:04","slug":"zestaw-2-filizanek-do-espresso-z-podwojna-scianka-amo-80-ml-25837","status":"publish","type":"product","link":"https:\/\/viallidesign.com\/en\/product\/zestaw-2-filizanek-do-espresso-z-podwojna-scianka-amo-80-ml-25837\/","title":{"rendered":"Set of 2 double-walled espresso cups Amo 80 ml 25837"},"content":{"rendered":"<p>A unique set of two double-walled espresso cups from the unique Amo series by Italian brand Vialli Design.<\/p>\n<p>The vessel, thanks to the hollow space between the double walls, not only keeps the drink at the right temperature for longer, but also protects against scalding.<\/p>\n<p>Thanks to their minimalist form, they will fit in perfectly with modern kitchen arrangements.<\/p>\n<p>Ergonomic shape, light weight, timeless form - these are the strengths of this product.<\/p>\n<p>They are ideal for serving strong and aromatic espresso.<strong><br \/><\/strong><\/p>\n<p class=\"gpsr-info\"><a href=\"https:\/\/kulig.com.pl\/gpsr\/\" target=\"_blank\" rel=\"noopener\">GPSR information<\/a><\/p>","protected":false},"excerpt":{"rendered":"<p>Unikatowy zestaw dw\u00f3ch fili\u017canek do espresso z podw\u00f3jn\u0105 \u015bciank\u0105 z wyj\u0105tkowej serii Amo w\u0142oskiej marki Vialli Design. Naczynie, dzi\u0119ki pustej przestrzeni mi\u0119dzy podw\u00f3jnymi \u015bciankami nie tylko utrzymuje odpowiedni\u0105 temperatur\u0119 napoju na d\u0142u\u017cej, ale te\u017c chroni przed poparzeniem. Dzi\u0119ki swojej minimalistycznej formie, idealnie\u00a0b\u0119d\u0105 komponowa\u0107 si\u0119 z nowoczesnymi, kuchennymi aran\u017cacjami. Ergonomiczny kszta\u0142t, niewielka waga, ponadczasowa forma &#8211; [&hellip;]<\/p>","protected":false},"featured_media":2936,"template":"","meta":{"_uag_custom_page_level_css":"","site-sidebar-layout":"default","site-content-layout":"","ast-site-content-layout":"default","site-content-style":"default","site-sidebar-style":"default","ast-global-header-display":"","ast-banner-title-visibility":"","ast-main-header-display":"","ast-hfb-above-header-display":"","ast-hfb-below-header-display":"","ast-hfb-mobile-header-display":"","site-post-title":"","ast-breadcrumbs-content":"","ast-featured-img":"","footer-sml-layout":"","ast-disable-related-posts":"","theme-transparent-header-meta":"","adv-header-id-meta":"","stick-header-meta":"","header-above-stick-meta":"","header-main-stick-meta":"","header-below-stick-meta":"","astra-migrate-meta-layouts":"default","ast-page-background-enabled":"default","ast-page-background-meta":{"desktop":{"background-color":"","background-image":"","background-repeat":"repeat","background-position":"center center","background-size":"auto","background-attachment":"scroll","background-type":"","background-media":"","overlay-type":"","overlay-color":"","overlay-opacity":"","overlay-gradient":""},"tablet":{"background-color":"","background-image":"","background-repeat":"repeat","background-position":"center center","background-size":"auto","background-attachment":"scroll","background-type":"","background-media":"","overlay-type":"","overlay-color":"","overlay-opacity":"","overlay-gradient":""},"mobile":{"background-color":"","background-image":"","background-repeat":"repeat","background-position":"center center","background-size":"auto","background-attachment":"scroll","background-type":"","background-media":"","overlay-type":"","overlay-color":"","overlay-opacity":"","overlay-gradient":""}},"ast-content-background-meta":{"desktop":{"background-color":"var(--ast-global-color-5)","background-image":"","background-repeat":"repeat","background-position":"center center","background-size":"auto","background-attachment":"scroll","background-type":"","background-media":"","overlay-type":"","overlay-color":"","overlay-opacity":"","overlay-gradient":""},"tablet":{"background-color":"var(--ast-global-color-5)","background-image":"","background-repeat":"repeat","background-position":"center center","background-size":"auto","background-attachment":"scroll","background-type":"","background-media":"","overlay-type":"","overlay-color":"","overlay-opacity":"","overlay-gradient":""},"mobile":{"background-color":"var(--ast-global-color-5)","background-image":"","background-repeat":"repeat","background-position":"center center","background-size":"auto","background-attachment":"scroll","background-type":"","background-media":"","overlay-type":"","overlay-color":"","overlay-opacity":"","overlay-gradient":""}}},"product_brand":[],"product_cat":[432,17,436],"product_tag":[],"class_list":{"0":"post-2940","1":"product","2":"type-product","3":"status-publish","4":"has-post-thumbnail","6":"product_cat-jadalnia","7":"product_cat-produkty","8":"product_cat-szklanki-i-filizanki","9":"desktop-align-left","10":"tablet-align-left","11":"mobile-align-left","13":"first","14":"instock","15":"shipping-taxable","16":"purchasable","17":"product-type-simple"},"uagb_featured_image_src":{"full":["https:\/\/viallidesign.com\/wp-content\/uploads\/2024\/06\/100620246666e15263c0f.jpeg",1014,768,false],"thumbnail":["https:\/\/viallidesign.com\/wp-content\/uploads\/2024\/06\/100620246666e15263c0f-80x80.jpeg",80,80,true],"medium":["https:\/\/viallidesign.com\/wp-content\/uploads\/2024\/06\/100620246666e15263c0f-300x227.jpeg",300,227,true],"medium_large":["https:\/\/viallidesign.com\/wp-content\/uploads\/2024\/06\/100620246666e15263c0f-768x582.jpeg",768,582,true],"large":["https:\/\/viallidesign.com\/wp-content\/uploads\/2024\/06\/100620246666e15263c0f.jpeg",1014,768,false],"1536x1536":["https:\/\/viallidesign.com\/wp-content\/uploads\/2024\/06\/100620246666e15263c0f.jpeg",1014,768,false],"2048x2048":["https:\/\/viallidesign.com\/wp-content\/uploads\/2024\/06\/100620246666e15263c0f.jpeg",1014,768,false],"trp-custom-language-flag":["https:\/\/viallidesign.com\/wp-content\/uploads\/2024\/06\/100620246666e15263c0f.jpeg",16,12,false],"woocommerce_thumbnail":["https:\/\/viallidesign.com\/wp-content\/uploads\/2024\/06\/100620246666e15263c0f-600x454.jpeg",600,454,true],"woocommerce_single":["https:\/\/viallidesign.com\/wp-content\/uploads\/2024\/06\/100620246666e15263c0f.jpeg",1014,768,false],"woocommerce_gallery_thumbnail":["https:\/\/viallidesign.com\/wp-content\/uploads\/2024\/06\/100620246666e15263c0f-100x100.jpeg",100,100,true],"dgwt-wcas-product-suggestion":["https:\/\/viallidesign.com\/wp-content\/uploads\/2024\/06\/100620246666e15263c0f-64x48.jpeg",64,48,true]},"uagb_author_info":{"display_name":"viallidesign","author_link":"https:\/\/viallidesign.com\/en\/author\/"},"uagb_comment_info":0,"uagb_excerpt":"Unikatowy zestaw dw\u00f3ch fili\u017canek do espresso z podw\u00f3jn\u0105 \u015bciank\u0105 z wyj\u0105tkowej serii Amo w\u0142oskiej marki Vialli Design. Naczynie, dzi\u0119ki pustej przestrzeni mi\u0119dzy podw\u00f3jnymi \u015bciankami nie tylko utrzymuje odpowiedni\u0105 temperatur\u0119 napoju na d\u0142u\u017cej, ale te\u017c chroni przed poparzeniem. Dzi\u0119ki swojej minimalistycznej formie, idealnie\u00a0b\u0119d\u0105 komponowa\u0107 si\u0119 z nowoczesnymi, kuchennymi aran\u017cacjami. Ergonomiczny kszta\u0142t, niewielka waga, ponadczasowa forma &#8211;&hellip;","_links":{"self":[{"href":"https:\/\/viallidesign.com\/en\/wp-json\/wp\/v2\/product\/2940","targetHints":{"allow":["GET"]}}],"collection":[{"href":"https:\/\/viallidesign.com\/en\/wp-json\/wp\/v2\/product"}],"about":[{"href":"https:\/\/viallidesign.com\/en\/wp-json\/wp\/v2\/types\/product"}],"wp:featuredmedia":[{"embeddable":true,"href":"https:\/\/viallidesign.com\/en\/wp-json\/wp\/v2\/media\/2936"}],"wp:attachment":[{"href":"https:\/\/viallidesign.com\/en\/wp-json\/wp\/v2\/media?parent=2940"}],"wp:term":[{"taxonomy":"product_brand","embeddable":true,"href":"https:\/\/viallidesign.com\/en\/wp-json\/wp\/v2\/product_brand?post=2940"},{"taxonomy":"product_cat","embeddable":true,"href":"https:\/\/viallidesign.com\/en\/wp-json\/wp\/v2\/product_cat?post=2940"},{"taxonomy":"product_tag","embeddable":true,"href":"https:\/\/viallidesign.com\/en\/wp-json\/wp\/v2\/product_tag?post=2940"}],"curies":[{"name":"wp","href":"https:\/\/api.w.org\/{rel}","templated":true}]}}