{"id":234079,"date":"2026-03-10T09:20:35","date_gmt":"2026-03-10T08:20:35","guid":{"rendered":"https:\/\/viallidesign.com\/?post_type=product&#038;p=234079"},"modified":"2026-04-01T18:26:37","modified_gmt":"2026-04-01T16:26:37","slug":"dwie-szklanki-ryflowane-z-niebieskim-uchem-350ml-livio-1791","status":"publish","type":"product","link":"https:\/\/viallidesign.com\/en\/product\/dwie-szklanki-ryflowane-z-niebieskim-uchem-350ml-livio-1791\/","title":{"rendered":"Dwie szklanki ryflowane z niebieskim uchem 350ml Livio 1791"},"content":{"rendered":"<p>Stylowy zestaw dw\u00f3ch ryflowanych szklanek <strong>LIVIO<\/strong> capacities <strong>350 ml<\/strong> to po\u0142\u0105czenie nowoczesnego designu z funkcjonalno\u015bci\u0105. Wykonane z wysokiej jako\u015bci <strong>borosilicate glass<\/strong>, charakteryzuj\u0105 si\u0119 lekko\u015bci\u0105, trwa\u0142o\u015bci\u0105 oraz podwy\u017cszon\u0105 odporno\u015bci\u0105 na zmiany temperatur.<\/p>\n<p>Ryflowana powierzchnia nadaje szklankom elegancki wygl\u0105d, a <strong>niebieskie ucho<\/strong> stanowi oryginalny akcent kolorystyczny i zapewnia wygod\u0119 u\u017cytkowania, szczeg\u00f3lnie przy gor\u0105cych napojach. Szklanki doskonale sprawdz\u0105 si\u0119 do serwowania kawy, herbaty, kakao, a tak\u017ce napoj\u00f3w zimnych.<\/p>\n<p>Zestaw LIVIO to idealny wyb\u00f3r do codziennego u\u017cytku, jak r\u00f3wnie\u017c estetyczny pomys\u0142 na prezent.<\/p>\n<p><strong>Product features:<\/strong><\/p>\n<ul>\n<li>zestaw 2 szklanek<\/li>\n<li>pojemno\u015b\u0107 350 ml<\/li>\n<li>made of borosilicate glass<\/li>\n<li>ryflowana struktura szk\u0142a<\/li>\n<li>wygodne, niebieskie ucho<\/li>\n<li>odporne na zmiany temperatur<\/li>\n<li>nowoczesny, dekoracyjny design<\/li>\n<li>idealne do napoj\u00f3w gor\u0105cych i zimnych<\/li>\n<\/ul>\n<p class=\"gpsr-info\"><a href=\"https:\/\/kulig.com.pl\/gpsr\/\" target=\"_blank\" rel=\"noopener\">GPSR information<\/a><\/p>","protected":false},"excerpt":{"rendered":"<p>Stylowy zestaw dw\u00f3ch ryflowanych szklanek LIVIO o pojemno\u015bci 350 ml to po\u0142\u0105czenie nowoczesnego designu z funkcjonalno\u015bci\u0105. Wykonane z wysokiej jako\u015bci szk\u0142a borokrzemowego, charakteryzuj\u0105 si\u0119 lekko\u015bci\u0105, trwa\u0142o\u015bci\u0105 oraz podwy\u017cszon\u0105 odporno\u015bci\u0105 na zmiany temperatur. Ryflowana powierzchnia nadaje szklankom elegancki wygl\u0105d, a niebieskie ucho stanowi oryginalny akcent kolorystyczny i zapewnia wygod\u0119 u\u017cytkowania, szczeg\u00f3lnie przy gor\u0105cych napojach. Szklanki doskonale [&hellip;]<\/p>","protected":false},"featured_media":234071,"template":"","meta":{"_uag_custom_page_level_css":"","site-sidebar-layout":"default","site-content-layout":"","ast-site-content-layout":"default","site-content-style":"default","site-sidebar-style":"default","ast-global-header-display":"","ast-banner-title-visibility":"","ast-main-header-display":"","ast-hfb-above-header-display":"","ast-hfb-below-header-display":"","ast-hfb-mobile-header-display":"","site-post-title":"","ast-breadcrumbs-content":"","ast-featured-img":"","footer-sml-layout":"","ast-disable-related-posts":"","theme-transparent-header-meta":"","adv-header-id-meta":"","stick-header-meta":"","header-above-stick-meta":"","header-main-stick-meta":"","header-below-stick-meta":"","astra-migrate-meta-layouts":"default","ast-page-background-enabled":"default","ast-page-background-meta":{"desktop":{"background-color":"","background-image":"","background-repeat":"repeat","background-position":"center center","background-size":"auto","background-attachment":"scroll","background-type":"","background-media":"","overlay-type":"","overlay-color":"","overlay-opacity":"","overlay-gradient":""},"tablet":{"background-color":"","background-image":"","background-repeat":"repeat","background-position":"center center","background-size":"auto","background-attachment":"scroll","background-type":"","background-media":"","overlay-type":"","overlay-color":"","overlay-opacity":"","overlay-gradient":""},"mobile":{"background-color":"","background-image":"","background-repeat":"repeat","background-position":"center center","background-size":"auto","background-attachment":"scroll","background-type":"","background-media":"","overlay-type":"","overlay-color":"","overlay-opacity":"","overlay-gradient":""}},"ast-content-background-meta":{"desktop":{"background-color":"var(--ast-global-color-5)","background-image":"","background-repeat":"repeat","background-position":"center center","background-size":"auto","background-attachment":"scroll","background-type":"","background-media":"","overlay-type":"","overlay-color":"","overlay-opacity":"","overlay-gradient":""},"tablet":{"background-color":"var(--ast-global-color-5)","background-image":"","background-repeat":"repeat","background-position":"center center","background-size":"auto","background-attachment":"scroll","background-type":"","background-media":"","overlay-type":"","overlay-color":"","overlay-opacity":"","overlay-gradient":""},"mobile":{"background-color":"var(--ast-global-color-5)","background-image":"","background-repeat":"repeat","background-position":"center center","background-size":"auto","background-attachment":"scroll","background-type":"","background-media":"","overlay-type":"","overlay-color":"","overlay-opacity":"","overlay-gradient":""}}},"product_brand":[],"product_cat":[432,17,436],"product_tag":[],"class_list":{"0":"post-234079","1":"product","2":"type-product","3":"status-publish","4":"has-post-thumbnail","6":"product_cat-jadalnia","7":"product_cat-produkty","8":"product_cat-szklanki-i-filizanki","9":"desktop-align-left","10":"tablet-align-left","11":"mobile-align-left","13":"first","14":"instock","15":"shipping-taxable","16":"purchasable","17":"product-type-simple"},"uagb_featured_image_src":{"full":["https:\/\/viallidesign.com\/wp-content\/uploads\/2026\/03\/0903202669aef925711a7.jpeg",1200,1200,false],"thumbnail":["https:\/\/viallidesign.com\/wp-content\/uploads\/2026\/03\/0903202669aef925711a7-80x80.jpeg",80,80,true],"medium":["https:\/\/viallidesign.com\/wp-content\/uploads\/2026\/03\/0903202669aef925711a7-300x300.jpeg",300,300,true],"medium_large":["https:\/\/viallidesign.com\/wp-content\/uploads\/2026\/03\/0903202669aef925711a7-768x768.jpeg",768,768,true],"large":["https:\/\/viallidesign.com\/wp-content\/uploads\/2026\/03\/0903202669aef925711a7-1024x1024.jpeg",1024,1024,true],"1536x1536":["https:\/\/viallidesign.com\/wp-content\/uploads\/2026\/03\/0903202669aef925711a7.jpeg",1200,1200,false],"2048x2048":["https:\/\/viallidesign.com\/wp-content\/uploads\/2026\/03\/0903202669aef925711a7.jpeg",1200,1200,false],"trp-custom-language-flag":["https:\/\/viallidesign.com\/wp-content\/uploads\/2026\/03\/0903202669aef925711a7-12x12.jpeg",12,12,true],"woocommerce_thumbnail":["https:\/\/viallidesign.com\/wp-content\/uploads\/2026\/03\/0903202669aef925711a7-600x600.jpeg",600,600,true],"woocommerce_single":["https:\/\/viallidesign.com\/wp-content\/uploads\/2026\/03\/0903202669aef925711a7.jpeg",1200,1200,false],"woocommerce_gallery_thumbnail":["https:\/\/viallidesign.com\/wp-content\/uploads\/2026\/03\/0903202669aef925711a7-100x100.jpeg",100,100,true],"dgwt-wcas-product-suggestion":["https:\/\/viallidesign.com\/wp-content\/uploads\/2026\/03\/0903202669aef925711a7-64x64.jpeg",64,64,true]},"uagb_author_info":{"display_name":"viallidesign","author_link":"https:\/\/viallidesign.com\/en\/author\/"},"uagb_comment_info":0,"uagb_excerpt":"Stylowy zestaw dw\u00f3ch ryflowanych szklanek LIVIO o pojemno\u015bci 350 ml to po\u0142\u0105czenie nowoczesnego designu z funkcjonalno\u015bci\u0105. Wykonane z wysokiej jako\u015bci szk\u0142a borokrzemowego, charakteryzuj\u0105 si\u0119 lekko\u015bci\u0105, trwa\u0142o\u015bci\u0105 oraz podwy\u017cszon\u0105 odporno\u015bci\u0105 na zmiany temperatur. Ryflowana powierzchnia nadaje szklankom elegancki wygl\u0105d, a niebieskie ucho stanowi oryginalny akcent kolorystyczny i zapewnia wygod\u0119 u\u017cytkowania, szczeg\u00f3lnie przy gor\u0105cych napojach. Szklanki doskonale&hellip;","_links":{"self":[{"href":"https:\/\/viallidesign.com\/en\/wp-json\/wp\/v2\/product\/234079","targetHints":{"allow":["GET"]}}],"collection":[{"href":"https:\/\/viallidesign.com\/en\/wp-json\/wp\/v2\/product"}],"about":[{"href":"https:\/\/viallidesign.com\/en\/wp-json\/wp\/v2\/types\/product"}],"wp:featuredmedia":[{"embeddable":true,"href":"https:\/\/viallidesign.com\/en\/wp-json\/wp\/v2\/media\/234071"}],"wp:attachment":[{"href":"https:\/\/viallidesign.com\/en\/wp-json\/wp\/v2\/media?parent=234079"}],"wp:term":[{"taxonomy":"product_brand","embeddable":true,"href":"https:\/\/viallidesign.com\/en\/wp-json\/wp\/v2\/product_brand?post=234079"},{"taxonomy":"product_cat","embeddable":true,"href":"https:\/\/viallidesign.com\/en\/wp-json\/wp\/v2\/product_cat?post=234079"},{"taxonomy":"product_tag","embeddable":true,"href":"https:\/\/viallidesign.com\/en\/wp-json\/wp\/v2\/product_tag?post=234079"}],"curies":[{"name":"wp","href":"https:\/\/api.w.org\/{rel}","templated":true}]}}