{"id":234023,"date":"2026-03-10T09:20:35","date_gmt":"2026-03-10T08:20:35","guid":{"rendered":"https:\/\/viallidesign.com\/?post_type=product&#038;p=234023"},"modified":"2026-04-09T18:41:38","modified_gmt":"2026-04-09T16:41:38","slug":"dwie-szklanki-ryflowane-z-szarym-uchem-350ml-livio-1814","status":"publish","type":"product","link":"https:\/\/viallidesign.com\/en\/product\/dwie-szklanki-ryflowane-z-szarym-uchem-350ml-livio-1814\/","title":{"rendered":"Dwie szklanki ryflowane z szarym uchem 350ml Livio 1814"},"content":{"rendered":"<p>Stylowy zestaw dw\u00f3ch ryflowanych szklanek <strong>LIVIO<\/strong> capacities <strong>350 ml<\/strong> to eleganckie po\u0142\u0105czenie nowoczesnego designu i codziennej funkcjonalno\u015bci. Wykonane z wysokiej jako\u015bci <strong>borosilicate glass<\/strong>, s\u0105 lekkie, trwa\u0142e i odporne na zmiany temperatur, dzi\u0119ki czemu doskonale sprawdz\u0105 si\u0119 zar\u00f3wno do napoj\u00f3w gor\u0105cych, jak i zimnych.<\/p>\n<p>Dekoracyjna, ryflowana struktura szk\u0142a nadaje szklankom wyj\u0105tkowy charakter, a <strong>szare ucho<\/strong> w stonowanym kolorze zapewnia wygodny chwyt i podkre\u015bla minimalistyczny styl zestawu. Szklanki idealnie nadaj\u0105 si\u0119 do serwowania kawy, herbaty, kakao, a tak\u017ce innych napoj\u00f3w.<\/p>\n<p>Zestaw LIVIO to doskona\u0142y wyb\u00f3r do nowoczesnych wn\u0119trz oraz estetyczny pomys\u0142 na prezent.<\/p>\n<p><strong>Product features:<\/strong><\/p>\n<ul>\n<li>zestaw 2 szklanek<\/li>\n<li>pojemno\u015b\u0107 350 ml<\/li>\n<li>made of borosilicate glass<\/li>\n<li>ryflowana struktura<\/li>\n<li>wygodne szare ucho<\/li>\n<li>odporne na zmiany temperatur<\/li>\n<li>modern, elegant design<\/li>\n<li>idealne do napoj\u00f3w gor\u0105cych i zimnych<\/li>\n<\/ul>\n<p class=\"gpsr-info\"><a href=\"https:\/\/kulig.com.pl\/gpsr\/\" target=\"_blank\" rel=\"noopener\">GPSR information<\/a><\/p>","protected":false},"excerpt":{"rendered":"<p>Stylowy zestaw dw\u00f3ch ryflowanych szklanek LIVIO o pojemno\u015bci 350 ml to eleganckie po\u0142\u0105czenie nowoczesnego designu i codziennej funkcjonalno\u015bci. Wykonane z wysokiej jako\u015bci szk\u0142a borokrzemowego, s\u0105 lekkie, trwa\u0142e i odporne na zmiany temperatur, dzi\u0119ki czemu doskonale sprawdz\u0105 si\u0119 zar\u00f3wno do napoj\u00f3w gor\u0105cych, jak i zimnych. Dekoracyjna, ryflowana struktura szk\u0142a nadaje szklankom wyj\u0105tkowy charakter, a szare ucho [&hellip;]<\/p>","protected":false},"featured_media":234014,"template":"","meta":{"_uag_custom_page_level_css":"","site-sidebar-layout":"default","site-content-layout":"","ast-site-content-layout":"default","site-content-style":"default","site-sidebar-style":"default","ast-global-header-display":"","ast-banner-title-visibility":"","ast-main-header-display":"","ast-hfb-above-header-display":"","ast-hfb-below-header-display":"","ast-hfb-mobile-header-display":"","site-post-title":"","ast-breadcrumbs-content":"","ast-featured-img":"","footer-sml-layout":"","ast-disable-related-posts":"","theme-transparent-header-meta":"","adv-header-id-meta":"","stick-header-meta":"","header-above-stick-meta":"","header-main-stick-meta":"","header-below-stick-meta":"","astra-migrate-meta-layouts":"default","ast-page-background-enabled":"default","ast-page-background-meta":{"desktop":{"background-color":"","background-image":"","background-repeat":"repeat","background-position":"center center","background-size":"auto","background-attachment":"scroll","background-type":"","background-media":"","overlay-type":"","overlay-color":"","overlay-opacity":"","overlay-gradient":""},"tablet":{"background-color":"","background-image":"","background-repeat":"repeat","background-position":"center center","background-size":"auto","background-attachment":"scroll","background-type":"","background-media":"","overlay-type":"","overlay-color":"","overlay-opacity":"","overlay-gradient":""},"mobile":{"background-color":"","background-image":"","background-repeat":"repeat","background-position":"center center","background-size":"auto","background-attachment":"scroll","background-type":"","background-media":"","overlay-type":"","overlay-color":"","overlay-opacity":"","overlay-gradient":""}},"ast-content-background-meta":{"desktop":{"background-color":"var(--ast-global-color-5)","background-image":"","background-repeat":"repeat","background-position":"center center","background-size":"auto","background-attachment":"scroll","background-type":"","background-media":"","overlay-type":"","overlay-color":"","overlay-opacity":"","overlay-gradient":""},"tablet":{"background-color":"var(--ast-global-color-5)","background-image":"","background-repeat":"repeat","background-position":"center center","background-size":"auto","background-attachment":"scroll","background-type":"","background-media":"","overlay-type":"","overlay-color":"","overlay-opacity":"","overlay-gradient":""},"mobile":{"background-color":"var(--ast-global-color-5)","background-image":"","background-repeat":"repeat","background-position":"center center","background-size":"auto","background-attachment":"scroll","background-type":"","background-media":"","overlay-type":"","overlay-color":"","overlay-opacity":"","overlay-gradient":""}}},"product_brand":[],"product_cat":[432,17,436],"product_tag":[],"class_list":{"0":"post-234023","1":"product","2":"type-product","3":"status-publish","4":"has-post-thumbnail","6":"product_cat-jadalnia","7":"product_cat-produkty","8":"product_cat-szklanki-i-filizanki","9":"desktop-align-left","10":"tablet-align-left","11":"mobile-align-left","13":"first","14":"instock","15":"shipping-taxable","16":"purchasable","17":"product-type-simple"},"uagb_featured_image_src":{"full":["https:\/\/viallidesign.com\/wp-content\/uploads\/2026\/03\/0903202669aef46121c96.jpeg",1200,1200,false],"thumbnail":["https:\/\/viallidesign.com\/wp-content\/uploads\/2026\/03\/0903202669aef46121c96-80x80.jpeg",80,80,true],"medium":["https:\/\/viallidesign.com\/wp-content\/uploads\/2026\/03\/0903202669aef46121c96-300x300.jpeg",300,300,true],"medium_large":["https:\/\/viallidesign.com\/wp-content\/uploads\/2026\/03\/0903202669aef46121c96-768x768.jpeg",768,768,true],"large":["https:\/\/viallidesign.com\/wp-content\/uploads\/2026\/03\/0903202669aef46121c96-1024x1024.jpeg",1024,1024,true],"1536x1536":["https:\/\/viallidesign.com\/wp-content\/uploads\/2026\/03\/0903202669aef46121c96.jpeg",1200,1200,false],"2048x2048":["https:\/\/viallidesign.com\/wp-content\/uploads\/2026\/03\/0903202669aef46121c96.jpeg",1200,1200,false],"trp-custom-language-flag":["https:\/\/viallidesign.com\/wp-content\/uploads\/2026\/03\/0903202669aef46121c96-12x12.jpeg",12,12,true],"woocommerce_thumbnail":["https:\/\/viallidesign.com\/wp-content\/uploads\/2026\/03\/0903202669aef46121c96-600x600.jpeg",600,600,true],"woocommerce_single":["https:\/\/viallidesign.com\/wp-content\/uploads\/2026\/03\/0903202669aef46121c96.jpeg",1200,1200,false],"woocommerce_gallery_thumbnail":["https:\/\/viallidesign.com\/wp-content\/uploads\/2026\/03\/0903202669aef46121c96-100x100.jpeg",100,100,true],"dgwt-wcas-product-suggestion":["https:\/\/viallidesign.com\/wp-content\/uploads\/2026\/03\/0903202669aef46121c96-64x64.jpeg",64,64,true]},"uagb_author_info":{"display_name":"viallidesign","author_link":"https:\/\/viallidesign.com\/en\/author\/"},"uagb_comment_info":0,"uagb_excerpt":"Stylowy zestaw dw\u00f3ch ryflowanych szklanek LIVIO o pojemno\u015bci 350 ml to eleganckie po\u0142\u0105czenie nowoczesnego designu i codziennej funkcjonalno\u015bci. Wykonane z wysokiej jako\u015bci szk\u0142a borokrzemowego, s\u0105 lekkie, trwa\u0142e i odporne na zmiany temperatur, dzi\u0119ki czemu doskonale sprawdz\u0105 si\u0119 zar\u00f3wno do napoj\u00f3w gor\u0105cych, jak i zimnych. Dekoracyjna, ryflowana struktura szk\u0142a nadaje szklankom wyj\u0105tkowy charakter, a szare ucho&hellip;","_links":{"self":[{"href":"https:\/\/viallidesign.com\/en\/wp-json\/wp\/v2\/product\/234023","targetHints":{"allow":["GET"]}}],"collection":[{"href":"https:\/\/viallidesign.com\/en\/wp-json\/wp\/v2\/product"}],"about":[{"href":"https:\/\/viallidesign.com\/en\/wp-json\/wp\/v2\/types\/product"}],"wp:featuredmedia":[{"embeddable":true,"href":"https:\/\/viallidesign.com\/en\/wp-json\/wp\/v2\/media\/234014"}],"wp:attachment":[{"href":"https:\/\/viallidesign.com\/en\/wp-json\/wp\/v2\/media?parent=234023"}],"wp:term":[{"taxonomy":"product_brand","embeddable":true,"href":"https:\/\/viallidesign.com\/en\/wp-json\/wp\/v2\/product_brand?post=234023"},{"taxonomy":"product_cat","embeddable":true,"href":"https:\/\/viallidesign.com\/en\/wp-json\/wp\/v2\/product_cat?post=234023"},{"taxonomy":"product_tag","embeddable":true,"href":"https:\/\/viallidesign.com\/en\/wp-json\/wp\/v2\/product_tag?post=234023"}],"curies":[{"name":"wp","href":"https:\/\/api.w.org\/{rel}","templated":true}]}}