{"id":234005,"date":"2026-03-03T09:20:36","date_gmt":"2026-03-03T08:20:36","guid":{"rendered":"https:\/\/viallidesign.com\/?post_type=product&#038;p=234005"},"modified":"2026-03-27T03:00:04","modified_gmt":"2026-03-27T02:00:04","slug":"dwie-szklanki-ryflowane-350ml-livio-1784","status":"publish","type":"product","link":"https:\/\/viallidesign.com\/en\/product\/dwie-szklanki-ryflowane-350ml-livio-1784\/","title":{"rendered":"Dwie szklanki ryflowane 350ml Livio 1784"},"content":{"rendered":"<p>Elegancki zestaw dw\u00f3ch ryflowanych szklanek <strong>LIVIO<\/strong> capacities <strong>350 ml<\/strong> to stylowa i praktyczna propozycja do codziennego u\u017cytku. Wykonane z wysokiej jako\u015bci <strong>borosilicate glass<\/strong>, charakteryzuj\u0105 si\u0119 lekko\u015bci\u0105, trwa\u0142o\u015bci\u0105 oraz zwi\u0119kszon\u0105 odporno\u015bci\u0105 na zmiany temperatur.<\/p>\n<p>Ryflowana powierzchnia nadaje szklankom nowoczesny, dekoracyjny wygl\u0105d, a jednocze\u015bnie poprawia chwyt i komfort u\u017cytkowania. Doskonale sprawdz\u0105 si\u0119 do serwowania kawy, herbaty, napoj\u00f3w zimnych, sok\u00f3w czy drink\u00f3w, pasuj\u0105c zar\u00f3wno do klasycznych, jak i nowoczesnych aran\u017cacji sto\u0142u.<\/p>\n<p>Szklanki LIVIO \u0142\u0105cz\u0105 estetyk\u0119 z funkcjonalno\u015bci\u0105, dzi\u0119ki czemu b\u0119d\u0105 \u015bwietnym wyborem zar\u00f3wno do domu, jak i na prezent.<\/p>\n<p><strong>Product features:<\/strong><\/p>\n<ul>\n<li>zestaw 2 szklanek<\/li>\n<li>pojemno\u015b\u0107 350 ml<\/li>\n<li>made of borosilicate glass<\/li>\n<li>ryflowana, dekoracyjna powierzchnia<\/li>\n<li>odporne na zmiany temperatur<\/li>\n<li>lekkie i trwa\u0142e<\/li>\n<li>wygodne w u\u017cytkowaniu<\/li>\n<li>modern design<\/li>\n<\/ul>\n<p class=\"gpsr-info\"><a href=\"https:\/\/kulig.com.pl\/gpsr\/\" target=\"_blank\" rel=\"noopener\">GPSR information<\/a><\/p>","protected":false},"excerpt":{"rendered":"<p>Elegancki zestaw dw\u00f3ch ryflowanych szklanek LIVIO o pojemno\u015bci 350 ml to stylowa i praktyczna propozycja do codziennego u\u017cytku. Wykonane z wysokiej jako\u015bci szk\u0142a borokrzemowego, charakteryzuj\u0105 si\u0119 lekko\u015bci\u0105, trwa\u0142o\u015bci\u0105 oraz zwi\u0119kszon\u0105 odporno\u015bci\u0105 na zmiany temperatur. Ryflowana powierzchnia nadaje szklankom nowoczesny, dekoracyjny wygl\u0105d, a jednocze\u015bnie poprawia chwyt i komfort u\u017cytkowania. Doskonale sprawdz\u0105 si\u0119 do serwowania kawy, herbaty, [&hellip;]<\/p>","protected":false},"featured_media":233999,"template":"","meta":{"_uag_custom_page_level_css":"","site-sidebar-layout":"default","site-content-layout":"","ast-site-content-layout":"default","site-content-style":"default","site-sidebar-style":"default","ast-global-header-display":"","ast-banner-title-visibility":"","ast-main-header-display":"","ast-hfb-above-header-display":"","ast-hfb-below-header-display":"","ast-hfb-mobile-header-display":"","site-post-title":"","ast-breadcrumbs-content":"","ast-featured-img":"","footer-sml-layout":"","ast-disable-related-posts":"","theme-transparent-header-meta":"default","adv-header-id-meta":"","stick-header-meta":"","header-above-stick-meta":"","header-main-stick-meta":"","header-below-stick-meta":"","astra-migrate-meta-layouts":"set","ast-page-background-enabled":"default","ast-page-background-meta":{"desktop":{"background-color":"","background-image":"","background-repeat":"repeat","background-position":"center center","background-size":"auto","background-attachment":"scroll","background-type":"","background-media":"","overlay-type":"","overlay-color":"","overlay-opacity":"","overlay-gradient":""},"tablet":{"background-color":"","background-image":"","background-repeat":"repeat","background-position":"center center","background-size":"auto","background-attachment":"scroll","background-type":"","background-media":"","overlay-type":"","overlay-color":"","overlay-opacity":"","overlay-gradient":""},"mobile":{"background-color":"","background-image":"","background-repeat":"repeat","background-position":"center center","background-size":"auto","background-attachment":"scroll","background-type":"","background-media":"","overlay-type":"","overlay-color":"","overlay-opacity":"","overlay-gradient":""}},"ast-content-background-meta":{"desktop":{"background-color":"var(--ast-global-color-5)","background-image":"","background-repeat":"repeat","background-position":"center center","background-size":"auto","background-attachment":"scroll","background-type":"","background-media":"","overlay-type":"","overlay-color":"","overlay-opacity":"","overlay-gradient":""},"tablet":{"background-color":"var(--ast-global-color-5)","background-image":"","background-repeat":"repeat","background-position":"center center","background-size":"auto","background-attachment":"scroll","background-type":"","background-media":"","overlay-type":"","overlay-color":"","overlay-opacity":"","overlay-gradient":""},"mobile":{"background-color":"var(--ast-global-color-5)","background-image":"","background-repeat":"repeat","background-position":"center center","background-size":"auto","background-attachment":"scroll","background-type":"","background-media":"","overlay-type":"","overlay-color":"","overlay-opacity":"","overlay-gradient":""}}},"product_brand":[],"product_cat":[432,17,436],"product_tag":[],"class_list":{"0":"post-234005","1":"product","2":"type-product","3":"status-publish","4":"has-post-thumbnail","6":"product_cat-jadalnia","7":"product_cat-produkty","8":"product_cat-szklanki-i-filizanki","9":"desktop-align-left","10":"tablet-align-left","11":"mobile-align-left","13":"first","14":"instock","15":"shipping-taxable","16":"purchasable","17":"product-type-simple"},"uagb_featured_image_src":{"full":["https:\/\/viallidesign.com\/wp-content\/uploads\/2026\/03\/0903202669aef336d3bd1.jpeg",1200,1200,false],"thumbnail":["https:\/\/viallidesign.com\/wp-content\/uploads\/2026\/03\/0903202669aef336d3bd1-80x80.jpeg",80,80,true],"medium":["https:\/\/viallidesign.com\/wp-content\/uploads\/2026\/03\/0903202669aef336d3bd1-300x300.jpeg",300,300,true],"medium_large":["https:\/\/viallidesign.com\/wp-content\/uploads\/2026\/03\/0903202669aef336d3bd1-768x768.jpeg",768,768,true],"large":["https:\/\/viallidesign.com\/wp-content\/uploads\/2026\/03\/0903202669aef336d3bd1-1024x1024.jpeg",1024,1024,true],"1536x1536":["https:\/\/viallidesign.com\/wp-content\/uploads\/2026\/03\/0903202669aef336d3bd1.jpeg",1200,1200,false],"2048x2048":["https:\/\/viallidesign.com\/wp-content\/uploads\/2026\/03\/0903202669aef336d3bd1.jpeg",1200,1200,false],"trp-custom-language-flag":["https:\/\/viallidesign.com\/wp-content\/uploads\/2026\/03\/0903202669aef336d3bd1-12x12.jpeg",12,12,true],"woocommerce_thumbnail":["https:\/\/viallidesign.com\/wp-content\/uploads\/2026\/03\/0903202669aef336d3bd1-600x600.jpeg",600,600,true],"woocommerce_single":["https:\/\/viallidesign.com\/wp-content\/uploads\/2026\/03\/0903202669aef336d3bd1.jpeg",1200,1200,false],"woocommerce_gallery_thumbnail":["https:\/\/viallidesign.com\/wp-content\/uploads\/2026\/03\/0903202669aef336d3bd1-100x100.jpeg",100,100,true],"dgwt-wcas-product-suggestion":["https:\/\/viallidesign.com\/wp-content\/uploads\/2026\/03\/0903202669aef336d3bd1-64x64.jpeg",64,64,true]},"uagb_author_info":{"display_name":"viallidesign","author_link":"https:\/\/viallidesign.com\/en\/author\/"},"uagb_comment_info":0,"uagb_excerpt":"Elegancki zestaw dw\u00f3ch ryflowanych szklanek LIVIO o pojemno\u015bci 350 ml to stylowa i praktyczna propozycja do codziennego u\u017cytku. Wykonane z wysokiej jako\u015bci szk\u0142a borokrzemowego, charakteryzuj\u0105 si\u0119 lekko\u015bci\u0105, trwa\u0142o\u015bci\u0105 oraz zwi\u0119kszon\u0105 odporno\u015bci\u0105 na zmiany temperatur. Ryflowana powierzchnia nadaje szklankom nowoczesny, dekoracyjny wygl\u0105d, a jednocze\u015bnie poprawia chwyt i komfort u\u017cytkowania. Doskonale sprawdz\u0105 si\u0119 do serwowania kawy, herbaty,&hellip;","_links":{"self":[{"href":"https:\/\/viallidesign.com\/en\/wp-json\/wp\/v2\/product\/234005","targetHints":{"allow":["GET"]}}],"collection":[{"href":"https:\/\/viallidesign.com\/en\/wp-json\/wp\/v2\/product"}],"about":[{"href":"https:\/\/viallidesign.com\/en\/wp-json\/wp\/v2\/types\/product"}],"wp:featuredmedia":[{"embeddable":true,"href":"https:\/\/viallidesign.com\/en\/wp-json\/wp\/v2\/media\/233999"}],"wp:attachment":[{"href":"https:\/\/viallidesign.com\/en\/wp-json\/wp\/v2\/media?parent=234005"}],"wp:term":[{"taxonomy":"product_brand","embeddable":true,"href":"https:\/\/viallidesign.com\/en\/wp-json\/wp\/v2\/product_brand?post=234005"},{"taxonomy":"product_cat","embeddable":true,"href":"https:\/\/viallidesign.com\/en\/wp-json\/wp\/v2\/product_cat?post=234005"},{"taxonomy":"product_tag","embeddable":true,"href":"https:\/\/viallidesign.com\/en\/wp-json\/wp\/v2\/product_tag?post=234005"}],"curies":[{"name":"wp","href":"https:\/\/api.w.org\/{rel}","templated":true}]}}