{"id":232206,"date":"2025-11-21T13:02:24","date_gmt":"2025-11-21T12:02:24","guid":{"rendered":"https:\/\/viallidesign.com\/?post_type=product&#038;p=232206"},"modified":"2026-03-27T03:00:04","modified_gmt":"2026-03-27T02:00:04","slug":"zaparzacz-do-herbaty-1000ml-zloty-volare-1746","status":"publish","type":"product","link":"https:\/\/viallidesign.com\/en\/product\/zaparzacz-do-herbaty-1000ml-zloty-volare-1746\/","title":{"rendered":"Tea brewer 1000ml gold Volare 1746"},"content":{"rendered":"<p><strong>Tea brewer 1000 ml Volare gold<\/strong><\/p>\n<p>Stylish tea brewer by <strong>Vialli Design<\/strong> combines modern design with functionality. Made of high quality <strong>borosilicate glass<\/strong>heat-resistant, and <strong>stainless steel<\/strong>, guarantees durability and an elegant appearance for a long time. It has <strong>steel brewer<\/strong>, comfortable <strong>handle<\/strong> and <strong>decorative elements in gold<\/strong>which give it a unique character. Ideal for everyday brewing of your favourite tea and serving in style.<\/p>\n<p><strong>Product features:<\/strong><\/p>\n<ul>\n<li>Capacity: <strong>1000 ml<\/strong><\/li>\n<li>Colour: gold<\/li>\n<li>Modern design<\/li>\n<li><strong>Stainless steel brewer<\/strong><\/li>\n<li><strong>Borosilicate glass<\/strong> - temperature- and fracture-resistant<\/li>\n<li><strong>Elegant and stylish finish<\/strong><\/li>\n<li><strong>Comfortable, convenient handle<\/strong><\/li>\n<li>Possibility to brew different types of tea<\/li>\n<li>Ideal as a gift<\/li>\n<\/ul>\n<p><strong>Materials:<\/strong><\/p>\n<ul>\n<li>Borosilicate glass<\/li>\n<li>PP plastic<\/li>\n<li>Stainless steel<\/li>\n<\/ul>\n<p><strong>Package dimensions:<\/strong><\/p>\n<p>166 \u00d7 166 \u00d7 152 mm<\/p>\n<p class=\"gpsr-info\"><a href=\"https:\/\/kulig.com.pl\/gpsr\/\" target=\"_blank\" rel=\"noopener\">GPSR information<\/a><\/p>","protected":false},"excerpt":{"rendered":"<p>Zaparzacz do herbaty 1000 ml Volare z\u0142oty Stylowy zaparzacz do herbaty marki Vialli Design \u0142\u0105czy nowoczesny wygl\u0105d z funkcjonalno\u015bci\u0105. Wykonany z wysokiej jako\u015bci szk\u0142a borokrzemowego, odpornego na wysok\u0105 temperatur\u0119, oraz stali nierdzewnej, gwarantuje trwa\u0142o\u015b\u0107 i elegancki wygl\u0105d przez d\u0142ugi czas. Posiada stalowy zaparzacz, wygodny uchwyt oraz dekoracyjne elementy w kolorze z\u0142otym, kt\u00f3re nadaj\u0105 mu wyj\u0105tkowego [&hellip;]<\/p>","protected":false},"featured_media":232199,"template":"","meta":{"_uag_custom_page_level_css":"","site-sidebar-layout":"default","site-content-layout":"","ast-site-content-layout":"default","site-content-style":"default","site-sidebar-style":"default","ast-global-header-display":"","ast-banner-title-visibility":"","ast-main-header-display":"","ast-hfb-above-header-display":"","ast-hfb-below-header-display":"","ast-hfb-mobile-header-display":"","site-post-title":"","ast-breadcrumbs-content":"","ast-featured-img":"","footer-sml-layout":"","ast-disable-related-posts":"","theme-transparent-header-meta":"","adv-header-id-meta":"","stick-header-meta":"","header-above-stick-meta":"","header-main-stick-meta":"","header-below-stick-meta":"","astra-migrate-meta-layouts":"default","ast-page-background-enabled":"default","ast-page-background-meta":{"desktop":{"background-color":"","background-image":"","background-repeat":"repeat","background-position":"center center","background-size":"auto","background-attachment":"scroll","background-type":"","background-media":"","overlay-type":"","overlay-color":"","overlay-opacity":"","overlay-gradient":""},"tablet":{"background-color":"","background-image":"","background-repeat":"repeat","background-position":"center center","background-size":"auto","background-attachment":"scroll","background-type":"","background-media":"","overlay-type":"","overlay-color":"","overlay-opacity":"","overlay-gradient":""},"mobile":{"background-color":"","background-image":"","background-repeat":"repeat","background-position":"center center","background-size":"auto","background-attachment":"scroll","background-type":"","background-media":"","overlay-type":"","overlay-color":"","overlay-opacity":"","overlay-gradient":""}},"ast-content-background-meta":{"desktop":{"background-color":"var(--ast-global-color-5)","background-image":"","background-repeat":"repeat","background-position":"center center","background-size":"auto","background-attachment":"scroll","background-type":"","background-media":"","overlay-type":"","overlay-color":"","overlay-opacity":"","overlay-gradient":""},"tablet":{"background-color":"var(--ast-global-color-5)","background-image":"","background-repeat":"repeat","background-position":"center center","background-size":"auto","background-attachment":"scroll","background-type":"","background-media":"","overlay-type":"","overlay-color":"","overlay-opacity":"","overlay-gradient":""},"mobile":{"background-color":"var(--ast-global-color-5)","background-image":"","background-repeat":"repeat","background-position":"center center","background-size":"auto","background-attachment":"scroll","background-type":"","background-media":"","overlay-type":"","overlay-color":"","overlay-opacity":"","overlay-gradient":""}}},"product_brand":[],"product_cat":[432,17,438],"product_tag":[],"class_list":{"0":"post-232206","1":"product","2":"type-product","3":"status-publish","4":"has-post-thumbnail","6":"product_cat-jadalnia","7":"product_cat-produkty","8":"product_cat-zaparzacze","9":"desktop-align-left","10":"tablet-align-left","11":"mobile-align-left","13":"first","14":"instock","15":"shipping-taxable","16":"purchasable","17":"product-type-simple"},"uagb_featured_image_src":{"full":["https:\/\/viallidesign.com\/wp-content\/uploads\/2025\/11\/18112025691c9a6c50141.jpeg",1200,1200,false],"thumbnail":["https:\/\/viallidesign.com\/wp-content\/uploads\/2025\/11\/18112025691c9a6c50141-80x80.jpeg",80,80,true],"medium":["https:\/\/viallidesign.com\/wp-content\/uploads\/2025\/11\/18112025691c9a6c50141-300x300.jpeg",300,300,true],"medium_large":["https:\/\/viallidesign.com\/wp-content\/uploads\/2025\/11\/18112025691c9a6c50141-768x768.jpeg",768,768,true],"large":["https:\/\/viallidesign.com\/wp-content\/uploads\/2025\/11\/18112025691c9a6c50141-1024x1024.jpeg",1024,1024,true],"1536x1536":["https:\/\/viallidesign.com\/wp-content\/uploads\/2025\/11\/18112025691c9a6c50141.jpeg",1200,1200,false],"2048x2048":["https:\/\/viallidesign.com\/wp-content\/uploads\/2025\/11\/18112025691c9a6c50141.jpeg",1200,1200,false],"trp-custom-language-flag":["https:\/\/viallidesign.com\/wp-content\/uploads\/2025\/11\/18112025691c9a6c50141-12x12.jpeg",12,12,true],"woocommerce_thumbnail":["https:\/\/viallidesign.com\/wp-content\/uploads\/2025\/11\/18112025691c9a6c50141-600x600.jpeg",600,600,true],"woocommerce_single":["https:\/\/viallidesign.com\/wp-content\/uploads\/2025\/11\/18112025691c9a6c50141.jpeg",1200,1200,false],"woocommerce_gallery_thumbnail":["https:\/\/viallidesign.com\/wp-content\/uploads\/2025\/11\/18112025691c9a6c50141-100x100.jpeg",100,100,true],"dgwt-wcas-product-suggestion":["https:\/\/viallidesign.com\/wp-content\/uploads\/2025\/11\/18112025691c9a6c50141-64x64.jpeg",64,64,true]},"uagb_author_info":{"display_name":"viallidesign","author_link":"https:\/\/viallidesign.com\/en\/author\/"},"uagb_comment_info":0,"uagb_excerpt":"Zaparzacz do herbaty 1000 ml Volare z\u0142oty Stylowy zaparzacz do herbaty marki Vialli Design \u0142\u0105czy nowoczesny wygl\u0105d z funkcjonalno\u015bci\u0105. Wykonany z wysokiej jako\u015bci szk\u0142a borokrzemowego, odpornego na wysok\u0105 temperatur\u0119, oraz stali nierdzewnej, gwarantuje trwa\u0142o\u015b\u0107 i elegancki wygl\u0105d przez d\u0142ugi czas. Posiada stalowy zaparzacz, wygodny uchwyt oraz dekoracyjne elementy w kolorze z\u0142otym, kt\u00f3re nadaj\u0105 mu wyj\u0105tkowego&hellip;","_links":{"self":[{"href":"https:\/\/viallidesign.com\/en\/wp-json\/wp\/v2\/product\/232206","targetHints":{"allow":["GET"]}}],"collection":[{"href":"https:\/\/viallidesign.com\/en\/wp-json\/wp\/v2\/product"}],"about":[{"href":"https:\/\/viallidesign.com\/en\/wp-json\/wp\/v2\/types\/product"}],"wp:featuredmedia":[{"embeddable":true,"href":"https:\/\/viallidesign.com\/en\/wp-json\/wp\/v2\/media\/232199"}],"wp:attachment":[{"href":"https:\/\/viallidesign.com\/en\/wp-json\/wp\/v2\/media?parent=232206"}],"wp:term":[{"taxonomy":"product_brand","embeddable":true,"href":"https:\/\/viallidesign.com\/en\/wp-json\/wp\/v2\/product_brand?post=232206"},{"taxonomy":"product_cat","embeddable":true,"href":"https:\/\/viallidesign.com\/en\/wp-json\/wp\/v2\/product_cat?post=232206"},{"taxonomy":"product_tag","embeddable":true,"href":"https:\/\/viallidesign.com\/en\/wp-json\/wp\/v2\/product_tag?post=232206"}],"curies":[{"name":"wp","href":"https:\/\/api.w.org\/{rel}","templated":true}]}}