{"id":231498,"date":"2025-10-14T08:39:20","date_gmt":"2025-10-14T06:39:20","guid":{"rendered":"https:\/\/viallidesign.com\/?post_type=product&#038;p=231498"},"modified":"2026-03-27T03:00:03","modified_gmt":"2026-03-27T02:00:03","slug":"zaparzacz-do-kawy-i-herbaty-1000ml-czarno-zloty-livio-1715","status":"publish","type":"product","link":"https:\/\/viallidesign.com\/en\/product\/zaparzacz-do-kawy-i-herbaty-1000ml-czarno-zloty-livio-1715\/","title":{"rendered":"Coffee and tea brewer 1000ml black\/gold Livio 1715"},"content":{"rendered":"<p>Explore <strong>Livio<\/strong> - coffee and tea brewer from <strong>Vialli Design<\/strong>that transforms everyday beverage brewing <strong>into a moment of unique pleasure.<\/strong><\/p>\n<p>With a capacity of 1,000 ml, <strong>Livio<\/strong> It is ideal for everyday moments of relaxation or meeting with loved ones. Thanks to its modern finish, it combines style with practicality, and the comfortable ear provides a <strong>comfort<\/strong> during use. It's the details that not only impress with their appearance, but also make everyday brewing of your favourite beverages a <strong>more pleasant<\/strong>.<\/p>\n<p>Designed for durability and comfort, <strong>Livio<\/strong> is made of the highest quality borosilicate glass. Its resistance to high temperatures means that you can prepare hot drinks in it without any worries. <strong>Robust construction<\/strong> ensures that the brewer will serve you for years to come, always providing the perfect beverage, whether you are a coffee, tea or herb lover.<\/p>\n<p>The piston mechanism and stainless steel strainer make the separation of grounds from the brew a <strong>quick<\/strong> i <strong>simple<\/strong>. Simply pour your favourite blend into the chamber, pour in boiling water and wait for the drink to reach the desired brewing level. When the plunger is pressed, the strainer will separate the grounds\/dryness from the rest, allowing you to enjoy the <strong>clear drink<\/strong>.<\/p>\n<p>The appropriately designed spout makes pouring easy and the brewing process becomes<strong> liquid<\/strong> i <strong>intuitive<\/strong>.<\/p>\n<p>Whether you are serving morning coffee, afternoon tea or an evening herbal infusion, <strong>Livio<\/strong> from <strong>Vialli Design<\/strong> will ensure that your drink always tastes delicious and the elegant presentation will delight any guest.\u00a0<\/p>\n<ul>\n<li><strong>Convenient way<\/strong> brewing of beverages<\/li>\n<li><strong>Made of durable glass<\/strong> borosilicon<\/li>\n<li><strong>Unique <\/strong>design<\/li>\n<li><strong>Capacity<\/strong> 1000 ml<\/li>\n<li><strong>Ergonomic<\/strong> spout for safe pouring<\/li>\n<\/ul>\n<p class=\"gpsr-info\"><a href=\"https:\/\/kulig.com.pl\/gpsr\/\" target=\"_blank\" rel=\"noopener\">GPSR information<\/a><\/p>","protected":false},"excerpt":{"rendered":"<p>Meet Livio, the coffee and tea brewer from Vialli Design that transforms everyday beverages into a moment of exceptional pleasure. With a capacity of 1000 ml, Livio is ideal for everyday moments of relaxation or gatherings with loved ones. Thanks to its modern finish, it combines style with practicality, while the comfortable ear ensures comfort during use. These are details that not only delight [...]<\/p>","protected":false},"featured_media":231488,"template":"","meta":{"_uag_custom_page_level_css":"","site-sidebar-layout":"default","site-content-layout":"","ast-site-content-layout":"default","site-content-style":"default","site-sidebar-style":"default","ast-global-header-display":"","ast-banner-title-visibility":"","ast-main-header-display":"","ast-hfb-above-header-display":"","ast-hfb-below-header-display":"","ast-hfb-mobile-header-display":"","site-post-title":"","ast-breadcrumbs-content":"","ast-featured-img":"","footer-sml-layout":"","ast-disable-related-posts":"","theme-transparent-header-meta":"","adv-header-id-meta":"","stick-header-meta":"","header-above-stick-meta":"","header-main-stick-meta":"","header-below-stick-meta":"","astra-migrate-meta-layouts":"default","ast-page-background-enabled":"default","ast-page-background-meta":{"desktop":{"background-color":"","background-image":"","background-repeat":"repeat","background-position":"center center","background-size":"auto","background-attachment":"scroll","background-type":"","background-media":"","overlay-type":"","overlay-color":"","overlay-opacity":"","overlay-gradient":""},"tablet":{"background-color":"","background-image":"","background-repeat":"repeat","background-position":"center center","background-size":"auto","background-attachment":"scroll","background-type":"","background-media":"","overlay-type":"","overlay-color":"","overlay-opacity":"","overlay-gradient":""},"mobile":{"background-color":"","background-image":"","background-repeat":"repeat","background-position":"center center","background-size":"auto","background-attachment":"scroll","background-type":"","background-media":"","overlay-type":"","overlay-color":"","overlay-opacity":"","overlay-gradient":""}},"ast-content-background-meta":{"desktop":{"background-color":"var(--ast-global-color-5)","background-image":"","background-repeat":"repeat","background-position":"center center","background-size":"auto","background-attachment":"scroll","background-type":"","background-media":"","overlay-type":"","overlay-color":"","overlay-opacity":"","overlay-gradient":""},"tablet":{"background-color":"var(--ast-global-color-5)","background-image":"","background-repeat":"repeat","background-position":"center center","background-size":"auto","background-attachment":"scroll","background-type":"","background-media":"","overlay-type":"","overlay-color":"","overlay-opacity":"","overlay-gradient":""},"mobile":{"background-color":"var(--ast-global-color-5)","background-image":"","background-repeat":"repeat","background-position":"center center","background-size":"auto","background-attachment":"scroll","background-type":"","background-media":"","overlay-type":"","overlay-color":"","overlay-opacity":"","overlay-gradient":""}}},"product_brand":[],"product_cat":[432,17,438],"product_tag":[],"class_list":{"0":"post-231498","1":"product","2":"type-product","3":"status-publish","4":"has-post-thumbnail","6":"product_cat-jadalnia","7":"product_cat-produkty","8":"product_cat-zaparzacze","9":"desktop-align-left","10":"tablet-align-left","11":"mobile-align-left","13":"first","14":"instock","15":"shipping-taxable","16":"purchasable","17":"product-type-simple"},"uagb_featured_image_src":{"full":["https:\/\/viallidesign.com\/wp-content\/uploads\/2025\/10\/1410202568edee6ee543c.jpeg",1200,1200,false],"thumbnail":["https:\/\/viallidesign.com\/wp-content\/uploads\/2025\/10\/1410202568edee6ee543c-80x80.jpeg",80,80,true],"medium":["https:\/\/viallidesign.com\/wp-content\/uploads\/2025\/10\/1410202568edee6ee543c-300x300.jpeg",300,300,true],"medium_large":["https:\/\/viallidesign.com\/wp-content\/uploads\/2025\/10\/1410202568edee6ee543c-768x768.jpeg",768,768,true],"large":["https:\/\/viallidesign.com\/wp-content\/uploads\/2025\/10\/1410202568edee6ee543c-1024x1024.jpeg",1024,1024,true],"1536x1536":["https:\/\/viallidesign.com\/wp-content\/uploads\/2025\/10\/1410202568edee6ee543c.jpeg",1200,1200,false],"2048x2048":["https:\/\/viallidesign.com\/wp-content\/uploads\/2025\/10\/1410202568edee6ee543c.jpeg",1200,1200,false],"trp-custom-language-flag":["https:\/\/viallidesign.com\/wp-content\/uploads\/2025\/10\/1410202568edee6ee543c-12x12.jpeg",12,12,true],"woocommerce_thumbnail":["https:\/\/viallidesign.com\/wp-content\/uploads\/2025\/10\/1410202568edee6ee543c-600x600.jpeg",600,600,true],"woocommerce_single":["https:\/\/viallidesign.com\/wp-content\/uploads\/2025\/10\/1410202568edee6ee543c.jpeg",1200,1200,false],"woocommerce_gallery_thumbnail":["https:\/\/viallidesign.com\/wp-content\/uploads\/2025\/10\/1410202568edee6ee543c-100x100.jpeg",100,100,true],"dgwt-wcas-product-suggestion":["https:\/\/viallidesign.com\/wp-content\/uploads\/2025\/10\/1410202568edee6ee543c-64x64.jpeg",64,64,true]},"uagb_author_info":{"display_name":"viallidesign","author_link":"https:\/\/viallidesign.com\/en\/author\/"},"uagb_comment_info":0,"uagb_excerpt":"Poznaj Livio \u2013 zaparzacz do kawy i herbaty od Vialli Design, kt\u00f3ry przekszta\u0142ca codzienne parzenie napoj\u00f3w w chwil\u0119 wyj\u0105tkowej przyjemno\u015bci. Z pojemno\u015bci\u0105 1000 ml, Livio idealnie sprawdza si\u0119 podczas codziennych chwil relaksu lub spotka\u0144 z bliskimi. Dzi\u0119ki nowoczesnemu wyko\u0144czeniu \u0142\u0105czy\u00a0styl z praktyczno\u015bci\u0105, a wygodne ucho zapewnia komfort podczas u\u017cytkowania. To detale, kt\u00f3re nie tylko zachwycaj\u0105&hellip;","_links":{"self":[{"href":"https:\/\/viallidesign.com\/en\/wp-json\/wp\/v2\/product\/231498","targetHints":{"allow":["GET"]}}],"collection":[{"href":"https:\/\/viallidesign.com\/en\/wp-json\/wp\/v2\/product"}],"about":[{"href":"https:\/\/viallidesign.com\/en\/wp-json\/wp\/v2\/types\/product"}],"wp:featuredmedia":[{"embeddable":true,"href":"https:\/\/viallidesign.com\/en\/wp-json\/wp\/v2\/media\/231488"}],"wp:attachment":[{"href":"https:\/\/viallidesign.com\/en\/wp-json\/wp\/v2\/media?parent=231498"}],"wp:term":[{"taxonomy":"product_brand","embeddable":true,"href":"https:\/\/viallidesign.com\/en\/wp-json\/wp\/v2\/product_brand?post=231498"},{"taxonomy":"product_cat","embeddable":true,"href":"https:\/\/viallidesign.com\/en\/wp-json\/wp\/v2\/product_cat?post=231498"},{"taxonomy":"product_tag","embeddable":true,"href":"https:\/\/viallidesign.com\/en\/wp-json\/wp\/v2\/product_tag?post=231498"}],"curies":[{"name":"wp","href":"https:\/\/api.w.org\/{rel}","templated":true}]}}