{"id":231414,"date":"2025-10-08T20:49:16","date_gmt":"2025-10-08T18:49:16","guid":{"rendered":"https:\/\/viallidesign.com\/?post_type=product&#038;p=231414"},"modified":"2026-04-27T18:00:04","modified_gmt":"2026-04-27T16:00:04","slug":"komplet-2-filizanek-z-podwojna-scianka-250-ml-livio-duo-1647","status":"publish","type":"product","link":"https:\/\/viallidesign.com\/en\/product\/komplet-2-filizanek-z-podwojna-scianka-250-ml-livio-duo-1647\/","title":{"rendered":"Set of 2 double-walled 250 ml cups Livio Duo 1647"},"content":{"rendered":"<h3 class=\"western\"><strong>Set of 2 double-walled cups Livio Duo 250 ml - Vialli Design<\/strong><\/h3>\n<p>Enrich your moments of relaxation with a touch of modern elegance thanks to the <strong>Livio Duo cups<\/strong> from a renowned brand <strong>Vialli Design<\/strong>. This <strong>combining style, functionality and comfort<\/strong>which will satisfy even the most demanding coffee and tea lovers.<\/p>\n<h4 class=\"western\"><strong>Style and elegance in every detail<\/strong><\/h4>\n<p>Made of <strong>high quality borosilicate glass<\/strong>Livio Duo cups delight with their <strong>lightness, durability<\/strong> and <strong>resistance to temperature variations<\/strong>. Their <strong>subtle fluting<\/strong> gives them a unique character, blending perfectly with both modern and classic tableware.<\/p>\n<h4 class=\"western\"><strong>Double wall - maximum comfort<\/strong><\/h4>\n<p>Thanks to the use of <strong>innovative double-walled design<\/strong>, cups:<\/p>\n<ul>\n<li>\n<p><strong>Maintains the temperature of the beverage<\/strong> for longer - hot coffee or aromatic tea tastes better and lasts longer,<\/p>\n<\/li>\n<li>\n<p><strong>Protect hands from burns<\/strong>ensuring complete comfort,<\/p>\n<\/li>\n<li>\n<p>Create <strong>levitating drink effect<\/strong>which is visually stunning.<\/p>\n<\/li>\n<\/ul>\n<h4 class=\"western\"><strong>Practical and comfortable for everyday use<\/strong><\/h4>\n<p>Z <strong>250 ml capacity,<\/strong> cups are ideal for both morning cappuccino and afternoon tea or herbal infusion. <strong>Comfortable ear<\/strong> and <strong>stable base<\/strong> guarantee comfort and safety for everyday use. What's more, the cups are dishwasher safe, making them not only stylish but also<strong> practical<\/strong> an addition to any kitchen.<\/p>\n<p>The kit includes <strong>2 cups<\/strong> with a diameter of <strong>9.3 cm<\/strong> and heights <strong>7.2 cm<\/strong> - ideal both as a gift and for the home collection. <strong>Livio Duo<\/strong> is the choice for those who appreciate <strong>aesthetics, quality and everyday comfort<\/strong> at its best.<\/p>\n<p class=\"gpsr-info\"><a href=\"https:\/\/kulig.com.pl\/gpsr\/\" target=\"_blank\" rel=\"noopener\">GPSR information<\/a><\/p>","protected":false},"excerpt":{"rendered":"<p>Zestaw 2 fili\u017canek z podw\u00f3jn\u0105 \u015bciank\u0105 Livio Duo 250 ml \u2013 Vialli Design Wzboga\u0107 swoje chwile relaksu o nut\u0119 nowoczesnej elegancji dzi\u0119ki fili\u017cankom Livio Duo od renomowanej marki Vialli Design. To po\u0142\u0105czenie stylu, funkcjonalno\u015bci i komfortu, kt\u00f3re zadowoli nawet najbardziej wymagaj\u0105cych mi\u0142o\u015bnik\u00f3w kawy i herbaty. Styl i elegancja w ka\u017cdym szczeg\u00f3le Wykonane z wysokiej jako\u015bci [&hellip;]<\/p>","protected":false},"featured_media":231406,"template":"","meta":{"_uag_custom_page_level_css":"","site-sidebar-layout":"default","site-content-layout":"","ast-site-content-layout":"default","site-content-style":"default","site-sidebar-style":"default","ast-global-header-display":"","ast-banner-title-visibility":"","ast-main-header-display":"","ast-hfb-above-header-display":"","ast-hfb-below-header-display":"","ast-hfb-mobile-header-display":"","site-post-title":"","ast-breadcrumbs-content":"","ast-featured-img":"","footer-sml-layout":"","ast-disable-related-posts":"","theme-transparent-header-meta":"","adv-header-id-meta":"","stick-header-meta":"","header-above-stick-meta":"","header-main-stick-meta":"","header-below-stick-meta":"","astra-migrate-meta-layouts":"default","ast-page-background-enabled":"default","ast-page-background-meta":{"desktop":{"background-color":"","background-image":"","background-repeat":"repeat","background-position":"center center","background-size":"auto","background-attachment":"scroll","background-type":"","background-media":"","overlay-type":"","overlay-color":"","overlay-opacity":"","overlay-gradient":""},"tablet":{"background-color":"","background-image":"","background-repeat":"repeat","background-position":"center center","background-size":"auto","background-attachment":"scroll","background-type":"","background-media":"","overlay-type":"","overlay-color":"","overlay-opacity":"","overlay-gradient":""},"mobile":{"background-color":"","background-image":"","background-repeat":"repeat","background-position":"center center","background-size":"auto","background-attachment":"scroll","background-type":"","background-media":"","overlay-type":"","overlay-color":"","overlay-opacity":"","overlay-gradient":""}},"ast-content-background-meta":{"desktop":{"background-color":"var(--ast-global-color-5)","background-image":"","background-repeat":"repeat","background-position":"center center","background-size":"auto","background-attachment":"scroll","background-type":"","background-media":"","overlay-type":"","overlay-color":"","overlay-opacity":"","overlay-gradient":""},"tablet":{"background-color":"var(--ast-global-color-5)","background-image":"","background-repeat":"repeat","background-position":"center center","background-size":"auto","background-attachment":"scroll","background-type":"","background-media":"","overlay-type":"","overlay-color":"","overlay-opacity":"","overlay-gradient":""},"mobile":{"background-color":"var(--ast-global-color-5)","background-image":"","background-repeat":"repeat","background-position":"center center","background-size":"auto","background-attachment":"scroll","background-type":"","background-media":"","overlay-type":"","overlay-color":"","overlay-opacity":"","overlay-gradient":""}}},"product_brand":[],"product_cat":[432,17,436],"product_tag":[],"class_list":{"0":"post-231414","1":"product","2":"type-product","3":"status-publish","4":"has-post-thumbnail","6":"product_cat-jadalnia","7":"product_cat-produkty","8":"product_cat-szklanki-i-filizanki","9":"desktop-align-left","10":"tablet-align-left","11":"mobile-align-left","13":"first","14":"instock","15":"shipping-taxable","16":"purchasable","17":"product-type-simple"},"uagb_featured_image_src":{"full":["https:\/\/viallidesign.com\/wp-content\/uploads\/2025\/09\/2409202568d3a9c9b344d.jpeg",1200,1200,false],"thumbnail":["https:\/\/viallidesign.com\/wp-content\/uploads\/2025\/09\/2409202568d3a9c9b344d-80x80.jpeg",80,80,true],"medium":["https:\/\/viallidesign.com\/wp-content\/uploads\/2025\/09\/2409202568d3a9c9b344d-300x300.jpeg",300,300,true],"medium_large":["https:\/\/viallidesign.com\/wp-content\/uploads\/2025\/09\/2409202568d3a9c9b344d-768x768.jpeg",768,768,true],"large":["https:\/\/viallidesign.com\/wp-content\/uploads\/2025\/09\/2409202568d3a9c9b344d-1024x1024.jpeg",1024,1024,true],"1536x1536":["https:\/\/viallidesign.com\/wp-content\/uploads\/2025\/09\/2409202568d3a9c9b344d.jpeg",1200,1200,false],"2048x2048":["https:\/\/viallidesign.com\/wp-content\/uploads\/2025\/09\/2409202568d3a9c9b344d.jpeg",1200,1200,false],"trp-custom-language-flag":["https:\/\/viallidesign.com\/wp-content\/uploads\/2025\/09\/2409202568d3a9c9b344d-12x12.jpeg",12,12,true],"woocommerce_thumbnail":["https:\/\/viallidesign.com\/wp-content\/uploads\/2025\/09\/2409202568d3a9c9b344d-600x600.jpeg",600,600,true],"woocommerce_single":["https:\/\/viallidesign.com\/wp-content\/uploads\/2025\/09\/2409202568d3a9c9b344d.jpeg",1200,1200,false],"woocommerce_gallery_thumbnail":["https:\/\/viallidesign.com\/wp-content\/uploads\/2025\/09\/2409202568d3a9c9b344d-100x100.jpeg",100,100,true],"dgwt-wcas-product-suggestion":["https:\/\/viallidesign.com\/wp-content\/uploads\/2025\/09\/2409202568d3a9c9b344d-64x64.jpeg",64,64,true]},"uagb_author_info":{"display_name":"viallidesign","author_link":"https:\/\/viallidesign.com\/en\/author\/"},"uagb_comment_info":0,"uagb_excerpt":"Zestaw 2 fili\u017canek z podw\u00f3jn\u0105 \u015bciank\u0105 Livio Duo 250 ml \u2013 Vialli Design Wzboga\u0107 swoje chwile relaksu o nut\u0119 nowoczesnej elegancji dzi\u0119ki fili\u017cankom Livio Duo od renomowanej marki Vialli Design. To po\u0142\u0105czenie stylu, funkcjonalno\u015bci i komfortu, kt\u00f3re zadowoli nawet najbardziej wymagaj\u0105cych mi\u0142o\u015bnik\u00f3w kawy i herbaty. Styl i elegancja w ka\u017cdym szczeg\u00f3le Wykonane z wysokiej jako\u015bci&hellip;","_links":{"self":[{"href":"https:\/\/viallidesign.com\/en\/wp-json\/wp\/v2\/product\/231414","targetHints":{"allow":["GET"]}}],"collection":[{"href":"https:\/\/viallidesign.com\/en\/wp-json\/wp\/v2\/product"}],"about":[{"href":"https:\/\/viallidesign.com\/en\/wp-json\/wp\/v2\/types\/product"}],"wp:featuredmedia":[{"embeddable":true,"href":"https:\/\/viallidesign.com\/en\/wp-json\/wp\/v2\/media\/231406"}],"wp:attachment":[{"href":"https:\/\/viallidesign.com\/en\/wp-json\/wp\/v2\/media?parent=231414"}],"wp:term":[{"taxonomy":"product_brand","embeddable":true,"href":"https:\/\/viallidesign.com\/en\/wp-json\/wp\/v2\/product_brand?post=231414"},{"taxonomy":"product_cat","embeddable":true,"href":"https:\/\/viallidesign.com\/en\/wp-json\/wp\/v2\/product_cat?post=231414"},{"taxonomy":"product_tag","embeddable":true,"href":"https:\/\/viallidesign.com\/en\/wp-json\/wp\/v2\/product_tag?post=231414"}],"curies":[{"name":"wp","href":"https:\/\/api.w.org\/{rel}","templated":true}]}}