{"id":229527,"date":"2024-05-30T11:50:59","date_gmt":"2024-05-30T09:50:59","guid":{"rendered":"https:\/\/viallidesign.com\/?post_type=product&#038;p=229527"},"modified":"2025-11-20T16:48:21","modified_gmt":"2025-11-20T15:48:21","slug":"swieca-livio-podwojne-dno","status":"publish","type":"product","link":"https:\/\/viallidesign.com\/en\/product\/swieca-livio-podwojne-dno\/","title":{"rendered":"Livio Coloured Glass Rod Candle"},"content":{"rendered":"<p><span style=\"font-family: Arial;\">The scented candle collection is the start of a whole new category for the brand <strong>Vialli Design<\/strong>. The candle line is a unique product by combining handmade borosilicate glass with a double wall as a vessel to add uniqueness and uniqueness and selectively chosen fragrances and aromas, in collaboration with the<strong> Intercontinental Fragrances<\/strong> - part of a global conglomerate dedicated to the production of fragrances and flavours.<br \/>\n<\/span><\/p>\n<p><span style=\"font-family: Arial;\">Thanks to the non-uniform structure of the glass and its shape, the light of the flame will be diffused, adding elegance and atmosphere to the interior. <\/span><\/p>\n<p><span style=\"font-family: Arial;\"><strong>The candle line comprises four fragrance lines:<\/strong><\/span><\/p>\n<ul>\n<li><span style=\"font-family: Arial;\">fresh\/relaxing, <\/span><\/li>\n<li><span style=\"font-family: Arial;\">fruity, <\/span><\/li>\n<li><span style=\"font-family: Arial;\">woody\/floral, <\/span><\/li>\n<li><span style=\"font-family: Arial;\">spicy\/exotic<br \/>\n<\/span><\/li>\n<\/ul>\n<p><span style=\"font-family: Arial;\">An additional advantage of the product, once the candle has been burned and the glass has been scalded, is that the vessel can be used universally, either as a glass or as a container. <\/span><\/p>\n<p><span style=\"font-family: Arial;\">Coloured variant also available.<\/span><\/p>\n<p><a href=\"https:\/\/viallidesign.com\/wp-content\/uploads\/2024\/05\/baner2dotacje.webp\"><img fetchpriority=\"high\" decoding=\"async\" class=\"alignnone wp-image-229530 size-full\" src=\"https:\/\/viallidesign.com\/wp-content\/uploads\/2024\/05\/baner2dotacje.webp\" alt=\"\" width=\"1298\" height=\"127\" srcset=\"https:\/\/viallidesign.com\/wp-content\/uploads\/2024\/05\/baner2dotacje.webp 1298w, https:\/\/viallidesign.com\/wp-content\/uploads\/2024\/05\/baner2dotacje-300x29.webp 300w, https:\/\/viallidesign.com\/wp-content\/uploads\/2024\/05\/baner2dotacje-1024x100.webp 1024w, https:\/\/viallidesign.com\/wp-content\/uploads\/2024\/05\/baner2dotacje-768x75.webp 768w, https:\/\/viallidesign.com\/wp-content\/uploads\/2024\/05\/baner2dotacje-18x2.webp 18w, https:\/\/viallidesign.com\/wp-content\/uploads\/2024\/05\/baner2dotacje-600x59.webp 600w, https:\/\/viallidesign.com\/wp-content\/uploads\/2024\/05\/baner2dotacje-1200x117.webp 1200w, https:\/\/viallidesign.com\/wp-content\/uploads\/2024\/05\/baner2dotacje-64x6.webp 64w\" sizes=\"(max-width: 1298px) 100vw, 1298px\" \/><\/a><\/p>","protected":false},"excerpt":{"rendered":"<p>Kolekcja \u015bwiec zapachowych to pocz\u0105tek zupe\u0142nie nowej kategorii dla marki Vialli Design. Linia \u015bwiec jest wyj\u0105tkowym produktem poprzez po\u0142\u0105czenie r\u0119cznie wykonywanego szk\u0142a borokrzemowego z podw\u00f3jn\u0105 \u015bciank\u0105, jako naczynia, kt\u00f3re doda wyj\u0105tkowo\u015bci i unikalno\u015bci oraz selektywnie dobranych zapach\u00f3w i aromat\u00f3w, we wsp\u00f3\u0142pracy z Intercontinental Fragrances &#8211; cz\u0119\u015bci\u0105 globalnego koncernu, zajmuj\u0105cego si\u0119 produkcj\u0105 zapach\u00f3w i smak\u00f3w. Dzi\u0119ki [&hellip;]<\/p>","protected":false},"featured_media":229532,"template":"","meta":{"_uag_custom_page_level_css":"","site-sidebar-layout":"default","site-content-layout":"","ast-site-content-layout":"default","site-content-style":"default","site-sidebar-style":"default","ast-global-header-display":"","ast-banner-title-visibility":"","ast-main-header-display":"","ast-hfb-above-header-display":"","ast-hfb-below-header-display":"","ast-hfb-mobile-header-display":"","site-post-title":"","ast-breadcrumbs-content":"","ast-featured-img":"","footer-sml-layout":"","ast-disable-related-posts":"","theme-transparent-header-meta":"default","adv-header-id-meta":"","stick-header-meta":"","header-above-stick-meta":"","header-main-stick-meta":"","header-below-stick-meta":"","astra-migrate-meta-layouts":"set","ast-page-background-enabled":"default","ast-page-background-meta":{"desktop":{"background-color":"","background-image":"","background-repeat":"repeat","background-position":"center center","background-size":"auto","background-attachment":"scroll","background-type":"","background-media":"","overlay-type":"","overlay-color":"","overlay-opacity":"","overlay-gradient":""},"tablet":{"background-color":"","background-image":"","background-repeat":"repeat","background-position":"center center","background-size":"auto","background-attachment":"scroll","background-type":"","background-media":"","overlay-type":"","overlay-color":"","overlay-opacity":"","overlay-gradient":""},"mobile":{"background-color":"","background-image":"","background-repeat":"repeat","background-position":"center center","background-size":"auto","background-attachment":"scroll","background-type":"","background-media":"","overlay-type":"","overlay-color":"","overlay-opacity":"","overlay-gradient":""}},"ast-content-background-meta":{"desktop":{"background-color":"var(--ast-global-color-5)","background-image":"","background-repeat":"repeat","background-position":"center center","background-size":"auto","background-attachment":"scroll","background-type":"","background-media":"","overlay-type":"","overlay-color":"","overlay-opacity":"","overlay-gradient":""},"tablet":{"background-color":"var(--ast-global-color-5)","background-image":"","background-repeat":"repeat","background-position":"center center","background-size":"auto","background-attachment":"scroll","background-type":"","background-media":"","overlay-type":"","overlay-color":"","overlay-opacity":"","overlay-gradient":""},"mobile":{"background-color":"var(--ast-global-color-5)","background-image":"","background-repeat":"repeat","background-position":"center center","background-size":"auto","background-attachment":"scroll","background-type":"","background-media":"","overlay-type":"","overlay-color":"","overlay-opacity":"","overlay-gradient":""}}},"product_brand":[],"product_cat":[17,1005],"product_tag":[],"class_list":{"0":"post-229527","1":"product","2":"type-product","3":"status-publish","4":"has-post-thumbnail","6":"product_cat-produkty","7":"product_cat-swiece","8":"desktop-align-left","9":"tablet-align-left","10":"mobile-align-left","12":"first","13":"onbackorder","14":"shipping-taxable","15":"purchasable","16":"product-type-simple"},"uagb_featured_image_src":{"full":["https:\/\/viallidesign.com\/wp-content\/uploads\/2024\/05\/livio3.jpg",551,635,false],"thumbnail":["https:\/\/viallidesign.com\/wp-content\/uploads\/2024\/05\/livio3-80x80.jpg",80,80,true],"medium":["https:\/\/viallidesign.com\/wp-content\/uploads\/2024\/05\/livio3-260x300.jpg",260,300,true],"medium_large":["https:\/\/viallidesign.com\/wp-content\/uploads\/2024\/05\/livio3.jpg",551,635,false],"large":["https:\/\/viallidesign.com\/wp-content\/uploads\/2024\/05\/livio3.jpg",551,635,false],"1536x1536":["https:\/\/viallidesign.com\/wp-content\/uploads\/2024\/05\/livio3.jpg",551,635,false],"2048x2048":["https:\/\/viallidesign.com\/wp-content\/uploads\/2024\/05\/livio3.jpg",551,635,false],"trp-custom-language-flag":["https:\/\/viallidesign.com\/wp-content\/uploads\/2024\/05\/livio3-10x12.jpg",10,12,true],"woocommerce_thumbnail":["https:\/\/viallidesign.com\/wp-content\/uploads\/2024\/05\/livio3.jpg",551,635,false],"woocommerce_single":["https:\/\/viallidesign.com\/wp-content\/uploads\/2024\/05\/livio3.jpg",551,635,false],"woocommerce_gallery_thumbnail":["https:\/\/viallidesign.com\/wp-content\/uploads\/2024\/05\/livio3-100x100.jpg",100,100,true],"dgwt-wcas-product-suggestion":["https:\/\/viallidesign.com\/wp-content\/uploads\/2024\/05\/livio3-64x74.jpg",64,74,true]},"uagb_author_info":{"display_name":"viallidesign","author_link":"https:\/\/viallidesign.com\/en\/author\/"},"uagb_comment_info":0,"uagb_excerpt":"Kolekcja \u015bwiec zapachowych to pocz\u0105tek zupe\u0142nie nowej kategorii dla marki Vialli Design. Linia \u015bwiec jest wyj\u0105tkowym produktem poprzez po\u0142\u0105czenie r\u0119cznie wykonywanego szk\u0142a borokrzemowego z podw\u00f3jn\u0105 \u015bciank\u0105, jako naczynia, kt\u00f3re doda wyj\u0105tkowo\u015bci i unikalno\u015bci oraz selektywnie dobranych zapach\u00f3w i aromat\u00f3w, we wsp\u00f3\u0142pracy z Intercontinental Fragrances &#8211; cz\u0119\u015bci\u0105 globalnego koncernu, zajmuj\u0105cego si\u0119 produkcj\u0105 zapach\u00f3w i smak\u00f3w. Dzi\u0119ki&hellip;","_links":{"self":[{"href":"https:\/\/viallidesign.com\/en\/wp-json\/wp\/v2\/product\/229527","targetHints":{"allow":["GET"]}}],"collection":[{"href":"https:\/\/viallidesign.com\/en\/wp-json\/wp\/v2\/product"}],"about":[{"href":"https:\/\/viallidesign.com\/en\/wp-json\/wp\/v2\/types\/product"}],"wp:featuredmedia":[{"embeddable":true,"href":"https:\/\/viallidesign.com\/en\/wp-json\/wp\/v2\/media\/229532"}],"wp:attachment":[{"href":"https:\/\/viallidesign.com\/en\/wp-json\/wp\/v2\/media?parent=229527"}],"wp:term":[{"taxonomy":"product_brand","embeddable":true,"href":"https:\/\/viallidesign.com\/en\/wp-json\/wp\/v2\/product_brand?post=229527"},{"taxonomy":"product_cat","embeddable":true,"href":"https:\/\/viallidesign.com\/en\/wp-json\/wp\/v2\/product_cat?post=229527"},{"taxonomy":"product_tag","embeddable":true,"href":"https:\/\/viallidesign.com\/en\/wp-json\/wp\/v2\/product_tag?post=229527"}],"curies":[{"name":"wp","href":"https:\/\/api.w.org\/{rel}","templated":true}]}}