{"id":228369,"date":"2025-03-24T09:00:06","date_gmt":"2025-03-24T08:00:06","guid":{"rendered":"https:\/\/viallidesign.com\/?post_type=product&#038;p=228369"},"modified":"2026-03-27T02:55:04","modified_gmt":"2026-03-27T01:55:04","slug":"zaparzacz-do-kawy-i-herbaty-1000-ml-senso-czarny-1081","status":"publish","type":"product","link":"https:\/\/viallidesign.com\/en\/product\/zaparzacz-do-kawy-i-herbaty-1000-ml-senso-czarny-1081\/","title":{"rendered":"Coffee and tea brewer 1000 ml Senso black 1081"},"content":{"rendered":"<p>Meet the brewer <strong>Senso<\/strong> from Vialli Design - the quintessential <strong>modern design<\/strong> <strong>and precision<\/strong> , which take the daily ritual of making coffee and tea to the next level.<\/p>\n<p><strong>Unique design and precision engineering<br \/><\/strong><br \/> Made from the highest quality borosilicate glass, PP plastic and stainless steel, the Senso brewer is a guaranteed <strong>sustainability<\/strong> i <strong>elegance<\/strong>. Its transparent body not only impresses with its modern design, but also allows you to observe the brewing process, which adds an extraordinary touch to the whole. Attention to every detail - from the sturdy construction to the <strong>ergonomic ear<\/strong>up to <strong>practical funnel<\/strong> to pour - makes the product stand out from the competition.<\/p>\n<p><strong>Functionality and ergonomics<br \/><\/strong><br \/> Designed with comfort in mind, Senso allows you to prepare your favourite drink quickly and easily. Simply pour in the blend of your choice, pour in the boiling water and wait for the brew to reach the ideal intensity. Thanks to a piston mechanism made of stainless steel and a precise strainer, the separation of the grounds from the brew takes place <strong>fast<\/strong> i <strong>seamless<\/strong>, guaranteeing a clean and flavoursome drink every time. As an added bonus, the product is dishwasher safe, adding convenience to everyday use.<\/p>\n<p><strong>High quality workmanship<br \/><\/strong><br \/> The modern materials and advanced technologies used in the Senso brewer translate into its exceptional functionality. The transparent body allows you to control the brewing process, while the robust piston integrated with the strainer guarantees perfect separation of grounds from the brew. This solution ensures that every sip of your favourite coffee or tea delights with its purity of taste and aroma, and makes the brewing method a real pleasure.<\/p>\n<p><strong>Key technical data:<\/strong><\/p>\n<ul>\n<li><strong>Height:<\/strong> 21.5 cm<\/li>\n<li><strong>Diameter:<\/strong> 10 cm<\/li>\n<li><strong>Capacity:<\/strong> 1000 ml<\/li>\n<li><strong>Materials:<\/strong> borosilicate glass, PP plastic, stainless steel<\/li>\n<li><strong>Extras:<\/strong> comfortable handle, pouring funnel, dishwasher safe<\/li>\n<\/ul>\n<p> Choosing a piston brewer <strong>Senso <\/strong>from<strong> Vialli Design<\/strong>, you decide on a product that combines style and practicality. Ideal for both coffee and tea lovers, it not only guarantees an exceptional taste of the beverage, but also enhances the comfort of everyday use. Its <strong>modern, clear design<\/strong> makes it a highlight of any kitchen and the durability of the materials will ensure satisfaction for many years.<\/p>\n<p>Indulge in the luxury of traditional brewing with a modern twist - go for the 1000ml brewer <strong>Senso<\/strong> from <strong>Vialli Design<\/strong> and enjoy perfection in every detail!<\/p>\n<p class=\"gpsr-info\"><a href=\"https:\/\/kulig.com.pl\/gpsr\/\" target=\"_blank\" rel=\"noopener\">GPSR information<\/a><\/p>","protected":false},"excerpt":{"rendered":"<p>Meet the Senso brewer from Vialli Design - the quintessence of modern design and precision workmanship, which take the everyday ritual of brewing coffee and tea to a higher level. Exceptional design and precise construction Made of the highest quality borosilicate glass, PP plastic and stainless steel, the Senso brewer is a guarantee of durability and elegance. Its clear body not only impresses with its modern [...]<\/p>","protected":false},"featured_media":228353,"template":"","meta":{"_uag_custom_page_level_css":"","site-sidebar-layout":"default","site-content-layout":"","ast-site-content-layout":"default","site-content-style":"default","site-sidebar-style":"default","ast-global-header-display":"","ast-banner-title-visibility":"","ast-main-header-display":"","ast-hfb-above-header-display":"","ast-hfb-below-header-display":"","ast-hfb-mobile-header-display":"","site-post-title":"","ast-breadcrumbs-content":"","ast-featured-img":"","footer-sml-layout":"","ast-disable-related-posts":"","theme-transparent-header-meta":"","adv-header-id-meta":"","stick-header-meta":"","header-above-stick-meta":"","header-main-stick-meta":"","header-below-stick-meta":"","astra-migrate-meta-layouts":"default","ast-page-background-enabled":"default","ast-page-background-meta":{"desktop":{"background-color":"","background-image":"","background-repeat":"repeat","background-position":"center center","background-size":"auto","background-attachment":"scroll","background-type":"","background-media":"","overlay-type":"","overlay-color":"","overlay-opacity":"","overlay-gradient":""},"tablet":{"background-color":"","background-image":"","background-repeat":"repeat","background-position":"center center","background-size":"auto","background-attachment":"scroll","background-type":"","background-media":"","overlay-type":"","overlay-color":"","overlay-opacity":"","overlay-gradient":""},"mobile":{"background-color":"","background-image":"","background-repeat":"repeat","background-position":"center center","background-size":"auto","background-attachment":"scroll","background-type":"","background-media":"","overlay-type":"","overlay-color":"","overlay-opacity":"","overlay-gradient":""}},"ast-content-background-meta":{"desktop":{"background-color":"var(--ast-global-color-5)","background-image":"","background-repeat":"repeat","background-position":"center center","background-size":"auto","background-attachment":"scroll","background-type":"","background-media":"","overlay-type":"","overlay-color":"","overlay-opacity":"","overlay-gradient":""},"tablet":{"background-color":"var(--ast-global-color-5)","background-image":"","background-repeat":"repeat","background-position":"center center","background-size":"auto","background-attachment":"scroll","background-type":"","background-media":"","overlay-type":"","overlay-color":"","overlay-opacity":"","overlay-gradient":""},"mobile":{"background-color":"var(--ast-global-color-5)","background-image":"","background-repeat":"repeat","background-position":"center center","background-size":"auto","background-attachment":"scroll","background-type":"","background-media":"","overlay-type":"","overlay-color":"","overlay-opacity":"","overlay-gradient":""}}},"product_brand":[],"product_cat":[432,17,438],"product_tag":[],"class_list":{"0":"post-228369","1":"product","2":"type-product","3":"status-publish","4":"has-post-thumbnail","6":"product_cat-jadalnia","7":"product_cat-produkty","8":"product_cat-zaparzacze","9":"desktop-align-left","10":"tablet-align-left","11":"mobile-align-left","13":"first","14":"instock","15":"shipping-taxable","16":"purchasable","17":"product-type-simple"},"uagb_featured_image_src":{"full":["https:\/\/viallidesign.com\/wp-content\/uploads\/2025\/03\/2403202567e1108d64604.jpeg",1200,1200,false],"thumbnail":["https:\/\/viallidesign.com\/wp-content\/uploads\/2025\/03\/2403202567e1108d64604-80x80.jpeg",80,80,true],"medium":["https:\/\/viallidesign.com\/wp-content\/uploads\/2025\/03\/2403202567e1108d64604-300x300.jpeg",300,300,true],"medium_large":["https:\/\/viallidesign.com\/wp-content\/uploads\/2025\/03\/2403202567e1108d64604-768x768.jpeg",768,768,true],"large":["https:\/\/viallidesign.com\/wp-content\/uploads\/2025\/03\/2403202567e1108d64604-1024x1024.jpeg",1024,1024,true],"1536x1536":["https:\/\/viallidesign.com\/wp-content\/uploads\/2025\/03\/2403202567e1108d64604.jpeg",1200,1200,false],"2048x2048":["https:\/\/viallidesign.com\/wp-content\/uploads\/2025\/03\/2403202567e1108d64604.jpeg",1200,1200,false],"trp-custom-language-flag":["https:\/\/viallidesign.com\/wp-content\/uploads\/2025\/03\/2403202567e1108d64604-12x12.jpeg",12,12,true],"woocommerce_thumbnail":["https:\/\/viallidesign.com\/wp-content\/uploads\/2025\/03\/2403202567e1108d64604-600x600.jpeg",600,600,true],"woocommerce_single":["https:\/\/viallidesign.com\/wp-content\/uploads\/2025\/03\/2403202567e1108d64604.jpeg",1200,1200,false],"woocommerce_gallery_thumbnail":["https:\/\/viallidesign.com\/wp-content\/uploads\/2025\/03\/2403202567e1108d64604-100x100.jpeg",100,100,true],"dgwt-wcas-product-suggestion":["https:\/\/viallidesign.com\/wp-content\/uploads\/2025\/03\/2403202567e1108d64604-64x64.jpeg",64,64,true]},"uagb_author_info":{"display_name":"viallidesign","author_link":"https:\/\/viallidesign.com\/en\/author\/"},"uagb_comment_info":0,"uagb_excerpt":"Poznaj zaparzacz Senso od Vialli Design \u2013 kwintesencj\u0119 nowoczesnego designu oraz precyzji wykonania , kt\u00f3re przenosz\u0105 codzienny rytua\u0142 parzenia kawy i herbaty na wy\u017cszy poziom. Wyj\u0105tkowy design i precyzyjna konstrukcja Wykonany z najwy\u017cszej jako\u015bci szk\u0142a borokrzemowego, tworzywa PP oraz stali nierdzewnej, zaparzacz Senso to gwarancja trwa\u0142o\u015bci i elegancji. Jego przejrzysty korpus nie tylko zachwyca nowoczesnym&hellip;","_links":{"self":[{"href":"https:\/\/viallidesign.com\/en\/wp-json\/wp\/v2\/product\/228369","targetHints":{"allow":["GET"]}}],"collection":[{"href":"https:\/\/viallidesign.com\/en\/wp-json\/wp\/v2\/product"}],"about":[{"href":"https:\/\/viallidesign.com\/en\/wp-json\/wp\/v2\/types\/product"}],"wp:featuredmedia":[{"embeddable":true,"href":"https:\/\/viallidesign.com\/en\/wp-json\/wp\/v2\/media\/228353"}],"wp:attachment":[{"href":"https:\/\/viallidesign.com\/en\/wp-json\/wp\/v2\/media?parent=228369"}],"wp:term":[{"taxonomy":"product_brand","embeddable":true,"href":"https:\/\/viallidesign.com\/en\/wp-json\/wp\/v2\/product_brand?post=228369"},{"taxonomy":"product_cat","embeddable":true,"href":"https:\/\/viallidesign.com\/en\/wp-json\/wp\/v2\/product_cat?post=228369"},{"taxonomy":"product_tag","embeddable":true,"href":"https:\/\/viallidesign.com\/en\/wp-json\/wp\/v2\/product_tag?post=228369"}],"curies":[{"name":"wp","href":"https:\/\/api.w.org\/{rel}","templated":true}]}}