{"id":227705,"date":"2024-12-09T12:56:15","date_gmt":"2024-12-09T11:56:15","guid":{"rendered":"https:\/\/viallidesign.com\/?post_type=product&#038;p=227705"},"modified":"2026-03-27T02:55:04","modified_gmt":"2026-03-27T01:55:04","slug":"mlecznik-z-podwojna-scianka-200-ml-diva-1111","status":"publish","type":"product","link":"https:\/\/viallidesign.com\/en\/product\/mlecznik-z-podwojna-scianka-200-ml-diva-1111\/","title":{"rendered":"Diva 1111 Double-walled creamer 200 ml"},"content":{"rendered":"<p><strong>Diva creamer<\/strong> is a unique combination of elegance and functionality that will become the highlight of your table. Designed by the brand <strong>Vialli Design<\/strong>, impresses with aesthetics and practical solutions, ideal for everyday rituals and special occasions.<\/p>\n<p><strong>Style and functionality in one<\/strong><br \/>Thanks to its double walls, the Diva creamer perfectly maintains the temperature of the milk, making it the perfect accessory for serving a hot cappuccino or latte. Made from high-quality borosilicate glass, it stands out with a minimalist form that fits in with any interior style.<\/p>\n<p><strong>Thoughtful details<\/strong><br \/>The 200 ml capacity is optimal for both everyday use and gatherings with friends. The precisely shaped funnel minimises the risk of spillages and the ergonomic handle ensures comfort in use, combining form and function in perfect harmony.<\/p>\n<p><strong>Product highlights:<\/strong><\/p>\n<ul>\n<li><strong>Double wall<\/strong>excellent thermal insulation<\/li>\n<li><strong>Capacity 200 ml<\/strong>: ideal for any occasion<\/li>\n<li><strong>Aesthetic borosilicate glass<\/strong>durable and elegant<\/li>\n<li><strong>Profiled funnel<\/strong>easy and precise pouring<\/li>\n<li><strong>Comfortable ear<\/strong>ergonomics and comfort<\/li>\n<\/ul>\n<p><strong>Diva creamer<\/strong> is more than a utensil - it is an expression of good taste and attention to detail. Choose it to bring style and functionality to your kitchen to make every moment of relaxing with your favourite drink more enjoyable.<\/p>\n<p class=\"gpsr-info\"><a href=\"https:\/\/kulig.com.pl\/gpsr\/\" target=\"_blank\" rel=\"noopener\">GPSR information<\/a><\/p>","protected":false},"excerpt":{"rendered":"<p>Mlecznik Diva to wyj\u0105tkowe po\u0142\u0105czenie elegancji i funkcjonalno\u015bci, kt\u00f3re stanie si\u0119 ozdob\u0105 Twojego sto\u0142u. Zaprojektowany przez mark\u0119 Vialli Design, zachwyca estetyk\u0105 i praktycznymi rozwi\u0105zaniami, idealnymi dla codziennych rytua\u0142\u00f3w i wyj\u0105tkowych okazji. Styl i funkcjonalno\u015b\u0107 w jednymDzi\u0119ki podw\u00f3jnym \u015bciankom mlecznik Diva doskonale utrzymuje temperatur\u0119 mleka, co czyni go idealnym dodatkiem do serwowania gor\u0105cego cappuccino czy latte. [&hellip;]<\/p>","protected":false},"featured_media":227698,"template":"","meta":{"_uag_custom_page_level_css":"","site-sidebar-layout":"default","site-content-layout":"","ast-site-content-layout":"default","site-content-style":"default","site-sidebar-style":"default","ast-global-header-display":"","ast-banner-title-visibility":"","ast-main-header-display":"","ast-hfb-above-header-display":"","ast-hfb-below-header-display":"","ast-hfb-mobile-header-display":"","site-post-title":"","ast-breadcrumbs-content":"","ast-featured-img":"","footer-sml-layout":"","ast-disable-related-posts":"","theme-transparent-header-meta":"","adv-header-id-meta":"","stick-header-meta":"","header-above-stick-meta":"","header-main-stick-meta":"","header-below-stick-meta":"","astra-migrate-meta-layouts":"default","ast-page-background-enabled":"default","ast-page-background-meta":{"desktop":{"background-color":"","background-image":"","background-repeat":"repeat","background-position":"center center","background-size":"auto","background-attachment":"scroll","background-type":"","background-media":"","overlay-type":"","overlay-color":"","overlay-opacity":"","overlay-gradient":""},"tablet":{"background-color":"","background-image":"","background-repeat":"repeat","background-position":"center center","background-size":"auto","background-attachment":"scroll","background-type":"","background-media":"","overlay-type":"","overlay-color":"","overlay-opacity":"","overlay-gradient":""},"mobile":{"background-color":"","background-image":"","background-repeat":"repeat","background-position":"center center","background-size":"auto","background-attachment":"scroll","background-type":"","background-media":"","overlay-type":"","overlay-color":"","overlay-opacity":"","overlay-gradient":""}},"ast-content-background-meta":{"desktop":{"background-color":"var(--ast-global-color-5)","background-image":"","background-repeat":"repeat","background-position":"center center","background-size":"auto","background-attachment":"scroll","background-type":"","background-media":"","overlay-type":"","overlay-color":"","overlay-opacity":"","overlay-gradient":""},"tablet":{"background-color":"var(--ast-global-color-5)","background-image":"","background-repeat":"repeat","background-position":"center center","background-size":"auto","background-attachment":"scroll","background-type":"","background-media":"","overlay-type":"","overlay-color":"","overlay-opacity":"","overlay-gradient":""},"mobile":{"background-color":"var(--ast-global-color-5)","background-image":"","background-repeat":"repeat","background-position":"center center","background-size":"auto","background-attachment":"scroll","background-type":"","background-media":"","overlay-type":"","overlay-color":"","overlay-opacity":"","overlay-gradient":""}}},"product_brand":[],"product_cat":[432,792,17],"product_tag":[],"class_list":{"0":"post-227705","1":"product","2":"type-product","3":"status-publish","4":"has-post-thumbnail","6":"product_cat-jadalnia","7":"product_cat-mleczniki-i-cukiernice","8":"product_cat-produkty","9":"desktop-align-left","10":"tablet-align-left","11":"mobile-align-left","13":"first","14":"instock","15":"shipping-taxable","16":"purchasable","17":"product-type-simple"},"uagb_featured_image_src":{"full":["https:\/\/viallidesign.com\/wp-content\/uploads\/2024\/12\/091220246756d7431fe98.jpeg",1200,1200,false],"thumbnail":["https:\/\/viallidesign.com\/wp-content\/uploads\/2024\/12\/091220246756d7431fe98-80x80.jpeg",80,80,true],"medium":["https:\/\/viallidesign.com\/wp-content\/uploads\/2024\/12\/091220246756d7431fe98-300x300.jpeg",300,300,true],"medium_large":["https:\/\/viallidesign.com\/wp-content\/uploads\/2024\/12\/091220246756d7431fe98-768x768.jpeg",768,768,true],"large":["https:\/\/viallidesign.com\/wp-content\/uploads\/2024\/12\/091220246756d7431fe98-1024x1024.jpeg",1024,1024,true],"1536x1536":["https:\/\/viallidesign.com\/wp-content\/uploads\/2024\/12\/091220246756d7431fe98.jpeg",1200,1200,false],"2048x2048":["https:\/\/viallidesign.com\/wp-content\/uploads\/2024\/12\/091220246756d7431fe98.jpeg",1200,1200,false],"trp-custom-language-flag":["https:\/\/viallidesign.com\/wp-content\/uploads\/2024\/12\/091220246756d7431fe98-12x12.jpeg",12,12,true],"woocommerce_thumbnail":["https:\/\/viallidesign.com\/wp-content\/uploads\/2024\/12\/091220246756d7431fe98-600x600.jpeg",600,600,true],"woocommerce_single":["https:\/\/viallidesign.com\/wp-content\/uploads\/2024\/12\/091220246756d7431fe98.jpeg",1200,1200,false],"woocommerce_gallery_thumbnail":["https:\/\/viallidesign.com\/wp-content\/uploads\/2024\/12\/091220246756d7431fe98-100x100.jpeg",100,100,true],"dgwt-wcas-product-suggestion":["https:\/\/viallidesign.com\/wp-content\/uploads\/2024\/12\/091220246756d7431fe98-64x64.jpeg",64,64,true]},"uagb_author_info":{"display_name":"viallidesign","author_link":"https:\/\/viallidesign.com\/en\/author\/"},"uagb_comment_info":0,"uagb_excerpt":"Mlecznik Diva to wyj\u0105tkowe po\u0142\u0105czenie elegancji i funkcjonalno\u015bci, kt\u00f3re stanie si\u0119 ozdob\u0105 Twojego sto\u0142u. Zaprojektowany przez mark\u0119 Vialli Design, zachwyca estetyk\u0105 i praktycznymi rozwi\u0105zaniami, idealnymi dla codziennych rytua\u0142\u00f3w i wyj\u0105tkowych okazji. Styl i funkcjonalno\u015b\u0107 w jednymDzi\u0119ki podw\u00f3jnym \u015bciankom mlecznik Diva doskonale utrzymuje temperatur\u0119 mleka, co czyni go idealnym dodatkiem do serwowania gor\u0105cego cappuccino czy latte.&hellip;","_links":{"self":[{"href":"https:\/\/viallidesign.com\/en\/wp-json\/wp\/v2\/product\/227705","targetHints":{"allow":["GET"]}}],"collection":[{"href":"https:\/\/viallidesign.com\/en\/wp-json\/wp\/v2\/product"}],"about":[{"href":"https:\/\/viallidesign.com\/en\/wp-json\/wp\/v2\/types\/product"}],"wp:featuredmedia":[{"embeddable":true,"href":"https:\/\/viallidesign.com\/en\/wp-json\/wp\/v2\/media\/227698"}],"wp:attachment":[{"href":"https:\/\/viallidesign.com\/en\/wp-json\/wp\/v2\/media?parent=227705"}],"wp:term":[{"taxonomy":"product_brand","embeddable":true,"href":"https:\/\/viallidesign.com\/en\/wp-json\/wp\/v2\/product_brand?post=227705"},{"taxonomy":"product_cat","embeddable":true,"href":"https:\/\/viallidesign.com\/en\/wp-json\/wp\/v2\/product_cat?post=227705"},{"taxonomy":"product_tag","embeddable":true,"href":"https:\/\/viallidesign.com\/en\/wp-json\/wp\/v2\/product_tag?post=227705"}],"curies":[{"name":"wp","href":"https:\/\/api.w.org\/{rel}","templated":true}]}}