{"id":227495,"date":"2025-06-23T09:46:12","date_gmt":"2025-06-23T07:46:12","guid":{"rendered":"https:\/\/viallidesign.com\/?post_type=product&#038;p=227495"},"modified":"2026-03-27T02:54:05","modified_gmt":"2026-03-27T01:54:05","slug":"komplet-2-szklanek-z-zielonym-uchem-350-ml-tulip-1197","status":"publish","type":"product","link":"https:\/\/viallidesign.com\/en\/product\/komplet-2-szklanek-z-zielonym-uchem-350-ml-tulip-1197\/","title":{"rendered":"Set of 2 glasses with green ear 350 ml Tulip 1197"},"content":{"rendered":"<p>Set of two glasses <strong>Tulip<\/strong> from <strong>Vialli Design<\/strong> is a combination of functionality and modern style that will bring colour to your kitchen. Each glass with a capacity of <strong>350 ml<\/strong> has <strong>coloured ear<\/strong> - available in five beautiful shades: green, grey, pink, yellow and blue. This ensures that everyone will find their favourite variant to energise every morning. Not only does the earpiece catch the eye with its colourful accent, but it is also extremely comfortable thanks to its proper contouring.<\/p>\n<p> Glasses <strong>Tulip<\/strong> stand out <strong>elliptical shape<\/strong>which subtly alludes to the elegant form of the tulip flower, adding a light and unique touch. <strong>Delicate fluted surface<\/strong>\u00a0not only emphasises the modern design, but also influences the comfort of use - the glasses lie securely in the hand and its form adds to the attractive appearance of the drinks. This unique combination of style and function makes every moment with coffee or tea even more special.<\/p>\n<p>The glasses are made of <strong>durable borosilicate glass<\/strong>which provides them with <strong>resistance to high temperatures<\/strong> and makes them ideal for both coffee and tea and other beverages. They perfectly display the colours of the drinks, adding elegance to any serving. The glasses are also <strong>dishwasher safe<\/strong>which makes their daily care easier.<\/p>\n<p>Set of glasses <strong>Tulip<\/strong> is not only functional but also <strong>aesthetic<\/strong> a solution that will accentuate the style of any interior and make every drink look special.<\/p>\n<ul>\n<li>Attractive shape<\/li>\n<li>Coloured ear in your choice of 5 colours (green, grey, pink, yellow and blue)<\/li>\n<li>Dishwasher safe<\/li>\n<li>Robust borosilicate glass<\/li>\n<li>Stable base<\/li>\n<\/ul>\n<p class=\"gpsr-info\"><a href=\"https:\/\/kulig.com.pl\/gpsr\/\" target=\"_blank\" rel=\"noopener\">GPSR information<\/a><\/p>","protected":false},"excerpt":{"rendered":"<p>Zestaw dw\u00f3ch szklanek Tulip od Vialli Design to po\u0142\u0105czenie funkcjonalno\u015bci i nowoczesnego stylu, kt\u00f3re wprowadzi kolor do Twojej kuchni. Ka\u017cda szklanka o pojemno\u015bci 350 ml posiada kolorowe ucho \u2013 dost\u0119pne w pi\u0119ciu pi\u0119knych odcieniach: zielonym, szarym, r\u00f3\u017cowym, \u017c\u00f3\u0142tym i niebieskim. Dzi\u0119ki temu ka\u017cdy znajdzie sw\u00f3j ulubiony wariant, kt\u00f3ry doda energii ka\u017cdemu porankowi. Ucho nie tylko [&hellip;]<\/p>","protected":false},"featured_media":227485,"template":"","meta":{"_uag_custom_page_level_css":"","site-sidebar-layout":"default","site-content-layout":"","ast-site-content-layout":"default","site-content-style":"default","site-sidebar-style":"default","ast-global-header-display":"","ast-banner-title-visibility":"","ast-main-header-display":"","ast-hfb-above-header-display":"","ast-hfb-below-header-display":"","ast-hfb-mobile-header-display":"","site-post-title":"","ast-breadcrumbs-content":"","ast-featured-img":"","footer-sml-layout":"","ast-disable-related-posts":"","theme-transparent-header-meta":"","adv-header-id-meta":"","stick-header-meta":"","header-above-stick-meta":"","header-main-stick-meta":"","header-below-stick-meta":"","astra-migrate-meta-layouts":"default","ast-page-background-enabled":"default","ast-page-background-meta":{"desktop":{"background-color":"","background-image":"","background-repeat":"repeat","background-position":"center center","background-size":"auto","background-attachment":"scroll","background-type":"","background-media":"","overlay-type":"","overlay-color":"","overlay-opacity":"","overlay-gradient":""},"tablet":{"background-color":"","background-image":"","background-repeat":"repeat","background-position":"center center","background-size":"auto","background-attachment":"scroll","background-type":"","background-media":"","overlay-type":"","overlay-color":"","overlay-opacity":"","overlay-gradient":""},"mobile":{"background-color":"","background-image":"","background-repeat":"repeat","background-position":"center center","background-size":"auto","background-attachment":"scroll","background-type":"","background-media":"","overlay-type":"","overlay-color":"","overlay-opacity":"","overlay-gradient":""}},"ast-content-background-meta":{"desktop":{"background-color":"var(--ast-global-color-5)","background-image":"","background-repeat":"repeat","background-position":"center center","background-size":"auto","background-attachment":"scroll","background-type":"","background-media":"","overlay-type":"","overlay-color":"","overlay-opacity":"","overlay-gradient":""},"tablet":{"background-color":"var(--ast-global-color-5)","background-image":"","background-repeat":"repeat","background-position":"center center","background-size":"auto","background-attachment":"scroll","background-type":"","background-media":"","overlay-type":"","overlay-color":"","overlay-opacity":"","overlay-gradient":""},"mobile":{"background-color":"var(--ast-global-color-5)","background-image":"","background-repeat":"repeat","background-position":"center center","background-size":"auto","background-attachment":"scroll","background-type":"","background-media":"","overlay-type":"","overlay-color":"","overlay-opacity":"","overlay-gradient":""}}},"product_brand":[],"product_cat":[432,17,436],"product_tag":[],"class_list":{"0":"post-227495","1":"product","2":"type-product","3":"status-publish","4":"has-post-thumbnail","6":"product_cat-jadalnia","7":"product_cat-produkty","8":"product_cat-szklanki-i-filizanki","9":"desktop-align-left","10":"tablet-align-left","11":"mobile-align-left","13":"first","14":"outofstock","15":"shipping-taxable","16":"purchasable","17":"product-type-simple"},"uagb_featured_image_src":{"full":["https:\/\/viallidesign.com\/wp-content\/uploads\/2024\/12\/0512202467517e5aa5c9e.jpeg",1200,1200,false],"thumbnail":["https:\/\/viallidesign.com\/wp-content\/uploads\/2024\/12\/0512202467517e5aa5c9e-80x80.jpeg",80,80,true],"medium":["https:\/\/viallidesign.com\/wp-content\/uploads\/2024\/12\/0512202467517e5aa5c9e-300x300.jpeg",300,300,true],"medium_large":["https:\/\/viallidesign.com\/wp-content\/uploads\/2024\/12\/0512202467517e5aa5c9e-768x768.jpeg",768,768,true],"large":["https:\/\/viallidesign.com\/wp-content\/uploads\/2024\/12\/0512202467517e5aa5c9e-1024x1024.jpeg",1024,1024,true],"1536x1536":["https:\/\/viallidesign.com\/wp-content\/uploads\/2024\/12\/0512202467517e5aa5c9e.jpeg",1200,1200,false],"2048x2048":["https:\/\/viallidesign.com\/wp-content\/uploads\/2024\/12\/0512202467517e5aa5c9e.jpeg",1200,1200,false],"trp-custom-language-flag":["https:\/\/viallidesign.com\/wp-content\/uploads\/2024\/12\/0512202467517e5aa5c9e-12x12.jpeg",12,12,true],"woocommerce_thumbnail":["https:\/\/viallidesign.com\/wp-content\/uploads\/2024\/12\/0512202467517e5aa5c9e-600x600.jpeg",600,600,true],"woocommerce_single":["https:\/\/viallidesign.com\/wp-content\/uploads\/2024\/12\/0512202467517e5aa5c9e.jpeg",1200,1200,false],"woocommerce_gallery_thumbnail":["https:\/\/viallidesign.com\/wp-content\/uploads\/2024\/12\/0512202467517e5aa5c9e-100x100.jpeg",100,100,true],"dgwt-wcas-product-suggestion":["https:\/\/viallidesign.com\/wp-content\/uploads\/2024\/12\/0512202467517e5aa5c9e-64x64.jpeg",64,64,true]},"uagb_author_info":{"display_name":"viallidesign","author_link":"https:\/\/viallidesign.com\/en\/author\/"},"uagb_comment_info":0,"uagb_excerpt":"Zestaw dw\u00f3ch szklanek Tulip od Vialli Design to po\u0142\u0105czenie funkcjonalno\u015bci i nowoczesnego stylu, kt\u00f3re wprowadzi kolor do Twojej kuchni. Ka\u017cda szklanka o pojemno\u015bci 350 ml posiada kolorowe ucho \u2013 dost\u0119pne w pi\u0119ciu pi\u0119knych odcieniach: zielonym, szarym, r\u00f3\u017cowym, \u017c\u00f3\u0142tym i niebieskim. Dzi\u0119ki temu ka\u017cdy znajdzie sw\u00f3j ulubiony wariant, kt\u00f3ry doda energii ka\u017cdemu porankowi. Ucho nie tylko&hellip;","_links":{"self":[{"href":"https:\/\/viallidesign.com\/en\/wp-json\/wp\/v2\/product\/227495","targetHints":{"allow":["GET"]}}],"collection":[{"href":"https:\/\/viallidesign.com\/en\/wp-json\/wp\/v2\/product"}],"about":[{"href":"https:\/\/viallidesign.com\/en\/wp-json\/wp\/v2\/types\/product"}],"wp:featuredmedia":[{"embeddable":true,"href":"https:\/\/viallidesign.com\/en\/wp-json\/wp\/v2\/media\/227485"}],"wp:attachment":[{"href":"https:\/\/viallidesign.com\/en\/wp-json\/wp\/v2\/media?parent=227495"}],"wp:term":[{"taxonomy":"product_brand","embeddable":true,"href":"https:\/\/viallidesign.com\/en\/wp-json\/wp\/v2\/product_brand?post=227495"},{"taxonomy":"product_cat","embeddable":true,"href":"https:\/\/viallidesign.com\/en\/wp-json\/wp\/v2\/product_cat?post=227495"},{"taxonomy":"product_tag","embeddable":true,"href":"https:\/\/viallidesign.com\/en\/wp-json\/wp\/v2\/product_tag?post=227495"}],"curies":[{"name":"wp","href":"https:\/\/api.w.org\/{rel}","templated":true}]}}