{"id":227188,"date":"2024-10-23T23:25:30","date_gmt":"2024-10-23T21:25:30","guid":{"rendered":"https:\/\/viallidesign.com\/?post_type=product&#038;p=227188"},"modified":"2026-03-27T02:55:04","modified_gmt":"2026-03-27T01:55:04","slug":"czajnik-15l-z-gwizdkiem-diamante-zloty-rose-gold-polerowany-1258","status":"publish","type":"product","link":"https:\/\/viallidesign.com\/en\/product\/czajnik-15l-z-gwizdkiem-diamante-zloty-rose-gold-polerowany-1258\/","title":{"rendered":"Kettle 1.5l with whistle Diamante rose gold polished 1258"},"content":{"rendered":"<p><strong>Kettle 1.5l with whistle Diamante in rose gold polished<\/strong><\/p>\n<p>What do you value most in kitchen accessories? Durability, aesthetics, functionality? Thanks to the Vialli Design kettle, you do not have to make this difficult choice! The product has been made to serve for many years, to allow for comfortable use and to please the eye.\u00a0<\/p>\n<p>Colour <strong>Rose Gold<\/strong> polished is synonymous with sophisticated <strong>style<\/strong> i <strong>modern luxury<\/strong>which blends in perfectly with any interior. This subtle shade of rose gold, with a glossy polished finish, gives the kitchen kettle a <strong>unique character<\/strong>, making it a stylish and functional addition to your space.<strong><\/p>\n<p> Stainless steel 18\/10<\/strong> ensures an attractive, bright metal colour and resistance to scratches, mechanical and chemical damage. The kettle with whistle will also survive high temperatures. <strong>3-layer 0.3 cm thick base heats up quickly<\/strong>, evenly distributes the heat and maintains the temperature for a long time. So you can <strong>boil water instantly<\/strong> for tea or coffee and pour the cup even after a few minutes. <strong>Thick walls additionally retain heat better.<\/strong> The sturdy construction and thoughtful design makes the kettle a durable tool that will stay in your kitchen for a long time - even with intensive use.<\/p>\n<p><strong>The sturdy bakelite folding handle does not heat up during cooking.<\/strong> This allows you to use the kettle without the need for protective gloves. The removable lid makes it easy to refill the pot with water. The product will hold 1.5 litres of liquid at a time, which is enough for around 5-6 glasses of your favourite drink.<\/p>\n<p><strong>The Vialli Design kettle is available in 8 variants:<\/strong><\/p>\n<ul>\n<li>polished steel<\/li>\n<li>matt steel\u00a0<\/li>\n<li>polished graphite\u00a0<\/li>\n<li>matt graphite<\/li>\n<li>matt gold<\/li>\n<li>gold polished<\/li>\n<li>rose gold polished<\/li>\n<li>rose gold matt<\/li>\n<\/ul>\n<p>Each is suitable for <strong>dishwasher safe. You can use them on all types of cookers, including induction.<\/strong> This makes the product ideal for modern kitchens.<\/p>\n<p class=\"gpsr-info\"><a href=\"https:\/\/kulig.com.pl\/gpsr\/\" target=\"_blank\" rel=\"noopener\">GPSR information<\/a><\/p>","protected":false},"excerpt":{"rendered":"<p>Czajnik 1,5l z gwizdkiem Diamante w kolorze z\u0142oty rose gold polerowany Co najbardziej cenisz w akcesoriach kuchennych? Trwa\u0142o\u015b\u0107, estetyk\u0119, funkcjonalno\u015b\u0107? Dzi\u0119ki czajnikowi Vialli Design nie musisz dokonywa\u0107 tego trudnego wyboru! Produkt wykonano tak, by s\u0142u\u017cy\u0142 przez d\u0142ugie lata, pozwala\u0142 na komfortowe u\u017cytkowanie i cieszy\u0142 oko.\u00a0 Kolor Rose Gold polerowany to synonim wyrafinowanego stylu i nowoczesnego [&hellip;]<\/p>","protected":false},"featured_media":227179,"template":"","meta":{"_uag_custom_page_level_css":"","site-sidebar-layout":"default","site-content-layout":"","ast-site-content-layout":"default","site-content-style":"default","site-sidebar-style":"default","ast-global-header-display":"","ast-banner-title-visibility":"","ast-main-header-display":"","ast-hfb-above-header-display":"","ast-hfb-below-header-display":"","ast-hfb-mobile-header-display":"","site-post-title":"","ast-breadcrumbs-content":"","ast-featured-img":"","footer-sml-layout":"","ast-disable-related-posts":"","theme-transparent-header-meta":"default","adv-header-id-meta":"","stick-header-meta":"","header-above-stick-meta":"","header-main-stick-meta":"","header-below-stick-meta":"","astra-migrate-meta-layouts":"set","ast-page-background-enabled":"default","ast-page-background-meta":{"desktop":{"background-color":"","background-image":"","background-repeat":"repeat","background-position":"center center","background-size":"auto","background-attachment":"scroll","background-type":"","background-media":"","overlay-type":"","overlay-color":"","overlay-opacity":"","overlay-gradient":""},"tablet":{"background-color":"","background-image":"","background-repeat":"repeat","background-position":"center center","background-size":"auto","background-attachment":"scroll","background-type":"","background-media":"","overlay-type":"","overlay-color":"","overlay-opacity":"","overlay-gradient":""},"mobile":{"background-color":"","background-image":"","background-repeat":"repeat","background-position":"center center","background-size":"auto","background-attachment":"scroll","background-type":"","background-media":"","overlay-type":"","overlay-color":"","overlay-opacity":"","overlay-gradient":""}},"ast-content-background-meta":{"desktop":{"background-color":"var(--ast-global-color-5)","background-image":"","background-repeat":"repeat","background-position":"center center","background-size":"auto","background-attachment":"scroll","background-type":"","background-media":"","overlay-type":"","overlay-color":"","overlay-opacity":"","overlay-gradient":""},"tablet":{"background-color":"var(--ast-global-color-5)","background-image":"","background-repeat":"repeat","background-position":"center center","background-size":"auto","background-attachment":"scroll","background-type":"","background-media":"","overlay-type":"","overlay-color":"","overlay-opacity":"","overlay-gradient":""},"mobile":{"background-color":"var(--ast-global-color-5)","background-image":"","background-repeat":"repeat","background-position":"center center","background-size":"auto","background-attachment":"scroll","background-type":"","background-media":"","overlay-type":"","overlay-color":"","overlay-opacity":"","overlay-gradient":""}}},"product_brand":[],"product_cat":[440,433,17],"product_tag":[],"class_list":{"0":"post-227188","1":"product","2":"type-product","3":"status-publish","4":"has-post-thumbnail","6":"product_cat-czajniki","7":"product_cat-kuchnia","8":"product_cat-produkty","9":"desktop-align-left","10":"tablet-align-left","11":"mobile-align-left","13":"first","14":"instock","15":"shipping-taxable","16":"purchasable","17":"product-type-simple"},"uagb_featured_image_src":{"full":["https:\/\/viallidesign.com\/wp-content\/uploads\/2024\/10\/23102024671969bebb543.jpeg",1200,1200,false],"thumbnail":["https:\/\/viallidesign.com\/wp-content\/uploads\/2024\/10\/23102024671969bebb543-80x80.jpeg",80,80,true],"medium":["https:\/\/viallidesign.com\/wp-content\/uploads\/2024\/10\/23102024671969bebb543-300x300.jpeg",300,300,true],"medium_large":["https:\/\/viallidesign.com\/wp-content\/uploads\/2024\/10\/23102024671969bebb543-768x768.jpeg",768,768,true],"large":["https:\/\/viallidesign.com\/wp-content\/uploads\/2024\/10\/23102024671969bebb543-1024x1024.jpeg",1024,1024,true],"1536x1536":["https:\/\/viallidesign.com\/wp-content\/uploads\/2024\/10\/23102024671969bebb543.jpeg",1200,1200,false],"2048x2048":["https:\/\/viallidesign.com\/wp-content\/uploads\/2024\/10\/23102024671969bebb543.jpeg",1200,1200,false],"trp-custom-language-flag":["https:\/\/viallidesign.com\/wp-content\/uploads\/2024\/10\/23102024671969bebb543-12x12.jpeg",12,12,true],"woocommerce_thumbnail":["https:\/\/viallidesign.com\/wp-content\/uploads\/2024\/10\/23102024671969bebb543-600x600.jpeg",600,600,true],"woocommerce_single":["https:\/\/viallidesign.com\/wp-content\/uploads\/2024\/10\/23102024671969bebb543.jpeg",1200,1200,false],"woocommerce_gallery_thumbnail":["https:\/\/viallidesign.com\/wp-content\/uploads\/2024\/10\/23102024671969bebb543-100x100.jpeg",100,100,true],"dgwt-wcas-product-suggestion":["https:\/\/viallidesign.com\/wp-content\/uploads\/2024\/10\/23102024671969bebb543-64x64.jpeg",64,64,true]},"uagb_author_info":{"display_name":"viallidesign","author_link":"https:\/\/viallidesign.com\/en\/author\/"},"uagb_comment_info":0,"uagb_excerpt":"Czajnik 1,5l z gwizdkiem Diamante w kolorze z\u0142oty rose gold polerowany Co najbardziej cenisz w akcesoriach kuchennych? Trwa\u0142o\u015b\u0107, estetyk\u0119, funkcjonalno\u015b\u0107? Dzi\u0119ki czajnikowi Vialli Design nie musisz dokonywa\u0107 tego trudnego wyboru! Produkt wykonano tak, by s\u0142u\u017cy\u0142 przez d\u0142ugie lata, pozwala\u0142 na komfortowe u\u017cytkowanie i cieszy\u0142 oko.\u00a0 Kolor Rose Gold polerowany to synonim wyrafinowanego stylu i nowoczesnego&hellip;","_links":{"self":[{"href":"https:\/\/viallidesign.com\/en\/wp-json\/wp\/v2\/product\/227188","targetHints":{"allow":["GET"]}}],"collection":[{"href":"https:\/\/viallidesign.com\/en\/wp-json\/wp\/v2\/product"}],"about":[{"href":"https:\/\/viallidesign.com\/en\/wp-json\/wp\/v2\/types\/product"}],"wp:featuredmedia":[{"embeddable":true,"href":"https:\/\/viallidesign.com\/en\/wp-json\/wp\/v2\/media\/227179"}],"wp:attachment":[{"href":"https:\/\/viallidesign.com\/en\/wp-json\/wp\/v2\/media?parent=227188"}],"wp:term":[{"taxonomy":"product_brand","embeddable":true,"href":"https:\/\/viallidesign.com\/en\/wp-json\/wp\/v2\/product_brand?post=227188"},{"taxonomy":"product_cat","embeddable":true,"href":"https:\/\/viallidesign.com\/en\/wp-json\/wp\/v2\/product_cat?post=227188"},{"taxonomy":"product_tag","embeddable":true,"href":"https:\/\/viallidesign.com\/en\/wp-json\/wp\/v2\/product_tag?post=227188"}],"curies":[{"name":"wp","href":"https:\/\/api.w.org\/{rel}","templated":true}]}}